{"id":9999,"date":"2022-04-12T08:36:07","date_gmt":"2022-04-12T08:36:07","guid":{"rendered":"https:\/\/blitzfab.de\/?post_type=product&#038;p=9999"},"modified":"2023-09-02T10:00:14","modified_gmt":"2023-09-02T10:00:14","slug":"queen-hoop-earrings-gold-blitz-fab","status":"publish","type":"product","link":"https:\/\/blitzfab.de\/de\/produkt\/queen-hoop-earrings-gold-blitz-fab\/","title":{"rendered":"K\u00f6nigin Creolen Gold"},"content":{"rendered":"<p>Unsere Blitz Fab Queen Creolen in Gold verleihen deinem Look einen k\u00f6niglichen Touch. Diese mit 18 Karat vergoldeten Ohrringe sind professionell von Hand gefertigt und mit wei\u00dfen Zirkonias f\u00fcr ein subtiles Funkeln verziert.<\/p>","protected":false},"excerpt":{"rendered":"<ul>\n<li><b>Material:<\/b>Gold Vermeil: 24 K Gold \u00fcber 925 Sterlingsilber<\/li>\n<li><strong>Durchmesser: <\/strong>13mm<\/li>\n<li><strong>Gewicht: <\/strong>2,85g<\/li>\n<li><strong>Kristallart: <\/strong>Zirkonia<\/li>\n<li><b>Beschichtung: <\/b>Eine dicke 24K Goldschicht (4 Mikron)<\/li>\n<li><b>Hergestellt in: <\/b>Mexiko<\/li>\n<\/ul>","protected":false},"featured_media":17364,"comment_status":"closed","ping_status":"closed","template":"","meta":{"site-sidebar-layout":"default","site-content-layout":"default","ast-site-content-layout":"default","site-content-style":"default","site-sidebar-style":"default","ast-global-header-display":"","ast-banner-title-visibility":"","ast-main-header-display":"","ast-hfb-above-header-display":"","ast-hfb-below-header-display":"","ast-hfb-mobile-header-display":"","site-post-title":"","ast-breadcrumbs-content":"","ast-featured-img":"","footer-sml-layout":"","theme-transparent-header-meta":"default","adv-header-id-meta":"","stick-header-meta":"","header-above-stick-meta":"","header-main-stick-meta":"","header-below-stick-meta":"","astra-migrate-meta-layouts":"default","ast-page-background-enabled":"default","ast-page-background-meta":{"desktop":{"background-color":"","background-image":"","background-repeat":"repeat","background-position":"center center","background-size":"auto","background-attachment":"scroll","background-type":"","background-media":"","overlay-type":"","overlay-color":"","overlay-opacity":"","overlay-gradient":""},"tablet":{"background-color":"","background-image":"","background-repeat":"repeat","background-position":"center center","background-size":"auto","background-attachment":"scroll","background-type":"","background-media":"","overlay-type":"","overlay-color":"","overlay-opacity":"","overlay-gradient":""},"mobile":{"background-color":"","background-image":"","background-repeat":"repeat","background-position":"center center","background-size":"auto","background-attachment":"scroll","background-type":"","background-media":"","overlay-type":"","overlay-color":"","overlay-opacity":"","overlay-gradient":""}},"ast-content-background-meta":{"desktop":{"background-color":"var(--ast-global-color-5)","background-image":"","background-repeat":"repeat","background-position":"center center","background-size":"auto","background-attachment":"scroll","background-type":"","background-media":"","overlay-type":"","overlay-color":"","overlay-opacity":"","overlay-gradient":""},"tablet":{"background-color":"var(--ast-global-color-5)","background-image":"","background-repeat":"repeat","background-position":"center center","background-size":"auto","background-attachment":"scroll","background-type":"","background-media":"","overlay-type":"","overlay-color":"","overlay-opacity":"","overlay-gradient":""},"mobile":{"background-color":"var(--ast-global-color-5)","background-image":"","background-repeat":"repeat","background-position":"center center","background-size":"auto","background-attachment":"scroll","background-type":"","background-media":"","overlay-type":"","overlay-color":"","overlay-opacity":"","overlay-gradient":""}}},"product_brand":[],"product_cat":[32,326,327,36,42,323],"product_tag":[],"class_list":{"0":"post-9999","1":"product","2":"type-product","3":"status-publish","4":"has-post-thumbnail","6":"product_cat-earrings","7":"product_cat-all-jewelry","8":"product_cat-dangle-earrings","9":"product_cat-gold-earrings","10":"product_cat-gold-jewelry","11":"product_cat-hoop-earrings","12":"desktop-align-left","13":"tablet-align-left","14":"mobile-align-left","16":"first","17":"instock","18":"shipping-taxable","19":"purchasable","20":"product-type-simple"},"jetpack-related-posts":[{"id":8127,"url":"https:\/\/blitzfab.de\/de\/produkt\/twist-hoop-earrings-gold\/","url_meta":{"origin":9999,"position":0},"title":"Twist Creolen Gold","author":"selenegs","date":"Dezember 28, 2021","format":false,"excerpt":"Material:Gold vermeil: 24 K gold over 925 sterling silver Size: 24mm x 19mm Thickness: 4mm Weight: 3,8g Coating: A thick layer of 24 K gold (4 microns) Made in: Mexico","rel":"","context":"\u00c4hnlicher Beitrag","block_context":{"text":"\u00c4hnlicher Beitrag","link":""},"img":{"alt_text":"twist hoop earrings gold 925 silver","src":"https:\/\/i0.wp.com\/blitzfab.de\/wp-content\/uploads\/2021\/12\/twist-hoop-earrings-gold-925-silver.jpg?resize=350%2C200&ssl=1","width":350,"height":200,"srcset":"https:\/\/i0.wp.com\/blitzfab.de\/wp-content\/uploads\/2021\/12\/twist-hoop-earrings-gold-925-silver.jpg?resize=350%2C200&ssl=1 1x, https:\/\/i0.wp.com\/blitzfab.de\/wp-content\/uploads\/2021\/12\/twist-hoop-earrings-gold-925-silver.jpg?resize=525%2C300&ssl=1 1.5x, https:\/\/i0.wp.com\/blitzfab.de\/wp-content\/uploads\/2021\/12\/twist-hoop-earrings-gold-925-silver.jpg?resize=700%2C400&ssl=1 2x, https:\/\/i0.wp.com\/blitzfab.de\/wp-content\/uploads\/2021\/12\/twist-hoop-earrings-gold-925-silver.jpg?resize=1050%2C600&ssl=1 3x"},"classes":[]},{"id":8139,"url":"https:\/\/blitzfab.de\/de\/produkt\/thick-hoop-earrings-gold\/","url_meta":{"origin":9999,"position":1},"title":"Bold Creolen Gold","author":"selenegs","date":"Dezember 28, 2021","format":false,"excerpt":"Material: Gold vermeil: 24 K gold over 925 sterling silver Inner diameter: 21mm x 18mm Outer diameter: 29mm x 25mm Thickness: 1cm Weight: 9,85g Coating: A thick layer of 24 K gold (4 microns) Made in: Mexico For tips on how to wear chunky earrings, go to our blog here.","rel":"","context":"\u00c4hnlicher Beitrag","block_context":{"text":"\u00c4hnlicher Beitrag","link":""},"img":{"alt_text":"thick hoop earrings gold vermeil plated 24K","src":"https:\/\/i0.wp.com\/blitzfab.de\/wp-content\/uploads\/2021\/12\/thick-hoop-earrings-gold-vermeil-plated-24K.jpg?resize=350%2C200&ssl=1","width":350,"height":200,"srcset":"https:\/\/i0.wp.com\/blitzfab.de\/wp-content\/uploads\/2021\/12\/thick-hoop-earrings-gold-vermeil-plated-24K.jpg?resize=350%2C200&ssl=1 1x, https:\/\/i0.wp.com\/blitzfab.de\/wp-content\/uploads\/2021\/12\/thick-hoop-earrings-gold-vermeil-plated-24K.jpg?resize=525%2C300&ssl=1 1.5x, https:\/\/i0.wp.com\/blitzfab.de\/wp-content\/uploads\/2021\/12\/thick-hoop-earrings-gold-vermeil-plated-24K.jpg?resize=700%2C400&ssl=1 2x, https:\/\/i0.wp.com\/blitzfab.de\/wp-content\/uploads\/2021\/12\/thick-hoop-earrings-gold-vermeil-plated-24K.jpg?resize=1050%2C600&ssl=1 3x, https:\/\/i0.wp.com\/blitzfab.de\/wp-content\/uploads\/2021\/12\/thick-hoop-earrings-gold-vermeil-plated-24K.jpg?resize=1400%2C800&ssl=1 4x"},"classes":[]},{"id":1667,"url":"https:\/\/blitzfab.de\/de\/produkt\/ana-belly-gold-vermeil-hoop-earrings\/","url_meta":{"origin":9999,"position":2},"title":"Anabelly Classy Creolen Gold","author":"selenegs","date":"Mai 31, 2021","format":false,"excerpt":"Material: Gold vermeil: 24 K gold over 925 sterling silver Diameter: 17mm Width: 3mm Weight: 0,82g Stone type: zirconia Coating: A thick layer of 24 K gold (4 microns) Made in: Mexico","rel":"","context":"\u00c4hnlicher Beitrag","block_context":{"text":"\u00c4hnlicher Beitrag","link":""},"img":{"alt_text":"gold vermeil hoop earrings","src":"https:\/\/i0.wp.com\/blitzfab.de\/wp-content\/uploads\/2021\/05\/gold-vermeil-hoop-earrings.jpg?resize=350%2C200&ssl=1","width":350,"height":200,"srcset":"https:\/\/i0.wp.com\/blitzfab.de\/wp-content\/uploads\/2021\/05\/gold-vermeil-hoop-earrings.jpg?resize=350%2C200&ssl=1 1x, https:\/\/i0.wp.com\/blitzfab.de\/wp-content\/uploads\/2021\/05\/gold-vermeil-hoop-earrings.jpg?resize=525%2C300&ssl=1 1.5x, https:\/\/i0.wp.com\/blitzfab.de\/wp-content\/uploads\/2021\/05\/gold-vermeil-hoop-earrings.jpg?resize=700%2C400&ssl=1 2x, https:\/\/i0.wp.com\/blitzfab.de\/wp-content\/uploads\/2021\/05\/gold-vermeil-hoop-earrings.jpg?resize=1050%2C600&ssl=1 3x"},"classes":[]},{"id":14098,"url":"https:\/\/blitzfab.de\/de\/produkt\/statement-chunky-earrings-gold\/","url_meta":{"origin":9999,"position":3},"title":"Cool dicke statement Ohrringe","author":"selenegs","date":"Februar 25, 2023","format":false,"excerpt":"Material: Gold vermeil: 24 K gold over 925 sterling silver Upper hoop outer diameter: 12mm Upper hoop inner diameter: 8mm Lower hoop outer diameter: 16mm Lower hoop inner diameter: 10mm Weight: 4,22g Coating: A thick layer of 24 K gold (4 microns) Made in: Mexico","rel":"","context":"\u00c4hnlicher Beitrag","block_context":{"text":"\u00c4hnlicher Beitrag","link":""},"img":{"alt_text":"statement chunky earrings gold vermeil24k","src":"https:\/\/i0.wp.com\/blitzfab.de\/wp-content\/uploads\/2023\/02\/statement-chunky-earrings-gold-vermeil24k.jpg?resize=350%2C200&ssl=1","width":350,"height":200,"srcset":"https:\/\/i0.wp.com\/blitzfab.de\/wp-content\/uploads\/2023\/02\/statement-chunky-earrings-gold-vermeil24k.jpg?resize=350%2C200&ssl=1 1x, https:\/\/i0.wp.com\/blitzfab.de\/wp-content\/uploads\/2023\/02\/statement-chunky-earrings-gold-vermeil24k.jpg?resize=525%2C300&ssl=1 1.5x, https:\/\/i0.wp.com\/blitzfab.de\/wp-content\/uploads\/2023\/02\/statement-chunky-earrings-gold-vermeil24k.jpg?resize=700%2C400&ssl=1 2x, https:\/\/i0.wp.com\/blitzfab.de\/wp-content\/uploads\/2023\/02\/statement-chunky-earrings-gold-vermeil24k.jpg?resize=1050%2C600&ssl=1 3x"},"classes":[]},{"id":16371,"url":"https:\/\/blitzfab.de\/de\/produkt\/glam-statement-earrings-gold\/","url_meta":{"origin":9999,"position":4},"title":"Glam breite Ohrringe Gold","author":"selenegs","date":"Juni 7, 2023","format":false,"excerpt":"Material: Gold vermeil: 24 K gold over 925 sterling silver Width: 10 mm Length: 15 mm Weight: 4,27 g Coating: A thick layer of 24 K gold (4 microns) Made in: Mexico","rel":"","context":"\u00c4hnlicher Beitrag","block_context":{"text":"\u00c4hnlicher Beitrag","link":""},"img":{"alt_text":"statement earrings gold vermeil 24 k 925 silver","src":"https:\/\/i0.wp.com\/blitzfab.de\/wp-content\/uploads\/2023\/06\/statement-earrings-gold-vermeil-24-k-925-silver.jpg?resize=350%2C200&ssl=1","width":350,"height":200,"srcset":"https:\/\/i0.wp.com\/blitzfab.de\/wp-content\/uploads\/2023\/06\/statement-earrings-gold-vermeil-24-k-925-silver.jpg?resize=350%2C200&ssl=1 1x, https:\/\/i0.wp.com\/blitzfab.de\/wp-content\/uploads\/2023\/06\/statement-earrings-gold-vermeil-24-k-925-silver.jpg?resize=525%2C300&ssl=1 1.5x, https:\/\/i0.wp.com\/blitzfab.de\/wp-content\/uploads\/2023\/06\/statement-earrings-gold-vermeil-24-k-925-silver.jpg?resize=700%2C400&ssl=1 2x, https:\/\/i0.wp.com\/blitzfab.de\/wp-content\/uploads\/2023\/06\/statement-earrings-gold-vermeil-24-k-925-silver.jpg?resize=1050%2C600&ssl=1 3x"},"classes":[]},{"id":11160,"url":"https:\/\/blitzfab.de\/de\/produkt\/hoops-shooting-star-earrings-gold\/","url_meta":{"origin":9999,"position":5},"title":"Sternschnuppen Creolen Gold","author":"selenegs","date":"August 12, 2022","format":false,"excerpt":"Material: 925 Sterling Silver 18K Gold Plated Earring diameter: 12mm Charm size: 10mm x 10 mm Weight: 3,4g Stone type: Zirconia Coating:\u00a0A thick layer of 24 K gold (4 microns) Made in: Mexico","rel":"","context":"\u00c4hnlicher Beitrag","block_context":{"text":"\u00c4hnlicher Beitrag","link":""},"img":{"alt_text":"Shooting star earrings gold","src":"https:\/\/i0.wp.com\/blitzfab.de\/wp-content\/uploads\/2022\/08\/Shooting-star-earrings-gold.jpg?resize=350%2C200&ssl=1","width":350,"height":200,"srcset":"https:\/\/i0.wp.com\/blitzfab.de\/wp-content\/uploads\/2022\/08\/Shooting-star-earrings-gold.jpg?resize=350%2C200&ssl=1 1x, https:\/\/i0.wp.com\/blitzfab.de\/wp-content\/uploads\/2022\/08\/Shooting-star-earrings-gold.jpg?resize=525%2C300&ssl=1 1.5x, https:\/\/i0.wp.com\/blitzfab.de\/wp-content\/uploads\/2022\/08\/Shooting-star-earrings-gold.jpg?resize=700%2C400&ssl=1 2x, https:\/\/i0.wp.com\/blitzfab.de\/wp-content\/uploads\/2022\/08\/Shooting-star-earrings-gold.jpg?resize=1050%2C600&ssl=1 3x"},"classes":[]}],"jetpack_sharing_enabled":true,"_links":{"self":[{"href":"https:\/\/blitzfab.de\/de\/wp-json\/wp\/v2\/product\/9999","targetHints":{"allow":["GET"]}}],"collection":[{"href":"https:\/\/blitzfab.de\/de\/wp-json\/wp\/v2\/product"}],"about":[{"href":"https:\/\/blitzfab.de\/de\/wp-json\/wp\/v2\/types\/product"}],"replies":[{"embeddable":true,"href":"https:\/\/blitzfab.de\/de\/wp-json\/wp\/v2\/comments?post=9999"}],"wp:featuredmedia":[{"embeddable":true,"href":"https:\/\/blitzfab.de\/de\/wp-json\/wp\/v2\/media\/17364"}],"wp:attachment":[{"href":"https:\/\/blitzfab.de\/de\/wp-json\/wp\/v2\/media?parent=9999"}],"wp:term":[{"taxonomy":"product_brand","embeddable":true,"href":"https:\/\/blitzfab.de\/de\/wp-json\/wp\/v2\/product_brand?post=9999"},{"taxonomy":"product_cat","embeddable":true,"href":"https:\/\/blitzfab.de\/de\/wp-json\/wp\/v2\/product_cat?post=9999"},{"taxonomy":"product_tag","embeddable":true,"href":"https:\/\/blitzfab.de\/de\/wp-json\/wp\/v2\/product_tag?post=9999"}],"curies":[{"name":"wp","href":"https:\/\/api.w.org\/{rel}","templated":true}]}}