{"id":9914,"date":"2022-04-04T10:34:21","date_gmt":"2022-04-04T10:34:21","guid":{"rendered":"https:\/\/blitzfab.de\/?post_type=product&#038;p=9914"},"modified":"2025-11-13T15:39:28","modified_gmt":"2025-11-13T15:39:28","slug":"shining-stars-hoop-earrings-with-pendants","status":"publish","type":"product","link":"https:\/\/blitzfab.de\/de\/produkt\/shining-stars-hoop-earrings-with-pendants\/","title":{"rendered":"Shining Stars Creolen Silber"},"content":{"rendered":"<p>Diese Creolen mit Anh\u00e4ngern sind einen kleinen Schritt weiter als deine normalen Creolen, warum nur einen Anh\u00e4nger haben, wenn du vier haben kannst? \ud83d\ude42<\/p>\n<p>Unsere Shining Stars Creolen Silber sind handgefertigt aus massivem 925 Sterlingsilber und mit Mini-Zirkonias verziert. Jeder Ohrring besteht aus 3 Sternanh\u00e4ngern und 2 Kreisanh\u00e4ngern, die sch\u00f6n h\u00e4ngen, um deinen Ohrringen etwas Bewegung und Glanz zu verleihen.<\/p>\n<h2 class=\"serp-title\"><mark>Creolen mit Anh\u00e4ngern<\/mark><\/h2>\n<p>Sie k\u00f6nnen alleine getragen werden, aber du k\u00f6nnen sie auch mit anderen kleinen Ohrringen kombinieren, die dazu passen.<\/p>\n<p>Sie sind hypoallergen, ideal f\u00fcr Menschen mit empfindlicher Haut, sie verletzen deine Ohren nicht und sind mit dem Verschluss einfach zu tragen.<\/p>\n<p>&#8212;&#8212;&#8212;&#8212;&#8212;&#8212;&#8212;&#8212;&#8212;&#8212;&#8212;&#8212;&#8212;&#8211;<\/p>\n<p>\ud83d\udc5b Lagerung: Am besten in verschlossenen Beuteln aufbewahren, um den Kontakt mit Luft und Feuchtigkeit zu minimieren.<\/p>\n<p>\ud83c\udf81 Verpackung: Alle unsere Schmuckst\u00fccke werden mit unserer Marken-Geschenkbox geliefert.<\/p>\n<p>\u2665 Kontaktiere uns, wenn du Fragen hast, wir werden uns so schnell wie m\u00f6glich bei dir melden \u2665<\/p>","protected":false},"excerpt":{"rendered":"<p><b>Material: <\/b>925 Sterling Silber<\/p>\n<p><strong>L\u00e4nge: <\/strong>22mm<\/p>\n<p><strong>Breite: <\/strong>15mm<\/p>\n<p><strong>Gewicht: <\/strong>3,85g<\/p>\n<p><strong>Kristallart: <\/strong>Zirkonia<\/p>\n<p><strong>Anzahl der Anh\u00e4nger: <\/strong>5<\/p>\n<p><b>Beschichtung: <\/b>lackiert<\/p>\n<p><b>Hergestellt in: <\/b>Mexiko<\/p>","protected":false},"featured_media":17380,"comment_status":"closed","ping_status":"closed","template":"","meta":{"site-sidebar-layout":"default","site-content-layout":"default","ast-site-content-layout":"default","site-content-style":"default","site-sidebar-style":"default","ast-global-header-display":"","ast-banner-title-visibility":"","ast-main-header-display":"","ast-hfb-above-header-display":"","ast-hfb-below-header-display":"","ast-hfb-mobile-header-display":"","site-post-title":"","ast-breadcrumbs-content":"","ast-featured-img":"","footer-sml-layout":"","theme-transparent-header-meta":"default","adv-header-id-meta":"","stick-header-meta":"","header-above-stick-meta":"","header-main-stick-meta":"","header-below-stick-meta":"","astra-migrate-meta-layouts":"set","ast-page-background-enabled":"default","ast-page-background-meta":{"desktop":{"background-color":"","background-image":"","background-repeat":"repeat","background-position":"center center","background-size":"auto","background-attachment":"scroll","background-type":"","background-media":"","overlay-type":"","overlay-color":"","overlay-opacity":"","overlay-gradient":""},"tablet":{"background-color":"","background-image":"","background-repeat":"repeat","background-position":"center center","background-size":"auto","background-attachment":"scroll","background-type":"","background-media":"","overlay-type":"","overlay-color":"","overlay-opacity":"","overlay-gradient":""},"mobile":{"background-color":"","background-image":"","background-repeat":"repeat","background-position":"center center","background-size":"auto","background-attachment":"scroll","background-type":"","background-media":"","overlay-type":"","overlay-color":"","overlay-opacity":"","overlay-gradient":""}},"ast-content-background-meta":{"desktop":{"background-color":"var(--ast-global-color-5)","background-image":"","background-repeat":"repeat","background-position":"center center","background-size":"auto","background-attachment":"scroll","background-type":"","background-media":"","overlay-type":"","overlay-color":"","overlay-opacity":"","overlay-gradient":""},"tablet":{"background-color":"var(--ast-global-color-5)","background-image":"","background-repeat":"repeat","background-position":"center center","background-size":"auto","background-attachment":"scroll","background-type":"","background-media":"","overlay-type":"","overlay-color":"","overlay-opacity":"","overlay-gradient":""},"mobile":{"background-color":"var(--ast-global-color-5)","background-image":"","background-repeat":"repeat","background-position":"center center","background-size":"auto","background-attachment":"scroll","background-type":"","background-media":"","overlay-type":"","overlay-color":"","overlay-opacity":"","overlay-gradient":""}}},"product_brand":[],"product_cat":[32,326,327,37],"product_tag":[],"class_list":{"0":"post-9914","1":"product","2":"type-product","3":"status-publish","4":"has-post-thumbnail","6":"product_cat-earrings","7":"product_cat-all-jewelry","8":"product_cat-dangle-earrings","9":"product_cat-silver-earrings","10":"desktop-align-left","11":"tablet-align-left","12":"mobile-align-left","14":"first","15":"instock","16":"shipping-taxable","17":"purchasable","18":"product-type-simple"},"jetpack-related-posts":[{"id":11233,"url":"https:\/\/blitzfab.de\/de\/produkt\/triple-hoop-earrings-gold\/","url_meta":{"origin":9914,"position":0},"title":"Dreifach Creolen Gold","author":"selenegs","date":"September 6, 2022","format":false,"excerpt":"Material: 925 Sterling Silver 18K Gold Plated Diameter: 13mm Width: 6mm Weight: 2,6g Coating: 18 carat gold Made in: Mexico","rel":"","context":"\u00c4hnlicher Beitrag","block_context":{"text":"\u00c4hnlicher Beitrag","link":""},"img":{"alt_text":"triple three lines hoop earrings gold","src":"https:\/\/i0.wp.com\/blitzfab.de\/wp-content\/uploads\/2022\/09\/triple-three-lines-hoop-earrings-gold.jpg?resize=350%2C200&ssl=1","width":350,"height":200,"srcset":"https:\/\/i0.wp.com\/blitzfab.de\/wp-content\/uploads\/2022\/09\/triple-three-lines-hoop-earrings-gold.jpg?resize=350%2C200&ssl=1 1x, https:\/\/i0.wp.com\/blitzfab.de\/wp-content\/uploads\/2022\/09\/triple-three-lines-hoop-earrings-gold.jpg?resize=525%2C300&ssl=1 1.5x, https:\/\/i0.wp.com\/blitzfab.de\/wp-content\/uploads\/2022\/09\/triple-three-lines-hoop-earrings-gold.jpg?resize=700%2C400&ssl=1 2x, https:\/\/i0.wp.com\/blitzfab.de\/wp-content\/uploads\/2022\/09\/triple-three-lines-hoop-earrings-gold.jpg?resize=1050%2C600&ssl=1 3x"},"classes":[]},{"id":17068,"url":"https:\/\/blitzfab.de\/de\/produkt\/lola-thick-silver-hoop-earrings\/","url_meta":{"origin":9914,"position":1},"title":"Lola Hoop Earrings silver","author":"selenegs","date":"Juli 21, 2023","format":false,"excerpt":"Material: 925 sterling silver Outer diameter: 17mm Inner diameter: 11mm Thickness: 4mm Weight: 3g Coating: lacquer Made in: Mexico","rel":"","context":"\u00c4hnlicher Beitrag","block_context":{"text":"\u00c4hnlicher Beitrag","link":""},"img":{"alt_text":"thick silver hoop earrings shiny","src":"https:\/\/i0.wp.com\/blitzfab.de\/wp-content\/uploads\/2023\/07\/thick-silver-hoop-earrings-shiny.jpg?resize=350%2C200&ssl=1","width":350,"height":200,"srcset":"https:\/\/i0.wp.com\/blitzfab.de\/wp-content\/uploads\/2023\/07\/thick-silver-hoop-earrings-shiny.jpg?resize=350%2C200&ssl=1 1x, https:\/\/i0.wp.com\/blitzfab.de\/wp-content\/uploads\/2023\/07\/thick-silver-hoop-earrings-shiny.jpg?resize=525%2C300&ssl=1 1.5x, https:\/\/i0.wp.com\/blitzfab.de\/wp-content\/uploads\/2023\/07\/thick-silver-hoop-earrings-shiny.jpg?resize=700%2C400&ssl=1 2x, https:\/\/i0.wp.com\/blitzfab.de\/wp-content\/uploads\/2023\/07\/thick-silver-hoop-earrings-shiny.jpg?resize=1050%2C600&ssl=1 3x"},"classes":[]},{"id":10304,"url":"https:\/\/blitzfab.de\/de\/produkt\/hoop-earrings-with-stones\/","url_meta":{"origin":9914,"position":2},"title":"3 Reihe Creolen Silber","author":"selenegs","date":"Juni 15, 2022","format":false,"excerpt":"Material: 925 Sterling Silver Diameter: 13mm Weight: 3,1g Closure: Latch back Coating: Lacquered Made in: Mexico","rel":"","context":"\u00c4hnlicher Beitrag","block_context":{"text":"\u00c4hnlicher Beitrag","link":""},"img":{"alt_text":"wide hoop earrings with stones zirconia silver 925","src":"https:\/\/i0.wp.com\/blitzfab.de\/wp-content\/uploads\/2022\/06\/wide-hoop-earrings-with-stones-zirconia-silver-925.jpg?resize=350%2C200&ssl=1","width":350,"height":200,"srcset":"https:\/\/i0.wp.com\/blitzfab.de\/wp-content\/uploads\/2022\/06\/wide-hoop-earrings-with-stones-zirconia-silver-925.jpg?resize=350%2C200&ssl=1 1x, https:\/\/i0.wp.com\/blitzfab.de\/wp-content\/uploads\/2022\/06\/wide-hoop-earrings-with-stones-zirconia-silver-925.jpg?resize=525%2C300&ssl=1 1.5x, https:\/\/i0.wp.com\/blitzfab.de\/wp-content\/uploads\/2022\/06\/wide-hoop-earrings-with-stones-zirconia-silver-925.jpg?resize=700%2C400&ssl=1 2x, https:\/\/i0.wp.com\/blitzfab.de\/wp-content\/uploads\/2022\/06\/wide-hoop-earrings-with-stones-zirconia-silver-925.jpg?resize=1050%2C600&ssl=1 3x, https:\/\/i0.wp.com\/blitzfab.de\/wp-content\/uploads\/2022\/06\/wide-hoop-earrings-with-stones-zirconia-silver-925.jpg?resize=1400%2C800&ssl=1 4x"},"classes":[]},{"id":8127,"url":"https:\/\/blitzfab.de\/de\/produkt\/twist-hoop-earrings-gold\/","url_meta":{"origin":9914,"position":3},"title":"Twist Creolen Gold","author":"selenegs","date":"Dezember 28, 2021","format":false,"excerpt":"Material:Gold vermeil: 24 K gold over 925 sterling silver Size: 24mm x 19mm Thickness: 4mm Weight: 3,8g Coating: A thick layer of 24 K gold (4 microns) Made in: Mexico","rel":"","context":"\u00c4hnlicher Beitrag","block_context":{"text":"\u00c4hnlicher Beitrag","link":""},"img":{"alt_text":"twist hoop earrings gold 925 silver","src":"https:\/\/i0.wp.com\/blitzfab.de\/wp-content\/uploads\/2021\/12\/twist-hoop-earrings-gold-925-silver.jpg?resize=350%2C200&ssl=1","width":350,"height":200,"srcset":"https:\/\/i0.wp.com\/blitzfab.de\/wp-content\/uploads\/2021\/12\/twist-hoop-earrings-gold-925-silver.jpg?resize=350%2C200&ssl=1 1x, https:\/\/i0.wp.com\/blitzfab.de\/wp-content\/uploads\/2021\/12\/twist-hoop-earrings-gold-925-silver.jpg?resize=525%2C300&ssl=1 1.5x, https:\/\/i0.wp.com\/blitzfab.de\/wp-content\/uploads\/2021\/12\/twist-hoop-earrings-gold-925-silver.jpg?resize=700%2C400&ssl=1 2x, https:\/\/i0.wp.com\/blitzfab.de\/wp-content\/uploads\/2021\/12\/twist-hoop-earrings-gold-925-silver.jpg?resize=1050%2C600&ssl=1 3x"},"classes":[]},{"id":1100,"url":"https:\/\/blitzfab.de\/de\/produkt\/sparkly-cubic-zirconia-hoop-earrings-silver\/","url_meta":{"origin":9914,"position":4},"title":"funkelnde Creolen Silber","author":"selenegs","date":"Mai 21, 2021","format":false,"excerpt":"Material: 925 Sterling silver Stone type: zirconia Length: 18mm Weight: 5,8g Thickness: 6mm Coating: Lacquered Made in: Mexico","rel":"","context":"\u00c4hnlicher Beitrag","block_context":{"text":"\u00c4hnlicher Beitrag","link":""},"img":{"alt_text":"cubic zirconia hoop earrings 925 silver","src":"https:\/\/i0.wp.com\/blitzfab.de\/wp-content\/uploads\/2021\/05\/cubic-zirconia-hoop-earrings-925-silver.jpg?resize=350%2C200&ssl=1","width":350,"height":200,"srcset":"https:\/\/i0.wp.com\/blitzfab.de\/wp-content\/uploads\/2021\/05\/cubic-zirconia-hoop-earrings-925-silver.jpg?resize=350%2C200&ssl=1 1x, https:\/\/i0.wp.com\/blitzfab.de\/wp-content\/uploads\/2021\/05\/cubic-zirconia-hoop-earrings-925-silver.jpg?resize=525%2C300&ssl=1 1.5x, https:\/\/i0.wp.com\/blitzfab.de\/wp-content\/uploads\/2021\/05\/cubic-zirconia-hoop-earrings-925-silver.jpg?resize=700%2C400&ssl=1 2x, https:\/\/i0.wp.com\/blitzfab.de\/wp-content\/uploads\/2021\/05\/cubic-zirconia-hoop-earrings-925-silver.jpg?resize=1050%2C600&ssl=1 3x"},"classes":[]},{"id":11148,"url":"https:\/\/blitzfab.de\/de\/produkt\/ship-anchor-earrings-silver\/","url_meta":{"origin":9914,"position":5},"title":"Schiff &amp; Anker Creolen Silber","author":"selenegs","date":"August 2, 2022","format":false,"excerpt":"Material: 925 Sterling Silver Earring diameter: 10mm Ship size: 13mm x 8mm Weight: 2,15g Stone type: Zirconia Coating: Lacquered Made in: Mexico","rel":"","context":"\u00c4hnlicher Beitrag","block_context":{"text":"\u00c4hnlicher Beitrag","link":""},"img":{"alt_text":"ship anchor earrings silver hoop","src":"https:\/\/i0.wp.com\/blitzfab.de\/wp-content\/uploads\/2022\/08\/ship-anchor-earrings-silver-hoop.jpg?resize=350%2C200&ssl=1","width":350,"height":200,"srcset":"https:\/\/i0.wp.com\/blitzfab.de\/wp-content\/uploads\/2022\/08\/ship-anchor-earrings-silver-hoop.jpg?resize=350%2C200&ssl=1 1x, https:\/\/i0.wp.com\/blitzfab.de\/wp-content\/uploads\/2022\/08\/ship-anchor-earrings-silver-hoop.jpg?resize=525%2C300&ssl=1 1.5x, https:\/\/i0.wp.com\/blitzfab.de\/wp-content\/uploads\/2022\/08\/ship-anchor-earrings-silver-hoop.jpg?resize=700%2C400&ssl=1 2x, https:\/\/i0.wp.com\/blitzfab.de\/wp-content\/uploads\/2022\/08\/ship-anchor-earrings-silver-hoop.jpg?resize=1050%2C600&ssl=1 3x"},"classes":[]}],"jetpack_sharing_enabled":true,"_links":{"self":[{"href":"https:\/\/blitzfab.de\/de\/wp-json\/wp\/v2\/product\/9914","targetHints":{"allow":["GET"]}}],"collection":[{"href":"https:\/\/blitzfab.de\/de\/wp-json\/wp\/v2\/product"}],"about":[{"href":"https:\/\/blitzfab.de\/de\/wp-json\/wp\/v2\/types\/product"}],"replies":[{"embeddable":true,"href":"https:\/\/blitzfab.de\/de\/wp-json\/wp\/v2\/comments?post=9914"}],"wp:featuredmedia":[{"embeddable":true,"href":"https:\/\/blitzfab.de\/de\/wp-json\/wp\/v2\/media\/17380"}],"wp:attachment":[{"href":"https:\/\/blitzfab.de\/de\/wp-json\/wp\/v2\/media?parent=9914"}],"wp:term":[{"taxonomy":"product_brand","embeddable":true,"href":"https:\/\/blitzfab.de\/de\/wp-json\/wp\/v2\/product_brand?post=9914"},{"taxonomy":"product_cat","embeddable":true,"href":"https:\/\/blitzfab.de\/de\/wp-json\/wp\/v2\/product_cat?post=9914"},{"taxonomy":"product_tag","embeddable":true,"href":"https:\/\/blitzfab.de\/de\/wp-json\/wp\/v2\/product_tag?post=9914"}],"curies":[{"name":"wp","href":"https:\/\/api.w.org\/{rel}","templated":true}]}}