{"id":8141,"date":"2021-12-29T13:57:26","date_gmt":"2021-12-29T13:57:26","guid":{"rendered":"https:\/\/blitzfab.de\/?post_type=product&#038;p=8141"},"modified":"2025-11-13T15:17:28","modified_gmt":"2025-11-13T15:17:28","slug":"delicate-hearts-choker-gold","status":"publish","type":"product","link":"https:\/\/blitzfab.de\/de\/produkt\/delicate-hearts-choker-gold\/","title":{"rendered":"Herzen Kette Choker gold"},"content":{"rendered":"<p>Diese Herzen Kette besteht aus 5 kleinen Herzanh\u00e4ngern mit hochglanzpoliertem Finish und einem Mikro-Zirkonia in jedem der Herzen. Die L\u00e4nge kann zwischen 35 cm und 40 cm eingestellt werden, um als Halskette oder Choker getragen zu werden.<\/p>","protected":false},"excerpt":{"rendered":"<p><b>Material: <\/b>Gold Vermeil: 24 K Gold \u00fcber 925 Sterlingsilber<\/p>\n<p><strong>Anzahl der Anh\u00e4nger: <\/strong>5<\/p>\n<p><strong>Anh\u00e4nger Gr\u00f6\u00dfe: <\/strong>5mm<\/p>\n<p><b>Halskettenl\u00e4nge: <\/b>40cm<\/p>\n<p><b>Halskettengewicht: <\/b>1,56g<\/p>\n<p><b>Beschichtung:<\/b>\u00a0Eine dicke 24K Goldschicht (4 Mikron)<\/p>\n<p><b>Hergestellt in: <\/b>Mexiko<\/p>","protected":false},"featured_media":16989,"comment_status":"closed","ping_status":"closed","template":"","meta":{"site-sidebar-layout":"default","site-content-layout":"default","ast-site-content-layout":"default","site-content-style":"default","site-sidebar-style":"default","ast-global-header-display":"","ast-banner-title-visibility":"","ast-main-header-display":"","ast-hfb-above-header-display":"","ast-hfb-below-header-display":"","ast-hfb-mobile-header-display":"","site-post-title":"","ast-breadcrumbs-content":"","ast-featured-img":"","footer-sml-layout":"","theme-transparent-header-meta":"default","adv-header-id-meta":"","stick-header-meta":"","header-above-stick-meta":"","header-main-stick-meta":"","header-below-stick-meta":"","astra-migrate-meta-layouts":"set","ast-page-background-enabled":"default","ast-page-background-meta":{"desktop":{"background-color":"","background-image":"","background-repeat":"repeat","background-position":"center center","background-size":"auto","background-attachment":"scroll","background-type":"","background-media":"","overlay-type":"","overlay-color":"","overlay-opacity":"","overlay-gradient":""},"tablet":{"background-color":"","background-image":"","background-repeat":"repeat","background-position":"center center","background-size":"auto","background-attachment":"scroll","background-type":"","background-media":"","overlay-type":"","overlay-color":"","overlay-opacity":"","overlay-gradient":""},"mobile":{"background-color":"","background-image":"","background-repeat":"repeat","background-position":"center center","background-size":"auto","background-attachment":"scroll","background-type":"","background-media":"","overlay-type":"","overlay-color":"","overlay-opacity":"","overlay-gradient":""}},"ast-content-background-meta":{"desktop":{"background-color":"var(--ast-global-color-5)","background-image":"","background-repeat":"repeat","background-position":"center center","background-size":"auto","background-attachment":"scroll","background-type":"","background-media":"","overlay-type":"","overlay-color":"","overlay-opacity":"","overlay-gradient":""},"tablet":{"background-color":"var(--ast-global-color-5)","background-image":"","background-repeat":"repeat","background-position":"center center","background-size":"auto","background-attachment":"scroll","background-type":"","background-media":"","overlay-type":"","overlay-color":"","overlay-opacity":"","overlay-gradient":""},"mobile":{"background-color":"var(--ast-global-color-5)","background-image":"","background-repeat":"repeat","background-position":"center center","background-size":"auto","background-attachment":"scroll","background-type":"","background-media":"","overlay-type":"","overlay-color":"","overlay-opacity":"","overlay-gradient":""}}},"product_brand":[],"product_cat":[42,326,330,34,17],"product_tag":[],"class_list":{"0":"post-8141","1":"product","2":"type-product","3":"status-publish","4":"has-post-thumbnail","6":"product_cat-gold-jewelry","7":"product_cat-all-jewelry","8":"product_cat-chokers","9":"product_cat-gold-necklaces","10":"product_cat-necklaces","11":"desktop-align-left","12":"tablet-align-left","13":"mobile-align-left","15":"first","16":"onbackorder","17":"shipping-taxable","18":"purchasable","19":"product-type-simple"},"jetpack-related-posts":[{"id":1646,"url":"https:\/\/blitzfab.de\/de\/produkt\/hammered-heart-necklace-gold-vermeil\/","url_meta":{"origin":8141,"position":0},"title":"Geh\u00e4mmerte Herz Halskette Gold","author":"selenegs","date":"Mai 31, 2021","format":false,"excerpt":"Material: Gold vermeil: 24 K gold over 925 sterling silver Pendant lenght: 19mm Pendant width: 11mm Necklace length: 40cm Weight: 1,23g Coating: A thick layer of 24 K gold (4 microns) Made in: Mexico","rel":"","context":"\u00c4hnlicher Beitrag","block_context":{"text":"\u00c4hnlicher Beitrag","link":""},"img":{"alt_text":"heart hammered necklace gold 925 silver","src":"https:\/\/i0.wp.com\/blitzfab.de\/wp-content\/uploads\/2021\/05\/heart-hammered-necklace-gold-925-silver.jpg?resize=350%2C200&ssl=1","width":350,"height":200,"srcset":"https:\/\/i0.wp.com\/blitzfab.de\/wp-content\/uploads\/2021\/05\/heart-hammered-necklace-gold-925-silver.jpg?resize=350%2C200&ssl=1 1x, https:\/\/i0.wp.com\/blitzfab.de\/wp-content\/uploads\/2021\/05\/heart-hammered-necklace-gold-925-silver.jpg?resize=525%2C300&ssl=1 1.5x, https:\/\/i0.wp.com\/blitzfab.de\/wp-content\/uploads\/2021\/05\/heart-hammered-necklace-gold-925-silver.jpg?resize=700%2C400&ssl=1 2x, https:\/\/i0.wp.com\/blitzfab.de\/wp-content\/uploads\/2021\/05\/heart-hammered-necklace-gold-925-silver.jpg?resize=1050%2C600&ssl=1 3x"},"classes":[]},{"id":10084,"url":"https:\/\/blitzfab.de\/de\/produkt\/christian-necklace-love-god-gold\/","url_meta":{"origin":8141,"position":1},"title":"Love God Necklace Gold","author":"selenegs","date":"Mai 3, 2022","format":false,"excerpt":"Material: 925 Sterling Silver or gold vermeil: 24 K gold over 925 sterling silver Number of pendants: 6 Pendant diameter: Approx. 1cm Necklace length: 40cm + 5cm (adjustable from 40cm to 45cm) *perfect for layering* Necklace weight: 3,80g Coating: Lacquered or a thick layer of 24 K gold (4 microns)\u2026","rel":"","context":"\u00c4hnlicher Beitrag","block_context":{"text":"\u00c4hnlicher Beitrag","link":""},"img":{"alt_text":"christian necklace love God gold 925 silver","src":"https:\/\/i0.wp.com\/blitzfab.de\/wp-content\/uploads\/2023\/04\/Love-God-necklace.jpg?resize=350%2C200&ssl=1","width":350,"height":200,"srcset":"https:\/\/i0.wp.com\/blitzfab.de\/wp-content\/uploads\/2023\/04\/Love-God-necklace.jpg?resize=350%2C200&ssl=1 1x, https:\/\/i0.wp.com\/blitzfab.de\/wp-content\/uploads\/2023\/04\/Love-God-necklace.jpg?resize=525%2C300&ssl=1 1.5x, https:\/\/i0.wp.com\/blitzfab.de\/wp-content\/uploads\/2023\/04\/Love-God-necklace.jpg?resize=700%2C400&ssl=1 2x, https:\/\/i0.wp.com\/blitzfab.de\/wp-content\/uploads\/2023\/04\/Love-God-necklace.jpg?resize=1050%2C600&ssl=1 3x"},"classes":[]},{"id":13594,"url":"https:\/\/blitzfab.de\/de\/produkt\/sacred-heart-of-jesus-medal-gold\/","url_meta":{"origin":8141,"position":2},"title":"Heiliges Herz Jesu Halskette","author":"selenegs","date":"Februar 15, 2023","format":false,"excerpt":"Material: Gold vermeil: 24 K gold over 925 sterling silver Pendant diameter: 16mm Necklace length: 40cm Weight: 3,01g Coating:\u00a0A thick layer of 24 K gold (4 microns) Made in: Mexico","rel":"","context":"\u00c4hnlicher Beitrag","block_context":{"text":"\u00c4hnlicher Beitrag","link":""},"img":{"alt_text":"sacred heart of jesus medal gold over 925 sterling silver","src":"https:\/\/i0.wp.com\/blitzfab.de\/wp-content\/uploads\/2023\/02\/sacred-heart-of-jesus-medal-gold-over-925-sterling-silver-1.jpg?resize=350%2C200&ssl=1","width":350,"height":200,"srcset":"https:\/\/i0.wp.com\/blitzfab.de\/wp-content\/uploads\/2023\/02\/sacred-heart-of-jesus-medal-gold-over-925-sterling-silver-1.jpg?resize=350%2C200&ssl=1 1x, https:\/\/i0.wp.com\/blitzfab.de\/wp-content\/uploads\/2023\/02\/sacred-heart-of-jesus-medal-gold-over-925-sterling-silver-1.jpg?resize=525%2C300&ssl=1 1.5x, https:\/\/i0.wp.com\/blitzfab.de\/wp-content\/uploads\/2023\/02\/sacred-heart-of-jesus-medal-gold-over-925-sterling-silver-1.jpg?resize=700%2C400&ssl=1 2x, https:\/\/i0.wp.com\/blitzfab.de\/wp-content\/uploads\/2023\/02\/sacred-heart-of-jesus-medal-gold-over-925-sterling-silver-1.jpg?resize=1050%2C600&ssl=1 3x"},"classes":[]},{"id":1734,"url":"https:\/\/blitzfab.de\/de\/produkt\/broken-heart-necklace-silver-mended\/","url_meta":{"origin":8141,"position":3},"title":"geheiltes Herz Halskette Silber","author":"selenegs","date":"Juni 1, 2021","format":false,"excerpt":"Material: 925 Sterling silver Pendant length: 30mm Pendant width: 35mm Pendant weight: 4,35g Necklace length: 40cm Necklace weight: 2,13g Coating: Lacquered Made in: Mexico","rel":"","context":"\u00c4hnlicher Beitrag","block_context":{"text":"\u00c4hnlicher Beitrag","link":""},"img":{"alt_text":"mended broken heart necklace 925 silver","src":"https:\/\/i0.wp.com\/blitzfab.de\/wp-content\/uploads\/2021\/06\/mended-broken-heart-necklace-925-silver.jpg?resize=350%2C200&ssl=1","width":350,"height":200,"srcset":"https:\/\/i0.wp.com\/blitzfab.de\/wp-content\/uploads\/2021\/06\/mended-broken-heart-necklace-925-silver.jpg?resize=350%2C200&ssl=1 1x, https:\/\/i0.wp.com\/blitzfab.de\/wp-content\/uploads\/2021\/06\/mended-broken-heart-necklace-925-silver.jpg?resize=525%2C300&ssl=1 1.5x, https:\/\/i0.wp.com\/blitzfab.de\/wp-content\/uploads\/2021\/06\/mended-broken-heart-necklace-925-silver.jpg?resize=700%2C400&ssl=1 2x, https:\/\/i0.wp.com\/blitzfab.de\/wp-content\/uploads\/2021\/06\/mended-broken-heart-necklace-925-silver.jpg?resize=1050%2C600&ssl=1 3x"},"classes":[]},{"id":1657,"url":"https:\/\/blitzfab.de\/de\/produkt\/horseshoe-necklace-gold\/","url_meta":{"origin":8141,"position":4},"title":"Hufeisen Halskette Gold","author":"selenegs","date":"Mai 31, 2021","format":false,"excerpt":"Material: Gold vermeil: 24 K gold over 925 sterling silver Pendant length: 22mm Pendant width: 11mm Pendant weight: 1g Necklace length: 40cm Necklace weight: 1,56g Stone type: Zirconia Coating: A thick layer of 24 K gold (4 microns) Made in: Mexico","rel":"","context":"\u00c4hnlicher Beitrag","block_context":{"text":"\u00c4hnlicher Beitrag","link":""},"img":{"alt_text":"lucky charm necklace horseshoe gold","src":"https:\/\/i0.wp.com\/blitzfab.de\/wp-content\/uploads\/2021\/05\/lucky-charm-necklace-horseshoe-gold.jpg?resize=350%2C200&ssl=1","width":350,"height":200,"srcset":"https:\/\/i0.wp.com\/blitzfab.de\/wp-content\/uploads\/2021\/05\/lucky-charm-necklace-horseshoe-gold.jpg?resize=350%2C200&ssl=1 1x, https:\/\/i0.wp.com\/blitzfab.de\/wp-content\/uploads\/2021\/05\/lucky-charm-necklace-horseshoe-gold.jpg?resize=525%2C300&ssl=1 1.5x, https:\/\/i0.wp.com\/blitzfab.de\/wp-content\/uploads\/2021\/05\/lucky-charm-necklace-horseshoe-gold.jpg?resize=700%2C400&ssl=1 2x, https:\/\/i0.wp.com\/blitzfab.de\/wp-content\/uploads\/2021\/05\/lucky-charm-necklace-horseshoe-gold.jpg?resize=1050%2C600&ssl=1 3x"},"classes":[]},{"id":6954,"url":"https:\/\/blitzfab.de\/de\/produkt\/alexis-key-necklace-gold\/","url_meta":{"origin":8141,"position":5},"title":"Alexis Schl\u00fcssel Halskette Gold","author":"selenegs","date":"August 26, 2021","format":false,"excerpt":"Material: Gold vermeil: 24 K gold over 925 sterling silver Pendant length: 5cm Pendant width: 1,7cm Pendant weight: 2,37g Necklace length: 50cm Necklace weight: 4,5g Coating: A thick layer of 24 K gold (4 microns) Made in: Mexico","rel":"","context":"\u00c4hnlicher Beitrag","block_context":{"text":"\u00c4hnlicher Beitrag","link":""},"img":{"alt_text":"key necklace gold vermeil 925 silver","src":"https:\/\/i0.wp.com\/blitzfab.de\/wp-content\/uploads\/2021\/08\/key-necklace-gold-vermeil-925-silver.jpg?resize=350%2C200&ssl=1","width":350,"height":200,"srcset":"https:\/\/i0.wp.com\/blitzfab.de\/wp-content\/uploads\/2021\/08\/key-necklace-gold-vermeil-925-silver.jpg?resize=350%2C200&ssl=1 1x, https:\/\/i0.wp.com\/blitzfab.de\/wp-content\/uploads\/2021\/08\/key-necklace-gold-vermeil-925-silver.jpg?resize=525%2C300&ssl=1 1.5x, https:\/\/i0.wp.com\/blitzfab.de\/wp-content\/uploads\/2021\/08\/key-necklace-gold-vermeil-925-silver.jpg?resize=700%2C400&ssl=1 2x, https:\/\/i0.wp.com\/blitzfab.de\/wp-content\/uploads\/2021\/08\/key-necklace-gold-vermeil-925-silver.jpg?resize=1050%2C600&ssl=1 3x"},"classes":[]}],"jetpack_sharing_enabled":true,"_links":{"self":[{"href":"https:\/\/blitzfab.de\/de\/wp-json\/wp\/v2\/product\/8141","targetHints":{"allow":["GET"]}}],"collection":[{"href":"https:\/\/blitzfab.de\/de\/wp-json\/wp\/v2\/product"}],"about":[{"href":"https:\/\/blitzfab.de\/de\/wp-json\/wp\/v2\/types\/product"}],"replies":[{"embeddable":true,"href":"https:\/\/blitzfab.de\/de\/wp-json\/wp\/v2\/comments?post=8141"}],"wp:featuredmedia":[{"embeddable":true,"href":"https:\/\/blitzfab.de\/de\/wp-json\/wp\/v2\/media\/16989"}],"wp:attachment":[{"href":"https:\/\/blitzfab.de\/de\/wp-json\/wp\/v2\/media?parent=8141"}],"wp:term":[{"taxonomy":"product_brand","embeddable":true,"href":"https:\/\/blitzfab.de\/de\/wp-json\/wp\/v2\/product_brand?post=8141"},{"taxonomy":"product_cat","embeddable":true,"href":"https:\/\/blitzfab.de\/de\/wp-json\/wp\/v2\/product_cat?post=8141"},{"taxonomy":"product_tag","embeddable":true,"href":"https:\/\/blitzfab.de\/de\/wp-json\/wp\/v2\/product_tag?post=8141"}],"curies":[{"name":"wp","href":"https:\/\/api.w.org\/{rel}","templated":true}]}}