{"id":7995,"date":"2021-09-15T12:05:03","date_gmt":"2021-09-15T12:05:03","guid":{"rendered":"https:\/\/blitzfab.de\/?post_type=product&#038;p=7995"},"modified":"2025-11-13T15:11:45","modified_gmt":"2025-11-13T15:11:45","slug":"hammered-rectangle-stud-earrings-gold","status":"publish","type":"product","link":"https:\/\/blitzfab.de\/de\/produkt\/hammered-rectangle-stud-earrings-gold\/","title":{"rendered":"geh\u00e4mmerte viereckige Ohrstecker Gold"},"content":{"rendered":"<p>Geh\u00e4mmerte rechteckige Ohrstecker sind ein einzigartiges und stilvolles Accessoire, das jedem Outfit einen Hauch von Eleganz verleihen kann. Die Ohrringe haben rechteckige Nieten, die sorgf\u00e4ltig geh\u00e4mmert wurden, um einen strukturierten, geh\u00e4mmerten Effekt auf der Oberfl\u00e4che zu erzeugen.<\/p>\n<p>Diese Ohrstecker bestehen aus Gold-Vermeil, in diesem Fall 24 Karat Vergoldung mit einer Dicke von 4 Mikrometern \u00fcber hochwertigem 925er Sterlingsilber. Der geh\u00e4mmerte Effekt verleiht den Ohrringen ein rustikales und organisches Aussehen und verleiht dem St\u00fcck ein Element von Charme und Charakter.<\/p>\n<p>Die rechteckige Form der Ohrstecker sorgt f\u00fcr einen klassischen und zeitlosen Look, der eine Vielzahl von Stilen und Outfits erg\u00e4nzen kann. Die Ohrringe sind au\u00dferdem leicht und angenehm zu tragen, was sie perfekt f\u00fcr den t\u00e4glichen Gebrauch oder besondere Anl\u00e4sse macht.<\/p>","protected":false},"excerpt":{"rendered":"<p><b>Material: <\/b>Gold Vermeil: 24 K Gold \u00fcber 925 Sterlingsilber<\/p>\n<p><strong>L\u00e4nge: <\/strong>10mm<\/p>\n<p><strong>Breite: <\/strong>3mm<\/p>\n<p><strong>Gewicht: <\/strong>0,75g<\/p>\n<p><b>Beschichtung: <\/b>Eine dicke 24K Goldschicht (4 Mikron)<\/p>\n<p><b>Hergestellt in: <\/b>Mexiko<\/p>","protected":false},"featured_media":17345,"comment_status":"closed","ping_status":"closed","template":"","meta":{"site-sidebar-layout":"default","site-content-layout":"default","ast-site-content-layout":"default","site-content-style":"default","site-sidebar-style":"default","ast-global-header-display":"","ast-banner-title-visibility":"","ast-main-header-display":"","ast-hfb-above-header-display":"","ast-hfb-below-header-display":"","ast-hfb-mobile-header-display":"","site-post-title":"","ast-breadcrumbs-content":"","ast-featured-img":"","footer-sml-layout":"","theme-transparent-header-meta":"default","adv-header-id-meta":"","stick-header-meta":"","header-above-stick-meta":"","header-main-stick-meta":"","header-below-stick-meta":"","astra-migrate-meta-layouts":"set","ast-page-background-enabled":"default","ast-page-background-meta":{"desktop":{"background-color":"","background-image":"","background-repeat":"repeat","background-position":"center center","background-size":"auto","background-attachment":"scroll","background-type":"","background-media":"","overlay-type":"","overlay-color":"","overlay-opacity":"","overlay-gradient":""},"tablet":{"background-color":"","background-image":"","background-repeat":"repeat","background-position":"center center","background-size":"auto","background-attachment":"scroll","background-type":"","background-media":"","overlay-type":"","overlay-color":"","overlay-opacity":"","overlay-gradient":""},"mobile":{"background-color":"","background-image":"","background-repeat":"repeat","background-position":"center center","background-size":"auto","background-attachment":"scroll","background-type":"","background-media":"","overlay-type":"","overlay-color":"","overlay-opacity":"","overlay-gradient":""}},"ast-content-background-meta":{"desktop":{"background-color":"var(--ast-global-color-5)","background-image":"","background-repeat":"repeat","background-position":"center center","background-size":"auto","background-attachment":"scroll","background-type":"","background-media":"","overlay-type":"","overlay-color":"","overlay-opacity":"","overlay-gradient":""},"tablet":{"background-color":"var(--ast-global-color-5)","background-image":"","background-repeat":"repeat","background-position":"center center","background-size":"auto","background-attachment":"scroll","background-type":"","background-media":"","overlay-type":"","overlay-color":"","overlay-opacity":"","overlay-gradient":""},"mobile":{"background-color":"var(--ast-global-color-5)","background-image":"","background-repeat":"repeat","background-position":"center center","background-size":"auto","background-attachment":"scroll","background-type":"","background-media":"","overlay-type":"","overlay-color":"","overlay-opacity":"","overlay-gradient":""}}},"product_brand":[],"product_cat":[326,32,36,42,322],"product_tag":[],"class_list":{"0":"post-7995","1":"product","2":"type-product","3":"status-publish","4":"has-post-thumbnail","6":"product_cat-all-jewelry","7":"product_cat-earrings","8":"product_cat-gold-earrings","9":"product_cat-gold-jewelry","10":"product_cat-stud-earrings","11":"desktop-align-left","12":"tablet-align-left","13":"mobile-align-left","15":"first","16":"instock","17":"shipping-taxable","18":"purchasable","19":"product-type-simple"},"jetpack-related-posts":[{"id":6687,"url":"https:\/\/blitzfab.de\/de\/produkt\/hammered-silver-earrings-925-round\/","url_meta":{"origin":7995,"position":0},"title":"geh\u00e4mmerte runde Ohrstecker Silber","author":"selenegs","date":"August 24, 2021","format":false,"excerpt":"Material: 925 Sterling silver Diameter: 7mm Weight: 1,16g Coating: Lacquered Made in: Mexico","rel":"","context":"\u00c4hnlicher Beitrag","block_context":{"text":"\u00c4hnlicher Beitrag","link":""},"img":{"alt_text":"round hammered silver earrings studs 925 sterling","src":"https:\/\/i0.wp.com\/blitzfab.de\/wp-content\/uploads\/2021\/08\/round-hammered-silver-earrings-studs-925-sterling.jpg?resize=350%2C200&ssl=1","width":350,"height":200,"srcset":"https:\/\/i0.wp.com\/blitzfab.de\/wp-content\/uploads\/2021\/08\/round-hammered-silver-earrings-studs-925-sterling.jpg?resize=350%2C200&ssl=1 1x, https:\/\/i0.wp.com\/blitzfab.de\/wp-content\/uploads\/2021\/08\/round-hammered-silver-earrings-studs-925-sterling.jpg?resize=525%2C300&ssl=1 1.5x, https:\/\/i0.wp.com\/blitzfab.de\/wp-content\/uploads\/2021\/08\/round-hammered-silver-earrings-studs-925-sterling.jpg?resize=700%2C400&ssl=1 2x, https:\/\/i0.wp.com\/blitzfab.de\/wp-content\/uploads\/2021\/08\/round-hammered-silver-earrings-studs-925-sterling.jpg?resize=1050%2C600&ssl=1 3x, https:\/\/i0.wp.com\/blitzfab.de\/wp-content\/uploads\/2021\/08\/round-hammered-silver-earrings-studs-925-sterling.jpg?resize=1400%2C800&ssl=1 4x"},"classes":[]},{"id":1646,"url":"https:\/\/blitzfab.de\/de\/produkt\/hammered-heart-necklace-gold-vermeil\/","url_meta":{"origin":7995,"position":1},"title":"Geh\u00e4mmerte Herz Halskette Gold","author":"selenegs","date":"Mai 31, 2021","format":false,"excerpt":"Material: Gold vermeil: 24 K gold over 925 sterling silver Pendant lenght: 19mm Pendant width: 11mm Necklace length: 40cm Weight: 1,23g Coating: A thick layer of 24 K gold (4 microns) Made in: Mexico","rel":"","context":"\u00c4hnlicher Beitrag","block_context":{"text":"\u00c4hnlicher Beitrag","link":""},"img":{"alt_text":"heart hammered necklace gold 925 silver","src":"https:\/\/i0.wp.com\/blitzfab.de\/wp-content\/uploads\/2021\/05\/heart-hammered-necklace-gold-925-silver.jpg?resize=350%2C200&ssl=1","width":350,"height":200,"srcset":"https:\/\/i0.wp.com\/blitzfab.de\/wp-content\/uploads\/2021\/05\/heart-hammered-necklace-gold-925-silver.jpg?resize=350%2C200&ssl=1 1x, https:\/\/i0.wp.com\/blitzfab.de\/wp-content\/uploads\/2021\/05\/heart-hammered-necklace-gold-925-silver.jpg?resize=525%2C300&ssl=1 1.5x, https:\/\/i0.wp.com\/blitzfab.de\/wp-content\/uploads\/2021\/05\/heart-hammered-necklace-gold-925-silver.jpg?resize=700%2C400&ssl=1 2x, https:\/\/i0.wp.com\/blitzfab.de\/wp-content\/uploads\/2021\/05\/heart-hammered-necklace-gold-925-silver.jpg?resize=1050%2C600&ssl=1 3x"},"classes":[]},{"id":1667,"url":"https:\/\/blitzfab.de\/de\/produkt\/ana-belly-gold-vermeil-hoop-earrings\/","url_meta":{"origin":7995,"position":2},"title":"Anabelly Classy Creolen Gold","author":"selenegs","date":"Mai 31, 2021","format":false,"excerpt":"Material: Gold vermeil: 24 K gold over 925 sterling silver Diameter: 17mm Width: 3mm Weight: 0,82g Stone type: zirconia Coating: A thick layer of 24 K gold (4 microns) Made in: Mexico","rel":"","context":"\u00c4hnlicher Beitrag","block_context":{"text":"\u00c4hnlicher Beitrag","link":""},"img":{"alt_text":"gold vermeil hoop earrings","src":"https:\/\/i0.wp.com\/blitzfab.de\/wp-content\/uploads\/2021\/05\/gold-vermeil-hoop-earrings.jpg?resize=350%2C200&ssl=1","width":350,"height":200,"srcset":"https:\/\/i0.wp.com\/blitzfab.de\/wp-content\/uploads\/2021\/05\/gold-vermeil-hoop-earrings.jpg?resize=350%2C200&ssl=1 1x, https:\/\/i0.wp.com\/blitzfab.de\/wp-content\/uploads\/2021\/05\/gold-vermeil-hoop-earrings.jpg?resize=525%2C300&ssl=1 1.5x, https:\/\/i0.wp.com\/blitzfab.de\/wp-content\/uploads\/2021\/05\/gold-vermeil-hoop-earrings.jpg?resize=700%2C400&ssl=1 2x, https:\/\/i0.wp.com\/blitzfab.de\/wp-content\/uploads\/2021\/05\/gold-vermeil-hoop-earrings.jpg?resize=1050%2C600&ssl=1 3x"},"classes":[]},{"id":4083,"url":"https:\/\/blitzfab.de\/de\/produkt\/leaf-earrings-gold\/","url_meta":{"origin":7995,"position":3},"title":"leaf stud earrings","author":"selenegs","date":"Juli 8, 2021","format":false,"excerpt":"Material: Gold vermeil: 24 K gold over 925 sterling silver Length: 10mm Width: 5mm Weight: 0,75g Coating: A thick layer of 24 K gold (4 microns) Made in: Mexico","rel":"","context":"\u00c4hnlicher Beitrag","block_context":{"text":"\u00c4hnlicher Beitrag","link":""},"img":{"alt_text":"leaf earrings gold vermeil studs","src":"https:\/\/i0.wp.com\/blitzfab.de\/wp-content\/uploads\/2021\/07\/leaf-earrings-gold-vermeil-studs.jpg?resize=350%2C200&ssl=1","width":350,"height":200,"srcset":"https:\/\/i0.wp.com\/blitzfab.de\/wp-content\/uploads\/2021\/07\/leaf-earrings-gold-vermeil-studs.jpg?resize=350%2C200&ssl=1 1x, https:\/\/i0.wp.com\/blitzfab.de\/wp-content\/uploads\/2021\/07\/leaf-earrings-gold-vermeil-studs.jpg?resize=525%2C300&ssl=1 1.5x, https:\/\/i0.wp.com\/blitzfab.de\/wp-content\/uploads\/2021\/07\/leaf-earrings-gold-vermeil-studs.jpg?resize=700%2C400&ssl=1 2x, https:\/\/i0.wp.com\/blitzfab.de\/wp-content\/uploads\/2021\/07\/leaf-earrings-gold-vermeil-studs.jpg?resize=1050%2C600&ssl=1 3x, https:\/\/i0.wp.com\/blitzfab.de\/wp-content\/uploads\/2021\/07\/leaf-earrings-gold-vermeil-studs.jpg?resize=1400%2C800&ssl=1 4x"},"classes":[]},{"id":16371,"url":"https:\/\/blitzfab.de\/de\/produkt\/glam-statement-earrings-gold\/","url_meta":{"origin":7995,"position":4},"title":"Glam breite Ohrringe Gold","author":"selenegs","date":"Juni 7, 2023","format":false,"excerpt":"Material: Gold vermeil: 24 K gold over 925 sterling silver Width: 10 mm Length: 15 mm Weight: 4,27 g Coating: A thick layer of 24 K gold (4 microns) Made in: Mexico","rel":"","context":"\u00c4hnlicher Beitrag","block_context":{"text":"\u00c4hnlicher Beitrag","link":""},"img":{"alt_text":"statement earrings gold vermeil 24 k 925 silver","src":"https:\/\/i0.wp.com\/blitzfab.de\/wp-content\/uploads\/2023\/06\/statement-earrings-gold-vermeil-24-k-925-silver.jpg?resize=350%2C200&ssl=1","width":350,"height":200,"srcset":"https:\/\/i0.wp.com\/blitzfab.de\/wp-content\/uploads\/2023\/06\/statement-earrings-gold-vermeil-24-k-925-silver.jpg?resize=350%2C200&ssl=1 1x, https:\/\/i0.wp.com\/blitzfab.de\/wp-content\/uploads\/2023\/06\/statement-earrings-gold-vermeil-24-k-925-silver.jpg?resize=525%2C300&ssl=1 1.5x, https:\/\/i0.wp.com\/blitzfab.de\/wp-content\/uploads\/2023\/06\/statement-earrings-gold-vermeil-24-k-925-silver.jpg?resize=700%2C400&ssl=1 2x, https:\/\/i0.wp.com\/blitzfab.de\/wp-content\/uploads\/2023\/06\/statement-earrings-gold-vermeil-24-k-925-silver.jpg?resize=1050%2C600&ssl=1 3x"},"classes":[]},{"id":1674,"url":"https:\/\/blitzfab.de\/de\/produkt\/spiral-stud-earrings-gold\/","url_meta":{"origin":7995,"position":5},"title":"Spirale Ohrstecker Gold","author":"selenegs","date":"Mai 31, 2021","format":false,"excerpt":"Material: Gold vermeil: 24 K gold over 925 sterling silver Stone type: Zirconia Diameter: 7mm Weight: 0,82g Coating: A thick layer of 24 K gold (4 microns) Made in: Mexico","rel":"","context":"\u00c4hnlicher Beitrag","block_context":{"text":"\u00c4hnlicher Beitrag","link":""},"img":{"alt_text":"round stud earrings gold 925 silver","src":"https:\/\/i0.wp.com\/blitzfab.de\/wp-content\/uploads\/2021\/05\/round-stud-earrings-gold-925-silver.jpg?resize=350%2C200&ssl=1","width":350,"height":200,"srcset":"https:\/\/i0.wp.com\/blitzfab.de\/wp-content\/uploads\/2021\/05\/round-stud-earrings-gold-925-silver.jpg?resize=350%2C200&ssl=1 1x, https:\/\/i0.wp.com\/blitzfab.de\/wp-content\/uploads\/2021\/05\/round-stud-earrings-gold-925-silver.jpg?resize=525%2C300&ssl=1 1.5x, https:\/\/i0.wp.com\/blitzfab.de\/wp-content\/uploads\/2021\/05\/round-stud-earrings-gold-925-silver.jpg?resize=700%2C400&ssl=1 2x, https:\/\/i0.wp.com\/blitzfab.de\/wp-content\/uploads\/2021\/05\/round-stud-earrings-gold-925-silver.jpg?resize=1050%2C600&ssl=1 3x"},"classes":[]}],"jetpack_sharing_enabled":true,"_links":{"self":[{"href":"https:\/\/blitzfab.de\/de\/wp-json\/wp\/v2\/product\/7995","targetHints":{"allow":["GET"]}}],"collection":[{"href":"https:\/\/blitzfab.de\/de\/wp-json\/wp\/v2\/product"}],"about":[{"href":"https:\/\/blitzfab.de\/de\/wp-json\/wp\/v2\/types\/product"}],"replies":[{"embeddable":true,"href":"https:\/\/blitzfab.de\/de\/wp-json\/wp\/v2\/comments?post=7995"}],"wp:featuredmedia":[{"embeddable":true,"href":"https:\/\/blitzfab.de\/de\/wp-json\/wp\/v2\/media\/17345"}],"wp:attachment":[{"href":"https:\/\/blitzfab.de\/de\/wp-json\/wp\/v2\/media?parent=7995"}],"wp:term":[{"taxonomy":"product_brand","embeddable":true,"href":"https:\/\/blitzfab.de\/de\/wp-json\/wp\/v2\/product_brand?post=7995"},{"taxonomy":"product_cat","embeddable":true,"href":"https:\/\/blitzfab.de\/de\/wp-json\/wp\/v2\/product_cat?post=7995"},{"taxonomy":"product_tag","embeddable":true,"href":"https:\/\/blitzfab.de\/de\/wp-json\/wp\/v2\/product_tag?post=7995"}],"curies":[{"name":"wp","href":"https:\/\/api.w.org\/{rel}","templated":true}]}}