{"id":7990,"date":"2021-09-15T11:50:31","date_gmt":"2021-09-15T11:50:31","guid":{"rendered":"https:\/\/blitzfab.de\/?post_type=product&#038;p=7990"},"modified":"2025-11-13T15:11:40","modified_gmt":"2025-11-13T15:11:40","slug":"star-ear-climber-silber","status":"publish","type":"product","link":"https:\/\/blitzfab.de\/de\/produkt\/star-ear-climber-silber\/","title":{"rendered":"Stern Ohr Kletterer Silber"},"content":{"rendered":"<p>Die Stern Ohr Kletterer Ohrringe sind eine Mischung aus einem Ohr Kletterer und einem Earcuff, sie sind einzigartig in ihrem Design. Du brauchst nur ein Ohrloch, um sie zu tragen. Der Teil mit dem Zirkonia Ohrstecker wird als Piercing verwendet und der Teil mit dem Stern l\u00e4sst sich einfach hineinschieben, du musst keinen Druck aus\u00fcben, sodass deine Ohren nicht verletzt werden.<\/p>\n<h2>Stern Ohrkletterer als Doppel Ohrringe<\/h2>\n<p>Manchmal kann es zu Ohrenschmerzen kommen, wenn du mit normalen Ohrklemmen zu viel Druck aus\u00fcbst, aus Angst, sie zu verlieren. Dar\u00fcber musst du dich bei diesen Ohrringen keine Gedanken machen, da du keinen Druck aus\u00fcben musst.<\/p>\n<p>Einige Ohrkletterer sehen vielleicht sehr sch\u00f6n aus, aber es ist ein Kampf, sie am Ohr zu halten, ohne dass sie herunterrutschen. Da diese Ohrringe nicht gerade ein Ohrkletterer sind, wirst du dieses Problem nicht haben.<\/p>\n<p>Wenn du das Aussehen von Doppelohrringen magst, aber kein zweites Piercing haben m\u00f6chtest, sind diese Ohrringe genau das Richtige f\u00fcr dich.<\/p>\n<h3>Material<\/h3>\n<p>Sie sind hypoallergen, ideal f\u00fcr Menschen mit empfindlicher Haut, nickel- und zinkfrei, handgefertigt aus echtem 925er Sterlingsilber und  verziert mit Zirkonia.<\/p>\n<p>Informiere dich \u00fcber unsere <a href=\"https:\/\/blitzfab.de\/de\/versand\/\">Versandkosten<\/a> weltweit, die Lieferzeiten k\u00f6nnen je nach Land variieren, bei Fragen kannst du uns gerne per E-Mail kontaktieren unter: info@blitzfab.de<\/p>","protected":false},"excerpt":{"rendered":"<p><b>Material: <\/b>925 Sterling Silber<\/p>\n<p><strong>L\u00e4nge: <\/strong>17mm<\/p>\n<p><strong>Breite: <\/strong>15mm<\/p>\n<p><strong>Gewicht: <\/strong>2,2g<\/p>\n<p><b>Beschichtung: <\/b>lackiert<\/p>\n<p><b>Hergestellt in: <\/b>Mexiko<\/p>\n<p><strong>als Paar verkauft<\/strong><\/p>","protected":false},"featured_media":17168,"comment_status":"closed","ping_status":"closed","template":"","meta":{"site-sidebar-layout":"default","site-content-layout":"default","ast-site-content-layout":"default","site-content-style":"default","site-sidebar-style":"default","ast-global-header-display":"","ast-banner-title-visibility":"","ast-main-header-display":"","ast-hfb-above-header-display":"","ast-hfb-below-header-display":"","ast-hfb-mobile-header-display":"","site-post-title":"","ast-breadcrumbs-content":"","ast-featured-img":"","footer-sml-layout":"","theme-transparent-header-meta":"default","adv-header-id-meta":"","stick-header-meta":"","header-above-stick-meta":"","header-main-stick-meta":"","header-below-stick-meta":"","astra-migrate-meta-layouts":"set","ast-page-background-enabled":"default","ast-page-background-meta":{"desktop":{"background-color":"","background-image":"","background-repeat":"repeat","background-position":"center center","background-size":"auto","background-attachment":"scroll","background-type":"","background-media":"","overlay-type":"","overlay-color":"","overlay-opacity":"","overlay-gradient":""},"tablet":{"background-color":"","background-image":"","background-repeat":"repeat","background-position":"center center","background-size":"auto","background-attachment":"scroll","background-type":"","background-media":"","overlay-type":"","overlay-color":"","overlay-opacity":"","overlay-gradient":""},"mobile":{"background-color":"","background-image":"","background-repeat":"repeat","background-position":"center center","background-size":"auto","background-attachment":"scroll","background-type":"","background-media":"","overlay-type":"","overlay-color":"","overlay-opacity":"","overlay-gradient":""}},"ast-content-background-meta":{"desktop":{"background-color":"var(--ast-global-color-5)","background-image":"","background-repeat":"repeat","background-position":"center center","background-size":"auto","background-attachment":"scroll","background-type":"","background-media":"","overlay-type":"","overlay-color":"","overlay-opacity":"","overlay-gradient":""},"tablet":{"background-color":"var(--ast-global-color-5)","background-image":"","background-repeat":"repeat","background-position":"center center","background-size":"auto","background-attachment":"scroll","background-type":"","background-media":"","overlay-type":"","overlay-color":"","overlay-opacity":"","overlay-gradient":""},"mobile":{"background-color":"var(--ast-global-color-5)","background-image":"","background-repeat":"repeat","background-position":"center center","background-size":"auto","background-attachment":"scroll","background-type":"","background-media":"","overlay-type":"","overlay-color":"","overlay-opacity":"","overlay-gradient":""}}},"product_brand":[],"product_cat":[326,328,32,37,322],"product_tag":[],"class_list":{"0":"post-7990","1":"product","2":"type-product","3":"status-publish","4":"has-post-thumbnail","6":"product_cat-all-jewelry","7":"product_cat-ear-jackets","8":"product_cat-earrings","9":"product_cat-silver-earrings","10":"product_cat-stud-earrings","11":"desktop-align-left","12":"tablet-align-left","13":"mobile-align-left","15":"first","16":"instock","17":"shipping-taxable","18":"purchasable","19":"product-type-variable"},"jetpack-related-posts":[{"id":16348,"url":"https:\/\/blitzfab.de\/de\/produkt\/crawler-earrings-with-chains-gold\/","url_meta":{"origin":7990,"position":0},"title":"Earcrawler mit Ketten Gold","author":"selenegs","date":"Juni 1, 2023","format":false,"excerpt":"Material: 925 Sterling Silver 24K gold vermeil Length: 25mm Width: 3mm Weight: 3g Coating: 24 carat gold Made in: Mexico","rel":"","context":"\u00c4hnlicher Beitrag","block_context":{"text":"\u00c4hnlicher Beitrag","link":""},"img":{"alt_text":"crawler earrings with chains gold with zirconia","src":"https:\/\/i0.wp.com\/blitzfab.de\/wp-content\/uploads\/2023\/06\/crawler-earrings-with-chains-gold-with-zirconia.jpg?resize=350%2C200&ssl=1","width":350,"height":200,"srcset":"https:\/\/i0.wp.com\/blitzfab.de\/wp-content\/uploads\/2023\/06\/crawler-earrings-with-chains-gold-with-zirconia.jpg?resize=350%2C200&ssl=1 1x, https:\/\/i0.wp.com\/blitzfab.de\/wp-content\/uploads\/2023\/06\/crawler-earrings-with-chains-gold-with-zirconia.jpg?resize=525%2C300&ssl=1 1.5x, https:\/\/i0.wp.com\/blitzfab.de\/wp-content\/uploads\/2023\/06\/crawler-earrings-with-chains-gold-with-zirconia.jpg?resize=700%2C400&ssl=1 2x, https:\/\/i0.wp.com\/blitzfab.de\/wp-content\/uploads\/2023\/06\/crawler-earrings-with-chains-gold-with-zirconia.jpg?resize=1050%2C600&ssl=1 3x"},"classes":[]},{"id":17541,"url":"https:\/\/blitzfab.de\/de\/produkt\/ear-cuffs-for-unpierced-ears\/","url_meta":{"origin":7990,"position":1},"title":"Hearts Ear Cuff Gold","author":"selenegs","date":"September 25, 2023","format":false,"excerpt":"Ear cuffs for unpierced ears are designed to fit snugly and comfortably on unpierced ears of various sizes, this cuff is easily adjustable to ensure a secure and customized fit. You can gently squeeze or widen the cuff to achieve the perfect balance of comfort and style, allowing you to\u2026","rel":"","context":"\u00c4hnlicher Beitrag","block_context":{"text":"\u00c4hnlicher Beitrag","link":""},"img":{"alt_text":"ear cuffs for unpierced ears","src":"https:\/\/i0.wp.com\/blitzfab.de\/wp-content\/uploads\/2023\/09\/ear-cuffs-for-unpierced-ears.jpg?resize=350%2C200&ssl=1","width":350,"height":200,"srcset":"https:\/\/i0.wp.com\/blitzfab.de\/wp-content\/uploads\/2023\/09\/ear-cuffs-for-unpierced-ears.jpg?resize=350%2C200&ssl=1 1x, https:\/\/i0.wp.com\/blitzfab.de\/wp-content\/uploads\/2023\/09\/ear-cuffs-for-unpierced-ears.jpg?resize=525%2C300&ssl=1 1.5x, https:\/\/i0.wp.com\/blitzfab.de\/wp-content\/uploads\/2023\/09\/ear-cuffs-for-unpierced-ears.jpg?resize=700%2C400&ssl=1 2x"},"classes":[]},{"id":11160,"url":"https:\/\/blitzfab.de\/de\/produkt\/hoops-shooting-star-earrings-gold\/","url_meta":{"origin":7990,"position":2},"title":"Sternschnuppen Creolen Gold","author":"selenegs","date":"August 12, 2022","format":false,"excerpt":"Material: 925 Sterling Silver 18K Gold Plated Earring diameter: 12mm Charm size: 10mm x 10 mm Weight: 3,4g Stone type: Zirconia Coating:\u00a0A thick layer of 24 K gold (4 microns) Made in: Mexico","rel":"","context":"\u00c4hnlicher Beitrag","block_context":{"text":"\u00c4hnlicher Beitrag","link":""},"img":{"alt_text":"Shooting star earrings gold","src":"https:\/\/i0.wp.com\/blitzfab.de\/wp-content\/uploads\/2022\/08\/Shooting-star-earrings-gold.jpg?resize=350%2C200&ssl=1","width":350,"height":200,"srcset":"https:\/\/i0.wp.com\/blitzfab.de\/wp-content\/uploads\/2022\/08\/Shooting-star-earrings-gold.jpg?resize=350%2C200&ssl=1 1x, https:\/\/i0.wp.com\/blitzfab.de\/wp-content\/uploads\/2022\/08\/Shooting-star-earrings-gold.jpg?resize=525%2C300&ssl=1 1.5x, https:\/\/i0.wp.com\/blitzfab.de\/wp-content\/uploads\/2022\/08\/Shooting-star-earrings-gold.jpg?resize=700%2C400&ssl=1 2x, https:\/\/i0.wp.com\/blitzfab.de\/wp-content\/uploads\/2022\/08\/Shooting-star-earrings-gold.jpg?resize=1050%2C600&ssl=1 3x"},"classes":[]},{"id":13357,"url":"https:\/\/blitzfab.de\/de\/produkt\/aztec-sombrero-ear-jacket-earrings\/","url_meta":{"origin":7990,"position":3},"title":"Aztekische Sombrero Ohrjacken Ohrringe","author":"selenegs","date":"Februar 1, 2023","format":false,"excerpt":"Material: 925 Sterling Silver 24K gold vermeil Bottom part: 18mm x 3.5mm Top part: 8mm x 6mm Weight: 3g Coating: 24 carat gold Made in: Mexico Sold as pair","rel":"","context":"\u00c4hnlicher Beitrag","block_context":{"text":"\u00c4hnlicher Beitrag","link":""},"img":{"alt_text":"ear jacket earrings sombrero 925 silver","src":"https:\/\/i0.wp.com\/blitzfab.de\/wp-content\/uploads\/2023\/02\/ear-jacket-earrings-sombrero-925-silver.jpg?resize=350%2C200&ssl=1","width":350,"height":200,"srcset":"https:\/\/i0.wp.com\/blitzfab.de\/wp-content\/uploads\/2023\/02\/ear-jacket-earrings-sombrero-925-silver.jpg?resize=350%2C200&ssl=1 1x, https:\/\/i0.wp.com\/blitzfab.de\/wp-content\/uploads\/2023\/02\/ear-jacket-earrings-sombrero-925-silver.jpg?resize=525%2C300&ssl=1 1.5x, https:\/\/i0.wp.com\/blitzfab.de\/wp-content\/uploads\/2023\/02\/ear-jacket-earrings-sombrero-925-silver.jpg?resize=700%2C400&ssl=1 2x, https:\/\/i0.wp.com\/blitzfab.de\/wp-content\/uploads\/2023\/02\/ear-jacket-earrings-sombrero-925-silver.jpg?resize=1050%2C600&ssl=1 3x"},"classes":[]},{"id":9914,"url":"https:\/\/blitzfab.de\/de\/produkt\/shining-stars-hoop-earrings-with-pendants\/","url_meta":{"origin":7990,"position":4},"title":"Shining Stars Creolen Silber","author":"selenegs","date":"April 4, 2022","format":false,"excerpt":"Material: 925 Sterling Silver Length: 22mm Width: 15mm Weight: 3,85g Stone type: Zirconia Number of charms: 5 Coating: Lacquered Made in: Mexico","rel":"","context":"\u00c4hnlicher Beitrag","block_context":{"text":"\u00c4hnlicher Beitrag","link":""},"img":{"alt_text":"stars charms dangling hoop earrings silver","src":"https:\/\/i0.wp.com\/blitzfab.de\/wp-content\/uploads\/2022\/04\/stars-charms-dangling-hoop-earrings-silver-.jpg?resize=350%2C200&ssl=1","width":350,"height":200,"srcset":"https:\/\/i0.wp.com\/blitzfab.de\/wp-content\/uploads\/2022\/04\/stars-charms-dangling-hoop-earrings-silver-.jpg?resize=350%2C200&ssl=1 1x, https:\/\/i0.wp.com\/blitzfab.de\/wp-content\/uploads\/2022\/04\/stars-charms-dangling-hoop-earrings-silver-.jpg?resize=525%2C300&ssl=1 1.5x, https:\/\/i0.wp.com\/blitzfab.de\/wp-content\/uploads\/2022\/04\/stars-charms-dangling-hoop-earrings-silver-.jpg?resize=700%2C400&ssl=1 2x, https:\/\/i0.wp.com\/blitzfab.de\/wp-content\/uploads\/2022\/04\/stars-charms-dangling-hoop-earrings-silver-.jpg?resize=1050%2C600&ssl=1 3x"},"classes":[]},{"id":17064,"url":"https:\/\/blitzfab.de\/de\/produkt\/double-piercing-earrings-10k-gold\/","url_meta":{"origin":7990,"position":5},"title":"Lightning chain earrings 10k gold","author":"selenegs","date":"Februar 17, 2024","format":false,"excerpt":"Material: Solid 10 K gold (417 gold) Earring back type: Screw backs Stone type: Zirconia Made in: Mexico","rel":"","context":"\u00c4hnlicher Beitrag","block_context":{"text":"\u00c4hnlicher Beitrag","link":""},"img":{"alt_text":"lightning double piercing earrings chain 10K gold solid","src":"https:\/\/i0.wp.com\/blitzfab.de\/wp-content\/uploads\/2024\/02\/lightning-double-piercing-earrings-chain-10K-gold-solid.jpg?resize=350%2C200&ssl=1","width":350,"height":200,"srcset":"https:\/\/i0.wp.com\/blitzfab.de\/wp-content\/uploads\/2024\/02\/lightning-double-piercing-earrings-chain-10K-gold-solid.jpg?resize=350%2C200&ssl=1 1x, https:\/\/i0.wp.com\/blitzfab.de\/wp-content\/uploads\/2024\/02\/lightning-double-piercing-earrings-chain-10K-gold-solid.jpg?resize=525%2C300&ssl=1 1.5x, https:\/\/i0.wp.com\/blitzfab.de\/wp-content\/uploads\/2024\/02\/lightning-double-piercing-earrings-chain-10K-gold-solid.jpg?resize=700%2C400&ssl=1 2x, https:\/\/i0.wp.com\/blitzfab.de\/wp-content\/uploads\/2024\/02\/lightning-double-piercing-earrings-chain-10K-gold-solid.jpg?resize=1050%2C600&ssl=1 3x"},"classes":[]}],"jetpack_sharing_enabled":true,"_links":{"self":[{"href":"https:\/\/blitzfab.de\/de\/wp-json\/wp\/v2\/product\/7990","targetHints":{"allow":["GET"]}}],"collection":[{"href":"https:\/\/blitzfab.de\/de\/wp-json\/wp\/v2\/product"}],"about":[{"href":"https:\/\/blitzfab.de\/de\/wp-json\/wp\/v2\/types\/product"}],"replies":[{"embeddable":true,"href":"https:\/\/blitzfab.de\/de\/wp-json\/wp\/v2\/comments?post=7990"}],"wp:featuredmedia":[{"embeddable":true,"href":"https:\/\/blitzfab.de\/de\/wp-json\/wp\/v2\/media\/17168"}],"wp:attachment":[{"href":"https:\/\/blitzfab.de\/de\/wp-json\/wp\/v2\/media?parent=7990"}],"wp:term":[{"taxonomy":"product_brand","embeddable":true,"href":"https:\/\/blitzfab.de\/de\/wp-json\/wp\/v2\/product_brand?post=7990"},{"taxonomy":"product_cat","embeddable":true,"href":"https:\/\/blitzfab.de\/de\/wp-json\/wp\/v2\/product_cat?post=7990"},{"taxonomy":"product_tag","embeddable":true,"href":"https:\/\/blitzfab.de\/de\/wp-json\/wp\/v2\/product_tag?post=7990"}],"curies":[{"name":"wp","href":"https:\/\/api.w.org\/{rel}","templated":true}]}}