{"id":6972,"date":"2021-08-26T13:31:45","date_gmt":"2021-08-26T13:31:45","guid":{"rendered":"https:\/\/blitzfab.de\/?post_type=product&#038;p=6972"},"modified":"2025-11-13T15:07:50","modified_gmt":"2025-11-13T15:07:50","slug":"infinity-necklace-silver","status":"publish","type":"product","link":"https:\/\/blitzfab.de\/de\/produkt\/infinity-necklace-silver\/","title":{"rendered":"Unendlichkeit Halskette Silber"},"content":{"rendered":"<h2>Unendliche Halskette Silber<\/h2>\n<p>Diese Halskette ist ein wundersch\u00f6nes Schmuckst\u00fcck mit dem Symbol der Unendlichkeit, das wie eine auf die Seite gedrehte Acht aussieht. Das Symbol der Unendlichkeit repr\u00e4sentiert die Idee der Unendlichkeit, Ewigkeit und der unendlichen Natur des Universums.<\/p>\n<p>Hergestellt aus hochwertigem mexikanischem Sterlingsilber, mit Pr\u00e4zision und Sorgfalt gefertigt. Das Unendlichkeitssymbol selbst ist mit Zirkonia verziert, was ihm zus\u00e4tzlichen Glanz und Brillanz verleiht.<\/p>\n<p>Diese Unendlichkeitskette aus Silber kann ein bedeutungsvolles Geschenk f\u00fcr einen geliebten Menschen sein, das Ihre ewige Liebe und Ihr Engagement f\u00fcr ihn symbolisiert. Es kann auch die Idee der unendlichen Freundschaft oder die unendlichen M\u00f6glichkeiten darstellen, die das Leben zu bieten hat.<\/p>","protected":false},"excerpt":{"rendered":"<p><b>Material: <\/b>925 Sterling silver<\/p>\n<p><strong>Anh\u00e4ngerl\u00e4nge: <\/strong>7mm<\/p>\n<p><strong>Anh\u00e4ngerbreite: <\/strong>19mm<\/p>\n<p><strong>Anh\u00e4ngergewicht: <\/strong>1,2g<\/p>\n<p><strong>Halskettenl\u00e4nge: <\/strong>40cm<\/p>\n<p><strong>Halskettengewicht: <\/strong>1,34g<\/p>\n<p><b>Beschichtung: <\/b>lackiert<\/p>\n<p><b>Hergestellt in: <\/b>Mexiko<\/p>","protected":false},"featured_media":16976,"comment_status":"open","ping_status":"closed","template":"","meta":{"site-sidebar-layout":"default","site-content-layout":"default","ast-site-content-layout":"default","site-content-style":"default","site-sidebar-style":"default","ast-global-header-display":"","ast-banner-title-visibility":"","ast-main-header-display":"","ast-hfb-above-header-display":"","ast-hfb-below-header-display":"","ast-hfb-mobile-header-display":"","site-post-title":"","ast-breadcrumbs-content":"","ast-featured-img":"","footer-sml-layout":"","theme-transparent-header-meta":"default","adv-header-id-meta":"","stick-header-meta":"","header-above-stick-meta":"","header-main-stick-meta":"","header-below-stick-meta":"","astra-migrate-meta-layouts":"set","ast-page-background-enabled":"default","ast-page-background-meta":{"desktop":{"background-color":"","background-image":"","background-repeat":"repeat","background-position":"center center","background-size":"auto","background-attachment":"scroll","background-type":"","background-media":"","overlay-type":"","overlay-color":"","overlay-opacity":"","overlay-gradient":""},"tablet":{"background-color":"","background-image":"","background-repeat":"repeat","background-position":"center center","background-size":"auto","background-attachment":"scroll","background-type":"","background-media":"","overlay-type":"","overlay-color":"","overlay-opacity":"","overlay-gradient":""},"mobile":{"background-color":"","background-image":"","background-repeat":"repeat","background-position":"center center","background-size":"auto","background-attachment":"scroll","background-type":"","background-media":"","overlay-type":"","overlay-color":"","overlay-opacity":"","overlay-gradient":""}},"ast-content-background-meta":{"desktop":{"background-color":"var(--ast-global-color-5)","background-image":"","background-repeat":"repeat","background-position":"center center","background-size":"auto","background-attachment":"scroll","background-type":"","background-media":"","overlay-type":"","overlay-color":"","overlay-opacity":"","overlay-gradient":""},"tablet":{"background-color":"var(--ast-global-color-5)","background-image":"","background-repeat":"repeat","background-position":"center center","background-size":"auto","background-attachment":"scroll","background-type":"","background-media":"","overlay-type":"","overlay-color":"","overlay-opacity":"","overlay-gradient":""},"mobile":{"background-color":"var(--ast-global-color-5)","background-image":"","background-repeat":"repeat","background-position":"center center","background-size":"auto","background-attachment":"scroll","background-type":"","background-media":"","overlay-type":"","overlay-color":"","overlay-opacity":"","overlay-gradient":""}}},"product_brand":[],"product_cat":[326,17,325,35],"product_tag":[],"class_list":{"0":"post-6972","1":"product","2":"type-product","3":"status-publish","4":"has-post-thumbnail","6":"product_cat-all-jewelry","7":"product_cat-necklaces","8":"product_cat-pendants","9":"product_cat-silver-necklaces","10":"desktop-align-left","11":"tablet-align-left","12":"mobile-align-left","14":"first","15":"instock","16":"shipping-taxable","17":"purchasable","18":"product-type-simple"},"jetpack-related-posts":[{"id":10084,"url":"https:\/\/blitzfab.de\/de\/produkt\/christian-necklace-love-god-gold\/","url_meta":{"origin":6972,"position":0},"title":"Love God Necklace Gold","author":"selenegs","date":"Mai 3, 2022","format":false,"excerpt":"Material: 925 Sterling Silver or gold vermeil: 24 K gold over 925 sterling silver Number of pendants: 6 Pendant diameter: Approx. 1cm Necklace length: 40cm + 5cm (adjustable from 40cm to 45cm) *perfect for layering* Necklace weight: 3,80g Coating: Lacquered or a thick layer of 24 K gold (4 microns)\u2026","rel":"","context":"\u00c4hnlicher Beitrag","block_context":{"text":"\u00c4hnlicher Beitrag","link":""},"img":{"alt_text":"christian necklace love God gold 925 silver","src":"https:\/\/i0.wp.com\/blitzfab.de\/wp-content\/uploads\/2023\/04\/Love-God-necklace.jpg?resize=350%2C200&ssl=1","width":350,"height":200,"srcset":"https:\/\/i0.wp.com\/blitzfab.de\/wp-content\/uploads\/2023\/04\/Love-God-necklace.jpg?resize=350%2C200&ssl=1 1x, https:\/\/i0.wp.com\/blitzfab.de\/wp-content\/uploads\/2023\/04\/Love-God-necklace.jpg?resize=525%2C300&ssl=1 1.5x, https:\/\/i0.wp.com\/blitzfab.de\/wp-content\/uploads\/2023\/04\/Love-God-necklace.jpg?resize=700%2C400&ssl=1 2x, https:\/\/i0.wp.com\/blitzfab.de\/wp-content\/uploads\/2023\/04\/Love-God-necklace.jpg?resize=1050%2C600&ssl=1 3x"},"classes":[]},{"id":11078,"url":"https:\/\/blitzfab.de\/de\/produkt\/love-necklace-silver-925\/","url_meta":{"origin":6972,"position":1},"title":"Love heart necklace silver","author":"selenegs","date":"Juli 26, 2022","format":false,"excerpt":"Material: 925 Sterling Silver Pendant length: 21mm Pendant width: 18mm Necklace length: 45cm Weight: 4,2g Coating: Lacquered Made in: Mexico","rel":"","context":"\u00c4hnlicher Beitrag","block_context":{"text":"\u00c4hnlicher Beitrag","link":""},"img":{"alt_text":"heart necklace love 925 sterling silver","src":"https:\/\/i0.wp.com\/blitzfab.de\/wp-content\/uploads\/2022\/07\/heart-necklace-love-925-sterling-silver.jpg?resize=350%2C200&ssl=1","width":350,"height":200,"srcset":"https:\/\/i0.wp.com\/blitzfab.de\/wp-content\/uploads\/2022\/07\/heart-necklace-love-925-sterling-silver.jpg?resize=350%2C200&ssl=1 1x, https:\/\/i0.wp.com\/blitzfab.de\/wp-content\/uploads\/2022\/07\/heart-necklace-love-925-sterling-silver.jpg?resize=525%2C300&ssl=1 1.5x, https:\/\/i0.wp.com\/blitzfab.de\/wp-content\/uploads\/2022\/07\/heart-necklace-love-925-sterling-silver.jpg?resize=700%2C400&ssl=1 2x, https:\/\/i0.wp.com\/blitzfab.de\/wp-content\/uploads\/2022\/07\/heart-necklace-love-925-sterling-silver.jpg?resize=1050%2C600&ssl=1 3x"},"classes":[]},{"id":1746,"url":"https:\/\/blitzfab.de\/de\/produkt\/guardian-angel-necklace-silver\/","url_meta":{"origin":6972,"position":2},"title":"Schutzengel Halskette Silber","author":"selenegs","date":"Juni 1, 2021","format":false,"excerpt":"Material: 925 Sterling silver Pendant length: 29mm Pendant width: 11mm Pendant weight: 1,1g Necklace length: 40cm Necklace weight: 1,34g Coating: Lacquered Made in: Mexico","rel":"","context":"\u00c4hnlicher Beitrag","block_context":{"text":"\u00c4hnlicher Beitrag","link":""},"img":{"alt_text":"guardian angel necklace 925 sterling silver","src":"https:\/\/i0.wp.com\/blitzfab.de\/wp-content\/uploads\/2021\/06\/guardian-angel-necklace-925-sterling-silver.jpg?resize=350%2C200&ssl=1","width":350,"height":200,"srcset":"https:\/\/i0.wp.com\/blitzfab.de\/wp-content\/uploads\/2021\/06\/guardian-angel-necklace-925-sterling-silver.jpg?resize=350%2C200&ssl=1 1x, https:\/\/i0.wp.com\/blitzfab.de\/wp-content\/uploads\/2021\/06\/guardian-angel-necklace-925-sterling-silver.jpg?resize=525%2C300&ssl=1 1.5x, https:\/\/i0.wp.com\/blitzfab.de\/wp-content\/uploads\/2021\/06\/guardian-angel-necklace-925-sterling-silver.jpg?resize=700%2C400&ssl=1 2x, https:\/\/i0.wp.com\/blitzfab.de\/wp-content\/uploads\/2021\/06\/guardian-angel-necklace-925-sterling-silver.jpg?resize=1050%2C600&ssl=1 3x"},"classes":[]},{"id":1734,"url":"https:\/\/blitzfab.de\/de\/produkt\/broken-heart-necklace-silver-mended\/","url_meta":{"origin":6972,"position":3},"title":"geheiltes Herz Halskette Silber","author":"selenegs","date":"Juni 1, 2021","format":false,"excerpt":"Material: 925 Sterling silver Pendant length: 30mm Pendant width: 35mm Pendant weight: 4,35g Necklace length: 40cm Necklace weight: 2,13g Coating: Lacquered Made in: Mexico","rel":"","context":"\u00c4hnlicher Beitrag","block_context":{"text":"\u00c4hnlicher Beitrag","link":""},"img":{"alt_text":"mended broken heart necklace 925 silver","src":"https:\/\/i0.wp.com\/blitzfab.de\/wp-content\/uploads\/2021\/06\/mended-broken-heart-necklace-925-silver.jpg?resize=350%2C200&ssl=1","width":350,"height":200,"srcset":"https:\/\/i0.wp.com\/blitzfab.de\/wp-content\/uploads\/2021\/06\/mended-broken-heart-necklace-925-silver.jpg?resize=350%2C200&ssl=1 1x, https:\/\/i0.wp.com\/blitzfab.de\/wp-content\/uploads\/2021\/06\/mended-broken-heart-necklace-925-silver.jpg?resize=525%2C300&ssl=1 1.5x, https:\/\/i0.wp.com\/blitzfab.de\/wp-content\/uploads\/2021\/06\/mended-broken-heart-necklace-925-silver.jpg?resize=700%2C400&ssl=1 2x, https:\/\/i0.wp.com\/blitzfab.de\/wp-content\/uploads\/2021\/06\/mended-broken-heart-necklace-925-silver.jpg?resize=1050%2C600&ssl=1 3x"},"classes":[]},{"id":7010,"url":"https:\/\/blitzfab.de\/de\/produkt\/ichthys-jesus-fish-necklace-silver\/","url_meta":{"origin":6972,"position":4},"title":"Ichthys Jesus Fisch Halskette Silber","author":"selenegs","date":"September 3, 2021","format":false,"excerpt":"Material: 925 Sterling silver Pendant length: 32mm Pendant width: 8mm Pendant weight: 1,04g Necklace length: 40cm Necklace weight: 1,34g Coating: Lacquered Made in: Mexico","rel":"","context":"\u00c4hnlicher Beitrag","block_context":{"text":"\u00c4hnlicher Beitrag","link":""},"img":{"alt_text":"ichthys Jesus fish necklace 925 sterling silver","src":"https:\/\/i0.wp.com\/blitzfab.de\/wp-content\/uploads\/2021\/09\/ichthys-Jesus-fish-necklace-925-sterling-silver.jpg?resize=350%2C200&ssl=1","width":350,"height":200,"srcset":"https:\/\/i0.wp.com\/blitzfab.de\/wp-content\/uploads\/2021\/09\/ichthys-Jesus-fish-necklace-925-sterling-silver.jpg?resize=350%2C200&ssl=1 1x, https:\/\/i0.wp.com\/blitzfab.de\/wp-content\/uploads\/2021\/09\/ichthys-Jesus-fish-necklace-925-sterling-silver.jpg?resize=525%2C300&ssl=1 1.5x, https:\/\/i0.wp.com\/blitzfab.de\/wp-content\/uploads\/2021\/09\/ichthys-Jesus-fish-necklace-925-sterling-silver.jpg?resize=700%2C400&ssl=1 2x, https:\/\/i0.wp.com\/blitzfab.de\/wp-content\/uploads\/2021\/09\/ichthys-Jesus-fish-necklace-925-sterling-silver.jpg?resize=1050%2C600&ssl=1 3x"},"classes":[]},{"id":11153,"url":"https:\/\/blitzfab.de\/de\/produkt\/home-is-where-the-heart-is-necklace-silver\/","url_meta":{"origin":6972,"position":5},"title":"Home is where the heart is Halskette Silber","author":"selenegs","date":"August 4, 2022","format":false,"excerpt":"Material: 925 Sterling Silver Cross size: 17mm x 12mm Round pendant diameter: 16mm Necklace length: 40cm \/ 45cm Necklace weight: 6,5g Coating: Lacquered Made in: Mexico","rel":"","context":"\u00c4hnlicher Beitrag","block_context":{"text":"\u00c4hnlicher Beitrag","link":""},"img":{"alt_text":"home is where the heart is necklace cross silver","src":"https:\/\/i0.wp.com\/blitzfab.de\/wp-content\/uploads\/2022\/08\/home-is-where-the-heart-is-necklace-cross-silver.jpg?resize=350%2C200&ssl=1","width":350,"height":200,"srcset":"https:\/\/i0.wp.com\/blitzfab.de\/wp-content\/uploads\/2022\/08\/home-is-where-the-heart-is-necklace-cross-silver.jpg?resize=350%2C200&ssl=1 1x, https:\/\/i0.wp.com\/blitzfab.de\/wp-content\/uploads\/2022\/08\/home-is-where-the-heart-is-necklace-cross-silver.jpg?resize=525%2C300&ssl=1 1.5x, https:\/\/i0.wp.com\/blitzfab.de\/wp-content\/uploads\/2022\/08\/home-is-where-the-heart-is-necklace-cross-silver.jpg?resize=700%2C400&ssl=1 2x, https:\/\/i0.wp.com\/blitzfab.de\/wp-content\/uploads\/2022\/08\/home-is-where-the-heart-is-necklace-cross-silver.jpg?resize=1050%2C600&ssl=1 3x"},"classes":[]}],"jetpack_sharing_enabled":true,"_links":{"self":[{"href":"https:\/\/blitzfab.de\/de\/wp-json\/wp\/v2\/product\/6972","targetHints":{"allow":["GET"]}}],"collection":[{"href":"https:\/\/blitzfab.de\/de\/wp-json\/wp\/v2\/product"}],"about":[{"href":"https:\/\/blitzfab.de\/de\/wp-json\/wp\/v2\/types\/product"}],"replies":[{"embeddable":true,"href":"https:\/\/blitzfab.de\/de\/wp-json\/wp\/v2\/comments?post=6972"}],"wp:featuredmedia":[{"embeddable":true,"href":"https:\/\/blitzfab.de\/de\/wp-json\/wp\/v2\/media\/16976"}],"wp:attachment":[{"href":"https:\/\/blitzfab.de\/de\/wp-json\/wp\/v2\/media?parent=6972"}],"wp:term":[{"taxonomy":"product_brand","embeddable":true,"href":"https:\/\/blitzfab.de\/de\/wp-json\/wp\/v2\/product_brand?post=6972"},{"taxonomy":"product_cat","embeddable":true,"href":"https:\/\/blitzfab.de\/de\/wp-json\/wp\/v2\/product_cat?post=6972"},{"taxonomy":"product_tag","embeddable":true,"href":"https:\/\/blitzfab.de\/de\/wp-json\/wp\/v2\/product_tag?post=6972"}],"curies":[{"name":"wp","href":"https:\/\/api.w.org\/{rel}","templated":true}]}}