{"id":6954,"date":"2021-08-26T12:25:24","date_gmt":"2021-08-26T12:25:24","guid":{"rendered":"https:\/\/blitzfab.de\/?post_type=product&#038;p=6954"},"modified":"2025-11-13T15:05:29","modified_gmt":"2025-11-13T15:05:29","slug":"alexis-key-necklace-gold","status":"publish","type":"product","link":"https:\/\/blitzfab.de\/de\/produkt\/alexis-key-necklace-gold\/","title":{"rendered":"Alexis Schl\u00fcssel Halskette Gold"},"content":{"rendered":"<p>F\u00fchle dich wie eine K\u00f6nigin mit dieser Schl\u00fcssel Halskette in Form eines Zepters mit einem niedlichen Herz oben, das mit Zirkonias verziert ist. Sie wird mit einer robusten Kugelkette geliefert, beide aus massivem 925er Sterlingsilber, bedeckt mit einer 4 Mikron dicken 24 Karat Goldschicht. Hypoallergen und zinkfrei.<\/p>","protected":false},"excerpt":{"rendered":"<p><b>Material: <\/b>Gold Vermeil: 24 K Gold \u00fcber 925 Sterlingsilber<\/p>\n<p><strong>Anh\u00e4ngerl\u00e4nge: <\/strong>5cm<\/p>\n<p><strong>Anh\u00e4ngerbreite: <\/strong>1,7cm<\/p>\n<p><b>Anh\u00e4ngergewicht: <\/b>2,37g<\/p>\n<p><b>Halskettenl\u00e4nge: <\/b>50cm<\/p>\n<p><b>Halskettengewicht: <\/b>4,5g<\/p>\n<p><b>Beschichtung: <\/b>Eine dicke 24K Goldschicht (4 Mikron)<\/p>\n<p><b>Hergestellt in: <\/b>Mexiko<\/p>","protected":false},"featured_media":16257,"comment_status":"open","ping_status":"closed","template":"","meta":{"site-sidebar-layout":"default","site-content-layout":"default","ast-site-content-layout":"default","site-content-style":"default","site-sidebar-style":"default","ast-global-header-display":"","ast-banner-title-visibility":"","ast-main-header-display":"","ast-hfb-above-header-display":"","ast-hfb-below-header-display":"","ast-hfb-mobile-header-display":"","site-post-title":"","ast-breadcrumbs-content":"","ast-featured-img":"","footer-sml-layout":"","theme-transparent-header-meta":"default","adv-header-id-meta":"","stick-header-meta":"","header-above-stick-meta":"","header-main-stick-meta":"","header-below-stick-meta":"","astra-migrate-meta-layouts":"set","ast-page-background-enabled":"default","ast-page-background-meta":{"desktop":{"background-color":"","background-image":"","background-repeat":"repeat","background-position":"center center","background-size":"auto","background-attachment":"scroll","background-type":"","background-media":"","overlay-type":"","overlay-color":"","overlay-opacity":"","overlay-gradient":""},"tablet":{"background-color":"","background-image":"","background-repeat":"repeat","background-position":"center center","background-size":"auto","background-attachment":"scroll","background-type":"","background-media":"","overlay-type":"","overlay-color":"","overlay-opacity":"","overlay-gradient":""},"mobile":{"background-color":"","background-image":"","background-repeat":"repeat","background-position":"center center","background-size":"auto","background-attachment":"scroll","background-type":"","background-media":"","overlay-type":"","overlay-color":"","overlay-opacity":"","overlay-gradient":""}},"ast-content-background-meta":{"desktop":{"background-color":"var(--ast-global-color-5)","background-image":"","background-repeat":"repeat","background-position":"center center","background-size":"auto","background-attachment":"scroll","background-type":"","background-media":"","overlay-type":"","overlay-color":"","overlay-opacity":"","overlay-gradient":""},"tablet":{"background-color":"var(--ast-global-color-5)","background-image":"","background-repeat":"repeat","background-position":"center center","background-size":"auto","background-attachment":"scroll","background-type":"","background-media":"","overlay-type":"","overlay-color":"","overlay-opacity":"","overlay-gradient":""},"mobile":{"background-color":"var(--ast-global-color-5)","background-image":"","background-repeat":"repeat","background-position":"center center","background-size":"auto","background-attachment":"scroll","background-type":"","background-media":"","overlay-type":"","overlay-color":"","overlay-opacity":"","overlay-gradient":""}}},"product_brand":[],"product_cat":[326,42,34,17,325],"product_tag":[],"class_list":{"0":"post-6954","1":"product","2":"type-product","3":"status-publish","4":"has-post-thumbnail","6":"product_cat-all-jewelry","7":"product_cat-gold-jewelry","8":"product_cat-gold-necklaces","9":"product_cat-necklaces","10":"product_cat-pendants","11":"desktop-align-left","12":"tablet-align-left","13":"mobile-align-left","15":"first","16":"instock","17":"shipping-taxable","18":"purchasable","19":"product-type-simple"},"jetpack-related-posts":[{"id":5535,"url":"https:\/\/blitzfab.de\/de\/produkt\/lock-necklace-with-key-gold\/","url_meta":{"origin":6954,"position":0},"title":"Schloss Halskette mit Schl\u00fcssel Gold","author":"selenegs","date":"August 3, 2021","format":false,"excerpt":"Material: Gold vermeil: 24 K gold over 925 sterling silver Pendant length: 22mm Pendant width: 10mm Pendant weight: 2,8g Necklace length: 45cm Necklace thickness: 2mm Necklace weight: 2,84g Coating: A thick layer of 24 K gold (4 microns) Made in: Mexico","rel":"","context":"\u00c4hnlicher Beitrag","block_context":{"text":"\u00c4hnlicher Beitrag","link":""},"img":{"alt_text":"lock necklace gold zirconia 925 silver","src":"https:\/\/i0.wp.com\/blitzfab.de\/wp-content\/uploads\/2021\/08\/lock-necklace-gold-zirconia-925-silver.jpg?resize=350%2C200&ssl=1","width":350,"height":200,"srcset":"https:\/\/i0.wp.com\/blitzfab.de\/wp-content\/uploads\/2021\/08\/lock-necklace-gold-zirconia-925-silver.jpg?resize=350%2C200&ssl=1 1x, https:\/\/i0.wp.com\/blitzfab.de\/wp-content\/uploads\/2021\/08\/lock-necklace-gold-zirconia-925-silver.jpg?resize=525%2C300&ssl=1 1.5x, https:\/\/i0.wp.com\/blitzfab.de\/wp-content\/uploads\/2021\/08\/lock-necklace-gold-zirconia-925-silver.jpg?resize=700%2C400&ssl=1 2x, https:\/\/i0.wp.com\/blitzfab.de\/wp-content\/uploads\/2021\/08\/lock-necklace-gold-zirconia-925-silver.jpg?resize=1050%2C600&ssl=1 3x"},"classes":[]},{"id":8002,"url":"https:\/\/blitzfab.de\/de\/produkt\/hammered-square-pendant-necklace\/","url_meta":{"origin":6954,"position":1},"title":"geh\u00e4mmerte viereckige Halskette Gold","author":"selenegs","date":"September 23, 2021","format":false,"excerpt":"Material: Gold vermeil: 24 K gold over 925 sterling silver Pendant length: 13mm Pendant weight: 0,82g Necklace length: 40cm Necklace weight: 1,56g Coating: A thick layer of 24 K gold (4 microns) Made in: Mexico","rel":"","context":"\u00c4hnlicher Beitrag","block_context":{"text":"\u00c4hnlicher Beitrag","link":""},"img":{"alt_text":"hammered square pendant necklace gold vermeil","src":"https:\/\/i0.wp.com\/blitzfab.de\/wp-content\/uploads\/2021\/09\/hammered-square-pendant-necklace-gold-vermeilk-.jpg?resize=350%2C200&ssl=1","width":350,"height":200,"srcset":"https:\/\/i0.wp.com\/blitzfab.de\/wp-content\/uploads\/2021\/09\/hammered-square-pendant-necklace-gold-vermeilk-.jpg?resize=350%2C200&ssl=1 1x, https:\/\/i0.wp.com\/blitzfab.de\/wp-content\/uploads\/2021\/09\/hammered-square-pendant-necklace-gold-vermeilk-.jpg?resize=525%2C300&ssl=1 1.5x, https:\/\/i0.wp.com\/blitzfab.de\/wp-content\/uploads\/2021\/09\/hammered-square-pendant-necklace-gold-vermeilk-.jpg?resize=700%2C400&ssl=1 2x, https:\/\/i0.wp.com\/blitzfab.de\/wp-content\/uploads\/2021\/09\/hammered-square-pendant-necklace-gold-vermeilk-.jpg?resize=1050%2C600&ssl=1 3x"},"classes":[]},{"id":1646,"url":"https:\/\/blitzfab.de\/de\/produkt\/hammered-heart-necklace-gold-vermeil\/","url_meta":{"origin":6954,"position":2},"title":"Geh\u00e4mmerte Herz Halskette Gold","author":"selenegs","date":"Mai 31, 2021","format":false,"excerpt":"Material: Gold vermeil: 24 K gold over 925 sterling silver Pendant lenght: 19mm Pendant width: 11mm Necklace length: 40cm Weight: 1,23g Coating: A thick layer of 24 K gold (4 microns) Made in: Mexico","rel":"","context":"\u00c4hnlicher Beitrag","block_context":{"text":"\u00c4hnlicher Beitrag","link":""},"img":{"alt_text":"heart hammered necklace gold 925 silver","src":"https:\/\/i0.wp.com\/blitzfab.de\/wp-content\/uploads\/2021\/05\/heart-hammered-necklace-gold-925-silver.jpg?resize=350%2C200&ssl=1","width":350,"height":200,"srcset":"https:\/\/i0.wp.com\/blitzfab.de\/wp-content\/uploads\/2021\/05\/heart-hammered-necklace-gold-925-silver.jpg?resize=350%2C200&ssl=1 1x, https:\/\/i0.wp.com\/blitzfab.de\/wp-content\/uploads\/2021\/05\/heart-hammered-necklace-gold-925-silver.jpg?resize=525%2C300&ssl=1 1.5x, https:\/\/i0.wp.com\/blitzfab.de\/wp-content\/uploads\/2021\/05\/heart-hammered-necklace-gold-925-silver.jpg?resize=700%2C400&ssl=1 2x, https:\/\/i0.wp.com\/blitzfab.de\/wp-content\/uploads\/2021\/05\/heart-hammered-necklace-gold-925-silver.jpg?resize=1050%2C600&ssl=1 3x"},"classes":[]},{"id":8141,"url":"https:\/\/blitzfab.de\/de\/produkt\/delicate-hearts-choker-gold\/","url_meta":{"origin":6954,"position":3},"title":"Herzen Kette Choker gold","author":"selenegs","date":"Dezember 29, 2021","format":false,"excerpt":"Material: Gold vermeil: 24 K gold over 925 sterling silver Number of pendants: 5 Pendant size: 5mm Necklace length: 40cm Necklace weight: 1,56g Coating:\u00a0A thick layer of 24 K gold (4 microns) Made in: Mexico","rel":"","context":"\u00c4hnlicher Beitrag","block_context":{"text":"\u00c4hnlicher Beitrag","link":""},"img":{"alt_text":"dainty hearts choker 925 sterling silver","src":"https:\/\/i0.wp.com\/blitzfab.de\/wp-content\/uploads\/2021\/12\/dainty-hearts-choker-925-sterling-silver.jpg?resize=350%2C200&ssl=1","width":350,"height":200,"srcset":"https:\/\/i0.wp.com\/blitzfab.de\/wp-content\/uploads\/2021\/12\/dainty-hearts-choker-925-sterling-silver.jpg?resize=350%2C200&ssl=1 1x, https:\/\/i0.wp.com\/blitzfab.de\/wp-content\/uploads\/2021\/12\/dainty-hearts-choker-925-sterling-silver.jpg?resize=525%2C300&ssl=1 1.5x, https:\/\/i0.wp.com\/blitzfab.de\/wp-content\/uploads\/2021\/12\/dainty-hearts-choker-925-sterling-silver.jpg?resize=700%2C400&ssl=1 2x, https:\/\/i0.wp.com\/blitzfab.de\/wp-content\/uploads\/2021\/12\/dainty-hearts-choker-925-sterling-silver.jpg?resize=1050%2C600&ssl=1 3x"},"classes":[]},{"id":1657,"url":"https:\/\/blitzfab.de\/de\/produkt\/horseshoe-necklace-gold\/","url_meta":{"origin":6954,"position":4},"title":"Hufeisen Halskette Gold","author":"selenegs","date":"Mai 31, 2021","format":false,"excerpt":"Material: Gold vermeil: 24 K gold over 925 sterling silver Pendant length: 22mm Pendant width: 11mm Pendant weight: 1g Necklace length: 40cm Necklace weight: 1,56g Stone type: Zirconia Coating: A thick layer of 24 K gold (4 microns) Made in: Mexico","rel":"","context":"\u00c4hnlicher Beitrag","block_context":{"text":"\u00c4hnlicher Beitrag","link":""},"img":{"alt_text":"lucky charm necklace horseshoe gold","src":"https:\/\/i0.wp.com\/blitzfab.de\/wp-content\/uploads\/2021\/05\/lucky-charm-necklace-horseshoe-gold.jpg?resize=350%2C200&ssl=1","width":350,"height":200,"srcset":"https:\/\/i0.wp.com\/blitzfab.de\/wp-content\/uploads\/2021\/05\/lucky-charm-necklace-horseshoe-gold.jpg?resize=350%2C200&ssl=1 1x, https:\/\/i0.wp.com\/blitzfab.de\/wp-content\/uploads\/2021\/05\/lucky-charm-necklace-horseshoe-gold.jpg?resize=525%2C300&ssl=1 1.5x, https:\/\/i0.wp.com\/blitzfab.de\/wp-content\/uploads\/2021\/05\/lucky-charm-necklace-horseshoe-gold.jpg?resize=700%2C400&ssl=1 2x, https:\/\/i0.wp.com\/blitzfab.de\/wp-content\/uploads\/2021\/05\/lucky-charm-necklace-horseshoe-gold.jpg?resize=1050%2C600&ssl=1 3x"},"classes":[]},{"id":1727,"url":"https:\/\/blitzfab.de\/de\/produkt\/bright-sun-coin-necklace-gold\/","url_meta":{"origin":6954,"position":5},"title":"Bright Sun Halskette Gold","author":"selenegs","date":"Juni 1, 2021","format":false,"excerpt":"Material: Gold vermeil: 24 K gold over 925 sterling silver Pendant diameter: 13mm Pendant weight: 1g Necklace length: 40cm Necklace weight: 1,56g Coating: A thick layer of 24 K gold (4 microns) Made in: Mexico","rel":"","context":"\u00c4hnlicher Beitrag","block_context":{"text":"\u00c4hnlicher Beitrag","link":""},"img":{"alt_text":"hammered coin necklace gold vermeil 24k 925 silver","src":"https:\/\/i0.wp.com\/blitzfab.de\/wp-content\/uploads\/2021\/06\/hammered-coin-necklace-gold-vermeil-24k-925-silver.jpg?resize=350%2C200&ssl=1","width":350,"height":200,"srcset":"https:\/\/i0.wp.com\/blitzfab.de\/wp-content\/uploads\/2021\/06\/hammered-coin-necklace-gold-vermeil-24k-925-silver.jpg?resize=350%2C200&ssl=1 1x, https:\/\/i0.wp.com\/blitzfab.de\/wp-content\/uploads\/2021\/06\/hammered-coin-necklace-gold-vermeil-24k-925-silver.jpg?resize=525%2C300&ssl=1 1.5x, https:\/\/i0.wp.com\/blitzfab.de\/wp-content\/uploads\/2021\/06\/hammered-coin-necklace-gold-vermeil-24k-925-silver.jpg?resize=700%2C400&ssl=1 2x, https:\/\/i0.wp.com\/blitzfab.de\/wp-content\/uploads\/2021\/06\/hammered-coin-necklace-gold-vermeil-24k-925-silver.jpg?resize=1050%2C600&ssl=1 3x"},"classes":[]}],"jetpack_sharing_enabled":true,"_links":{"self":[{"href":"https:\/\/blitzfab.de\/de\/wp-json\/wp\/v2\/product\/6954","targetHints":{"allow":["GET"]}}],"collection":[{"href":"https:\/\/blitzfab.de\/de\/wp-json\/wp\/v2\/product"}],"about":[{"href":"https:\/\/blitzfab.de\/de\/wp-json\/wp\/v2\/types\/product"}],"replies":[{"embeddable":true,"href":"https:\/\/blitzfab.de\/de\/wp-json\/wp\/v2\/comments?post=6954"}],"wp:featuredmedia":[{"embeddable":true,"href":"https:\/\/blitzfab.de\/de\/wp-json\/wp\/v2\/media\/16257"}],"wp:attachment":[{"href":"https:\/\/blitzfab.de\/de\/wp-json\/wp\/v2\/media?parent=6954"}],"wp:term":[{"taxonomy":"product_brand","embeddable":true,"href":"https:\/\/blitzfab.de\/de\/wp-json\/wp\/v2\/product_brand?post=6954"},{"taxonomy":"product_cat","embeddable":true,"href":"https:\/\/blitzfab.de\/de\/wp-json\/wp\/v2\/product_cat?post=6954"},{"taxonomy":"product_tag","embeddable":true,"href":"https:\/\/blitzfab.de\/de\/wp-json\/wp\/v2\/product_tag?post=6954"}],"curies":[{"name":"wp","href":"https:\/\/api.w.org\/{rel}","templated":true}]}}