{"id":6649,"date":"2021-08-24T12:00:43","date_gmt":"2021-08-24T12:00:43","guid":{"rendered":"https:\/\/blitzfab.de\/?post_type=product&#038;p=6649"},"modified":"2025-11-13T15:02:00","modified_gmt":"2025-11-13T15:02:00","slug":"tania-herringbone-silver-necklace","status":"publish","type":"product","link":"https:\/\/blitzfab.de\/de\/produkt\/tania-herringbone-silver-necklace\/","title":{"rendered":"Tania Herringbone Halskette Silber"},"content":{"rendered":"<div class=\"flex-1 overflow-hidden\">\n<div class=\"react-scroll-to-bottom--css-qkfrt-79elbk h-full dark:bg-gray-800\">\n<div class=\"react-scroll-to-bottom--css-qkfrt-1n7m0yu\">\n<div class=\"flex flex-col items-center text-sm dark:bg-gray-800\">\n<div class=\"group w-full text-gray-800 dark:text-gray-100 border-b border-black\/10 dark:border-gray-900\/50 bg-gray-50 dark:bg-[#444654]\">\n<div class=\"text-base gap-4 md:gap-6 md:max-w-2xl lg:max-w-xl xl:max-w-3xl p-4 md:py-6 flex lg:px-0 m-auto\">\n<div class=\"relative flex w-[calc(100%-50px)] flex-col gap-1 md:gap-3 lg:w-[calc(100%-115px)]\">\n<div class=\"flex flex-grow flex-col gap-3\">\n<div class=\"min-h-[20px] flex flex-col items-start gap-4 whitespace-pre-wrap\">\n<div class=\"markdown prose w-full break-words dark:prose-invert light\">\n<p>Diese Herringbone Silber Halskette ist 3 mm dick und verleiht ihr einen kr\u00e4ftigen und soliden Look. Sie besteht aus massivem 925er Sterlingsilber und verf\u00fcgt \u00fcber ein gewebtes Kettendesign, das als Fischgr\u00e4tenmuster bekannt ist. Das Fischgr\u00e4tmuster entsteht durch das Zusammenweben d\u00fcnner Silberstreifen zu einer flachen, breiten Kette mit einzigartiger Textur und Glanz. Der Verschlusstyp ist ein Karabinerverschluss, der daf\u00fcr sorgt, dass er beim Tragen an Ort und Stelle bleibt. Dies ist einer der st\u00e4rksten und gebr\u00e4uchlichsten verf\u00fcgbaren Verschl\u00fcsse.<\/p>\n<div>\n<div class=\"dnXCYb\" tabindex=\"0\" role=\"button\" aria-controls=\"_NRcsZLO_EL2Ixc8PrrSxeA_48\" aria-expanded=\"true\" data-hveid=\"CBwQAQ\"><\/div>\n<\/div>\n<p>Diese Art von Halskette ist auch als \u201eSchlangenkette\u201c bekannt und kann einzeln getragen oder f\u00fcr einen dramatischeren Effekt mit anderen Halsketten kombiniert werden.<\/p>\n<p>&nbsp;<\/p>\n<\/div>\n<\/div>\n<\/div>\n<\/div>\n<\/div>\n<\/div>\n<\/div>\n<\/div>\n<\/div>\n<\/div>","protected":false},"excerpt":{"rendered":"<p><b>Material: <\/b>925 Sterling silver<\/p>\n<p><strong>L\u00e4nge: <\/strong>40cm<\/p>\n<p><strong>Dicke: <\/strong>3mm<\/p>\n<p><strong>Gewicht: <\/strong>6,08g<\/p>\n<p><b>Beschichtung: <\/b>lackiert<\/p>\n<p><b>Hergestellt in: <\/b>Mexiko<\/p>","protected":false},"featured_media":16993,"comment_status":"open","ping_status":"closed","template":"","meta":{"site-sidebar-layout":"default","site-content-layout":"default","ast-site-content-layout":"default","site-content-style":"default","site-sidebar-style":"default","ast-global-header-display":"","ast-banner-title-visibility":"","ast-main-header-display":"","ast-hfb-above-header-display":"","ast-hfb-below-header-display":"","ast-hfb-mobile-header-display":"","site-post-title":"","ast-breadcrumbs-content":"","ast-featured-img":"","footer-sml-layout":"","theme-transparent-header-meta":"default","adv-header-id-meta":"","stick-header-meta":"","header-above-stick-meta":"","header-main-stick-meta":"","header-below-stick-meta":"","astra-migrate-meta-layouts":"set","ast-page-background-enabled":"default","ast-page-background-meta":{"desktop":{"background-color":"","background-image":"","background-repeat":"repeat","background-position":"center center","background-size":"auto","background-attachment":"scroll","background-type":"","background-media":"","overlay-type":"","overlay-color":"","overlay-opacity":"","overlay-gradient":""},"tablet":{"background-color":"","background-image":"","background-repeat":"repeat","background-position":"center center","background-size":"auto","background-attachment":"scroll","background-type":"","background-media":"","overlay-type":"","overlay-color":"","overlay-opacity":"","overlay-gradient":""},"mobile":{"background-color":"","background-image":"","background-repeat":"repeat","background-position":"center center","background-size":"auto","background-attachment":"scroll","background-type":"","background-media":"","overlay-type":"","overlay-color":"","overlay-opacity":"","overlay-gradient":""}},"ast-content-background-meta":{"desktop":{"background-color":"var(--ast-global-color-5)","background-image":"","background-repeat":"repeat","background-position":"center center","background-size":"auto","background-attachment":"scroll","background-type":"","background-media":"","overlay-type":"","overlay-color":"","overlay-opacity":"","overlay-gradient":""},"tablet":{"background-color":"var(--ast-global-color-5)","background-image":"","background-repeat":"repeat","background-position":"center center","background-size":"auto","background-attachment":"scroll","background-type":"","background-media":"","overlay-type":"","overlay-color":"","overlay-opacity":"","overlay-gradient":""},"mobile":{"background-color":"var(--ast-global-color-5)","background-image":"","background-repeat":"repeat","background-position":"center center","background-size":"auto","background-attachment":"scroll","background-type":"","background-media":"","overlay-type":"","overlay-color":"","overlay-opacity":"","overlay-gradient":""}}},"product_brand":[],"product_cat":[326,324,17,35],"product_tag":[],"class_list":{"0":"post-6649","1":"product","2":"type-product","3":"status-publish","4":"has-post-thumbnail","6":"product_cat-all-jewelry","7":"product_cat-chains","8":"product_cat-necklaces","9":"product_cat-silver-necklaces","10":"desktop-align-left","11":"tablet-align-left","12":"mobile-align-left","14":"first","15":"instock","16":"shipping-taxable","17":"purchasable","18":"product-type-simple"},"jetpack-related-posts":[{"id":4828,"url":"https:\/\/blitzfab.de\/de\/produkt\/tania-gold-vermeil-herringbone-necklace\/","url_meta":{"origin":6649,"position":0},"title":"Tania Herringbone Halskette Gold","author":"selenegs","date":"Juli 22, 2021","format":false,"excerpt":"Material: Gold vermeil: 24 K gold over 925 sterling silver Length: 40cm Thickness: 3mm Weight: 6,08g Coating: A thick layer of 24 K gold (4 microns) Made in: Mexico","rel":"","context":"\u00c4hnlicher Beitrag","block_context":{"text":"\u00c4hnlicher Beitrag","link":""},"img":{"alt_text":"Tania gold vermeil Herringbone necklace 925 sterling silver 24k","src":"https:\/\/i0.wp.com\/blitzfab.de\/wp-content\/uploads\/2021\/07\/Tania-gold-vermeil-Herringbone-necklace-925-sterling-silver-24k.jpg?resize=350%2C200&ssl=1","width":350,"height":200,"srcset":"https:\/\/i0.wp.com\/blitzfab.de\/wp-content\/uploads\/2021\/07\/Tania-gold-vermeil-Herringbone-necklace-925-sterling-silver-24k.jpg?resize=350%2C200&ssl=1 1x, https:\/\/i0.wp.com\/blitzfab.de\/wp-content\/uploads\/2021\/07\/Tania-gold-vermeil-Herringbone-necklace-925-sterling-silver-24k.jpg?resize=525%2C300&ssl=1 1.5x, https:\/\/i0.wp.com\/blitzfab.de\/wp-content\/uploads\/2021\/07\/Tania-gold-vermeil-Herringbone-necklace-925-sterling-silver-24k.jpg?resize=700%2C400&ssl=1 2x, https:\/\/i0.wp.com\/blitzfab.de\/wp-content\/uploads\/2021\/07\/Tania-gold-vermeil-Herringbone-necklace-925-sterling-silver-24k.jpg?resize=1050%2C600&ssl=1 3x"},"classes":[]},{"id":3646,"url":"https:\/\/blitzfab.de\/de\/produkt\/flat-herringbone-bracelet-silver-925\/","url_meta":{"origin":6649,"position":1},"title":"Flaches Herringbone Armband Silber","author":"selenegs","date":"Juli 6, 2021","format":false,"excerpt":"Material: 925 Sterling silver Length: 18cm Thickness: 3mm Weight: 2,6g Coating: Lacquered Made in: Mexico","rel":"","context":"\u00c4hnlicher Beitrag","block_context":{"text":"\u00c4hnlicher Beitrag","link":""},"img":{"alt_text":"herringbone bracelet silver 925 sterling","src":"https:\/\/i0.wp.com\/blitzfab.de\/wp-content\/uploads\/2021\/07\/herringbone-bracelet-silver-925-sterling.jpg?resize=350%2C200&ssl=1","width":350,"height":200,"srcset":"https:\/\/i0.wp.com\/blitzfab.de\/wp-content\/uploads\/2021\/07\/herringbone-bracelet-silver-925-sterling.jpg?resize=350%2C200&ssl=1 1x, https:\/\/i0.wp.com\/blitzfab.de\/wp-content\/uploads\/2021\/07\/herringbone-bracelet-silver-925-sterling.jpg?resize=525%2C300&ssl=1 1.5x, https:\/\/i0.wp.com\/blitzfab.de\/wp-content\/uploads\/2021\/07\/herringbone-bracelet-silver-925-sterling.jpg?resize=700%2C400&ssl=1 2x, https:\/\/i0.wp.com\/blitzfab.de\/wp-content\/uploads\/2021\/07\/herringbone-bracelet-silver-925-sterling.jpg?resize=1050%2C600&ssl=1 3x"},"classes":[]},{"id":3601,"url":"https:\/\/blitzfab.de\/de\/produkt\/flat-herringbone-bracelet-gold\/","url_meta":{"origin":6649,"position":2},"title":"Flaches Herringbone Armband Gold","author":"selenegs","date":"Juli 5, 2021","format":false,"excerpt":"Material: Gold vermeil: 24 K gold over 925 sterling silver Length: 18cm Thickness: 3mm Weight: 2,6g Coating: A thick layer of 24 K gold (4 microns) Made in: Mexico","rel":"","context":"\u00c4hnlicher Beitrag","block_context":{"text":"\u00c4hnlicher Beitrag","link":""},"img":{"alt_text":"herringbone bracelet gold vermeil 925 silver","src":"https:\/\/i0.wp.com\/blitzfab.de\/wp-content\/uploads\/2021\/07\/herringbone-bracelet-gold-vermeil-925-silver.jpg?resize=350%2C200&ssl=1","width":350,"height":200,"srcset":"https:\/\/i0.wp.com\/blitzfab.de\/wp-content\/uploads\/2021\/07\/herringbone-bracelet-gold-vermeil-925-silver.jpg?resize=350%2C200&ssl=1 1x, https:\/\/i0.wp.com\/blitzfab.de\/wp-content\/uploads\/2021\/07\/herringbone-bracelet-gold-vermeil-925-silver.jpg?resize=525%2C300&ssl=1 1.5x, https:\/\/i0.wp.com\/blitzfab.de\/wp-content\/uploads\/2021\/07\/herringbone-bracelet-gold-vermeil-925-silver.jpg?resize=700%2C400&ssl=1 2x, https:\/\/i0.wp.com\/blitzfab.de\/wp-content\/uploads\/2021\/07\/herringbone-bracelet-gold-vermeil-925-silver.jpg?resize=1050%2C600&ssl=1 3x"},"classes":[]},{"id":6950,"url":"https:\/\/blitzfab.de\/de\/produkt\/abril-gold-figaro-chain\/","url_meta":{"origin":6649,"position":3},"title":"Abril Figaro chain Gold","author":"selenegs","date":"August 26, 2021","format":false,"excerpt":"Material: Gold vermeil: 24 K gold over 925 sterling silver Length: 40cm Thickness: 3mm Weight: 3,14g Coating: A thick layer of 24 K gold (4 microns) Made in: Mexico","rel":"","context":"\u00c4hnlicher Beitrag","block_context":{"text":"\u00c4hnlicher Beitrag","link":""},"img":{"alt_text":"gold figaro chain 925 silver","src":"https:\/\/i0.wp.com\/blitzfab.de\/wp-content\/uploads\/2021\/08\/gold-figaro-chain-925-silver.jpg?resize=350%2C200&ssl=1","width":350,"height":200,"srcset":"https:\/\/i0.wp.com\/blitzfab.de\/wp-content\/uploads\/2021\/08\/gold-figaro-chain-925-silver.jpg?resize=350%2C200&ssl=1 1x, https:\/\/i0.wp.com\/blitzfab.de\/wp-content\/uploads\/2021\/08\/gold-figaro-chain-925-silver.jpg?resize=525%2C300&ssl=1 1.5x, https:\/\/i0.wp.com\/blitzfab.de\/wp-content\/uploads\/2021\/08\/gold-figaro-chain-925-silver.jpg?resize=700%2C400&ssl=1 2x, https:\/\/i0.wp.com\/blitzfab.de\/wp-content\/uploads\/2021\/08\/gold-figaro-chain-925-silver.jpg?resize=1050%2C600&ssl=1 3x"},"classes":[]},{"id":13580,"url":"https:\/\/blitzfab.de\/de\/produkt\/st-benedict-medal-necklace\/","url_meta":{"origin":6649,"position":4},"title":"St. Benedikt Halskette","author":"selenegs","date":"Februar 8, 2023","format":false,"excerpt":"Material: 925 Sterling Silver or gold vermeil: 24 K gold over 925 sterling silver Pendant diameter: 11mm Necklace length: 40cm Weight: 2,88g Coating: Lacquered or a thick layer of 24 K gold (4 microns) Made in: Mexico","rel":"","context":"\u00c4hnlicher Beitrag","block_context":{"text":"\u00c4hnlicher Beitrag","link":""},"img":{"alt_text":"st benedict medal gold 925 sterling silver necklace","src":"https:\/\/i0.wp.com\/blitzfab.de\/wp-content\/uploads\/2023\/02\/st-benedict-medal-gold-925-sterling-silver-necklace.jpg?resize=350%2C200&ssl=1","width":350,"height":200,"srcset":"https:\/\/i0.wp.com\/blitzfab.de\/wp-content\/uploads\/2023\/02\/st-benedict-medal-gold-925-sterling-silver-necklace.jpg?resize=350%2C200&ssl=1 1x, https:\/\/i0.wp.com\/blitzfab.de\/wp-content\/uploads\/2023\/02\/st-benedict-medal-gold-925-sterling-silver-necklace.jpg?resize=525%2C300&ssl=1 1.5x, https:\/\/i0.wp.com\/blitzfab.de\/wp-content\/uploads\/2023\/02\/st-benedict-medal-gold-925-sterling-silver-necklace.jpg?resize=700%2C400&ssl=1 2x, https:\/\/i0.wp.com\/blitzfab.de\/wp-content\/uploads\/2023\/02\/st-benedict-medal-gold-925-sterling-silver-necklace.jpg?resize=1050%2C600&ssl=1 3x, https:\/\/i0.wp.com\/blitzfab.de\/wp-content\/uploads\/2023\/02\/st-benedict-medal-gold-925-sterling-silver-necklace.jpg?resize=1400%2C800&ssl=1 4x"},"classes":[]},{"id":1129,"url":"https:\/\/blitzfab.de\/de\/produkt\/zirconia-single-ball-necklace-silver\/","url_meta":{"origin":6649,"position":5},"title":"Zirconia Kugel Halskette Silber","author":"selenegs","date":"Mai 21, 2021","format":false,"excerpt":"Material: 925 Sterling silver Pendant diameter: 10mm Pendant weight: 1,9g Necklace length: 40cm Necklace weight: 2,13g Coating: Lacquered Made in: Mexico","rel":"","context":"\u00c4hnlicher Beitrag","block_context":{"text":"\u00c4hnlicher Beitrag","link":""},"img":{"alt_text":"single ball necklace 925 silver","src":"https:\/\/i0.wp.com\/blitzfab.de\/wp-content\/uploads\/2021\/05\/single-ball-necklace-925-silver.jpg?resize=350%2C200&ssl=1","width":350,"height":200,"srcset":"https:\/\/i0.wp.com\/blitzfab.de\/wp-content\/uploads\/2021\/05\/single-ball-necklace-925-silver.jpg?resize=350%2C200&ssl=1 1x, https:\/\/i0.wp.com\/blitzfab.de\/wp-content\/uploads\/2021\/05\/single-ball-necklace-925-silver.jpg?resize=525%2C300&ssl=1 1.5x, https:\/\/i0.wp.com\/blitzfab.de\/wp-content\/uploads\/2021\/05\/single-ball-necklace-925-silver.jpg?resize=700%2C400&ssl=1 2x, https:\/\/i0.wp.com\/blitzfab.de\/wp-content\/uploads\/2021\/05\/single-ball-necklace-925-silver.jpg?resize=1050%2C600&ssl=1 3x"},"classes":[]}],"jetpack_sharing_enabled":true,"_links":{"self":[{"href":"https:\/\/blitzfab.de\/de\/wp-json\/wp\/v2\/product\/6649","targetHints":{"allow":["GET"]}}],"collection":[{"href":"https:\/\/blitzfab.de\/de\/wp-json\/wp\/v2\/product"}],"about":[{"href":"https:\/\/blitzfab.de\/de\/wp-json\/wp\/v2\/types\/product"}],"replies":[{"embeddable":true,"href":"https:\/\/blitzfab.de\/de\/wp-json\/wp\/v2\/comments?post=6649"}],"wp:featuredmedia":[{"embeddable":true,"href":"https:\/\/blitzfab.de\/de\/wp-json\/wp\/v2\/media\/16993"}],"wp:attachment":[{"href":"https:\/\/blitzfab.de\/de\/wp-json\/wp\/v2\/media?parent=6649"}],"wp:term":[{"taxonomy":"product_brand","embeddable":true,"href":"https:\/\/blitzfab.de\/de\/wp-json\/wp\/v2\/product_brand?post=6649"},{"taxonomy":"product_cat","embeddable":true,"href":"https:\/\/blitzfab.de\/de\/wp-json\/wp\/v2\/product_cat?post=6649"},{"taxonomy":"product_tag","embeddable":true,"href":"https:\/\/blitzfab.de\/de\/wp-json\/wp\/v2\/product_tag?post=6649"}],"curies":[{"name":"wp","href":"https:\/\/api.w.org\/{rel}","templated":true}]}}