{"id":5531,"date":"2021-08-03T14:14:19","date_gmt":"2021-08-03T14:14:19","guid":{"rendered":"https:\/\/blitzfab.de\/?post_type=product&#038;p=5531"},"modified":"2025-11-13T15:01:56","modified_gmt":"2025-11-13T15:01:56","slug":"flowers-bracelet-gold","status":"publish","type":"product","link":"https:\/\/blitzfab.de\/de\/produkt\/flowers-bracelet-gold\/","title":{"rendered":"Blumen Armband Gold"},"content":{"rendered":"<p>Dieses Blumenarmband ist eine gro\u00dfartige Erg\u00e4nzung zu deinen Layering-Favoriten. Es besteht aus massivem 925er Sterlingsilber mit 4 Mikron 24-kar\u00e4tigem Gold dar\u00fcber (Gold-Vermeil), wodurch es hypoallergen ist. Au\u00dferdem ist es nickelfrei.<\/p>","protected":false},"excerpt":{"rendered":"<p><b>Material: <\/b>Gold Vermeil: 24 K Gold \u00fcber 925 Sterlingsilber<\/p>\n<p><strong>L\u00e4nge: <\/strong>18cm<\/p>\n<p><strong>Breite: <\/strong>7mm<\/p>\n<p><strong>Gewicht: <\/strong>3g<\/p>\n<p><b>Beschichtung: <\/b>Eine dicke 24K Goldschicht (4 Mikron Gold)<\/p>\n<p><b>Hergestellt in: <\/b>Mexiko<\/p>","protected":false},"featured_media":17491,"comment_status":"open","ping_status":"closed","template":"","meta":{"site-sidebar-layout":"default","site-content-layout":"default","ast-site-content-layout":"default","site-content-style":"default","site-sidebar-style":"default","ast-global-header-display":"","ast-banner-title-visibility":"","ast-main-header-display":"","ast-hfb-above-header-display":"","ast-hfb-below-header-display":"","ast-hfb-mobile-header-display":"","site-post-title":"","ast-breadcrumbs-content":"","ast-featured-img":"","footer-sml-layout":"","theme-transparent-header-meta":"default","adv-header-id-meta":"","stick-header-meta":"","header-above-stick-meta":"","header-main-stick-meta":"","header-below-stick-meta":"","astra-migrate-meta-layouts":"set","ast-page-background-enabled":"default","ast-page-background-meta":{"desktop":{"background-color":"","background-image":"","background-repeat":"repeat","background-position":"center center","background-size":"auto","background-attachment":"scroll","background-type":"","background-media":"","overlay-type":"","overlay-color":"","overlay-opacity":"","overlay-gradient":""},"tablet":{"background-color":"","background-image":"","background-repeat":"repeat","background-position":"center center","background-size":"auto","background-attachment":"scroll","background-type":"","background-media":"","overlay-type":"","overlay-color":"","overlay-opacity":"","overlay-gradient":""},"mobile":{"background-color":"","background-image":"","background-repeat":"repeat","background-position":"center center","background-size":"auto","background-attachment":"scroll","background-type":"","background-media":"","overlay-type":"","overlay-color":"","overlay-opacity":"","overlay-gradient":""}},"ast-content-background-meta":{"desktop":{"background-color":"var(--ast-global-color-5)","background-image":"","background-repeat":"repeat","background-position":"center center","background-size":"auto","background-attachment":"scroll","background-type":"","background-media":"","overlay-type":"","overlay-color":"","overlay-opacity":"","overlay-gradient":""},"tablet":{"background-color":"var(--ast-global-color-5)","background-image":"","background-repeat":"repeat","background-position":"center center","background-size":"auto","background-attachment":"scroll","background-type":"","background-media":"","overlay-type":"","overlay-color":"","overlay-opacity":"","overlay-gradient":""},"mobile":{"background-color":"var(--ast-global-color-5)","background-image":"","background-repeat":"repeat","background-position":"center center","background-size":"auto","background-attachment":"scroll","background-type":"","background-media":"","overlay-type":"","overlay-color":"","overlay-opacity":"","overlay-gradient":""}}},"product_brand":[],"product_cat":[326,45,44,42],"product_tag":[],"class_list":{"0":"post-5531","1":"product","2":"type-product","3":"status-publish","4":"has-post-thumbnail","6":"product_cat-all-jewelry","7":"product_cat-bracelets","8":"product_cat-gold-bracelets","9":"product_cat-gold-jewelry","10":"desktop-align-left","11":"tablet-align-left","12":"mobile-align-left","14":"first","15":"instock","16":"shipping-taxable","17":"purchasable","18":"product-type-simple"},"jetpack-related-posts":[{"id":4079,"url":"https:\/\/blitzfab.de\/de\/produkt\/flowers-earcuff-gold\/","url_meta":{"origin":5531,"position":0},"title":"Earcuff Flowers Gold","author":"selenegs","date":"Juli 8, 2021","format":false,"excerpt":"Material: Gold vermeil: 24 K gold over 925 sterling silver Length: 20 mm Width: 7 mm Weight: 1,85 g Coating: A thick layer of 24 K gold (4 microns) Made in: Mexico","rel":"","context":"\u00c4hnlicher Beitrag","block_context":{"text":"\u00c4hnlicher Beitrag","link":""},"img":{"alt_text":"flowers earcuff gold vermeil 925","src":"https:\/\/i0.wp.com\/blitzfab.de\/wp-content\/uploads\/2021\/07\/flowers-earcuff-gold-vermeil-925.jpg?resize=350%2C200&ssl=1","width":350,"height":200,"srcset":"https:\/\/i0.wp.com\/blitzfab.de\/wp-content\/uploads\/2021\/07\/flowers-earcuff-gold-vermeil-925.jpg?resize=350%2C200&ssl=1 1x, https:\/\/i0.wp.com\/blitzfab.de\/wp-content\/uploads\/2021\/07\/flowers-earcuff-gold-vermeil-925.jpg?resize=525%2C300&ssl=1 1.5x, https:\/\/i0.wp.com\/blitzfab.de\/wp-content\/uploads\/2021\/07\/flowers-earcuff-gold-vermeil-925.jpg?resize=700%2C400&ssl=1 2x, https:\/\/i0.wp.com\/blitzfab.de\/wp-content\/uploads\/2021\/07\/flowers-earcuff-gold-vermeil-925.jpg?resize=1050%2C600&ssl=1 3x"},"classes":[]},{"id":3686,"url":"https:\/\/blitzfab.de\/de\/produkt\/link-bracelet-gold\/","url_meta":{"origin":5531,"position":1},"title":"Gliederarmband Gold","author":"selenegs","date":"Juli 6, 2021","format":false,"excerpt":"Material: Gold vermeil: 24 K gold over 925 sterling silver Length: 17cm Width: 7mm Weight: 7,05g Coating: A thick layer of 24 K gold (4 microns of gold) Made in: Mexico","rel":"","context":"\u00c4hnlicher Beitrag","block_context":{"text":"\u00c4hnlicher Beitrag","link":""},"img":{"alt_text":"link bracelet gold 925 silver","src":"https:\/\/i0.wp.com\/blitzfab.de\/wp-content\/uploads\/2021\/07\/link-bracelet-gold-925-silver.jpg?resize=350%2C200&ssl=1","width":350,"height":200,"srcset":"https:\/\/i0.wp.com\/blitzfab.de\/wp-content\/uploads\/2021\/07\/link-bracelet-gold-925-silver.jpg?resize=350%2C200&ssl=1 1x, https:\/\/i0.wp.com\/blitzfab.de\/wp-content\/uploads\/2021\/07\/link-bracelet-gold-925-silver.jpg?resize=525%2C300&ssl=1 1.5x, https:\/\/i0.wp.com\/blitzfab.de\/wp-content\/uploads\/2021\/07\/link-bracelet-gold-925-silver.jpg?resize=700%2C400&ssl=1 2x, https:\/\/i0.wp.com\/blitzfab.de\/wp-content\/uploads\/2021\/07\/link-bracelet-gold-925-silver.jpg?resize=1050%2C600&ssl=1 3x"},"classes":[]},{"id":8842,"url":"https:\/\/blitzfab.de\/de\/produkt\/autumn-leaf-bracelet-gold\/","url_meta":{"origin":5531,"position":2},"title":"Herbstblatt Armband Gold vermeil","author":"selenegs","date":"Januar 25, 2022","format":false,"excerpt":"Material: Gold vermeil: 24 K gold over 925 sterling silver Length: 18-19cm Width: 2mm Pendant size: 10mm x 8mm (leaf) Weight: 2,5g Coating: A thick layer of 24 K gold (4 microns of gold) Made in: Mexico","rel":"","context":"\u00c4hnlicher Beitrag","block_context":{"text":"\u00c4hnlicher Beitrag","link":""},"img":{"alt_text":"","src":"https:\/\/i0.wp.com\/blitzfab.de\/wp-content\/uploads\/2022\/01\/leaf-bracelet-gold-vermeil.jpg?resize=350%2C200&ssl=1","width":350,"height":200,"srcset":"https:\/\/i0.wp.com\/blitzfab.de\/wp-content\/uploads\/2022\/01\/leaf-bracelet-gold-vermeil.jpg?resize=350%2C200&ssl=1 1x, https:\/\/i0.wp.com\/blitzfab.de\/wp-content\/uploads\/2022\/01\/leaf-bracelet-gold-vermeil.jpg?resize=525%2C300&ssl=1 1.5x, https:\/\/i0.wp.com\/blitzfab.de\/wp-content\/uploads\/2022\/01\/leaf-bracelet-gold-vermeil.jpg?resize=700%2C400&ssl=1 2x, https:\/\/i0.wp.com\/blitzfab.de\/wp-content\/uploads\/2022\/01\/leaf-bracelet-gold-vermeil.jpg?resize=1050%2C600&ssl=1 3x"},"classes":[]},{"id":3601,"url":"https:\/\/blitzfab.de\/de\/produkt\/flat-herringbone-bracelet-gold\/","url_meta":{"origin":5531,"position":3},"title":"Flaches Herringbone Armband Gold","author":"selenegs","date":"Juli 5, 2021","format":false,"excerpt":"Material: Gold vermeil: 24 K gold over 925 sterling silver Length: 18cm Thickness: 3mm Weight: 2,6g Coating: A thick layer of 24 K gold (4 microns) Made in: Mexico","rel":"","context":"\u00c4hnlicher Beitrag","block_context":{"text":"\u00c4hnlicher Beitrag","link":""},"img":{"alt_text":"herringbone bracelet gold vermeil 925 silver","src":"https:\/\/i0.wp.com\/blitzfab.de\/wp-content\/uploads\/2021\/07\/herringbone-bracelet-gold-vermeil-925-silver.jpg?resize=350%2C200&ssl=1","width":350,"height":200,"srcset":"https:\/\/i0.wp.com\/blitzfab.de\/wp-content\/uploads\/2021\/07\/herringbone-bracelet-gold-vermeil-925-silver.jpg?resize=350%2C200&ssl=1 1x, https:\/\/i0.wp.com\/blitzfab.de\/wp-content\/uploads\/2021\/07\/herringbone-bracelet-gold-vermeil-925-silver.jpg?resize=525%2C300&ssl=1 1.5x, https:\/\/i0.wp.com\/blitzfab.de\/wp-content\/uploads\/2021\/07\/herringbone-bracelet-gold-vermeil-925-silver.jpg?resize=700%2C400&ssl=1 2x, https:\/\/i0.wp.com\/blitzfab.de\/wp-content\/uploads\/2021\/07\/herringbone-bracelet-gold-vermeil-925-silver.jpg?resize=1050%2C600&ssl=1 3x"},"classes":[]},{"id":6950,"url":"https:\/\/blitzfab.de\/de\/produkt\/abril-gold-figaro-chain\/","url_meta":{"origin":5531,"position":4},"title":"Abril Figaro chain Gold","author":"selenegs","date":"August 26, 2021","format":false,"excerpt":"Material: Gold vermeil: 24 K gold over 925 sterling silver Length: 40cm Thickness: 3mm Weight: 3,14g Coating: A thick layer of 24 K gold (4 microns) Made in: Mexico","rel":"","context":"\u00c4hnlicher Beitrag","block_context":{"text":"\u00c4hnlicher Beitrag","link":""},"img":{"alt_text":"gold figaro chain 925 silver","src":"https:\/\/i0.wp.com\/blitzfab.de\/wp-content\/uploads\/2021\/08\/gold-figaro-chain-925-silver.jpg?resize=350%2C200&ssl=1","width":350,"height":200,"srcset":"https:\/\/i0.wp.com\/blitzfab.de\/wp-content\/uploads\/2021\/08\/gold-figaro-chain-925-silver.jpg?resize=350%2C200&ssl=1 1x, https:\/\/i0.wp.com\/blitzfab.de\/wp-content\/uploads\/2021\/08\/gold-figaro-chain-925-silver.jpg?resize=525%2C300&ssl=1 1.5x, https:\/\/i0.wp.com\/blitzfab.de\/wp-content\/uploads\/2021\/08\/gold-figaro-chain-925-silver.jpg?resize=700%2C400&ssl=1 2x, https:\/\/i0.wp.com\/blitzfab.de\/wp-content\/uploads\/2021\/08\/gold-figaro-chain-925-silver.jpg?resize=1050%2C600&ssl=1 3x"},"classes":[]},{"id":6954,"url":"https:\/\/blitzfab.de\/de\/produkt\/alexis-key-necklace-gold\/","url_meta":{"origin":5531,"position":5},"title":"Alexis Schl\u00fcssel Halskette Gold","author":"selenegs","date":"August 26, 2021","format":false,"excerpt":"Material: Gold vermeil: 24 K gold over 925 sterling silver Pendant length: 5cm Pendant width: 1,7cm Pendant weight: 2,37g Necklace length: 50cm Necklace weight: 4,5g Coating: A thick layer of 24 K gold (4 microns) Made in: Mexico","rel":"","context":"\u00c4hnlicher Beitrag","block_context":{"text":"\u00c4hnlicher Beitrag","link":""},"img":{"alt_text":"key necklace gold vermeil 925 silver","src":"https:\/\/i0.wp.com\/blitzfab.de\/wp-content\/uploads\/2021\/08\/key-necklace-gold-vermeil-925-silver.jpg?resize=350%2C200&ssl=1","width":350,"height":200,"srcset":"https:\/\/i0.wp.com\/blitzfab.de\/wp-content\/uploads\/2021\/08\/key-necklace-gold-vermeil-925-silver.jpg?resize=350%2C200&ssl=1 1x, https:\/\/i0.wp.com\/blitzfab.de\/wp-content\/uploads\/2021\/08\/key-necklace-gold-vermeil-925-silver.jpg?resize=525%2C300&ssl=1 1.5x, https:\/\/i0.wp.com\/blitzfab.de\/wp-content\/uploads\/2021\/08\/key-necklace-gold-vermeil-925-silver.jpg?resize=700%2C400&ssl=1 2x, https:\/\/i0.wp.com\/blitzfab.de\/wp-content\/uploads\/2021\/08\/key-necklace-gold-vermeil-925-silver.jpg?resize=1050%2C600&ssl=1 3x"},"classes":[]}],"jetpack_sharing_enabled":true,"_links":{"self":[{"href":"https:\/\/blitzfab.de\/de\/wp-json\/wp\/v2\/product\/5531","targetHints":{"allow":["GET"]}}],"collection":[{"href":"https:\/\/blitzfab.de\/de\/wp-json\/wp\/v2\/product"}],"about":[{"href":"https:\/\/blitzfab.de\/de\/wp-json\/wp\/v2\/types\/product"}],"replies":[{"embeddable":true,"href":"https:\/\/blitzfab.de\/de\/wp-json\/wp\/v2\/comments?post=5531"}],"wp:featuredmedia":[{"embeddable":true,"href":"https:\/\/blitzfab.de\/de\/wp-json\/wp\/v2\/media\/17491"}],"wp:attachment":[{"href":"https:\/\/blitzfab.de\/de\/wp-json\/wp\/v2\/media?parent=5531"}],"wp:term":[{"taxonomy":"product_brand","embeddable":true,"href":"https:\/\/blitzfab.de\/de\/wp-json\/wp\/v2\/product_brand?post=5531"},{"taxonomy":"product_cat","embeddable":true,"href":"https:\/\/blitzfab.de\/de\/wp-json\/wp\/v2\/product_cat?post=5531"},{"taxonomy":"product_tag","embeddable":true,"href":"https:\/\/blitzfab.de\/de\/wp-json\/wp\/v2\/product_tag?post=5531"}],"curies":[{"name":"wp","href":"https:\/\/api.w.org\/{rel}","templated":true}]}}