{"id":3686,"date":"2021-07-06T13:44:54","date_gmt":"2021-07-06T13:44:54","guid":{"rendered":"https:\/\/blitzfab.de\/?post_type=product&#038;p=3686"},"modified":"2025-11-13T14:55:49","modified_gmt":"2025-11-13T14:55:49","slug":"link-bracelet-gold","status":"publish","type":"product","link":"https:\/\/blitzfab.de\/de\/produkt\/link-bracelet-gold\/","title":{"rendered":"Gliederarmband Gold"},"content":{"rendered":"<p>Unser Gliederarmband Gold ist eine sehr l\u00e4ssige Option f\u00fcr deinen Look, das sich auch in ein Bettelarmband mit mehreren Anh\u00e4ngern verwandeln l\u00e4sst. Du kannst einfach deine Lieblingsanh\u00e4nger hinzuf\u00fcgen und in der Gr\u00f6\u00dfe, die du liebst, um deinen einzigartigen Look zu vervollst\u00e4ndigen.<\/p>\n<p>&nbsp;<\/p>","protected":false},"excerpt":{"rendered":"<p><b>Material: <\/b>Gold Vermeil: 24 K Gold \u00fcber 925 Sterlingsilber<\/p>\n<p><strong>L\u00e4nge: <\/strong>17cm<\/p>\n<p><strong>Breite: <\/strong>7mm<\/p>\n<p><strong>Gewicht: <\/strong>7,05g<\/p>\n<p><b>Beschichtung: <\/b>Eine dicke 24K Goldschicht (4 Mikron Gold)<\/p>\n<p><b>Hergestellt in: <\/b>Mexiko<\/p>","protected":false},"featured_media":17493,"comment_status":"closed","ping_status":"closed","template":"","meta":{"site-sidebar-layout":"default","site-content-layout":"default","ast-site-content-layout":"default","site-content-style":"default","site-sidebar-style":"default","ast-global-header-display":"","ast-banner-title-visibility":"","ast-main-header-display":"","ast-hfb-above-header-display":"","ast-hfb-below-header-display":"","ast-hfb-mobile-header-display":"","site-post-title":"","ast-breadcrumbs-content":"","ast-featured-img":"","footer-sml-layout":"","theme-transparent-header-meta":"default","adv-header-id-meta":"","stick-header-meta":"","header-above-stick-meta":"","header-main-stick-meta":"","header-below-stick-meta":"","astra-migrate-meta-layouts":"set","ast-page-background-enabled":"default","ast-page-background-meta":{"desktop":{"background-color":"","background-image":"","background-repeat":"repeat","background-position":"center center","background-size":"auto","background-attachment":"scroll","background-type":"","background-media":"","overlay-type":"","overlay-color":"","overlay-opacity":"","overlay-gradient":""},"tablet":{"background-color":"","background-image":"","background-repeat":"repeat","background-position":"center center","background-size":"auto","background-attachment":"scroll","background-type":"","background-media":"","overlay-type":"","overlay-color":"","overlay-opacity":"","overlay-gradient":""},"mobile":{"background-color":"","background-image":"","background-repeat":"repeat","background-position":"center center","background-size":"auto","background-attachment":"scroll","background-type":"","background-media":"","overlay-type":"","overlay-color":"","overlay-opacity":"","overlay-gradient":""}},"ast-content-background-meta":{"desktop":{"background-color":"var(--ast-global-color-5)","background-image":"","background-repeat":"repeat","background-position":"center center","background-size":"auto","background-attachment":"scroll","background-type":"","background-media":"","overlay-type":"","overlay-color":"","overlay-opacity":"","overlay-gradient":""},"tablet":{"background-color":"var(--ast-global-color-5)","background-image":"","background-repeat":"repeat","background-position":"center center","background-size":"auto","background-attachment":"scroll","background-type":"","background-media":"","overlay-type":"","overlay-color":"","overlay-opacity":"","overlay-gradient":""},"mobile":{"background-color":"var(--ast-global-color-5)","background-image":"","background-repeat":"repeat","background-position":"center center","background-size":"auto","background-attachment":"scroll","background-type":"","background-media":"","overlay-type":"","overlay-color":"","overlay-opacity":"","overlay-gradient":""}}},"product_brand":[],"product_cat":[326,45,44,42],"product_tag":[],"class_list":{"0":"post-3686","1":"product","2":"type-product","3":"status-publish","4":"has-post-thumbnail","6":"product_cat-all-jewelry","7":"product_cat-bracelets","8":"product_cat-gold-bracelets","9":"product_cat-gold-jewelry","10":"desktop-align-left","11":"tablet-align-left","12":"mobile-align-left","14":"first","15":"instock","16":"shipping-taxable","17":"purchasable","18":"product-type-simple"},"jetpack-related-posts":[{"id":3601,"url":"https:\/\/blitzfab.de\/de\/produkt\/flat-herringbone-bracelet-gold\/","url_meta":{"origin":3686,"position":0},"title":"Flaches Herringbone Armband Gold","author":"selenegs","date":"Juli 5, 2021","format":false,"excerpt":"Material: Gold vermeil: 24 K gold over 925 sterling silver Length: 18cm Thickness: 3mm Weight: 2,6g Coating: A thick layer of 24 K gold (4 microns) Made in: Mexico","rel":"","context":"\u00c4hnlicher Beitrag","block_context":{"text":"\u00c4hnlicher Beitrag","link":""},"img":{"alt_text":"herringbone bracelet gold vermeil 925 silver","src":"https:\/\/i0.wp.com\/blitzfab.de\/wp-content\/uploads\/2021\/07\/herringbone-bracelet-gold-vermeil-925-silver.jpg?resize=350%2C200&ssl=1","width":350,"height":200,"srcset":"https:\/\/i0.wp.com\/blitzfab.de\/wp-content\/uploads\/2021\/07\/herringbone-bracelet-gold-vermeil-925-silver.jpg?resize=350%2C200&ssl=1 1x, https:\/\/i0.wp.com\/blitzfab.de\/wp-content\/uploads\/2021\/07\/herringbone-bracelet-gold-vermeil-925-silver.jpg?resize=525%2C300&ssl=1 1.5x, https:\/\/i0.wp.com\/blitzfab.de\/wp-content\/uploads\/2021\/07\/herringbone-bracelet-gold-vermeil-925-silver.jpg?resize=700%2C400&ssl=1 2x, https:\/\/i0.wp.com\/blitzfab.de\/wp-content\/uploads\/2021\/07\/herringbone-bracelet-gold-vermeil-925-silver.jpg?resize=1050%2C600&ssl=1 3x"},"classes":[]},{"id":5531,"url":"https:\/\/blitzfab.de\/de\/produkt\/flowers-bracelet-gold\/","url_meta":{"origin":3686,"position":1},"title":"Blumen Armband Gold","author":"selenegs","date":"August 3, 2021","format":false,"excerpt":"Material: Gold vermeil: 24 K gold over 925 sterling silver Length: 18cm Width: 7mm Weight: 3g Coating: A thick layer of 24 K gold (4 microns of gold) Made in: Mexico","rel":"","context":"\u00c4hnlicher Beitrag","block_context":{"text":"\u00c4hnlicher Beitrag","link":""},"img":{"alt_text":"flowers bracelet gold vermeil","src":"https:\/\/i0.wp.com\/blitzfab.de\/wp-content\/uploads\/2021\/08\/flowers-bracelet-gold-vermeil.jpg?resize=350%2C200&ssl=1","width":350,"height":200,"srcset":"https:\/\/i0.wp.com\/blitzfab.de\/wp-content\/uploads\/2021\/08\/flowers-bracelet-gold-vermeil.jpg?resize=350%2C200&ssl=1 1x, https:\/\/i0.wp.com\/blitzfab.de\/wp-content\/uploads\/2021\/08\/flowers-bracelet-gold-vermeil.jpg?resize=525%2C300&ssl=1 1.5x, https:\/\/i0.wp.com\/blitzfab.de\/wp-content\/uploads\/2021\/08\/flowers-bracelet-gold-vermeil.jpg?resize=700%2C400&ssl=1 2x, https:\/\/i0.wp.com\/blitzfab.de\/wp-content\/uploads\/2021\/08\/flowers-bracelet-gold-vermeil.jpg?resize=1050%2C600&ssl=1 3x"},"classes":[]},{"id":8842,"url":"https:\/\/blitzfab.de\/de\/produkt\/autumn-leaf-bracelet-gold\/","url_meta":{"origin":3686,"position":2},"title":"Herbstblatt Armband Gold vermeil","author":"selenegs","date":"Januar 25, 2022","format":false,"excerpt":"Material: Gold vermeil: 24 K gold over 925 sterling silver Length: 18-19cm Width: 2mm Pendant size: 10mm x 8mm (leaf) Weight: 2,5g Coating: A thick layer of 24 K gold (4 microns of gold) Made in: Mexico","rel":"","context":"\u00c4hnlicher Beitrag","block_context":{"text":"\u00c4hnlicher Beitrag","link":""},"img":{"alt_text":"","src":"https:\/\/i0.wp.com\/blitzfab.de\/wp-content\/uploads\/2022\/01\/leaf-bracelet-gold-vermeil.jpg?resize=350%2C200&ssl=1","width":350,"height":200,"srcset":"https:\/\/i0.wp.com\/blitzfab.de\/wp-content\/uploads\/2022\/01\/leaf-bracelet-gold-vermeil.jpg?resize=350%2C200&ssl=1 1x, https:\/\/i0.wp.com\/blitzfab.de\/wp-content\/uploads\/2022\/01\/leaf-bracelet-gold-vermeil.jpg?resize=525%2C300&ssl=1 1.5x, https:\/\/i0.wp.com\/blitzfab.de\/wp-content\/uploads\/2022\/01\/leaf-bracelet-gold-vermeil.jpg?resize=700%2C400&ssl=1 2x, https:\/\/i0.wp.com\/blitzfab.de\/wp-content\/uploads\/2022\/01\/leaf-bracelet-gold-vermeil.jpg?resize=1050%2C600&ssl=1 3x"},"classes":[]},{"id":1657,"url":"https:\/\/blitzfab.de\/de\/produkt\/horseshoe-necklace-gold\/","url_meta":{"origin":3686,"position":3},"title":"Hufeisen Halskette Gold","author":"selenegs","date":"Mai 31, 2021","format":false,"excerpt":"Material: Gold vermeil: 24 K gold over 925 sterling silver Pendant length: 22mm Pendant width: 11mm Pendant weight: 1g Necklace length: 40cm Necklace weight: 1,56g Stone type: Zirconia Coating: A thick layer of 24 K gold (4 microns) Made in: Mexico","rel":"","context":"\u00c4hnlicher Beitrag","block_context":{"text":"\u00c4hnlicher Beitrag","link":""},"img":{"alt_text":"lucky charm necklace horseshoe gold","src":"https:\/\/i0.wp.com\/blitzfab.de\/wp-content\/uploads\/2021\/05\/lucky-charm-necklace-horseshoe-gold.jpg?resize=350%2C200&ssl=1","width":350,"height":200,"srcset":"https:\/\/i0.wp.com\/blitzfab.de\/wp-content\/uploads\/2021\/05\/lucky-charm-necklace-horseshoe-gold.jpg?resize=350%2C200&ssl=1 1x, https:\/\/i0.wp.com\/blitzfab.de\/wp-content\/uploads\/2021\/05\/lucky-charm-necklace-horseshoe-gold.jpg?resize=525%2C300&ssl=1 1.5x, https:\/\/i0.wp.com\/blitzfab.de\/wp-content\/uploads\/2021\/05\/lucky-charm-necklace-horseshoe-gold.jpg?resize=700%2C400&ssl=1 2x, https:\/\/i0.wp.com\/blitzfab.de\/wp-content\/uploads\/2021\/05\/lucky-charm-necklace-horseshoe-gold.jpg?resize=1050%2C600&ssl=1 3x"},"classes":[]},{"id":11160,"url":"https:\/\/blitzfab.de\/de\/produkt\/hoops-shooting-star-earrings-gold\/","url_meta":{"origin":3686,"position":4},"title":"Sternschnuppen Creolen Gold","author":"selenegs","date":"August 12, 2022","format":false,"excerpt":"Material: 925 Sterling Silver 18K Gold Plated Earring diameter: 12mm Charm size: 10mm x 10 mm Weight: 3,4g Stone type: Zirconia Coating:\u00a0A thick layer of 24 K gold (4 microns) Made in: Mexico","rel":"","context":"\u00c4hnlicher Beitrag","block_context":{"text":"\u00c4hnlicher Beitrag","link":""},"img":{"alt_text":"Shooting star earrings gold","src":"https:\/\/i0.wp.com\/blitzfab.de\/wp-content\/uploads\/2022\/08\/Shooting-star-earrings-gold.jpg?resize=350%2C200&ssl=1","width":350,"height":200,"srcset":"https:\/\/i0.wp.com\/blitzfab.de\/wp-content\/uploads\/2022\/08\/Shooting-star-earrings-gold.jpg?resize=350%2C200&ssl=1 1x, https:\/\/i0.wp.com\/blitzfab.de\/wp-content\/uploads\/2022\/08\/Shooting-star-earrings-gold.jpg?resize=525%2C300&ssl=1 1.5x, https:\/\/i0.wp.com\/blitzfab.de\/wp-content\/uploads\/2022\/08\/Shooting-star-earrings-gold.jpg?resize=700%2C400&ssl=1 2x, https:\/\/i0.wp.com\/blitzfab.de\/wp-content\/uploads\/2022\/08\/Shooting-star-earrings-gold.jpg?resize=1050%2C600&ssl=1 3x"},"classes":[]},{"id":3646,"url":"https:\/\/blitzfab.de\/de\/produkt\/flat-herringbone-bracelet-silver-925\/","url_meta":{"origin":3686,"position":5},"title":"Flaches Herringbone Armband Silber","author":"selenegs","date":"Juli 6, 2021","format":false,"excerpt":"Material: 925 Sterling silver Length: 18cm Thickness: 3mm Weight: 2,6g Coating: Lacquered Made in: Mexico","rel":"","context":"\u00c4hnlicher Beitrag","block_context":{"text":"\u00c4hnlicher Beitrag","link":""},"img":{"alt_text":"herringbone bracelet silver 925 sterling","src":"https:\/\/i0.wp.com\/blitzfab.de\/wp-content\/uploads\/2021\/07\/herringbone-bracelet-silver-925-sterling.jpg?resize=350%2C200&ssl=1","width":350,"height":200,"srcset":"https:\/\/i0.wp.com\/blitzfab.de\/wp-content\/uploads\/2021\/07\/herringbone-bracelet-silver-925-sterling.jpg?resize=350%2C200&ssl=1 1x, https:\/\/i0.wp.com\/blitzfab.de\/wp-content\/uploads\/2021\/07\/herringbone-bracelet-silver-925-sterling.jpg?resize=525%2C300&ssl=1 1.5x, https:\/\/i0.wp.com\/blitzfab.de\/wp-content\/uploads\/2021\/07\/herringbone-bracelet-silver-925-sterling.jpg?resize=700%2C400&ssl=1 2x, https:\/\/i0.wp.com\/blitzfab.de\/wp-content\/uploads\/2021\/07\/herringbone-bracelet-silver-925-sterling.jpg?resize=1050%2C600&ssl=1 3x"},"classes":[]}],"jetpack_sharing_enabled":true,"_links":{"self":[{"href":"https:\/\/blitzfab.de\/de\/wp-json\/wp\/v2\/product\/3686","targetHints":{"allow":["GET"]}}],"collection":[{"href":"https:\/\/blitzfab.de\/de\/wp-json\/wp\/v2\/product"}],"about":[{"href":"https:\/\/blitzfab.de\/de\/wp-json\/wp\/v2\/types\/product"}],"replies":[{"embeddable":true,"href":"https:\/\/blitzfab.de\/de\/wp-json\/wp\/v2\/comments?post=3686"}],"wp:featuredmedia":[{"embeddable":true,"href":"https:\/\/blitzfab.de\/de\/wp-json\/wp\/v2\/media\/17493"}],"wp:attachment":[{"href":"https:\/\/blitzfab.de\/de\/wp-json\/wp\/v2\/media?parent=3686"}],"wp:term":[{"taxonomy":"product_brand","embeddable":true,"href":"https:\/\/blitzfab.de\/de\/wp-json\/wp\/v2\/product_brand?post=3686"},{"taxonomy":"product_cat","embeddable":true,"href":"https:\/\/blitzfab.de\/de\/wp-json\/wp\/v2\/product_cat?post=3686"},{"taxonomy":"product_tag","embeddable":true,"href":"https:\/\/blitzfab.de\/de\/wp-json\/wp\/v2\/product_tag?post=3686"}],"curies":[{"name":"wp","href":"https:\/\/api.w.org\/{rel}","templated":true}]}}