{"id":3535,"date":"2021-07-05T11:10:30","date_gmt":"2021-07-05T11:10:30","guid":{"rendered":"https:\/\/blitzfab.de\/?post_type=product&#038;p=3535"},"modified":"2025-11-13T14:46:56","modified_gmt":"2025-11-13T14:46:56","slug":"aquamarine-swarovski-crystals-bracelet-silver-925","status":"publish","type":"product","link":"https:\/\/blitzfab.de\/de\/produkt\/aquamarine-swarovski-crystals-bracelet-silver-925\/","title":{"rendered":"Aquamarine Armband Silber"},"content":{"rendered":"<p>This Swarovski crystals bracelet is a beautiful and elegant piece of jewelry that features high-quality materials and a stunning design.<\/p>\n<p>Made of solid 925 silver, the bracelet consists of Swarovski blue\/purple crystals that are individually cut and polished for maximum brilliance and shine.<\/p>\n<p>Crystals from Swarovski are a type of high-quality glass crystal that are known for their bright and vivid blue color, as well as their exceptional clarity and sparkle. These crystals are carefully crafted using a combination of traditional techniques and modern technology to create a flawless and consistent appearance.<\/p>\n<p>Ein Armband aus blauem Swarovski-Kristall und 925er Silber ist ein vielseitiges Accessoire, das zu einer Vielzahl von Anl\u00e4ssen getragen werden kann, vom Alltag bis hin zu besonderen Anl\u00e4ssen. Es passt sowohl zu l\u00e4ssigen als auch zu formellen Outfits und verleiht jedem Look einen Hauch von Glamour und Raffinesse.<\/p>","protected":false},"excerpt":{"rendered":"<p><b>Material: <\/b>925 Sterling silver<\/p>\n<p><strong>Kristallart: <\/strong>Kristalle von Swarovski<\/p>\n<p><strong>L\u00e4nge: <\/strong>18cm<\/p>\n<p><strong>Gewicht: <\/strong>5,8g<\/p>\n<p><b>Beschichtung: <\/b>lackiert<\/p>\n<p><b>Hergestellt in: <\/b>Mexiko<\/p>","protected":false},"featured_media":17486,"comment_status":"open","ping_status":"closed","template":"","meta":{"site-sidebar-layout":"default","site-content-layout":"default","ast-site-content-layout":"default","site-content-style":"default","site-sidebar-style":"default","ast-global-header-display":"","ast-banner-title-visibility":"","ast-main-header-display":"","ast-hfb-above-header-display":"","ast-hfb-below-header-display":"","ast-hfb-mobile-header-display":"","site-post-title":"","ast-breadcrumbs-content":"","ast-featured-img":"","footer-sml-layout":"","theme-transparent-header-meta":"default","adv-header-id-meta":"","stick-header-meta":"","header-above-stick-meta":"","header-main-stick-meta":"","header-below-stick-meta":"","astra-migrate-meta-layouts":"set","ast-page-background-enabled":"default","ast-page-background-meta":{"desktop":{"background-color":"","background-image":"","background-repeat":"repeat","background-position":"center center","background-size":"auto","background-attachment":"scroll","background-type":"","background-media":"","overlay-type":"","overlay-color":"","overlay-opacity":"","overlay-gradient":""},"tablet":{"background-color":"","background-image":"","background-repeat":"repeat","background-position":"center center","background-size":"auto","background-attachment":"scroll","background-type":"","background-media":"","overlay-type":"","overlay-color":"","overlay-opacity":"","overlay-gradient":""},"mobile":{"background-color":"","background-image":"","background-repeat":"repeat","background-position":"center center","background-size":"auto","background-attachment":"scroll","background-type":"","background-media":"","overlay-type":"","overlay-color":"","overlay-opacity":"","overlay-gradient":""}},"ast-content-background-meta":{"desktop":{"background-color":"var(--ast-global-color-5)","background-image":"","background-repeat":"repeat","background-position":"center center","background-size":"auto","background-attachment":"scroll","background-type":"","background-media":"","overlay-type":"","overlay-color":"","overlay-opacity":"","overlay-gradient":""},"tablet":{"background-color":"var(--ast-global-color-5)","background-image":"","background-repeat":"repeat","background-position":"center center","background-size":"auto","background-attachment":"scroll","background-type":"","background-media":"","overlay-type":"","overlay-color":"","overlay-opacity":"","overlay-gradient":""},"mobile":{"background-color":"var(--ast-global-color-5)","background-image":"","background-repeat":"repeat","background-position":"center center","background-size":"auto","background-attachment":"scroll","background-type":"","background-media":"","overlay-type":"","overlay-color":"","overlay-opacity":"","overlay-gradient":""}}},"product_brand":[],"product_cat":[326,45,43],"product_tag":[],"class_list":{"0":"post-3535","1":"product","2":"type-product","3":"status-publish","4":"has-post-thumbnail","6":"product_cat-all-jewelry","7":"product_cat-bracelets","8":"product_cat-silver-bracelets","9":"desktop-align-left","10":"tablet-align-left","11":"mobile-align-left","13":"first","14":"instock","15":"shipping-taxable","16":"purchasable","17":"product-type-simple"},"jetpack-related-posts":[{"id":11190,"url":"https:\/\/blitzfab.de\/de\/produkt\/lavender-crystal-necklace-silver\/","url_meta":{"origin":3535,"position":0},"title":"Lavendel Kristall Halskette Silber","author":"selenegs","date":"August 17, 2022","format":false,"excerpt":"Material: 925 Sterling Silver Pendants' size: 5mm x 14mm Necklace length: 40cm \/ 45cm Weight: 4,5g Coating: Lacquered Made in: Mexico","rel":"","context":"\u00c4hnlicher Beitrag","block_context":{"text":"\u00c4hnlicher Beitrag","link":""},"img":{"alt_text":"purple blue crystal necklace 925 sterling silver","src":"https:\/\/i0.wp.com\/blitzfab.de\/wp-content\/uploads\/2022\/08\/2-rectangle-4x5-1-scaled.jpg?resize=350%2C200&ssl=1","width":350,"height":200,"srcset":"https:\/\/i0.wp.com\/blitzfab.de\/wp-content\/uploads\/2022\/08\/2-rectangle-4x5-1-scaled.jpg?resize=350%2C200&ssl=1 1x, https:\/\/i0.wp.com\/blitzfab.de\/wp-content\/uploads\/2022\/08\/2-rectangle-4x5-1-scaled.jpg?resize=525%2C300&ssl=1 1.5x, https:\/\/i0.wp.com\/blitzfab.de\/wp-content\/uploads\/2022\/08\/2-rectangle-4x5-1-scaled.jpg?resize=700%2C400&ssl=1 2x, https:\/\/i0.wp.com\/blitzfab.de\/wp-content\/uploads\/2022\/08\/2-rectangle-4x5-1-scaled.jpg?resize=1050%2C600&ssl=1 3x, https:\/\/i0.wp.com\/blitzfab.de\/wp-content\/uploads\/2022\/08\/2-rectangle-4x5-1-scaled.jpg?resize=1400%2C800&ssl=1 4x"},"classes":[]},{"id":1644,"url":"https:\/\/blitzfab.de\/de\/produkt\/crystal-clear-swarovski-heart-earrings\/","url_meta":{"origin":3535,"position":1},"title":"Crystal Clear Herz Ohrstecker Silber","author":"selenegs","date":"Mai 27, 2021","format":false,"excerpt":"Material: 925 Sterling silver Color: Transparent (the color changes according to what you're wearing) Stone type: Crystals from Swarvoski Diameter: 10mm Weight: 1,4g Coating: Lacquered Made in: Mexico","rel":"","context":"\u00c4hnlicher Beitrag","block_context":{"text":"\u00c4hnlicher Beitrag","link":""},"img":{"alt_text":"swarovski heart earrings 925 silver","src":"https:\/\/i0.wp.com\/blitzfab.de\/wp-content\/uploads\/2021\/05\/sawrovski-heart-earrings-925-silver.jpg?resize=350%2C200&ssl=1","width":350,"height":200,"srcset":"https:\/\/i0.wp.com\/blitzfab.de\/wp-content\/uploads\/2021\/05\/sawrovski-heart-earrings-925-silver.jpg?resize=350%2C200&ssl=1 1x, https:\/\/i0.wp.com\/blitzfab.de\/wp-content\/uploads\/2021\/05\/sawrovski-heart-earrings-925-silver.jpg?resize=525%2C300&ssl=1 1.5x, https:\/\/i0.wp.com\/blitzfab.de\/wp-content\/uploads\/2021\/05\/sawrovski-heart-earrings-925-silver.jpg?resize=700%2C400&ssl=1 2x, https:\/\/i0.wp.com\/blitzfab.de\/wp-content\/uploads\/2021\/05\/sawrovski-heart-earrings-925-silver.jpg?resize=1050%2C600&ssl=1 3x"},"classes":[]},{"id":6687,"url":"https:\/\/blitzfab.de\/de\/produkt\/hammered-silver-earrings-925-round\/","url_meta":{"origin":3535,"position":2},"title":"geh\u00e4mmerte runde Ohrstecker Silber","author":"selenegs","date":"August 24, 2021","format":false,"excerpt":"Material: 925 Sterling silver Diameter: 7mm Weight: 1,16g Coating: Lacquered Made in: Mexico","rel":"","context":"\u00c4hnlicher Beitrag","block_context":{"text":"\u00c4hnlicher Beitrag","link":""},"img":{"alt_text":"round hammered silver earrings studs 925 sterling","src":"https:\/\/i0.wp.com\/blitzfab.de\/wp-content\/uploads\/2021\/08\/round-hammered-silver-earrings-studs-925-sterling.jpg?resize=350%2C200&ssl=1","width":350,"height":200,"srcset":"https:\/\/i0.wp.com\/blitzfab.de\/wp-content\/uploads\/2021\/08\/round-hammered-silver-earrings-studs-925-sterling.jpg?resize=350%2C200&ssl=1 1x, https:\/\/i0.wp.com\/blitzfab.de\/wp-content\/uploads\/2021\/08\/round-hammered-silver-earrings-studs-925-sterling.jpg?resize=525%2C300&ssl=1 1.5x, https:\/\/i0.wp.com\/blitzfab.de\/wp-content\/uploads\/2021\/08\/round-hammered-silver-earrings-studs-925-sterling.jpg?resize=700%2C400&ssl=1 2x, https:\/\/i0.wp.com\/blitzfab.de\/wp-content\/uploads\/2021\/08\/round-hammered-silver-earrings-studs-925-sterling.jpg?resize=1050%2C600&ssl=1 3x, https:\/\/i0.wp.com\/blitzfab.de\/wp-content\/uploads\/2021\/08\/round-hammered-silver-earrings-studs-925-sterling.jpg?resize=1400%2C800&ssl=1 4x"},"classes":[]},{"id":10111,"url":"https:\/\/blitzfab.de\/de\/produkt\/925-real-silver-earrings\/","url_meta":{"origin":3535,"position":3},"title":"Halbkreis Ohrstecker","author":"selenegs","date":"Mai 10, 2022","format":false,"excerpt":"Material: 925 Sterling Silver Width: 7mm Weight: 0,9g Stone type: Zirconia Backs type: push back Coating: Lacquered Made in: Mexico","rel":"","context":"\u00c4hnlicher Beitrag","block_context":{"text":"\u00c4hnlicher Beitrag","link":""},"img":{"alt_text":"real silver earrings with zirconia","src":"https:\/\/i0.wp.com\/blitzfab.de\/wp-content\/uploads\/2022\/05\/zirconia-ear-studs-925-sterling-silver.jpg?resize=350%2C200&ssl=1","width":350,"height":200,"srcset":"https:\/\/i0.wp.com\/blitzfab.de\/wp-content\/uploads\/2022\/05\/zirconia-ear-studs-925-sterling-silver.jpg?resize=350%2C200&ssl=1 1x, https:\/\/i0.wp.com\/blitzfab.de\/wp-content\/uploads\/2022\/05\/zirconia-ear-studs-925-sterling-silver.jpg?resize=525%2C300&ssl=1 1.5x, https:\/\/i0.wp.com\/blitzfab.de\/wp-content\/uploads\/2022\/05\/zirconia-ear-studs-925-sterling-silver.jpg?resize=700%2C400&ssl=1 2x, https:\/\/i0.wp.com\/blitzfab.de\/wp-content\/uploads\/2022\/05\/zirconia-ear-studs-925-sterling-silver.jpg?resize=1050%2C600&ssl=1 3x"},"classes":[]},{"id":10084,"url":"https:\/\/blitzfab.de\/de\/produkt\/christian-necklace-love-god-gold\/","url_meta":{"origin":3535,"position":4},"title":"Love God Necklace Gold","author":"selenegs","date":"Mai 3, 2022","format":false,"excerpt":"Material: 925 Sterling Silver or gold vermeil: 24 K gold over 925 sterling silver Number of pendants: 6 Pendant diameter: Approx. 1cm Necklace length: 40cm + 5cm (adjustable from 40cm to 45cm) *perfect for layering* Necklace weight: 3,80g Coating: Lacquered or a thick layer of 24 K gold (4 microns)\u2026","rel":"","context":"\u00c4hnlicher Beitrag","block_context":{"text":"\u00c4hnlicher Beitrag","link":""},"img":{"alt_text":"christian necklace love God gold 925 silver","src":"https:\/\/i0.wp.com\/blitzfab.de\/wp-content\/uploads\/2023\/04\/Love-God-necklace.jpg?resize=350%2C200&ssl=1","width":350,"height":200,"srcset":"https:\/\/i0.wp.com\/blitzfab.de\/wp-content\/uploads\/2023\/04\/Love-God-necklace.jpg?resize=350%2C200&ssl=1 1x, https:\/\/i0.wp.com\/blitzfab.de\/wp-content\/uploads\/2023\/04\/Love-God-necklace.jpg?resize=525%2C300&ssl=1 1.5x, https:\/\/i0.wp.com\/blitzfab.de\/wp-content\/uploads\/2023\/04\/Love-God-necklace.jpg?resize=700%2C400&ssl=1 2x, https:\/\/i0.wp.com\/blitzfab.de\/wp-content\/uploads\/2023\/04\/Love-God-necklace.jpg?resize=1050%2C600&ssl=1 3x"},"classes":[]},{"id":1667,"url":"https:\/\/blitzfab.de\/de\/produkt\/ana-belly-gold-vermeil-hoop-earrings\/","url_meta":{"origin":3535,"position":5},"title":"Anabelly Classy Creolen Gold","author":"selenegs","date":"Mai 31, 2021","format":false,"excerpt":"Material: Gold vermeil: 24 K gold over 925 sterling silver Diameter: 17mm Width: 3mm Weight: 0,82g Stone type: zirconia Coating: A thick layer of 24 K gold (4 microns) Made in: Mexico","rel":"","context":"\u00c4hnlicher Beitrag","block_context":{"text":"\u00c4hnlicher Beitrag","link":""},"img":{"alt_text":"gold vermeil hoop earrings","src":"https:\/\/i0.wp.com\/blitzfab.de\/wp-content\/uploads\/2021\/05\/gold-vermeil-hoop-earrings.jpg?resize=350%2C200&ssl=1","width":350,"height":200,"srcset":"https:\/\/i0.wp.com\/blitzfab.de\/wp-content\/uploads\/2021\/05\/gold-vermeil-hoop-earrings.jpg?resize=350%2C200&ssl=1 1x, https:\/\/i0.wp.com\/blitzfab.de\/wp-content\/uploads\/2021\/05\/gold-vermeil-hoop-earrings.jpg?resize=525%2C300&ssl=1 1.5x, https:\/\/i0.wp.com\/blitzfab.de\/wp-content\/uploads\/2021\/05\/gold-vermeil-hoop-earrings.jpg?resize=700%2C400&ssl=1 2x, https:\/\/i0.wp.com\/blitzfab.de\/wp-content\/uploads\/2021\/05\/gold-vermeil-hoop-earrings.jpg?resize=1050%2C600&ssl=1 3x"},"classes":[]}],"jetpack_sharing_enabled":true,"_links":{"self":[{"href":"https:\/\/blitzfab.de\/de\/wp-json\/wp\/v2\/product\/3535","targetHints":{"allow":["GET"]}}],"collection":[{"href":"https:\/\/blitzfab.de\/de\/wp-json\/wp\/v2\/product"}],"about":[{"href":"https:\/\/blitzfab.de\/de\/wp-json\/wp\/v2\/types\/product"}],"replies":[{"embeddable":true,"href":"https:\/\/blitzfab.de\/de\/wp-json\/wp\/v2\/comments?post=3535"}],"wp:featuredmedia":[{"embeddable":true,"href":"https:\/\/blitzfab.de\/de\/wp-json\/wp\/v2\/media\/17486"}],"wp:attachment":[{"href":"https:\/\/blitzfab.de\/de\/wp-json\/wp\/v2\/media?parent=3535"}],"wp:term":[{"taxonomy":"product_brand","embeddable":true,"href":"https:\/\/blitzfab.de\/de\/wp-json\/wp\/v2\/product_brand?post=3535"},{"taxonomy":"product_cat","embeddable":true,"href":"https:\/\/blitzfab.de\/de\/wp-json\/wp\/v2\/product_cat?post=3535"},{"taxonomy":"product_tag","embeddable":true,"href":"https:\/\/blitzfab.de\/de\/wp-json\/wp\/v2\/product_tag?post=3535"}],"curies":[{"name":"wp","href":"https:\/\/api.w.org\/{rel}","templated":true}]}}