{"id":24,"date":"2021-04-20T12:07:05","date_gmt":"2021-04-20T12:07:05","guid":{"rendered":"https:\/\/blitzfab.de\/?post_type=product&#038;p=24"},"modified":"2025-11-13T14:14:18","modified_gmt":"2025-11-13T14:14:18","slug":"jesus-cross-sterling-silver-crucifix-necklace","status":"publish","type":"product","link":"https:\/\/blitzfab.de\/de\/produkt\/jesus-cross-sterling-silver-crucifix-necklace\/","title":{"rendered":"Jesus Kreuz Kruzifix Silber"},"content":{"rendered":"<h3>Handgefertigte Kruzifix Halskette aus Sterlingsilber<\/h3>\n<p>Aus massivem 925er Sterlingsilber, nickelfrei, zinkfrei und hypoallergen. Eine Lackschicht wurde aufgetragen, um den nat\u00fcrlichen Anlaufprozess von Silber zu verlangsamen.<\/p>\n<p>Das Symbol des Kreuzes ist eine sehr beliebte Schmuckoption, einige tragen es als modisches Statement, andere tragen es mit einer tieferen Bedeutung und einem tieferen Glauben. Jesus am Kreuz: du wirst h\u00e4ufiger Katholiken oder Orthodoxe tragen sehen. Aber warum einen gekreuzigten, qualvollen Jesus zeigen? In der Gestalt Jesu am Kreuz sehen wir all die unermessliche Liebe Gottes f\u00fcr die Menschheit, die Erl\u00f6sung und die Erinnerung an die Hoffnung der Auferstehung. Das Kruzifix ist eine Darstellung des Ereignisses der Passion unseres Erl\u00f6sers Jesus, eines einmaligen und vollkommenen Opfers (Hebr 10,14), das sich \u00fcber die Zeit erstreckt, aber vollbracht wird.<\/p>\n<p>Die Christusfigur am Kreuz, der gekreuzigte Jesus, ist im Laufe der Jahrhunderte zu einem sehr m\u00e4chtigen Glaubenssymbol f\u00fcr verschiedene Glaubensbekenntnisse sowie in k\u00fcnstlerischen Darstellungen geworden.<\/p>\n<p>Warum verwenden Katholiken Kruzifixe? <a href=\"https:\/\/aleteia.org\/2019\/03\/22\/why-do-catholics-use-crucifixes-that-show-jesus-on-the-cross\/\" target=\"_blank\" rel=\"noopener\">mehr lesen...<\/a><\/p>","protected":false},"excerpt":{"rendered":"<p><b>Material: <\/b>925 Sterling silver<\/p>\n<p><strong>Anh\u00e4ngerl\u00e4nge: <\/strong>30mm<\/p>\n<p><strong>Anh\u00e4ngerbreite: <\/strong>12mm<\/p>\n<p><strong>Anh\u00e4ngergewicht: <\/strong>1,3g<\/p>\n<p><strong>Halskettenl\u00e4nge: <\/strong>40cm<\/p>\n<p><strong>Halskettengewicht: <\/strong>1,23g<\/p>\n<p><b>Beschichtung: <\/b>lackiert<\/p>\n<p><b>Hergestellt in: <\/b>Mexiko<\/p>","protected":false},"featured_media":17027,"comment_status":"closed","ping_status":"closed","template":"","meta":{"site-sidebar-layout":"default","site-content-layout":"default","ast-site-content-layout":"default","site-content-style":"default","site-sidebar-style":"default","ast-global-header-display":"","ast-banner-title-visibility":"","ast-main-header-display":"","ast-hfb-above-header-display":"","ast-hfb-below-header-display":"","ast-hfb-mobile-header-display":"","site-post-title":"","ast-breadcrumbs-content":"","ast-featured-img":"","footer-sml-layout":"","theme-transparent-header-meta":"default","adv-header-id-meta":"","stick-header-meta":"","header-above-stick-meta":"","header-main-stick-meta":"","header-below-stick-meta":"","astra-migrate-meta-layouts":"set","ast-page-background-enabled":"default","ast-page-background-meta":{"desktop":{"background-color":"","background-image":"","background-repeat":"repeat","background-position":"center center","background-size":"auto","background-attachment":"scroll","background-type":"","background-media":"","overlay-type":"","overlay-color":"","overlay-opacity":"","overlay-gradient":""},"tablet":{"background-color":"","background-image":"","background-repeat":"repeat","background-position":"center center","background-size":"auto","background-attachment":"scroll","background-type":"","background-media":"","overlay-type":"","overlay-color":"","overlay-opacity":"","overlay-gradient":""},"mobile":{"background-color":"","background-image":"","background-repeat":"repeat","background-position":"center center","background-size":"auto","background-attachment":"scroll","background-type":"","background-media":"","overlay-type":"","overlay-color":"","overlay-opacity":"","overlay-gradient":""}},"ast-content-background-meta":{"desktop":{"background-color":"var(--ast-global-color-5)","background-image":"","background-repeat":"repeat","background-position":"center center","background-size":"auto","background-attachment":"scroll","background-type":"","background-media":"","overlay-type":"","overlay-color":"","overlay-opacity":"","overlay-gradient":""},"tablet":{"background-color":"var(--ast-global-color-5)","background-image":"","background-repeat":"repeat","background-position":"center center","background-size":"auto","background-attachment":"scroll","background-type":"","background-media":"","overlay-type":"","overlay-color":"","overlay-opacity":"","overlay-gradient":""},"mobile":{"background-color":"var(--ast-global-color-5)","background-image":"","background-repeat":"repeat","background-position":"center center","background-size":"auto","background-attachment":"scroll","background-type":"","background-media":"","overlay-type":"","overlay-color":"","overlay-opacity":"","overlay-gradient":""}}},"product_brand":[],"product_cat":[326,17,325,35],"product_tag":[],"class_list":{"0":"post-24","1":"product","2":"type-product","3":"status-publish","4":"has-post-thumbnail","6":"product_cat-all-jewelry","7":"product_cat-necklaces","8":"product_cat-pendants","9":"product_cat-silver-necklaces","10":"desktop-align-left","11":"tablet-align-left","12":"mobile-align-left","14":"first","15":"instock","16":"shipping-taxable","17":"purchasable","18":"product-type-simple"},"jetpack-related-posts":[{"id":7010,"url":"https:\/\/blitzfab.de\/de\/produkt\/ichthys-jesus-fish-necklace-silver\/","url_meta":{"origin":24,"position":0},"title":"Ichthys Jesus Fisch Halskette Silber","author":"selenegs","date":"September 3, 2021","format":false,"excerpt":"Material: 925 Sterling silver Pendant length: 32mm Pendant width: 8mm Pendant weight: 1,04g Necklace length: 40cm Necklace weight: 1,34g Coating: Lacquered Made in: Mexico","rel":"","context":"\u00c4hnlicher Beitrag","block_context":{"text":"\u00c4hnlicher Beitrag","link":""},"img":{"alt_text":"ichthys Jesus fish necklace 925 sterling silver","src":"https:\/\/i0.wp.com\/blitzfab.de\/wp-content\/uploads\/2021\/09\/ichthys-Jesus-fish-necklace-925-sterling-silver.jpg?resize=350%2C200&ssl=1","width":350,"height":200,"srcset":"https:\/\/i0.wp.com\/blitzfab.de\/wp-content\/uploads\/2021\/09\/ichthys-Jesus-fish-necklace-925-sterling-silver.jpg?resize=350%2C200&ssl=1 1x, https:\/\/i0.wp.com\/blitzfab.de\/wp-content\/uploads\/2021\/09\/ichthys-Jesus-fish-necklace-925-sterling-silver.jpg?resize=525%2C300&ssl=1 1.5x, https:\/\/i0.wp.com\/blitzfab.de\/wp-content\/uploads\/2021\/09\/ichthys-Jesus-fish-necklace-925-sterling-silver.jpg?resize=700%2C400&ssl=1 2x, https:\/\/i0.wp.com\/blitzfab.de\/wp-content\/uploads\/2021\/09\/ichthys-Jesus-fish-necklace-925-sterling-silver.jpg?resize=1050%2C600&ssl=1 3x"},"classes":[]},{"id":13594,"url":"https:\/\/blitzfab.de\/de\/produkt\/sacred-heart-of-jesus-medal-gold\/","url_meta":{"origin":24,"position":1},"title":"Heiliges Herz Jesu Halskette","author":"selenegs","date":"Februar 15, 2023","format":false,"excerpt":"Material: Gold vermeil: 24 K gold over 925 sterling silver Pendant diameter: 16mm Necklace length: 40cm Weight: 3,01g Coating:\u00a0A thick layer of 24 K gold (4 microns) Made in: Mexico","rel":"","context":"\u00c4hnlicher Beitrag","block_context":{"text":"\u00c4hnlicher Beitrag","link":""},"img":{"alt_text":"sacred heart of jesus medal gold over 925 sterling silver","src":"https:\/\/i0.wp.com\/blitzfab.de\/wp-content\/uploads\/2023\/02\/sacred-heart-of-jesus-medal-gold-over-925-sterling-silver-1.jpg?resize=350%2C200&ssl=1","width":350,"height":200,"srcset":"https:\/\/i0.wp.com\/blitzfab.de\/wp-content\/uploads\/2023\/02\/sacred-heart-of-jesus-medal-gold-over-925-sterling-silver-1.jpg?resize=350%2C200&ssl=1 1x, https:\/\/i0.wp.com\/blitzfab.de\/wp-content\/uploads\/2023\/02\/sacred-heart-of-jesus-medal-gold-over-925-sterling-silver-1.jpg?resize=525%2C300&ssl=1 1.5x, https:\/\/i0.wp.com\/blitzfab.de\/wp-content\/uploads\/2023\/02\/sacred-heart-of-jesus-medal-gold-over-925-sterling-silver-1.jpg?resize=700%2C400&ssl=1 2x, https:\/\/i0.wp.com\/blitzfab.de\/wp-content\/uploads\/2023\/02\/sacred-heart-of-jesus-medal-gold-over-925-sterling-silver-1.jpg?resize=1050%2C600&ssl=1 3x"},"classes":[]},{"id":11153,"url":"https:\/\/blitzfab.de\/de\/produkt\/home-is-where-the-heart-is-necklace-silver\/","url_meta":{"origin":24,"position":2},"title":"Home is where the heart is Halskette Silber","author":"selenegs","date":"August 4, 2022","format":false,"excerpt":"Material: 925 Sterling Silver Cross size: 17mm x 12mm Round pendant diameter: 16mm Necklace length: 40cm \/ 45cm Necklace weight: 6,5g Coating: Lacquered Made in: Mexico","rel":"","context":"\u00c4hnlicher Beitrag","block_context":{"text":"\u00c4hnlicher Beitrag","link":""},"img":{"alt_text":"home is where the heart is necklace cross silver","src":"https:\/\/i0.wp.com\/blitzfab.de\/wp-content\/uploads\/2022\/08\/home-is-where-the-heart-is-necklace-cross-silver.jpg?resize=350%2C200&ssl=1","width":350,"height":200,"srcset":"https:\/\/i0.wp.com\/blitzfab.de\/wp-content\/uploads\/2022\/08\/home-is-where-the-heart-is-necklace-cross-silver.jpg?resize=350%2C200&ssl=1 1x, https:\/\/i0.wp.com\/blitzfab.de\/wp-content\/uploads\/2022\/08\/home-is-where-the-heart-is-necklace-cross-silver.jpg?resize=525%2C300&ssl=1 1.5x, https:\/\/i0.wp.com\/blitzfab.de\/wp-content\/uploads\/2022\/08\/home-is-where-the-heart-is-necklace-cross-silver.jpg?resize=700%2C400&ssl=1 2x, https:\/\/i0.wp.com\/blitzfab.de\/wp-content\/uploads\/2022\/08\/home-is-where-the-heart-is-necklace-cross-silver.jpg?resize=1050%2C600&ssl=1 3x"},"classes":[]},{"id":10084,"url":"https:\/\/blitzfab.de\/de\/produkt\/christian-necklace-love-god-gold\/","url_meta":{"origin":24,"position":3},"title":"Love God Necklace Gold","author":"selenegs","date":"Mai 3, 2022","format":false,"excerpt":"Material: 925 Sterling Silver or gold vermeil: 24 K gold over 925 sterling silver Number of pendants: 6 Pendant diameter: Approx. 1cm Necklace length: 40cm + 5cm (adjustable from 40cm to 45cm) *perfect for layering* Necklace weight: 3,80g Coating: Lacquered or a thick layer of 24 K gold (4 microns)\u2026","rel":"","context":"\u00c4hnlicher Beitrag","block_context":{"text":"\u00c4hnlicher Beitrag","link":""},"img":{"alt_text":"christian necklace love God gold 925 silver","src":"https:\/\/i0.wp.com\/blitzfab.de\/wp-content\/uploads\/2023\/04\/Love-God-necklace.jpg?resize=350%2C200&ssl=1","width":350,"height":200,"srcset":"https:\/\/i0.wp.com\/blitzfab.de\/wp-content\/uploads\/2023\/04\/Love-God-necklace.jpg?resize=350%2C200&ssl=1 1x, https:\/\/i0.wp.com\/blitzfab.de\/wp-content\/uploads\/2023\/04\/Love-God-necklace.jpg?resize=525%2C300&ssl=1 1.5x, https:\/\/i0.wp.com\/blitzfab.de\/wp-content\/uploads\/2023\/04\/Love-God-necklace.jpg?resize=700%2C400&ssl=1 2x, https:\/\/i0.wp.com\/blitzfab.de\/wp-content\/uploads\/2023\/04\/Love-God-necklace.jpg?resize=1050%2C600&ssl=1 3x"},"classes":[]},{"id":6972,"url":"https:\/\/blitzfab.de\/de\/produkt\/infinity-necklace-silver\/","url_meta":{"origin":24,"position":4},"title":"Unendlichkeit Halskette Silber","author":"selenegs","date":"August 26, 2021","format":false,"excerpt":"Material: 925 Sterling silver Pendant length: 7mm Pendant width: 19mm Pendant weight: 1,2g Necklace length: 40cm Necklace weight: 1,34g Coating: Lacquered Made in: Mexico","rel":"","context":"\u00c4hnlicher Beitrag","block_context":{"text":"\u00c4hnlicher Beitrag","link":""},"img":{"alt_text":"infinity necklace 925 sterling silver","src":"https:\/\/i0.wp.com\/blitzfab.de\/wp-content\/uploads\/2021\/08\/infinity-necklace-925-sterling-silver.jpg?resize=350%2C200&ssl=1","width":350,"height":200,"srcset":"https:\/\/i0.wp.com\/blitzfab.de\/wp-content\/uploads\/2021\/08\/infinity-necklace-925-sterling-silver.jpg?resize=350%2C200&ssl=1 1x, https:\/\/i0.wp.com\/blitzfab.de\/wp-content\/uploads\/2021\/08\/infinity-necklace-925-sterling-silver.jpg?resize=525%2C300&ssl=1 1.5x, https:\/\/i0.wp.com\/blitzfab.de\/wp-content\/uploads\/2021\/08\/infinity-necklace-925-sterling-silver.jpg?resize=700%2C400&ssl=1 2x, https:\/\/i0.wp.com\/blitzfab.de\/wp-content\/uploads\/2021\/08\/infinity-necklace-925-sterling-silver.jpg?resize=1050%2C600&ssl=1 3x"},"classes":[]},{"id":11245,"url":"https:\/\/blitzfab.de\/de\/produkt\/cross-with-diamonds-rose-gold\/","url_meta":{"origin":24,"position":5},"title":"Iced out Jesus Cross Rose Gold","author":"selenegs","date":"September 7, 2022","format":false,"excerpt":"Material: Gold vermeil: 24 K rose gold over 925 sterling silver Pendant length: 32mm Pendant width: 21mm Necklace length: 60cm Weight: 4g Coating: 24k rose gold Made in: Mexico","rel":"","context":"\u00c4hnlicher Beitrag","block_context":{"text":"\u00c4hnlicher Beitrag","link":""},"img":{"alt_text":"rose gold cross with diamonds necklace 925 silver","src":"https:\/\/i0.wp.com\/blitzfab.de\/wp-content\/uploads\/2022\/09\/rose-gold-cross-necklace-925-silver-1.jpg?resize=350%2C200&ssl=1","width":350,"height":200,"srcset":"https:\/\/i0.wp.com\/blitzfab.de\/wp-content\/uploads\/2022\/09\/rose-gold-cross-necklace-925-silver-1.jpg?resize=350%2C200&ssl=1 1x, https:\/\/i0.wp.com\/blitzfab.de\/wp-content\/uploads\/2022\/09\/rose-gold-cross-necklace-925-silver-1.jpg?resize=525%2C300&ssl=1 1.5x, https:\/\/i0.wp.com\/blitzfab.de\/wp-content\/uploads\/2022\/09\/rose-gold-cross-necklace-925-silver-1.jpg?resize=700%2C400&ssl=1 2x, https:\/\/i0.wp.com\/blitzfab.de\/wp-content\/uploads\/2022\/09\/rose-gold-cross-necklace-925-silver-1.jpg?resize=1050%2C600&ssl=1 3x"},"classes":[]}],"jetpack_sharing_enabled":true,"_links":{"self":[{"href":"https:\/\/blitzfab.de\/de\/wp-json\/wp\/v2\/product\/24","targetHints":{"allow":["GET"]}}],"collection":[{"href":"https:\/\/blitzfab.de\/de\/wp-json\/wp\/v2\/product"}],"about":[{"href":"https:\/\/blitzfab.de\/de\/wp-json\/wp\/v2\/types\/product"}],"replies":[{"embeddable":true,"href":"https:\/\/blitzfab.de\/de\/wp-json\/wp\/v2\/comments?post=24"}],"wp:featuredmedia":[{"embeddable":true,"href":"https:\/\/blitzfab.de\/de\/wp-json\/wp\/v2\/media\/17027"}],"wp:attachment":[{"href":"https:\/\/blitzfab.de\/de\/wp-json\/wp\/v2\/media?parent=24"}],"wp:term":[{"taxonomy":"product_brand","embeddable":true,"href":"https:\/\/blitzfab.de\/de\/wp-json\/wp\/v2\/product_brand?post=24"},{"taxonomy":"product_cat","embeddable":true,"href":"https:\/\/blitzfab.de\/de\/wp-json\/wp\/v2\/product_cat?post=24"},{"taxonomy":"product_tag","embeddable":true,"href":"https:\/\/blitzfab.de\/de\/wp-json\/wp\/v2\/product_tag?post=24"}],"curies":[{"name":"wp","href":"https:\/\/api.w.org\/{rel}","templated":true}]}}