{"id":1727,"date":"2021-06-01T08:52:56","date_gmt":"2021-06-01T08:52:56","guid":{"rendered":"https:\/\/blitzfab.de\/?post_type=product&#038;p=1727"},"modified":"2025-11-12T12:43:53","modified_gmt":"2025-11-12T12:43:53","slug":"bright-sun-coin-necklace-gold","status":"publish","type":"product","link":"https:\/\/blitzfab.de\/de\/produkt\/bright-sun-coin-necklace-gold\/","title":{"rendered":"Bright Sun Halskette Gold"},"content":{"rendered":"<p>Unsere Pl\u00e4ttchenkette in Gold ist ein einfaches, aber auff\u00e4lliges Accessoire, das zu l\u00e4ssiger oder formeller Kleidung getragen werden kann. Sie ist ein perfektes Element, das mit anderen Halsketten f\u00fcr einen trendigen Boh\u00e8me-Look kombiniert werden kann.<\/p>","protected":false},"excerpt":{"rendered":"<p><b>Material: <\/b>Gold Vermeil: 24 K Gold \u00fcber 925 Sterlingsilber<\/p>\n<p><strong>Anh\u00e4ngerdurchmesser: <\/strong>13mm<\/p>\n<p><strong>Anh\u00e4ngergewicht: <\/strong>1g<\/p>\n<p><b>Halskettenl\u00e4nge: <\/b>40cm<\/p>\n<p><b>Halskettengewicht: <\/b>1,56g<\/p>\n<p><b>Beschichtung: <\/b>Eine dicke 24K Goldschicht (4 Mikron)<\/p>\n<p><b>Hergestellt in: <\/b>Mexiko<\/p>","protected":false},"featured_media":16983,"comment_status":"open","ping_status":"closed","template":"","meta":{"site-sidebar-layout":"default","site-content-layout":"default","ast-site-content-layout":"default","site-content-style":"default","site-sidebar-style":"default","ast-global-header-display":"","ast-banner-title-visibility":"","ast-main-header-display":"","ast-hfb-above-header-display":"","ast-hfb-below-header-display":"","ast-hfb-mobile-header-display":"","site-post-title":"","ast-breadcrumbs-content":"","ast-featured-img":"","footer-sml-layout":"","theme-transparent-header-meta":"default","adv-header-id-meta":"","stick-header-meta":"","header-above-stick-meta":"","header-main-stick-meta":"","header-below-stick-meta":"","astra-migrate-meta-layouts":"set","ast-page-background-enabled":"default","ast-page-background-meta":{"desktop":{"background-color":"","background-image":"","background-repeat":"repeat","background-position":"center center","background-size":"auto","background-attachment":"scroll","background-type":"","background-media":"","overlay-type":"","overlay-color":"","overlay-opacity":"","overlay-gradient":""},"tablet":{"background-color":"","background-image":"","background-repeat":"repeat","background-position":"center center","background-size":"auto","background-attachment":"scroll","background-type":"","background-media":"","overlay-type":"","overlay-color":"","overlay-opacity":"","overlay-gradient":""},"mobile":{"background-color":"","background-image":"","background-repeat":"repeat","background-position":"center center","background-size":"auto","background-attachment":"scroll","background-type":"","background-media":"","overlay-type":"","overlay-color":"","overlay-opacity":"","overlay-gradient":""}},"ast-content-background-meta":{"desktop":{"background-color":"var(--ast-global-color-5)","background-image":"","background-repeat":"repeat","background-position":"center center","background-size":"auto","background-attachment":"scroll","background-type":"","background-media":"","overlay-type":"","overlay-color":"","overlay-opacity":"","overlay-gradient":""},"tablet":{"background-color":"var(--ast-global-color-5)","background-image":"","background-repeat":"repeat","background-position":"center center","background-size":"auto","background-attachment":"scroll","background-type":"","background-media":"","overlay-type":"","overlay-color":"","overlay-opacity":"","overlay-gradient":""},"mobile":{"background-color":"var(--ast-global-color-5)","background-image":"","background-repeat":"repeat","background-position":"center center","background-size":"auto","background-attachment":"scroll","background-type":"","background-media":"","overlay-type":"","overlay-color":"","overlay-opacity":"","overlay-gradient":""}}},"product_brand":[],"product_cat":[326,42,34,17,325],"product_tag":[],"class_list":{"0":"post-1727","1":"product","2":"type-product","3":"status-publish","4":"has-post-thumbnail","6":"product_cat-all-jewelry","7":"product_cat-gold-jewelry","8":"product_cat-gold-necklaces","9":"product_cat-necklaces","10":"product_cat-pendants","11":"desktop-align-left","12":"tablet-align-left","13":"mobile-align-left","15":"first","16":"instock","17":"shipping-taxable","18":"purchasable","19":"product-type-simple"},"jetpack-related-posts":[{"id":5535,"url":"https:\/\/blitzfab.de\/de\/produkt\/lock-necklace-with-key-gold\/","url_meta":{"origin":1727,"position":0},"title":"Schloss Halskette mit Schl\u00fcssel Gold","author":"selenegs","date":"August 3, 2021","format":false,"excerpt":"Material: Gold vermeil: 24 K gold over 925 sterling silver Pendant length: 22mm Pendant width: 10mm Pendant weight: 2,8g Necklace length: 45cm Necklace thickness: 2mm Necklace weight: 2,84g Coating: A thick layer of 24 K gold (4 microns) Made in: Mexico","rel":"","context":"\u00c4hnlicher Beitrag","block_context":{"text":"\u00c4hnlicher Beitrag","link":""},"img":{"alt_text":"lock necklace gold zirconia 925 silver","src":"https:\/\/i0.wp.com\/blitzfab.de\/wp-content\/uploads\/2021\/08\/lock-necklace-gold-zirconia-925-silver.jpg?resize=350%2C200&ssl=1","width":350,"height":200,"srcset":"https:\/\/i0.wp.com\/blitzfab.de\/wp-content\/uploads\/2021\/08\/lock-necklace-gold-zirconia-925-silver.jpg?resize=350%2C200&ssl=1 1x, https:\/\/i0.wp.com\/blitzfab.de\/wp-content\/uploads\/2021\/08\/lock-necklace-gold-zirconia-925-silver.jpg?resize=525%2C300&ssl=1 1.5x, https:\/\/i0.wp.com\/blitzfab.de\/wp-content\/uploads\/2021\/08\/lock-necklace-gold-zirconia-925-silver.jpg?resize=700%2C400&ssl=1 2x, https:\/\/i0.wp.com\/blitzfab.de\/wp-content\/uploads\/2021\/08\/lock-necklace-gold-zirconia-925-silver.jpg?resize=1050%2C600&ssl=1 3x"},"classes":[]},{"id":8002,"url":"https:\/\/blitzfab.de\/de\/produkt\/hammered-square-pendant-necklace\/","url_meta":{"origin":1727,"position":1},"title":"geh\u00e4mmerte viereckige Halskette Gold","author":"selenegs","date":"September 23, 2021","format":false,"excerpt":"Material: Gold vermeil: 24 K gold over 925 sterling silver Pendant length: 13mm Pendant weight: 0,82g Necklace length: 40cm Necklace weight: 1,56g Coating: A thick layer of 24 K gold (4 microns) Made in: Mexico","rel":"","context":"\u00c4hnlicher Beitrag","block_context":{"text":"\u00c4hnlicher Beitrag","link":""},"img":{"alt_text":"hammered square pendant necklace gold vermeil","src":"https:\/\/i0.wp.com\/blitzfab.de\/wp-content\/uploads\/2021\/09\/hammered-square-pendant-necklace-gold-vermeilk-.jpg?resize=350%2C200&ssl=1","width":350,"height":200,"srcset":"https:\/\/i0.wp.com\/blitzfab.de\/wp-content\/uploads\/2021\/09\/hammered-square-pendant-necklace-gold-vermeilk-.jpg?resize=350%2C200&ssl=1 1x, https:\/\/i0.wp.com\/blitzfab.de\/wp-content\/uploads\/2021\/09\/hammered-square-pendant-necklace-gold-vermeilk-.jpg?resize=525%2C300&ssl=1 1.5x, https:\/\/i0.wp.com\/blitzfab.de\/wp-content\/uploads\/2021\/09\/hammered-square-pendant-necklace-gold-vermeilk-.jpg?resize=700%2C400&ssl=1 2x, https:\/\/i0.wp.com\/blitzfab.de\/wp-content\/uploads\/2021\/09\/hammered-square-pendant-necklace-gold-vermeilk-.jpg?resize=1050%2C600&ssl=1 3x"},"classes":[]},{"id":6954,"url":"https:\/\/blitzfab.de\/de\/produkt\/alexis-key-necklace-gold\/","url_meta":{"origin":1727,"position":2},"title":"Alexis Schl\u00fcssel Halskette Gold","author":"selenegs","date":"August 26, 2021","format":false,"excerpt":"Material: Gold vermeil: 24 K gold over 925 sterling silver Pendant length: 5cm Pendant width: 1,7cm Pendant weight: 2,37g Necklace length: 50cm Necklace weight: 4,5g Coating: A thick layer of 24 K gold (4 microns) Made in: Mexico","rel":"","context":"\u00c4hnlicher Beitrag","block_context":{"text":"\u00c4hnlicher Beitrag","link":""},"img":{"alt_text":"key necklace gold vermeil 925 silver","src":"https:\/\/i0.wp.com\/blitzfab.de\/wp-content\/uploads\/2021\/08\/key-necklace-gold-vermeil-925-silver.jpg?resize=350%2C200&ssl=1","width":350,"height":200,"srcset":"https:\/\/i0.wp.com\/blitzfab.de\/wp-content\/uploads\/2021\/08\/key-necklace-gold-vermeil-925-silver.jpg?resize=350%2C200&ssl=1 1x, https:\/\/i0.wp.com\/blitzfab.de\/wp-content\/uploads\/2021\/08\/key-necklace-gold-vermeil-925-silver.jpg?resize=525%2C300&ssl=1 1.5x, https:\/\/i0.wp.com\/blitzfab.de\/wp-content\/uploads\/2021\/08\/key-necklace-gold-vermeil-925-silver.jpg?resize=700%2C400&ssl=1 2x, https:\/\/i0.wp.com\/blitzfab.de\/wp-content\/uploads\/2021\/08\/key-necklace-gold-vermeil-925-silver.jpg?resize=1050%2C600&ssl=1 3x"},"classes":[]},{"id":10078,"url":"https:\/\/blitzfab.de\/de\/produkt\/smiley-necklace-gold\/","url_meta":{"origin":1727,"position":3},"title":"Smiley Kette Gold","author":"selenegs","date":"Mai 3, 2022","format":false,"excerpt":"Material: Gold vermeil: 24 K gold over 925 sterling silver Pendant diameter: 9mm Necklace length: 34cm + 7cm (adjustable from 34cm to 41cm) *perfect for layering* Necklace thickness: 2mm Chain type: Gucci (mariner link chain) Necklace weight: 3,19g Coating: A thick layer of 24 K gold (4 microns) Made in:\u2026","rel":"","context":"\u00c4hnlicher Beitrag","block_context":{"text":"\u00c4hnlicher Beitrag","link":""},"img":{"alt_text":"smiley necklace gold girls gift","src":"https:\/\/i0.wp.com\/blitzfab.de\/wp-content\/uploads\/2022\/05\/smiley-necklace-gold-girls-gift.jpg?resize=350%2C200&ssl=1","width":350,"height":200,"srcset":"https:\/\/i0.wp.com\/blitzfab.de\/wp-content\/uploads\/2022\/05\/smiley-necklace-gold-girls-gift.jpg?resize=350%2C200&ssl=1 1x, https:\/\/i0.wp.com\/blitzfab.de\/wp-content\/uploads\/2022\/05\/smiley-necklace-gold-girls-gift.jpg?resize=525%2C300&ssl=1 1.5x, https:\/\/i0.wp.com\/blitzfab.de\/wp-content\/uploads\/2022\/05\/smiley-necklace-gold-girls-gift.jpg?resize=700%2C400&ssl=1 2x"},"classes":[]},{"id":1657,"url":"https:\/\/blitzfab.de\/de\/produkt\/horseshoe-necklace-gold\/","url_meta":{"origin":1727,"position":4},"title":"Hufeisen Halskette Gold","author":"selenegs","date":"Mai 31, 2021","format":false,"excerpt":"Material: Gold vermeil: 24 K gold over 925 sterling silver Pendant length: 22mm Pendant width: 11mm Pendant weight: 1g Necklace length: 40cm Necklace weight: 1,56g Stone type: Zirconia Coating: A thick layer of 24 K gold (4 microns) Made in: Mexico","rel":"","context":"\u00c4hnlicher Beitrag","block_context":{"text":"\u00c4hnlicher Beitrag","link":""},"img":{"alt_text":"lucky charm necklace horseshoe gold","src":"https:\/\/i0.wp.com\/blitzfab.de\/wp-content\/uploads\/2021\/05\/lucky-charm-necklace-horseshoe-gold.jpg?resize=350%2C200&ssl=1","width":350,"height":200,"srcset":"https:\/\/i0.wp.com\/blitzfab.de\/wp-content\/uploads\/2021\/05\/lucky-charm-necklace-horseshoe-gold.jpg?resize=350%2C200&ssl=1 1x, https:\/\/i0.wp.com\/blitzfab.de\/wp-content\/uploads\/2021\/05\/lucky-charm-necklace-horseshoe-gold.jpg?resize=525%2C300&ssl=1 1.5x, https:\/\/i0.wp.com\/blitzfab.de\/wp-content\/uploads\/2021\/05\/lucky-charm-necklace-horseshoe-gold.jpg?resize=700%2C400&ssl=1 2x, https:\/\/i0.wp.com\/blitzfab.de\/wp-content\/uploads\/2021\/05\/lucky-charm-necklace-horseshoe-gold.jpg?resize=1050%2C600&ssl=1 3x"},"classes":[]},{"id":8141,"url":"https:\/\/blitzfab.de\/de\/produkt\/delicate-hearts-choker-gold\/","url_meta":{"origin":1727,"position":5},"title":"Herzen Kette Choker gold","author":"selenegs","date":"Dezember 29, 2021","format":false,"excerpt":"Material: Gold vermeil: 24 K gold over 925 sterling silver Number of pendants: 5 Pendant size: 5mm Necklace length: 40cm Necklace weight: 1,56g Coating:\u00a0A thick layer of 24 K gold (4 microns) Made in: Mexico","rel":"","context":"\u00c4hnlicher Beitrag","block_context":{"text":"\u00c4hnlicher Beitrag","link":""},"img":{"alt_text":"dainty hearts choker 925 sterling silver","src":"https:\/\/i0.wp.com\/blitzfab.de\/wp-content\/uploads\/2021\/12\/dainty-hearts-choker-925-sterling-silver.jpg?resize=350%2C200&ssl=1","width":350,"height":200,"srcset":"https:\/\/i0.wp.com\/blitzfab.de\/wp-content\/uploads\/2021\/12\/dainty-hearts-choker-925-sterling-silver.jpg?resize=350%2C200&ssl=1 1x, https:\/\/i0.wp.com\/blitzfab.de\/wp-content\/uploads\/2021\/12\/dainty-hearts-choker-925-sterling-silver.jpg?resize=525%2C300&ssl=1 1.5x, https:\/\/i0.wp.com\/blitzfab.de\/wp-content\/uploads\/2021\/12\/dainty-hearts-choker-925-sterling-silver.jpg?resize=700%2C400&ssl=1 2x, https:\/\/i0.wp.com\/blitzfab.de\/wp-content\/uploads\/2021\/12\/dainty-hearts-choker-925-sterling-silver.jpg?resize=1050%2C600&ssl=1 3x"},"classes":[]}],"jetpack_sharing_enabled":true,"_links":{"self":[{"href":"https:\/\/blitzfab.de\/de\/wp-json\/wp\/v2\/product\/1727","targetHints":{"allow":["GET"]}}],"collection":[{"href":"https:\/\/blitzfab.de\/de\/wp-json\/wp\/v2\/product"}],"about":[{"href":"https:\/\/blitzfab.de\/de\/wp-json\/wp\/v2\/types\/product"}],"replies":[{"embeddable":true,"href":"https:\/\/blitzfab.de\/de\/wp-json\/wp\/v2\/comments?post=1727"}],"wp:featuredmedia":[{"embeddable":true,"href":"https:\/\/blitzfab.de\/de\/wp-json\/wp\/v2\/media\/16983"}],"wp:attachment":[{"href":"https:\/\/blitzfab.de\/de\/wp-json\/wp\/v2\/media?parent=1727"}],"wp:term":[{"taxonomy":"product_brand","embeddable":true,"href":"https:\/\/blitzfab.de\/de\/wp-json\/wp\/v2\/product_brand?post=1727"},{"taxonomy":"product_cat","embeddable":true,"href":"https:\/\/blitzfab.de\/de\/wp-json\/wp\/v2\/product_cat?post=1727"},{"taxonomy":"product_tag","embeddable":true,"href":"https:\/\/blitzfab.de\/de\/wp-json\/wp\/v2\/product_tag?post=1727"}],"curies":[{"name":"wp","href":"https:\/\/api.w.org\/{rel}","templated":true}]}}