{"id":1674,"date":"2021-05-31T12:53:41","date_gmt":"2021-05-31T12:53:41","guid":{"rendered":"https:\/\/blitzfab.de\/?post_type=product&#038;p=1674"},"modified":"2025-11-12T12:44:24","modified_gmt":"2025-11-12T12:44:24","slug":"spiral-stud-earrings-gold","status":"publish","type":"product","link":"https:\/\/blitzfab.de\/de\/produkt\/spiral-stud-earrings-gold\/","title":{"rendered":"Spirale Ohrstecker Gold"},"content":{"rendered":"<p>Unsere Spiral-Ohrstecker Gold sind dezent und dein Basic-Schmuckst\u00fcck, das sich zu jedem Outfit kombinieren l\u00e4sst. Dies sind klassische Ohrringe, die in keinem Schmuckk\u00e4stchen fehlen sollten.<\/p>\n<h3>Spirale Ohrstecker Gold<\/h3>\n<ul>\n<li id=\"tw-target-text\" class=\"tw-data-text tw-text-large tw-ta\" dir=\"ltr\" data-placeholder=\"\u00dcbersetzung\"><span class=\"Y2IQFc\" lang=\"en\">Trendige Gold Spiral Ohrstecker f\u00fcr jeden Anlass <\/span><\/li>\n<li class=\"tw-data-text tw-text-large tw-ta\" dir=\"ltr\" data-placeholder=\"\u00dcbersetzung\"><span class=\"Y2IQFc\" lang=\"en\">Schmuckst\u00fcck hochglanzpoliert<\/span><\/li>\n<li class=\"tw-data-text tw-text-large tw-ta\" dir=\"ltr\" data-placeholder=\"\u00dcbersetzung\">Hypoallergen, zink-, blei- und nickelfrei<\/li>\n<li class=\"tw-data-text tw-text-large tw-ta\" dir=\"ltr\" data-placeholder=\"\u00dcbersetzung\">Tolles Geburtstagsgeschenk<\/li>\n<\/ul>\n<p>&nbsp;<\/p>","protected":false},"excerpt":{"rendered":"<p><b>Material:<\/b> Gold Vermeil: 24 K Gold \u00fcber 925 Sterlingsilber<\/p>\n<p><b>Kristallart: <\/b>Zirkonia<\/p>\n<p><strong>Durchmesser: <\/strong>7mm<\/p>\n<p><strong>Gewicht: <\/strong>0,82g<\/p>\n<p><b>Beschichtung: <\/b>Eine dicke 24K Goldschicht (4 Mikron)<\/p>\n<p><b>Hergestellt in: <\/b>Mexiko<\/p>","protected":false},"featured_media":17119,"comment_status":"closed","ping_status":"closed","template":"","meta":{"site-sidebar-layout":"default","site-content-layout":"default","ast-site-content-layout":"default","site-content-style":"default","site-sidebar-style":"default","ast-global-header-display":"","ast-banner-title-visibility":"","ast-main-header-display":"","ast-hfb-above-header-display":"","ast-hfb-below-header-display":"","ast-hfb-mobile-header-display":"","site-post-title":"","ast-breadcrumbs-content":"","ast-featured-img":"","footer-sml-layout":"","theme-transparent-header-meta":"default","adv-header-id-meta":"","stick-header-meta":"","header-above-stick-meta":"","header-main-stick-meta":"","header-below-stick-meta":"","astra-migrate-meta-layouts":"set","ast-page-background-enabled":"default","ast-page-background-meta":{"desktop":{"background-color":"","background-image":"","background-repeat":"repeat","background-position":"center center","background-size":"auto","background-attachment":"scroll","background-type":"","background-media":"","overlay-type":"","overlay-color":"","overlay-opacity":"","overlay-gradient":""},"tablet":{"background-color":"","background-image":"","background-repeat":"repeat","background-position":"center center","background-size":"auto","background-attachment":"scroll","background-type":"","background-media":"","overlay-type":"","overlay-color":"","overlay-opacity":"","overlay-gradient":""},"mobile":{"background-color":"","background-image":"","background-repeat":"repeat","background-position":"center center","background-size":"auto","background-attachment":"scroll","background-type":"","background-media":"","overlay-type":"","overlay-color":"","overlay-opacity":"","overlay-gradient":""}},"ast-content-background-meta":{"desktop":{"background-color":"var(--ast-global-color-5)","background-image":"","background-repeat":"repeat","background-position":"center center","background-size":"auto","background-attachment":"scroll","background-type":"","background-media":"","overlay-type":"","overlay-color":"","overlay-opacity":"","overlay-gradient":""},"tablet":{"background-color":"var(--ast-global-color-5)","background-image":"","background-repeat":"repeat","background-position":"center center","background-size":"auto","background-attachment":"scroll","background-type":"","background-media":"","overlay-type":"","overlay-color":"","overlay-opacity":"","overlay-gradient":""},"mobile":{"background-color":"var(--ast-global-color-5)","background-image":"","background-repeat":"repeat","background-position":"center center","background-size":"auto","background-attachment":"scroll","background-type":"","background-media":"","overlay-type":"","overlay-color":"","overlay-opacity":"","overlay-gradient":""}}},"product_brand":[],"product_cat":[326,32,36,42,322],"product_tag":[],"class_list":{"0":"post-1674","1":"product","2":"type-product","3":"status-publish","4":"has-post-thumbnail","6":"product_cat-all-jewelry","7":"product_cat-earrings","8":"product_cat-gold-earrings","9":"product_cat-gold-jewelry","10":"product_cat-stud-earrings","11":"desktop-align-left","12":"tablet-align-left","13":"mobile-align-left","15":"first","16":"instock","17":"shipping-taxable","18":"purchasable","19":"product-type-simple"},"jetpack-related-posts":[{"id":7995,"url":"https:\/\/blitzfab.de\/de\/produkt\/hammered-rectangle-stud-earrings-gold\/","url_meta":{"origin":1674,"position":0},"title":"geh\u00e4mmerte viereckige Ohrstecker Gold","author":"selenegs","date":"September 15, 2021","format":false,"excerpt":"Material: Gold vermeil: 24 K gold over 925 sterling silver Length: 10mm Width: 3mm Weight: 0,75g Coating: A thick layer of 24 K gold (4 microns) Made in: Mexico","rel":"","context":"\u00c4hnlicher Beitrag","block_context":{"text":"\u00c4hnlicher Beitrag","link":""},"img":{"alt_text":"","src":"https:\/\/i0.wp.com\/blitzfab.de\/wp-content\/uploads\/2021\/09\/hammered-rectangle-stud-earrings-gold.jpg?resize=350%2C200&ssl=1","width":350,"height":200,"srcset":"https:\/\/i0.wp.com\/blitzfab.de\/wp-content\/uploads\/2021\/09\/hammered-rectangle-stud-earrings-gold.jpg?resize=350%2C200&ssl=1 1x, https:\/\/i0.wp.com\/blitzfab.de\/wp-content\/uploads\/2021\/09\/hammered-rectangle-stud-earrings-gold.jpg?resize=525%2C300&ssl=1 1.5x, https:\/\/i0.wp.com\/blitzfab.de\/wp-content\/uploads\/2021\/09\/hammered-rectangle-stud-earrings-gold.jpg?resize=700%2C400&ssl=1 2x, https:\/\/i0.wp.com\/blitzfab.de\/wp-content\/uploads\/2021\/09\/hammered-rectangle-stud-earrings-gold.jpg?resize=1050%2C600&ssl=1 3x, https:\/\/i0.wp.com\/blitzfab.de\/wp-content\/uploads\/2021\/09\/hammered-rectangle-stud-earrings-gold.jpg?resize=1400%2C800&ssl=1 4x"},"classes":[]},{"id":1683,"url":"https:\/\/blitzfab.de\/de\/produkt\/diamond-cut-earrings-gold\/","url_meta":{"origin":1674,"position":1},"title":"Diamantschliff Ohrstecker Gold","author":"selenegs","date":"Mai 31, 2021","format":false,"excerpt":"Material: Gold vermeil: 24 K gold over 925 sterling silver Diameter: 7mm Weight: 0,47g Coating: A thick layer of 24 K gold (4 microns) Made in: Mexico","rel":"","context":"\u00c4hnlicher Beitrag","block_context":{"text":"\u00c4hnlicher Beitrag","link":""},"img":{"alt_text":"diamond cut earrings studs gold","src":"https:\/\/i0.wp.com\/blitzfab.de\/wp-content\/uploads\/2021\/05\/diamond-cut-stud-earrings-gold.jpg?resize=350%2C200&ssl=1","width":350,"height":200,"srcset":"https:\/\/i0.wp.com\/blitzfab.de\/wp-content\/uploads\/2021\/05\/diamond-cut-stud-earrings-gold.jpg?resize=350%2C200&ssl=1 1x, https:\/\/i0.wp.com\/blitzfab.de\/wp-content\/uploads\/2021\/05\/diamond-cut-stud-earrings-gold.jpg?resize=525%2C300&ssl=1 1.5x, https:\/\/i0.wp.com\/blitzfab.de\/wp-content\/uploads\/2021\/05\/diamond-cut-stud-earrings-gold.jpg?resize=700%2C400&ssl=1 2x, https:\/\/i0.wp.com\/blitzfab.de\/wp-content\/uploads\/2021\/05\/diamond-cut-stud-earrings-gold.jpg?resize=1050%2C600&ssl=1 3x"},"classes":[]},{"id":4083,"url":"https:\/\/blitzfab.de\/de\/produkt\/leaf-earrings-gold\/","url_meta":{"origin":1674,"position":2},"title":"leaf stud earrings","author":"selenegs","date":"Juli 8, 2021","format":false,"excerpt":"Material: Gold vermeil: 24 K gold over 925 sterling silver Length: 10mm Width: 5mm Weight: 0,75g Coating: A thick layer of 24 K gold (4 microns) Made in: Mexico","rel":"","context":"\u00c4hnlicher Beitrag","block_context":{"text":"\u00c4hnlicher Beitrag","link":""},"img":{"alt_text":"leaf earrings gold vermeil studs","src":"https:\/\/i0.wp.com\/blitzfab.de\/wp-content\/uploads\/2021\/07\/leaf-earrings-gold-vermeil-studs.jpg?resize=350%2C200&ssl=1","width":350,"height":200,"srcset":"https:\/\/i0.wp.com\/blitzfab.de\/wp-content\/uploads\/2021\/07\/leaf-earrings-gold-vermeil-studs.jpg?resize=350%2C200&ssl=1 1x, https:\/\/i0.wp.com\/blitzfab.de\/wp-content\/uploads\/2021\/07\/leaf-earrings-gold-vermeil-studs.jpg?resize=525%2C300&ssl=1 1.5x, https:\/\/i0.wp.com\/blitzfab.de\/wp-content\/uploads\/2021\/07\/leaf-earrings-gold-vermeil-studs.jpg?resize=700%2C400&ssl=1 2x, https:\/\/i0.wp.com\/blitzfab.de\/wp-content\/uploads\/2021\/07\/leaf-earrings-gold-vermeil-studs.jpg?resize=1050%2C600&ssl=1 3x, https:\/\/i0.wp.com\/blitzfab.de\/wp-content\/uploads\/2021\/07\/leaf-earrings-gold-vermeil-studs.jpg?resize=1400%2C800&ssl=1 4x"},"classes":[]},{"id":16371,"url":"https:\/\/blitzfab.de\/de\/produkt\/glam-statement-earrings-gold\/","url_meta":{"origin":1674,"position":3},"title":"Glam breite Ohrringe Gold","author":"selenegs","date":"Juni 7, 2023","format":false,"excerpt":"Material: Gold vermeil: 24 K gold over 925 sterling silver Width: 10 mm Length: 15 mm Weight: 4,27 g Coating: A thick layer of 24 K gold (4 microns) Made in: Mexico","rel":"","context":"\u00c4hnlicher Beitrag","block_context":{"text":"\u00c4hnlicher Beitrag","link":""},"img":{"alt_text":"statement earrings gold vermeil 24 k 925 silver","src":"https:\/\/i0.wp.com\/blitzfab.de\/wp-content\/uploads\/2023\/06\/statement-earrings-gold-vermeil-24-k-925-silver.jpg?resize=350%2C200&ssl=1","width":350,"height":200,"srcset":"https:\/\/i0.wp.com\/blitzfab.de\/wp-content\/uploads\/2023\/06\/statement-earrings-gold-vermeil-24-k-925-silver.jpg?resize=350%2C200&ssl=1 1x, https:\/\/i0.wp.com\/blitzfab.de\/wp-content\/uploads\/2023\/06\/statement-earrings-gold-vermeil-24-k-925-silver.jpg?resize=525%2C300&ssl=1 1.5x, https:\/\/i0.wp.com\/blitzfab.de\/wp-content\/uploads\/2023\/06\/statement-earrings-gold-vermeil-24-k-925-silver.jpg?resize=700%2C400&ssl=1 2x, https:\/\/i0.wp.com\/blitzfab.de\/wp-content\/uploads\/2023\/06\/statement-earrings-gold-vermeil-24-k-925-silver.jpg?resize=1050%2C600&ssl=1 3x"},"classes":[]},{"id":17048,"url":"https:\/\/blitzfab.de\/de\/produkt\/tiny-stud-earrings-moon-10k-gold\/","url_meta":{"origin":1674,"position":4},"title":"Tiny moon stud earrings 10K gold","author":"selenegs","date":"Juli 13, 2023","format":false,"excerpt":"Introducing our Tiny Moon Stud Earrings. Each delicate earring features a petite crescent moon, a celestial symbol of grace and wonder, delicately sculpted from shimmering white gold of the finest quality. These celestial adornments are forged with 10-karat white gold or 10K solid yellow gold, known for its timeless beauty\u2026","rel":"","context":"\u00c4hnlicher Beitrag","block_context":{"text":"\u00c4hnlicher Beitrag","link":""},"img":{"alt_text":"tiny stud earrings moon real gold 10k","src":"https:\/\/i0.wp.com\/blitzfab.de\/wp-content\/uploads\/2023\/07\/tiny-moon-real-gold-10k-earrings-studs-.jpg?resize=350%2C200&ssl=1","width":350,"height":200,"srcset":"https:\/\/i0.wp.com\/blitzfab.de\/wp-content\/uploads\/2023\/07\/tiny-moon-real-gold-10k-earrings-studs-.jpg?resize=350%2C200&ssl=1 1x, https:\/\/i0.wp.com\/blitzfab.de\/wp-content\/uploads\/2023\/07\/tiny-moon-real-gold-10k-earrings-studs-.jpg?resize=525%2C300&ssl=1 1.5x, https:\/\/i0.wp.com\/blitzfab.de\/wp-content\/uploads\/2023\/07\/tiny-moon-real-gold-10k-earrings-studs-.jpg?resize=700%2C400&ssl=1 2x, https:\/\/i0.wp.com\/blitzfab.de\/wp-content\/uploads\/2023\/07\/tiny-moon-real-gold-10k-earrings-studs-.jpg?resize=1050%2C600&ssl=1 3x, https:\/\/i0.wp.com\/blitzfab.de\/wp-content\/uploads\/2023\/07\/tiny-moon-real-gold-10k-earrings-studs-.jpg?resize=1400%2C800&ssl=1 4x"},"classes":[]},{"id":11048,"url":"https:\/\/blitzfab.de\/de\/produkt\/triangular-earrings-gold\/","url_meta":{"origin":1674,"position":5},"title":"Pyramid dreieckige Ohrringe Gold","author":"selenegs","date":"Juli 2, 2022","format":false,"excerpt":"Material: Gold vermeil: 24 K gold over 925 sterling silver Size: 12mm Weight: 2,18g Coating: A thick layer of 24 K gold (4 microns) Made in: Mexico","rel":"","context":"\u00c4hnlicher Beitrag","block_context":{"text":"\u00c4hnlicher Beitrag","link":""},"img":{"alt_text":"triangle earrings minimalist gold","src":"https:\/\/i0.wp.com\/blitzfab.de\/wp-content\/uploads\/2022\/07\/triangle-earrings-minimalist-gold.jpg?resize=350%2C200&ssl=1","width":350,"height":200,"srcset":"https:\/\/i0.wp.com\/blitzfab.de\/wp-content\/uploads\/2022\/07\/triangle-earrings-minimalist-gold.jpg?resize=350%2C200&ssl=1 1x, https:\/\/i0.wp.com\/blitzfab.de\/wp-content\/uploads\/2022\/07\/triangle-earrings-minimalist-gold.jpg?resize=525%2C300&ssl=1 1.5x, https:\/\/i0.wp.com\/blitzfab.de\/wp-content\/uploads\/2022\/07\/triangle-earrings-minimalist-gold.jpg?resize=700%2C400&ssl=1 2x, https:\/\/i0.wp.com\/blitzfab.de\/wp-content\/uploads\/2022\/07\/triangle-earrings-minimalist-gold.jpg?resize=1050%2C600&ssl=1 3x"},"classes":[]}],"jetpack_sharing_enabled":true,"_links":{"self":[{"href":"https:\/\/blitzfab.de\/de\/wp-json\/wp\/v2\/product\/1674","targetHints":{"allow":["GET"]}}],"collection":[{"href":"https:\/\/blitzfab.de\/de\/wp-json\/wp\/v2\/product"}],"about":[{"href":"https:\/\/blitzfab.de\/de\/wp-json\/wp\/v2\/types\/product"}],"replies":[{"embeddable":true,"href":"https:\/\/blitzfab.de\/de\/wp-json\/wp\/v2\/comments?post=1674"}],"wp:featuredmedia":[{"embeddable":true,"href":"https:\/\/blitzfab.de\/de\/wp-json\/wp\/v2\/media\/17119"}],"wp:attachment":[{"href":"https:\/\/blitzfab.de\/de\/wp-json\/wp\/v2\/media?parent=1674"}],"wp:term":[{"taxonomy":"product_brand","embeddable":true,"href":"https:\/\/blitzfab.de\/de\/wp-json\/wp\/v2\/product_brand?post=1674"},{"taxonomy":"product_cat","embeddable":true,"href":"https:\/\/blitzfab.de\/de\/wp-json\/wp\/v2\/product_cat?post=1674"},{"taxonomy":"product_tag","embeddable":true,"href":"https:\/\/blitzfab.de\/de\/wp-json\/wp\/v2\/product_tag?post=1674"}],"curies":[{"name":"wp","href":"https:\/\/api.w.org\/{rel}","templated":true}]}}