{"id":1644,"date":"2021-05-27T14:07:10","date_gmt":"2021-05-27T14:07:10","guid":{"rendered":"https:\/\/blitzfab.de\/?post_type=product&#038;p=1644"},"modified":"2025-11-13T14:17:28","modified_gmt":"2025-11-13T14:17:28","slug":"crystal-clear-swarovski-heart-earrings","status":"publish","type":"product","link":"https:\/\/blitzfab.de\/de\/produkt\/crystal-clear-swarovski-heart-earrings\/","title":{"rendered":"Crystal Clear Herz Ohrstecker Silber"},"content":{"rendered":"<p>Unsere Crystal Clear Ohrstecker sind farblos und \u00e4ndern ihre Farbe je nachdem, was du tr\u00e4gst. Wenn du dich bewegst oder die Kleidung wechselst, kannst du sehen, wie sich die Lichtreflexion wundersch\u00f6n \u00e4ndert. Mit Kristallen von Swarovski Herz Ohrringe.<\/p>","protected":false},"excerpt":{"rendered":"<p><b>Material: <\/b>925 Sterling silver<\/p>\n<p><b>Farbe: <\/b>Farblos (die Farbe \u00e4ndert sich, je nach Kleidung)<\/p>\n<p><strong>Kristallart: <\/strong>Kristalle von Swarovski<\/p>\n<p><strong>Durchmesser: <\/strong>10mm<\/p>\n<p><strong>Gewicht: <\/strong>1,4g<\/p>\n<p><b>Beschichtung: <\/b>lackiert<\/p>\n<p><b>Hergestellt in: <\/b>Mexiko<\/p>","protected":false},"featured_media":17427,"comment_status":"closed","ping_status":"closed","template":"","meta":{"site-sidebar-layout":"default","site-content-layout":"default","ast-site-content-layout":"default","site-content-style":"default","site-sidebar-style":"default","ast-global-header-display":"","ast-banner-title-visibility":"","ast-main-header-display":"","ast-hfb-above-header-display":"","ast-hfb-below-header-display":"","ast-hfb-mobile-header-display":"","site-post-title":"","ast-breadcrumbs-content":"","ast-featured-img":"","footer-sml-layout":"","theme-transparent-header-meta":"default","adv-header-id-meta":"","stick-header-meta":"","header-above-stick-meta":"","header-main-stick-meta":"","header-below-stick-meta":"","astra-migrate-meta-layouts":"set","ast-page-background-enabled":"default","ast-page-background-meta":{"desktop":{"background-color":"","background-image":"","background-repeat":"repeat","background-position":"center center","background-size":"auto","background-attachment":"scroll","background-type":"","background-media":"","overlay-type":"","overlay-color":"","overlay-opacity":"","overlay-gradient":""},"tablet":{"background-color":"","background-image":"","background-repeat":"repeat","background-position":"center center","background-size":"auto","background-attachment":"scroll","background-type":"","background-media":"","overlay-type":"","overlay-color":"","overlay-opacity":"","overlay-gradient":""},"mobile":{"background-color":"","background-image":"","background-repeat":"repeat","background-position":"center center","background-size":"auto","background-attachment":"scroll","background-type":"","background-media":"","overlay-type":"","overlay-color":"","overlay-opacity":"","overlay-gradient":""}},"ast-content-background-meta":{"desktop":{"background-color":"var(--ast-global-color-5)","background-image":"","background-repeat":"repeat","background-position":"center center","background-size":"auto","background-attachment":"scroll","background-type":"","background-media":"","overlay-type":"","overlay-color":"","overlay-opacity":"","overlay-gradient":""},"tablet":{"background-color":"var(--ast-global-color-5)","background-image":"","background-repeat":"repeat","background-position":"center center","background-size":"auto","background-attachment":"scroll","background-type":"","background-media":"","overlay-type":"","overlay-color":"","overlay-opacity":"","overlay-gradient":""},"mobile":{"background-color":"var(--ast-global-color-5)","background-image":"","background-repeat":"repeat","background-position":"center center","background-size":"auto","background-attachment":"scroll","background-type":"","background-media":"","overlay-type":"","overlay-color":"","overlay-opacity":"","overlay-gradient":""}}},"product_brand":[],"product_cat":[326,32,37,322],"product_tag":[],"class_list":{"0":"post-1644","1":"product","2":"type-product","3":"status-publish","4":"has-post-thumbnail","6":"product_cat-all-jewelry","7":"product_cat-earrings","8":"product_cat-silver-earrings","9":"product_cat-stud-earrings","10":"desktop-align-left","11":"tablet-align-left","12":"mobile-align-left","14":"first","15":"instock","16":"shipping-taxable","17":"purchasable","18":"product-type-simple"},"jetpack-related-posts":[{"id":17058,"url":"https:\/\/blitzfab.de\/de\/produkt\/tiny-heart-stud-screw-back-earrings-10k-gold\/","url_meta":{"origin":1644,"position":0},"title":"Tiny heart stud earrings 10K gold","author":"selenegs","date":"Juli 14, 2023","format":false,"excerpt":"Our tiny heart\u00a0earrings feature a dainty heart shape, symbolizing love and affection. The hearts are small and petite, making them ideal for those who prefer subtle and understated jewelry. The design is classic and timeless, suitable for all ages and occasions. These screw back earrings are crafted from 10k gold,\u2026","rel":"","context":"\u00c4hnlicher Beitrag","block_context":{"text":"\u00c4hnlicher Beitrag","link":""},"img":{"alt_text":"tiny heart screw back earrings 10 k solid gold","src":"https:\/\/i0.wp.com\/blitzfab.de\/wp-content\/uploads\/2023\/07\/tiny-heart-screw-back-earrings-10-k-solid-gold.jpg?resize=350%2C200&ssl=1","width":350,"height":200,"srcset":"https:\/\/i0.wp.com\/blitzfab.de\/wp-content\/uploads\/2023\/07\/tiny-heart-screw-back-earrings-10-k-solid-gold.jpg?resize=350%2C200&ssl=1 1x, https:\/\/i0.wp.com\/blitzfab.de\/wp-content\/uploads\/2023\/07\/tiny-heart-screw-back-earrings-10-k-solid-gold.jpg?resize=525%2C300&ssl=1 1.5x, https:\/\/i0.wp.com\/blitzfab.de\/wp-content\/uploads\/2023\/07\/tiny-heart-screw-back-earrings-10-k-solid-gold.jpg?resize=700%2C400&ssl=1 2x, https:\/\/i0.wp.com\/blitzfab.de\/wp-content\/uploads\/2023\/07\/tiny-heart-screw-back-earrings-10-k-solid-gold.jpg?resize=1050%2C600&ssl=1 3x, https:\/\/i0.wp.com\/blitzfab.de\/wp-content\/uploads\/2023\/07\/tiny-heart-screw-back-earrings-10-k-solid-gold.jpg?resize=1400%2C800&ssl=1 4x"},"classes":[]},{"id":9875,"url":"https:\/\/blitzfab.de\/de\/produkt\/i-heart-you-heart-hoop-earrings-silver\/","url_meta":{"origin":1644,"position":1},"title":"I heart you Creolen Silber","author":"selenegs","date":"M\u00e4rz 28, 2022","format":false,"excerpt":"Material: 925 Sterling silver Inner diameter: 11mm Outer diameter: 15mm Weight: 2,7g Stone type: Zirconia Coating: Lacquered Made in: Mexico","rel":"","context":"\u00c4hnlicher Beitrag","block_context":{"text":"\u00c4hnlicher Beitrag","link":""},"img":{"alt_text":"heart hoop earrings zirconia silver 925","src":"https:\/\/i0.wp.com\/blitzfab.de\/wp-content\/uploads\/2022\/03\/heart-hoop-earrings-zirconia-silver-925.jpg?resize=350%2C200&ssl=1","width":350,"height":200,"srcset":"https:\/\/i0.wp.com\/blitzfab.de\/wp-content\/uploads\/2022\/03\/heart-hoop-earrings-zirconia-silver-925.jpg?resize=350%2C200&ssl=1 1x, https:\/\/i0.wp.com\/blitzfab.de\/wp-content\/uploads\/2022\/03\/heart-hoop-earrings-zirconia-silver-925.jpg?resize=525%2C300&ssl=1 1.5x, https:\/\/i0.wp.com\/blitzfab.de\/wp-content\/uploads\/2022\/03\/heart-hoop-earrings-zirconia-silver-925.jpg?resize=700%2C400&ssl=1 2x, https:\/\/i0.wp.com\/blitzfab.de\/wp-content\/uploads\/2022\/03\/heart-hoop-earrings-zirconia-silver-925.jpg?resize=1050%2C600&ssl=1 3x"},"classes":[]},{"id":11168,"url":"https:\/\/blitzfab.de\/de\/produkt\/heart-lock-gold-dangle-earrings\/","url_meta":{"origin":1644,"position":2},"title":"Herzschloss Creolen mit Anh\u00e4nger Gold","author":"selenegs","date":"August 16, 2022","format":false,"excerpt":"Material: 925 Sterling Silver 24K gold vermeil Earring diameter: 12mm Charm size: 9mm x 12 mm Weight: 2,6g Stone type: Zirconia Coating:\u00a0A thick layer of 24 K gold (4 microns) Made in: Mexico","rel":"","context":"\u00c4hnlicher Beitrag","block_context":{"text":"\u00c4hnlicher Beitrag","link":""},"img":{"alt_text":"gold dangle earrings heart lock","src":"https:\/\/i0.wp.com\/blitzfab.de\/wp-content\/uploads\/2022\/08\/gold-dangle-earrings-heart-lock.jpg?resize=350%2C200&ssl=1","width":350,"height":200,"srcset":"https:\/\/i0.wp.com\/blitzfab.de\/wp-content\/uploads\/2022\/08\/gold-dangle-earrings-heart-lock.jpg?resize=350%2C200&ssl=1 1x, https:\/\/i0.wp.com\/blitzfab.de\/wp-content\/uploads\/2022\/08\/gold-dangle-earrings-heart-lock.jpg?resize=525%2C300&ssl=1 1.5x, https:\/\/i0.wp.com\/blitzfab.de\/wp-content\/uploads\/2022\/08\/gold-dangle-earrings-heart-lock.jpg?resize=700%2C400&ssl=1 2x, https:\/\/i0.wp.com\/blitzfab.de\/wp-content\/uploads\/2022\/08\/gold-dangle-earrings-heart-lock.jpg?resize=1050%2C600&ssl=1 3x"},"classes":[]},{"id":17048,"url":"https:\/\/blitzfab.de\/de\/produkt\/tiny-stud-earrings-moon-10k-gold\/","url_meta":{"origin":1644,"position":3},"title":"Tiny moon stud earrings 10K gold","author":"selenegs","date":"Juli 13, 2023","format":false,"excerpt":"Introducing our Tiny Moon Stud Earrings. Each delicate earring features a petite crescent moon, a celestial symbol of grace and wonder, delicately sculpted from shimmering white gold of the finest quality. These celestial adornments are forged with 10-karat white gold or 10K solid yellow gold, known for its timeless beauty\u2026","rel":"","context":"\u00c4hnlicher Beitrag","block_context":{"text":"\u00c4hnlicher Beitrag","link":""},"img":{"alt_text":"tiny stud earrings moon real gold 10k","src":"https:\/\/i0.wp.com\/blitzfab.de\/wp-content\/uploads\/2023\/07\/tiny-moon-real-gold-10k-earrings-studs-.jpg?resize=350%2C200&ssl=1","width":350,"height":200,"srcset":"https:\/\/i0.wp.com\/blitzfab.de\/wp-content\/uploads\/2023\/07\/tiny-moon-real-gold-10k-earrings-studs-.jpg?resize=350%2C200&ssl=1 1x, https:\/\/i0.wp.com\/blitzfab.de\/wp-content\/uploads\/2023\/07\/tiny-moon-real-gold-10k-earrings-studs-.jpg?resize=525%2C300&ssl=1 1.5x, https:\/\/i0.wp.com\/blitzfab.de\/wp-content\/uploads\/2023\/07\/tiny-moon-real-gold-10k-earrings-studs-.jpg?resize=700%2C400&ssl=1 2x, https:\/\/i0.wp.com\/blitzfab.de\/wp-content\/uploads\/2023\/07\/tiny-moon-real-gold-10k-earrings-studs-.jpg?resize=1050%2C600&ssl=1 3x, https:\/\/i0.wp.com\/blitzfab.de\/wp-content\/uploads\/2023\/07\/tiny-moon-real-gold-10k-earrings-studs-.jpg?resize=1400%2C800&ssl=1 4x"},"classes":[]},{"id":14098,"url":"https:\/\/blitzfab.de\/de\/produkt\/statement-chunky-earrings-gold\/","url_meta":{"origin":1644,"position":4},"title":"Cool dicke statement Ohrringe","author":"selenegs","date":"Februar 25, 2023","format":false,"excerpt":"Material: Gold vermeil: 24 K gold over 925 sterling silver Upper hoop outer diameter: 12mm Upper hoop inner diameter: 8mm Lower hoop outer diameter: 16mm Lower hoop inner diameter: 10mm Weight: 4,22g Coating: A thick layer of 24 K gold (4 microns) Made in: Mexico","rel":"","context":"\u00c4hnlicher Beitrag","block_context":{"text":"\u00c4hnlicher Beitrag","link":""},"img":{"alt_text":"statement chunky earrings gold vermeil24k","src":"https:\/\/i0.wp.com\/blitzfab.de\/wp-content\/uploads\/2023\/02\/statement-chunky-earrings-gold-vermeil24k.jpg?resize=350%2C200&ssl=1","width":350,"height":200,"srcset":"https:\/\/i0.wp.com\/blitzfab.de\/wp-content\/uploads\/2023\/02\/statement-chunky-earrings-gold-vermeil24k.jpg?resize=350%2C200&ssl=1 1x, https:\/\/i0.wp.com\/blitzfab.de\/wp-content\/uploads\/2023\/02\/statement-chunky-earrings-gold-vermeil24k.jpg?resize=525%2C300&ssl=1 1.5x, https:\/\/i0.wp.com\/blitzfab.de\/wp-content\/uploads\/2023\/02\/statement-chunky-earrings-gold-vermeil24k.jpg?resize=700%2C400&ssl=1 2x, https:\/\/i0.wp.com\/blitzfab.de\/wp-content\/uploads\/2023\/02\/statement-chunky-earrings-gold-vermeil24k.jpg?resize=1050%2C600&ssl=1 3x"},"classes":[]},{"id":3535,"url":"https:\/\/blitzfab.de\/de\/produkt\/aquamarine-swarovski-crystals-bracelet-silver-925\/","url_meta":{"origin":1644,"position":5},"title":"Aquamarine Armband Silber","author":"selenegs","date":"Juli 5, 2021","format":false,"excerpt":"Material: 925 Sterling silver Stone type: Crystals from Swarvoski Length: 18cm Weight: 5,8g Coating: Lacquered Made in: Mexico","rel":"","context":"\u00c4hnlicher Beitrag","block_context":{"text":"\u00c4hnlicher Beitrag","link":""},"img":{"alt_text":"Swarovski crystals bracelet 925 sterling silver","src":"https:\/\/i0.wp.com\/blitzfab.de\/wp-content\/uploads\/2021\/07\/Swarovski-crystals-bracelet-925-sterling-silver.jpg?resize=350%2C200&ssl=1","width":350,"height":200,"srcset":"https:\/\/i0.wp.com\/blitzfab.de\/wp-content\/uploads\/2021\/07\/Swarovski-crystals-bracelet-925-sterling-silver.jpg?resize=350%2C200&ssl=1 1x, https:\/\/i0.wp.com\/blitzfab.de\/wp-content\/uploads\/2021\/07\/Swarovski-crystals-bracelet-925-sterling-silver.jpg?resize=525%2C300&ssl=1 1.5x, https:\/\/i0.wp.com\/blitzfab.de\/wp-content\/uploads\/2021\/07\/Swarovski-crystals-bracelet-925-sterling-silver.jpg?resize=700%2C400&ssl=1 2x, https:\/\/i0.wp.com\/blitzfab.de\/wp-content\/uploads\/2021\/07\/Swarovski-crystals-bracelet-925-sterling-silver.jpg?resize=1050%2C600&ssl=1 3x"},"classes":[]}],"jetpack_sharing_enabled":true,"_links":{"self":[{"href":"https:\/\/blitzfab.de\/de\/wp-json\/wp\/v2\/product\/1644","targetHints":{"allow":["GET"]}}],"collection":[{"href":"https:\/\/blitzfab.de\/de\/wp-json\/wp\/v2\/product"}],"about":[{"href":"https:\/\/blitzfab.de\/de\/wp-json\/wp\/v2\/types\/product"}],"replies":[{"embeddable":true,"href":"https:\/\/blitzfab.de\/de\/wp-json\/wp\/v2\/comments?post=1644"}],"wp:featuredmedia":[{"embeddable":true,"href":"https:\/\/blitzfab.de\/de\/wp-json\/wp\/v2\/media\/17427"}],"wp:attachment":[{"href":"https:\/\/blitzfab.de\/de\/wp-json\/wp\/v2\/media?parent=1644"}],"wp:term":[{"taxonomy":"product_brand","embeddable":true,"href":"https:\/\/blitzfab.de\/de\/wp-json\/wp\/v2\/product_brand?post=1644"},{"taxonomy":"product_cat","embeddable":true,"href":"https:\/\/blitzfab.de\/de\/wp-json\/wp\/v2\/product_cat?post=1644"},{"taxonomy":"product_tag","embeddable":true,"href":"https:\/\/blitzfab.de\/de\/wp-json\/wp\/v2\/product_tag?post=1644"}],"curies":[{"name":"wp","href":"https:\/\/api.w.org\/{rel}","templated":true}]}}