{"id":13395,"date":"2023-02-02T09:22:25","date_gmt":"2023-02-02T09:22:25","guid":{"rendered":"https:\/\/blitzfab.de\/?post_type=product&#038;p=13395"},"modified":"2025-11-11T12:38:57","modified_gmt":"2025-11-11T12:38:57","slug":"guadalupe-necklace-gold-virgin-925-silver","status":"publish","type":"product","link":"https:\/\/blitzfab.de\/de\/produkt\/guadalupe-necklace-gold-virgin-925-silver\/","title":{"rendered":"Guadalupe Jungfrau Halskette"},"content":{"rendered":"<h3>Our Lady of Guadalupe necklace<\/h3>\n<p>Unsere Liebe Frau von Guadalupe ist die katholische Schutzpatronin Amerikas. Sie erschien in Mexiko einem armen amerikanischen Ureinwohner namens \u201eJuan Diego\u201c, der im 16. Jahrhundert zum Katholizismus konvertiert war. Sie ist ein Symbol f\u00fcr die Mexikaner und eine Verk\u00f6rperung des Lebens und der Hoffnung. Die Verehrung Unserer Lieben Frau von Guadalupe ist Gegenstand unz\u00e4hliger Wunder f\u00fcr alle Gl\u00e4ubigen, die sich ihrer F\u00fcrsorge anvertrauen. <a href=\"http:\/\/www.kath-info.de\/guadalupe.html\" target=\"_blank\" rel=\"noopener\">Mehr zum Thema<\/a>.<br \/>\nThis Guadalupe necklace gold comes in solid 925 sterling silver or 24K gold vermeil. You have the option to choose between a 1 mm thick figaro chain 50cm long, or a 1 mm thick curb chain 40cm long. In both silver or gold.<\/p>","protected":false},"excerpt":{"rendered":"<p><b>Material: <\/b>925 Sterlingsilber oder Gold-Vermeil: 24 K Gold \u00fcber 925 Sterlingsilber<\/p>\n<p><strong>Anh\u00e4ngerl\u00e4nge: <\/strong>24mm<\/p>\n<p><strong>Anh\u00e4ngerbreite: <\/strong>12mm<\/p>\n<p><strong>Halskettenl\u00e4nge: <\/strong>40cm oder 50cm<\/p>\n<p><strong>Gewicht: <\/strong>4,2g<\/p>\n<p><b>Beschichtung: <\/b>Lackiert oder eine dicke Schicht aus 24 K Gold (4 Mikron)<\/p>\n<p><b>Hergestellt in: <\/b>Mexiko<\/p>","protected":false},"featured_media":16264,"comment_status":"open","ping_status":"closed","template":"","meta":{"site-sidebar-layout":"default","site-content-layout":"default","ast-site-content-layout":"default","site-content-style":"default","site-sidebar-style":"default","ast-global-header-display":"","ast-banner-title-visibility":"","ast-main-header-display":"","ast-hfb-above-header-display":"","ast-hfb-below-header-display":"","ast-hfb-mobile-header-display":"","site-post-title":"","ast-breadcrumbs-content":"","ast-featured-img":"","footer-sml-layout":"","theme-transparent-header-meta":"default","adv-header-id-meta":"","stick-header-meta":"","header-above-stick-meta":"","header-main-stick-meta":"","header-below-stick-meta":"","astra-migrate-meta-layouts":"set","ast-page-background-enabled":"default","ast-page-background-meta":{"desktop":{"background-color":"","background-image":"","background-repeat":"repeat","background-position":"center center","background-size":"auto","background-attachment":"scroll","background-type":"","background-media":"","overlay-type":"","overlay-color":"","overlay-opacity":"","overlay-gradient":""},"tablet":{"background-color":"","background-image":"","background-repeat":"repeat","background-position":"center center","background-size":"auto","background-attachment":"scroll","background-type":"","background-media":"","overlay-type":"","overlay-color":"","overlay-opacity":"","overlay-gradient":""},"mobile":{"background-color":"","background-image":"","background-repeat":"repeat","background-position":"center center","background-size":"auto","background-attachment":"scroll","background-type":"","background-media":"","overlay-type":"","overlay-color":"","overlay-opacity":"","overlay-gradient":""}},"ast-content-background-meta":{"desktop":{"background-color":"var(--ast-global-color-5)","background-image":"","background-repeat":"repeat","background-position":"center center","background-size":"auto","background-attachment":"scroll","background-type":"","background-media":"","overlay-type":"","overlay-color":"","overlay-opacity":"","overlay-gradient":""},"tablet":{"background-color":"var(--ast-global-color-5)","background-image":"","background-repeat":"repeat","background-position":"center center","background-size":"auto","background-attachment":"scroll","background-type":"","background-media":"","overlay-type":"","overlay-color":"","overlay-opacity":"","overlay-gradient":""},"mobile":{"background-color":"var(--ast-global-color-5)","background-image":"","background-repeat":"repeat","background-position":"center center","background-size":"auto","background-attachment":"scroll","background-type":"","background-media":"","overlay-type":"","overlay-color":"","overlay-opacity":"","overlay-gradient":""}}},"product_brand":[],"product_cat":[17,326,42,34,325],"product_tag":[],"class_list":{"0":"post-13395","1":"product","2":"type-product","3":"status-publish","4":"has-post-thumbnail","6":"product_cat-necklaces","7":"product_cat-all-jewelry","8":"product_cat-gold-jewelry","9":"product_cat-gold-necklaces","10":"product_cat-pendants","11":"desktop-align-left","12":"tablet-align-left","13":"mobile-align-left","15":"first","16":"instock","17":"shipping-taxable","18":"purchasable","19":"product-type-variable"},"jetpack-related-posts":[{"id":13380,"url":"https:\/\/blitzfab.de\/de\/produkt\/guadalupe-necklace-virgen-mary-silver\/","url_meta":{"origin":13395,"position":0},"title":"Guadalupe Jungfrau Halskette","author":"selenegs","date":"Februar 1, 2023","format":false,"excerpt":"Material: 925 Sterling Silver or 24K gold vermeil Pendant length: 24mm Pendant width: 12mm Necklace length: 40cm or 50cm Weight: 4,2g Coating: Lacquered or 24K gold vermeil Made in: Mexico","rel":"","context":"\u00c4hnlicher Beitrag","block_context":{"text":"\u00c4hnlicher Beitrag","link":""},"img":{"alt_text":"guadalupe necklace 925 silver with diamonds","src":"https:\/\/i0.wp.com\/blitzfab.de\/wp-content\/uploads\/2023\/02\/virgencita-guadalupe-925-silver.jpg?resize=350%2C200&ssl=1","width":350,"height":200,"srcset":"https:\/\/i0.wp.com\/blitzfab.de\/wp-content\/uploads\/2023\/02\/virgencita-guadalupe-925-silver.jpg?resize=350%2C200&ssl=1 1x, https:\/\/i0.wp.com\/blitzfab.de\/wp-content\/uploads\/2023\/02\/virgencita-guadalupe-925-silver.jpg?resize=525%2C300&ssl=1 1.5x, https:\/\/i0.wp.com\/blitzfab.de\/wp-content\/uploads\/2023\/02\/virgencita-guadalupe-925-silver.jpg?resize=700%2C400&ssl=1 2x"},"classes":[]},{"id":4828,"url":"https:\/\/blitzfab.de\/de\/produkt\/tania-gold-vermeil-herringbone-necklace\/","url_meta":{"origin":13395,"position":1},"title":"Tania Herringbone Halskette Gold","author":"selenegs","date":"Juli 22, 2021","format":false,"excerpt":"Material: Gold vermeil: 24 K gold over 925 sterling silver Length: 40cm Thickness: 3mm Weight: 6,08g Coating: A thick layer of 24 K gold (4 microns) Made in: Mexico","rel":"","context":"\u00c4hnlicher Beitrag","block_context":{"text":"\u00c4hnlicher Beitrag","link":""},"img":{"alt_text":"Tania gold vermeil Herringbone necklace 925 sterling silver 24k","src":"https:\/\/i0.wp.com\/blitzfab.de\/wp-content\/uploads\/2021\/07\/Tania-gold-vermeil-Herringbone-necklace-925-sterling-silver-24k.jpg?resize=350%2C200&ssl=1","width":350,"height":200,"srcset":"https:\/\/i0.wp.com\/blitzfab.de\/wp-content\/uploads\/2021\/07\/Tania-gold-vermeil-Herringbone-necklace-925-sterling-silver-24k.jpg?resize=350%2C200&ssl=1 1x, https:\/\/i0.wp.com\/blitzfab.de\/wp-content\/uploads\/2021\/07\/Tania-gold-vermeil-Herringbone-necklace-925-sterling-silver-24k.jpg?resize=525%2C300&ssl=1 1.5x, https:\/\/i0.wp.com\/blitzfab.de\/wp-content\/uploads\/2021\/07\/Tania-gold-vermeil-Herringbone-necklace-925-sterling-silver-24k.jpg?resize=700%2C400&ssl=1 2x, https:\/\/i0.wp.com\/blitzfab.de\/wp-content\/uploads\/2021\/07\/Tania-gold-vermeil-Herringbone-necklace-925-sterling-silver-24k.jpg?resize=1050%2C600&ssl=1 3x"},"classes":[]},{"id":10084,"url":"https:\/\/blitzfab.de\/de\/produkt\/christian-necklace-love-god-gold\/","url_meta":{"origin":13395,"position":2},"title":"Love God Necklace Gold","author":"selenegs","date":"Mai 3, 2022","format":false,"excerpt":"Material: 925 Sterling Silver or gold vermeil: 24 K gold over 925 sterling silver Number of pendants: 6 Pendant diameter: Approx. 1cm Necklace length: 40cm + 5cm (adjustable from 40cm to 45cm) *perfect for layering* Necklace weight: 3,80g Coating: Lacquered or a thick layer of 24 K gold (4 microns)\u2026","rel":"","context":"\u00c4hnlicher Beitrag","block_context":{"text":"\u00c4hnlicher Beitrag","link":""},"img":{"alt_text":"christian necklace love God gold 925 silver","src":"https:\/\/i0.wp.com\/blitzfab.de\/wp-content\/uploads\/2023\/04\/Love-God-necklace.jpg?resize=350%2C200&ssl=1","width":350,"height":200,"srcset":"https:\/\/i0.wp.com\/blitzfab.de\/wp-content\/uploads\/2023\/04\/Love-God-necklace.jpg?resize=350%2C200&ssl=1 1x, https:\/\/i0.wp.com\/blitzfab.de\/wp-content\/uploads\/2023\/04\/Love-God-necklace.jpg?resize=525%2C300&ssl=1 1.5x, https:\/\/i0.wp.com\/blitzfab.de\/wp-content\/uploads\/2023\/04\/Love-God-necklace.jpg?resize=700%2C400&ssl=1 2x, https:\/\/i0.wp.com\/blitzfab.de\/wp-content\/uploads\/2023\/04\/Love-God-necklace.jpg?resize=1050%2C600&ssl=1 3x"},"classes":[]},{"id":1646,"url":"https:\/\/blitzfab.de\/de\/produkt\/hammered-heart-necklace-gold-vermeil\/","url_meta":{"origin":13395,"position":3},"title":"Geh\u00e4mmerte Herz Halskette Gold","author":"selenegs","date":"Mai 31, 2021","format":false,"excerpt":"Material: Gold vermeil: 24 K gold over 925 sterling silver Pendant lenght: 19mm Pendant width: 11mm Necklace length: 40cm Weight: 1,23g Coating: A thick layer of 24 K gold (4 microns) Made in: Mexico","rel":"","context":"\u00c4hnlicher Beitrag","block_context":{"text":"\u00c4hnlicher Beitrag","link":""},"img":{"alt_text":"heart hammered necklace gold 925 silver","src":"https:\/\/i0.wp.com\/blitzfab.de\/wp-content\/uploads\/2021\/05\/heart-hammered-necklace-gold-925-silver.jpg?resize=350%2C200&ssl=1","width":350,"height":200,"srcset":"https:\/\/i0.wp.com\/blitzfab.de\/wp-content\/uploads\/2021\/05\/heart-hammered-necklace-gold-925-silver.jpg?resize=350%2C200&ssl=1 1x, https:\/\/i0.wp.com\/blitzfab.de\/wp-content\/uploads\/2021\/05\/heart-hammered-necklace-gold-925-silver.jpg?resize=525%2C300&ssl=1 1.5x, https:\/\/i0.wp.com\/blitzfab.de\/wp-content\/uploads\/2021\/05\/heart-hammered-necklace-gold-925-silver.jpg?resize=700%2C400&ssl=1 2x, https:\/\/i0.wp.com\/blitzfab.de\/wp-content\/uploads\/2021\/05\/heart-hammered-necklace-gold-925-silver.jpg?resize=1050%2C600&ssl=1 3x"},"classes":[]},{"id":13580,"url":"https:\/\/blitzfab.de\/de\/produkt\/st-benedict-medal-necklace\/","url_meta":{"origin":13395,"position":4},"title":"St. Benedikt Halskette","author":"selenegs","date":"Februar 8, 2023","format":false,"excerpt":"Material: 925 Sterling Silver or gold vermeil: 24 K gold over 925 sterling silver Pendant diameter: 11mm Necklace length: 40cm Weight: 2,88g Coating: Lacquered or a thick layer of 24 K gold (4 microns) Made in: Mexico","rel":"","context":"\u00c4hnlicher Beitrag","block_context":{"text":"\u00c4hnlicher Beitrag","link":""},"img":{"alt_text":"st benedict medal gold 925 sterling silver necklace","src":"https:\/\/i0.wp.com\/blitzfab.de\/wp-content\/uploads\/2023\/02\/st-benedict-medal-gold-925-sterling-silver-necklace.jpg?resize=350%2C200&ssl=1","width":350,"height":200,"srcset":"https:\/\/i0.wp.com\/blitzfab.de\/wp-content\/uploads\/2023\/02\/st-benedict-medal-gold-925-sterling-silver-necklace.jpg?resize=350%2C200&ssl=1 1x, https:\/\/i0.wp.com\/blitzfab.de\/wp-content\/uploads\/2023\/02\/st-benedict-medal-gold-925-sterling-silver-necklace.jpg?resize=525%2C300&ssl=1 1.5x, https:\/\/i0.wp.com\/blitzfab.de\/wp-content\/uploads\/2023\/02\/st-benedict-medal-gold-925-sterling-silver-necklace.jpg?resize=700%2C400&ssl=1 2x, https:\/\/i0.wp.com\/blitzfab.de\/wp-content\/uploads\/2023\/02\/st-benedict-medal-gold-925-sterling-silver-necklace.jpg?resize=1050%2C600&ssl=1 3x, https:\/\/i0.wp.com\/blitzfab.de\/wp-content\/uploads\/2023\/02\/st-benedict-medal-gold-925-sterling-silver-necklace.jpg?resize=1400%2C800&ssl=1 4x"},"classes":[]},{"id":8141,"url":"https:\/\/blitzfab.de\/de\/produkt\/delicate-hearts-choker-gold\/","url_meta":{"origin":13395,"position":5},"title":"Herzen Kette Choker gold","author":"selenegs","date":"Dezember 29, 2021","format":false,"excerpt":"Material: Gold vermeil: 24 K gold over 925 sterling silver Number of pendants: 5 Pendant size: 5mm Necklace length: 40cm Necklace weight: 1,56g Coating:\u00a0A thick layer of 24 K gold (4 microns) Made in: Mexico","rel":"","context":"\u00c4hnlicher Beitrag","block_context":{"text":"\u00c4hnlicher Beitrag","link":""},"img":{"alt_text":"dainty hearts choker 925 sterling silver","src":"https:\/\/i0.wp.com\/blitzfab.de\/wp-content\/uploads\/2021\/12\/dainty-hearts-choker-925-sterling-silver.jpg?resize=350%2C200&ssl=1","width":350,"height":200,"srcset":"https:\/\/i0.wp.com\/blitzfab.de\/wp-content\/uploads\/2021\/12\/dainty-hearts-choker-925-sterling-silver.jpg?resize=350%2C200&ssl=1 1x, https:\/\/i0.wp.com\/blitzfab.de\/wp-content\/uploads\/2021\/12\/dainty-hearts-choker-925-sterling-silver.jpg?resize=525%2C300&ssl=1 1.5x, https:\/\/i0.wp.com\/blitzfab.de\/wp-content\/uploads\/2021\/12\/dainty-hearts-choker-925-sterling-silver.jpg?resize=700%2C400&ssl=1 2x, https:\/\/i0.wp.com\/blitzfab.de\/wp-content\/uploads\/2021\/12\/dainty-hearts-choker-925-sterling-silver.jpg?resize=1050%2C600&ssl=1 3x"},"classes":[]}],"jetpack_sharing_enabled":true,"_links":{"self":[{"href":"https:\/\/blitzfab.de\/de\/wp-json\/wp\/v2\/product\/13395","targetHints":{"allow":["GET"]}}],"collection":[{"href":"https:\/\/blitzfab.de\/de\/wp-json\/wp\/v2\/product"}],"about":[{"href":"https:\/\/blitzfab.de\/de\/wp-json\/wp\/v2\/types\/product"}],"replies":[{"embeddable":true,"href":"https:\/\/blitzfab.de\/de\/wp-json\/wp\/v2\/comments?post=13395"}],"wp:featuredmedia":[{"embeddable":true,"href":"https:\/\/blitzfab.de\/de\/wp-json\/wp\/v2\/media\/16264"}],"wp:attachment":[{"href":"https:\/\/blitzfab.de\/de\/wp-json\/wp\/v2\/media?parent=13395"}],"wp:term":[{"taxonomy":"product_brand","embeddable":true,"href":"https:\/\/blitzfab.de\/de\/wp-json\/wp\/v2\/product_brand?post=13395"},{"taxonomy":"product_cat","embeddable":true,"href":"https:\/\/blitzfab.de\/de\/wp-json\/wp\/v2\/product_cat?post=13395"},{"taxonomy":"product_tag","embeddable":true,"href":"https:\/\/blitzfab.de\/de\/wp-json\/wp\/v2\/product_tag?post=13395"}],"curies":[{"name":"wp","href":"https:\/\/api.w.org\/{rel}","templated":true}]}}