{"id":13380,"date":"2023-02-01T11:04:34","date_gmt":"2023-02-01T11:04:34","guid":{"rendered":"https:\/\/blitzfab.de\/?post_type=product&#038;p=13380"},"modified":"2023-09-13T08:20:34","modified_gmt":"2023-09-13T08:20:34","slug":"guadalupe-necklace-virgen-mary-silver","status":"publish","type":"product","link":"https:\/\/blitzfab.de\/de\/produkt\/guadalupe-necklace-virgen-mary-silver\/","title":{"rendered":"Guadalupe Jungfrau Halskette"},"content":{"rendered":"<h3>Our Lady of Guadalupe necklace<\/h3>\n<p>Unsere Liebe Frau von Guadalupe ist die katholische Schutzpatronin Amerikas. Sie erschien in Mexiko einem armen amerikanischen Ureinwohner namens \u201eJuan Diego\u201c, der im 16. Jahrhundert zum Katholizismus konvertiert war. Sie ist ein Symbol f\u00fcr die Mexikaner und eine Verk\u00f6rperung des Lebens und der Hoffnung. Die Verehrung Unserer Lieben Frau von Guadalupe ist Gegenstand unz\u00e4hliger Wunder f\u00fcr alle Gl\u00e4ubigen, die sich ihrer F\u00fcrsorge anvertrauen. <a href=\"http:\/\/www.kath-info.de\/guadalupe.html\" target=\"_blank\" rel=\"noopener\">Mehr zum Thema<\/a>.<br \/>\nDiese Guadalupe Halskette ist aus massivem 925er Sterlingsilber oder 24-kar\u00e4tigem Vermeil-Gold erh\u00e4ltlich. Du hast die M\u00f6glichkeit, zwischen einer 1 mm dicken Figarokette mit 50 cm L\u00e4nge oder einer 1 mm dicken Panzerkette mit 40 cm L\u00e4nge zu w\u00e4hlen. Sowohl in Silber als auch in Gold.<\/p>","protected":false},"excerpt":{"rendered":"<ul>\n<li><b>Material: <\/b>925 Sterling Silver oder 24K gold vermeil<\/li>\n<li><strong>Anh\u00e4ngerl\u00e4nge: <\/strong>24mm<\/li>\n<li><strong>Anh\u00e4ngerbreite: <\/strong>12mm<\/li>\n<li><strong>Halskettenl\u00e4nge: <\/strong>40cm oder 50cm<\/li>\n<li><strong>Gewicht: <\/strong>4,2g<\/li>\n<li><b>Beschichtung: <\/b>Lackiert oder 24K gold vermeil<\/li>\n<li><b>Hergestellt in: <\/b>Mexiko<\/li>\n<\/ul>","protected":false},"featured_media":16263,"comment_status":"open","ping_status":"closed","template":"","meta":{"site-sidebar-layout":"default","site-content-layout":"default","ast-site-content-layout":"default","site-content-style":"default","site-sidebar-style":"default","ast-global-header-display":"","ast-banner-title-visibility":"","ast-main-header-display":"","ast-hfb-above-header-display":"","ast-hfb-below-header-display":"","ast-hfb-mobile-header-display":"","site-post-title":"","ast-breadcrumbs-content":"","ast-featured-img":"","footer-sml-layout":"","theme-transparent-header-meta":"default","adv-header-id-meta":"","stick-header-meta":"","header-above-stick-meta":"","header-main-stick-meta":"","header-below-stick-meta":"","astra-migrate-meta-layouts":"default","ast-page-background-enabled":"default","ast-page-background-meta":{"desktop":{"background-color":"","background-image":"","background-repeat":"repeat","background-position":"center center","background-size":"auto","background-attachment":"scroll","background-type":"","background-media":"","overlay-type":"","overlay-color":"","overlay-opacity":"","overlay-gradient":""},"tablet":{"background-color":"","background-image":"","background-repeat":"repeat","background-position":"center center","background-size":"auto","background-attachment":"scroll","background-type":"","background-media":"","overlay-type":"","overlay-color":"","overlay-opacity":"","overlay-gradient":""},"mobile":{"background-color":"","background-image":"","background-repeat":"repeat","background-position":"center center","background-size":"auto","background-attachment":"scroll","background-type":"","background-media":"","overlay-type":"","overlay-color":"","overlay-opacity":"","overlay-gradient":""}},"ast-content-background-meta":{"desktop":{"background-color":"var(--ast-global-color-5)","background-image":"","background-repeat":"repeat","background-position":"center center","background-size":"auto","background-attachment":"scroll","background-type":"","background-media":"","overlay-type":"","overlay-color":"","overlay-opacity":"","overlay-gradient":""},"tablet":{"background-color":"var(--ast-global-color-5)","background-image":"","background-repeat":"repeat","background-position":"center center","background-size":"auto","background-attachment":"scroll","background-type":"","background-media":"","overlay-type":"","overlay-color":"","overlay-opacity":"","overlay-gradient":""},"mobile":{"background-color":"var(--ast-global-color-5)","background-image":"","background-repeat":"repeat","background-position":"center center","background-size":"auto","background-attachment":"scroll","background-type":"","background-media":"","overlay-type":"","overlay-color":"","overlay-opacity":"","overlay-gradient":""}}},"product_brand":[],"product_cat":[17,326,325,35],"product_tag":[],"class_list":{"0":"post-13380","1":"product","2":"type-product","3":"status-publish","4":"has-post-thumbnail","6":"product_cat-necklaces","7":"product_cat-all-jewelry","8":"product_cat-pendants","9":"product_cat-silver-necklaces","10":"desktop-align-left","11":"tablet-align-left","12":"mobile-align-left","14":"first","15":"instock","16":"shipping-taxable","17":"purchasable","18":"product-type-variable"},"jetpack-related-posts":[{"id":13395,"url":"https:\/\/blitzfab.de\/de\/produkt\/guadalupe-necklace-gold-virgin-925-silver\/","url_meta":{"origin":13380,"position":0},"title":"Guadalupe Jungfrau Halskette","author":"selenegs","date":"Februar 2, 2023","format":false,"excerpt":"Material: 925 Sterling Silver or gold vermeil: 24 K gold over 925 sterling silver Pendant length: 24mm Pendant width: 12mm Necklace length: 40cm or 50cm Weight: 4,2g Coating: Lacquered or a thick layer of 24 K gold (4 microns) Made in: Mexico","rel":"","context":"\u00c4hnlicher Beitrag","block_context":{"text":"\u00c4hnlicher Beitrag","link":""},"img":{"alt_text":"guadalupe necklace gold","src":"https:\/\/i0.wp.com\/blitzfab.de\/wp-content\/uploads\/2023\/02\/virgencita-guadalupe-gold-925-silver.jpg?resize=350%2C200&ssl=1","width":350,"height":200,"srcset":"https:\/\/i0.wp.com\/blitzfab.de\/wp-content\/uploads\/2023\/02\/virgencita-guadalupe-gold-925-silver.jpg?resize=350%2C200&ssl=1 1x, https:\/\/i0.wp.com\/blitzfab.de\/wp-content\/uploads\/2023\/02\/virgencita-guadalupe-gold-925-silver.jpg?resize=525%2C300&ssl=1 1.5x, https:\/\/i0.wp.com\/blitzfab.de\/wp-content\/uploads\/2023\/02\/virgencita-guadalupe-gold-925-silver.jpg?resize=700%2C400&ssl=1 2x, https:\/\/i0.wp.com\/blitzfab.de\/wp-content\/uploads\/2023\/02\/virgencita-guadalupe-gold-925-silver.jpg?resize=1050%2C600&ssl=1 3x"},"classes":[]},{"id":4828,"url":"https:\/\/blitzfab.de\/de\/produkt\/tania-gold-vermeil-herringbone-necklace\/","url_meta":{"origin":13380,"position":1},"title":"Tania Herringbone Halskette Gold","author":"selenegs","date":"Juli 22, 2021","format":false,"excerpt":"Material: Gold vermeil: 24 K gold over 925 sterling silver Length: 40cm Thickness: 3mm Weight: 6,08g Coating: A thick layer of 24 K gold (4 microns) Made in: Mexico","rel":"","context":"\u00c4hnlicher Beitrag","block_context":{"text":"\u00c4hnlicher Beitrag","link":""},"img":{"alt_text":"Tania gold vermeil Herringbone necklace 925 sterling silver 24k","src":"https:\/\/i0.wp.com\/blitzfab.de\/wp-content\/uploads\/2021\/07\/Tania-gold-vermeil-Herringbone-necklace-925-sterling-silver-24k.jpg?resize=350%2C200&ssl=1","width":350,"height":200,"srcset":"https:\/\/i0.wp.com\/blitzfab.de\/wp-content\/uploads\/2021\/07\/Tania-gold-vermeil-Herringbone-necklace-925-sterling-silver-24k.jpg?resize=350%2C200&ssl=1 1x, https:\/\/i0.wp.com\/blitzfab.de\/wp-content\/uploads\/2021\/07\/Tania-gold-vermeil-Herringbone-necklace-925-sterling-silver-24k.jpg?resize=525%2C300&ssl=1 1.5x, https:\/\/i0.wp.com\/blitzfab.de\/wp-content\/uploads\/2021\/07\/Tania-gold-vermeil-Herringbone-necklace-925-sterling-silver-24k.jpg?resize=700%2C400&ssl=1 2x, https:\/\/i0.wp.com\/blitzfab.de\/wp-content\/uploads\/2021\/07\/Tania-gold-vermeil-Herringbone-necklace-925-sterling-silver-24k.jpg?resize=1050%2C600&ssl=1 3x"},"classes":[]},{"id":13580,"url":"https:\/\/blitzfab.de\/de\/produkt\/st-benedict-medal-necklace\/","url_meta":{"origin":13380,"position":2},"title":"St. Benedikt Halskette","author":"selenegs","date":"Februar 8, 2023","format":false,"excerpt":"Material: 925 Sterling Silver or gold vermeil: 24 K gold over 925 sterling silver Pendant diameter: 11mm Necklace length: 40cm Weight: 2,88g Coating: Lacquered or a thick layer of 24 K gold (4 microns) Made in: Mexico","rel":"","context":"\u00c4hnlicher Beitrag","block_context":{"text":"\u00c4hnlicher Beitrag","link":""},"img":{"alt_text":"st benedict medal gold 925 sterling silver necklace","src":"https:\/\/i0.wp.com\/blitzfab.de\/wp-content\/uploads\/2023\/02\/st-benedict-medal-gold-925-sterling-silver-necklace.jpg?resize=350%2C200&ssl=1","width":350,"height":200,"srcset":"https:\/\/i0.wp.com\/blitzfab.de\/wp-content\/uploads\/2023\/02\/st-benedict-medal-gold-925-sterling-silver-necklace.jpg?resize=350%2C200&ssl=1 1x, https:\/\/i0.wp.com\/blitzfab.de\/wp-content\/uploads\/2023\/02\/st-benedict-medal-gold-925-sterling-silver-necklace.jpg?resize=525%2C300&ssl=1 1.5x, https:\/\/i0.wp.com\/blitzfab.de\/wp-content\/uploads\/2023\/02\/st-benedict-medal-gold-925-sterling-silver-necklace.jpg?resize=700%2C400&ssl=1 2x, https:\/\/i0.wp.com\/blitzfab.de\/wp-content\/uploads\/2023\/02\/st-benedict-medal-gold-925-sterling-silver-necklace.jpg?resize=1050%2C600&ssl=1 3x, https:\/\/i0.wp.com\/blitzfab.de\/wp-content\/uploads\/2023\/02\/st-benedict-medal-gold-925-sterling-silver-necklace.jpg?resize=1400%2C800&ssl=1 4x"},"classes":[]},{"id":10084,"url":"https:\/\/blitzfab.de\/de\/produkt\/christian-necklace-love-god-gold\/","url_meta":{"origin":13380,"position":3},"title":"Love God Necklace Gold","author":"selenegs","date":"Mai 3, 2022","format":false,"excerpt":"Material: 925 Sterling Silver or gold vermeil: 24 K gold over 925 sterling silver Number of pendants: 6 Pendant diameter: Approx. 1cm Necklace length: 40cm + 5cm (adjustable from 40cm to 45cm) *perfect for layering* Necklace weight: 3,80g Coating: Lacquered or a thick layer of 24 K gold (4 microns)\u2026","rel":"","context":"\u00c4hnlicher Beitrag","block_context":{"text":"\u00c4hnlicher Beitrag","link":""},"img":{"alt_text":"christian necklace love God gold 925 silver","src":"https:\/\/i0.wp.com\/blitzfab.de\/wp-content\/uploads\/2023\/04\/Love-God-necklace.jpg?resize=350%2C200&ssl=1","width":350,"height":200,"srcset":"https:\/\/i0.wp.com\/blitzfab.de\/wp-content\/uploads\/2023\/04\/Love-God-necklace.jpg?resize=350%2C200&ssl=1 1x, https:\/\/i0.wp.com\/blitzfab.de\/wp-content\/uploads\/2023\/04\/Love-God-necklace.jpg?resize=525%2C300&ssl=1 1.5x, https:\/\/i0.wp.com\/blitzfab.de\/wp-content\/uploads\/2023\/04\/Love-God-necklace.jpg?resize=700%2C400&ssl=1 2x, https:\/\/i0.wp.com\/blitzfab.de\/wp-content\/uploads\/2023\/04\/Love-God-necklace.jpg?resize=1050%2C600&ssl=1 3x"},"classes":[]},{"id":13594,"url":"https:\/\/blitzfab.de\/de\/produkt\/sacred-heart-of-jesus-medal-gold\/","url_meta":{"origin":13380,"position":4},"title":"Heiliges Herz Jesu Halskette","author":"selenegs","date":"Februar 15, 2023","format":false,"excerpt":"Material: Gold vermeil: 24 K gold over 925 sterling silver Pendant diameter: 16mm Necklace length: 40cm Weight: 3,01g Coating:\u00a0A thick layer of 24 K gold (4 microns) Made in: Mexico","rel":"","context":"\u00c4hnlicher Beitrag","block_context":{"text":"\u00c4hnlicher Beitrag","link":""},"img":{"alt_text":"sacred heart of jesus medal gold over 925 sterling silver","src":"https:\/\/i0.wp.com\/blitzfab.de\/wp-content\/uploads\/2023\/02\/sacred-heart-of-jesus-medal-gold-over-925-sterling-silver-1.jpg?resize=350%2C200&ssl=1","width":350,"height":200,"srcset":"https:\/\/i0.wp.com\/blitzfab.de\/wp-content\/uploads\/2023\/02\/sacred-heart-of-jesus-medal-gold-over-925-sterling-silver-1.jpg?resize=350%2C200&ssl=1 1x, https:\/\/i0.wp.com\/blitzfab.de\/wp-content\/uploads\/2023\/02\/sacred-heart-of-jesus-medal-gold-over-925-sterling-silver-1.jpg?resize=525%2C300&ssl=1 1.5x, https:\/\/i0.wp.com\/blitzfab.de\/wp-content\/uploads\/2023\/02\/sacred-heart-of-jesus-medal-gold-over-925-sterling-silver-1.jpg?resize=700%2C400&ssl=1 2x, https:\/\/i0.wp.com\/blitzfab.de\/wp-content\/uploads\/2023\/02\/sacred-heart-of-jesus-medal-gold-over-925-sterling-silver-1.jpg?resize=1050%2C600&ssl=1 3x"},"classes":[]},{"id":1646,"url":"https:\/\/blitzfab.de\/de\/produkt\/hammered-heart-necklace-gold-vermeil\/","url_meta":{"origin":13380,"position":5},"title":"Geh\u00e4mmerte Herz Halskette Gold","author":"selenegs","date":"Mai 31, 2021","format":false,"excerpt":"Material: Gold vermeil: 24 K gold over 925 sterling silver Pendant lenght: 19mm Pendant width: 11mm Necklace length: 40cm Weight: 1,23g Coating: A thick layer of 24 K gold (4 microns) Made in: Mexico","rel":"","context":"\u00c4hnlicher Beitrag","block_context":{"text":"\u00c4hnlicher Beitrag","link":""},"img":{"alt_text":"heart hammered necklace gold 925 silver","src":"https:\/\/i0.wp.com\/blitzfab.de\/wp-content\/uploads\/2021\/05\/heart-hammered-necklace-gold-925-silver.jpg?resize=350%2C200&ssl=1","width":350,"height":200,"srcset":"https:\/\/i0.wp.com\/blitzfab.de\/wp-content\/uploads\/2021\/05\/heart-hammered-necklace-gold-925-silver.jpg?resize=350%2C200&ssl=1 1x, https:\/\/i0.wp.com\/blitzfab.de\/wp-content\/uploads\/2021\/05\/heart-hammered-necklace-gold-925-silver.jpg?resize=525%2C300&ssl=1 1.5x, https:\/\/i0.wp.com\/blitzfab.de\/wp-content\/uploads\/2021\/05\/heart-hammered-necklace-gold-925-silver.jpg?resize=700%2C400&ssl=1 2x, https:\/\/i0.wp.com\/blitzfab.de\/wp-content\/uploads\/2021\/05\/heart-hammered-necklace-gold-925-silver.jpg?resize=1050%2C600&ssl=1 3x"},"classes":[]}],"jetpack_sharing_enabled":true,"_links":{"self":[{"href":"https:\/\/blitzfab.de\/de\/wp-json\/wp\/v2\/product\/13380","targetHints":{"allow":["GET"]}}],"collection":[{"href":"https:\/\/blitzfab.de\/de\/wp-json\/wp\/v2\/product"}],"about":[{"href":"https:\/\/blitzfab.de\/de\/wp-json\/wp\/v2\/types\/product"}],"replies":[{"embeddable":true,"href":"https:\/\/blitzfab.de\/de\/wp-json\/wp\/v2\/comments?post=13380"}],"wp:featuredmedia":[{"embeddable":true,"href":"https:\/\/blitzfab.de\/de\/wp-json\/wp\/v2\/media\/16263"}],"wp:attachment":[{"href":"https:\/\/blitzfab.de\/de\/wp-json\/wp\/v2\/media?parent=13380"}],"wp:term":[{"taxonomy":"product_brand","embeddable":true,"href":"https:\/\/blitzfab.de\/de\/wp-json\/wp\/v2\/product_brand?post=13380"},{"taxonomy":"product_cat","embeddable":true,"href":"https:\/\/blitzfab.de\/de\/wp-json\/wp\/v2\/product_cat?post=13380"},{"taxonomy":"product_tag","embeddable":true,"href":"https:\/\/blitzfab.de\/de\/wp-json\/wp\/v2\/product_tag?post=13380"}],"curies":[{"name":"wp","href":"https:\/\/api.w.org\/{rel}","templated":true}]}}