{"id":11190,"date":"2022-08-17T11:35:39","date_gmt":"2022-08-17T11:35:39","guid":{"rendered":"https:\/\/blitzfab.de\/?post_type=product&#038;p=11190"},"modified":"2023-09-12T14:49:21","modified_gmt":"2023-09-12T14:49:21","slug":"lavender-crystal-necklace-silver","status":"publish","type":"product","link":"https:\/\/blitzfab.de\/de\/produkt\/lavender-crystal-necklace-silver\/","title":{"rendered":"Lavendel Kristall Halskette Silber"},"content":{"rendered":"<p>Dieses elegante Schmuckst\u00fcck besteht aus zwei miteinander verbundenen Halsketten, eine Kette mit einem rechteckigen Anh\u00e4nger aus hochglanzpoliertem Silber und ein Anh\u00e4nger mit einem violetten Zirkonia im Rechteckschliff. Handveredelt, aus hochwertigem massivem 925er Sterlingsilber gefertigt, garantiert die Sch\u00f6nheit dieser Kristallkette ein L\u00e4cheln auf deinem Gesicht.<\/p>\n<h3>Lavendel Kristall Halskette<\/h3>\n<p>Der rechteckig geschliffene Kristall verleiht dieser Kette einen glamour\u00f6sen Touch und macht zu jedem Anlass einen stilvollen Eindruck. Zwei in einem, du brauchst dieses St\u00fcck h\u00f6chstwahrscheinlich nicht mit anderen Halsketten kombinieren, es sei denn, du das m\u00f6chtest \ud83d\ude09<\/p>\n<p>Alle unsere Schmuckst\u00fccke werden in einer eleganten Geschenkbox geliefert, bereit zum Verschenken.<\/p>","protected":false},"excerpt":{"rendered":"<ul>\n<li><b>Material: <\/b>925 Sterling Silber<\/li>\n<li><strong>Gr\u00f6\u00dfe der Anh\u00e4nger: <\/strong>5mm x 14mm<\/li>\n<li><strong>Halskettenl\u00e4nge: <\/strong>40cm \/ 45cm<\/li>\n<li><strong>Gewicht: <\/strong>4,5g<\/li>\n<li><b>Beschichtung: <\/b>lackiert<\/li>\n<li><b>Hergestellt in: <\/b>Mexiko<\/li>\n<\/ul>","protected":false},"featured_media":16203,"comment_status":"open","ping_status":"closed","template":"","meta":{"site-sidebar-layout":"default","site-content-layout":"default","ast-site-content-layout":"default","site-content-style":"default","site-sidebar-style":"default","ast-global-header-display":"","ast-banner-title-visibility":"","ast-main-header-display":"","ast-hfb-above-header-display":"","ast-hfb-below-header-display":"","ast-hfb-mobile-header-display":"","site-post-title":"","ast-breadcrumbs-content":"","ast-featured-img":"","footer-sml-layout":"","theme-transparent-header-meta":"default","adv-header-id-meta":"","stick-header-meta":"","header-above-stick-meta":"","header-main-stick-meta":"","header-below-stick-meta":"","astra-migrate-meta-layouts":"default","ast-page-background-enabled":"default","ast-page-background-meta":{"desktop":{"background-color":"","background-image":"","background-repeat":"repeat","background-position":"center center","background-size":"auto","background-attachment":"scroll","background-type":"","background-media":"","overlay-type":"","overlay-color":"","overlay-opacity":"","overlay-gradient":""},"tablet":{"background-color":"","background-image":"","background-repeat":"repeat","background-position":"center center","background-size":"auto","background-attachment":"scroll","background-type":"","background-media":"","overlay-type":"","overlay-color":"","overlay-opacity":"","overlay-gradient":""},"mobile":{"background-color":"","background-image":"","background-repeat":"repeat","background-position":"center center","background-size":"auto","background-attachment":"scroll","background-type":"","background-media":"","overlay-type":"","overlay-color":"","overlay-opacity":"","overlay-gradient":""}},"ast-content-background-meta":{"desktop":{"background-color":"var(--ast-global-color-5)","background-image":"","background-repeat":"repeat","background-position":"center center","background-size":"auto","background-attachment":"scroll","background-type":"","background-media":"","overlay-type":"","overlay-color":"","overlay-opacity":"","overlay-gradient":""},"tablet":{"background-color":"var(--ast-global-color-5)","background-image":"","background-repeat":"repeat","background-position":"center center","background-size":"auto","background-attachment":"scroll","background-type":"","background-media":"","overlay-type":"","overlay-color":"","overlay-opacity":"","overlay-gradient":""},"mobile":{"background-color":"var(--ast-global-color-5)","background-image":"","background-repeat":"repeat","background-position":"center center","background-size":"auto","background-attachment":"scroll","background-type":"","background-media":"","overlay-type":"","overlay-color":"","overlay-opacity":"","overlay-gradient":""}}},"product_brand":[],"product_cat":[17,326,325,35],"product_tag":[],"class_list":{"0":"post-11190","1":"product","2":"type-product","3":"status-publish","4":"has-post-thumbnail","6":"product_cat-necklaces","7":"product_cat-all-jewelry","8":"product_cat-pendants","9":"product_cat-silver-necklaces","10":"desktop-align-left","11":"tablet-align-left","12":"mobile-align-left","14":"first","15":"instock","16":"shipping-taxable","17":"purchasable","18":"product-type-simple"},"jetpack-related-posts":[{"id":1646,"url":"https:\/\/blitzfab.de\/de\/produkt\/hammered-heart-necklace-gold-vermeil\/","url_meta":{"origin":11190,"position":0},"title":"Geh\u00e4mmerte Herz Halskette Gold","author":"selenegs","date":"Mai 31, 2021","format":false,"excerpt":"Material: Gold vermeil: 24 K gold over 925 sterling silver Pendant lenght: 19mm Pendant width: 11mm Necklace length: 40cm Weight: 1,23g Coating: A thick layer of 24 K gold (4 microns) Made in: Mexico","rel":"","context":"\u00c4hnlicher Beitrag","block_context":{"text":"\u00c4hnlicher Beitrag","link":""},"img":{"alt_text":"heart hammered necklace gold 925 silver","src":"https:\/\/i0.wp.com\/blitzfab.de\/wp-content\/uploads\/2021\/05\/heart-hammered-necklace-gold-925-silver.jpg?resize=350%2C200&ssl=1","width":350,"height":200,"srcset":"https:\/\/i0.wp.com\/blitzfab.de\/wp-content\/uploads\/2021\/05\/heart-hammered-necklace-gold-925-silver.jpg?resize=350%2C200&ssl=1 1x, https:\/\/i0.wp.com\/blitzfab.de\/wp-content\/uploads\/2021\/05\/heart-hammered-necklace-gold-925-silver.jpg?resize=525%2C300&ssl=1 1.5x, https:\/\/i0.wp.com\/blitzfab.de\/wp-content\/uploads\/2021\/05\/heart-hammered-necklace-gold-925-silver.jpg?resize=700%2C400&ssl=1 2x, https:\/\/i0.wp.com\/blitzfab.de\/wp-content\/uploads\/2021\/05\/heart-hammered-necklace-gold-925-silver.jpg?resize=1050%2C600&ssl=1 3x"},"classes":[]},{"id":11078,"url":"https:\/\/blitzfab.de\/de\/produkt\/love-necklace-silver-925\/","url_meta":{"origin":11190,"position":1},"title":"Love heart necklace silver","author":"selenegs","date":"Juli 26, 2022","format":false,"excerpt":"Material: 925 Sterling Silver Pendant length: 21mm Pendant width: 18mm Necklace length: 45cm Weight: 4,2g Coating: Lacquered Made in: Mexico","rel":"","context":"\u00c4hnlicher Beitrag","block_context":{"text":"\u00c4hnlicher Beitrag","link":""},"img":{"alt_text":"heart necklace love 925 sterling silver","src":"https:\/\/i0.wp.com\/blitzfab.de\/wp-content\/uploads\/2022\/07\/heart-necklace-love-925-sterling-silver.jpg?resize=350%2C200&ssl=1","width":350,"height":200,"srcset":"https:\/\/i0.wp.com\/blitzfab.de\/wp-content\/uploads\/2022\/07\/heart-necklace-love-925-sterling-silver.jpg?resize=350%2C200&ssl=1 1x, https:\/\/i0.wp.com\/blitzfab.de\/wp-content\/uploads\/2022\/07\/heart-necklace-love-925-sterling-silver.jpg?resize=525%2C300&ssl=1 1.5x, https:\/\/i0.wp.com\/blitzfab.de\/wp-content\/uploads\/2022\/07\/heart-necklace-love-925-sterling-silver.jpg?resize=700%2C400&ssl=1 2x, https:\/\/i0.wp.com\/blitzfab.de\/wp-content\/uploads\/2022\/07\/heart-necklace-love-925-sterling-silver.jpg?resize=1050%2C600&ssl=1 3x"},"classes":[]},{"id":1734,"url":"https:\/\/blitzfab.de\/de\/produkt\/broken-heart-necklace-silver-mended\/","url_meta":{"origin":11190,"position":2},"title":"geheiltes Herz Halskette Silber","author":"selenegs","date":"Juni 1, 2021","format":false,"excerpt":"Material: 925 Sterling silver Pendant length: 30mm Pendant width: 35mm Pendant weight: 4,35g Necklace length: 40cm Necklace weight: 2,13g Coating: Lacquered Made in: Mexico","rel":"","context":"\u00c4hnlicher Beitrag","block_context":{"text":"\u00c4hnlicher Beitrag","link":""},"img":{"alt_text":"mended broken heart necklace 925 silver","src":"https:\/\/i0.wp.com\/blitzfab.de\/wp-content\/uploads\/2021\/06\/mended-broken-heart-necklace-925-silver.jpg?resize=350%2C200&ssl=1","width":350,"height":200,"srcset":"https:\/\/i0.wp.com\/blitzfab.de\/wp-content\/uploads\/2021\/06\/mended-broken-heart-necklace-925-silver.jpg?resize=350%2C200&ssl=1 1x, https:\/\/i0.wp.com\/blitzfab.de\/wp-content\/uploads\/2021\/06\/mended-broken-heart-necklace-925-silver.jpg?resize=525%2C300&ssl=1 1.5x, https:\/\/i0.wp.com\/blitzfab.de\/wp-content\/uploads\/2021\/06\/mended-broken-heart-necklace-925-silver.jpg?resize=700%2C400&ssl=1 2x, https:\/\/i0.wp.com\/blitzfab.de\/wp-content\/uploads\/2021\/06\/mended-broken-heart-necklace-925-silver.jpg?resize=1050%2C600&ssl=1 3x"},"classes":[]},{"id":11153,"url":"https:\/\/blitzfab.de\/de\/produkt\/home-is-where-the-heart-is-necklace-silver\/","url_meta":{"origin":11190,"position":3},"title":"Home is where the heart is Halskette Silber","author":"selenegs","date":"August 4, 2022","format":false,"excerpt":"Material: 925 Sterling Silver Cross size: 17mm x 12mm Round pendant diameter: 16mm Necklace length: 40cm \/ 45cm Necklace weight: 6,5g Coating: Lacquered Made in: Mexico","rel":"","context":"\u00c4hnlicher Beitrag","block_context":{"text":"\u00c4hnlicher Beitrag","link":""},"img":{"alt_text":"home is where the heart is necklace cross silver","src":"https:\/\/i0.wp.com\/blitzfab.de\/wp-content\/uploads\/2022\/08\/home-is-where-the-heart-is-necklace-cross-silver.jpg?resize=350%2C200&ssl=1","width":350,"height":200,"srcset":"https:\/\/i0.wp.com\/blitzfab.de\/wp-content\/uploads\/2022\/08\/home-is-where-the-heart-is-necklace-cross-silver.jpg?resize=350%2C200&ssl=1 1x, https:\/\/i0.wp.com\/blitzfab.de\/wp-content\/uploads\/2022\/08\/home-is-where-the-heart-is-necklace-cross-silver.jpg?resize=525%2C300&ssl=1 1.5x, https:\/\/i0.wp.com\/blitzfab.de\/wp-content\/uploads\/2022\/08\/home-is-where-the-heart-is-necklace-cross-silver.jpg?resize=700%2C400&ssl=1 2x, https:\/\/i0.wp.com\/blitzfab.de\/wp-content\/uploads\/2022\/08\/home-is-where-the-heart-is-necklace-cross-silver.jpg?resize=1050%2C600&ssl=1 3x"},"classes":[]},{"id":6972,"url":"https:\/\/blitzfab.de\/de\/produkt\/infinity-necklace-silver\/","url_meta":{"origin":11190,"position":4},"title":"Unendlichkeit Halskette Silber","author":"selenegs","date":"August 26, 2021","format":false,"excerpt":"Material: 925 Sterling silver Pendant length: 7mm Pendant width: 19mm Pendant weight: 1,2g Necklace length: 40cm Necklace weight: 1,34g Coating: Lacquered Made in: Mexico","rel":"","context":"\u00c4hnlicher Beitrag","block_context":{"text":"\u00c4hnlicher Beitrag","link":""},"img":{"alt_text":"infinity necklace 925 sterling silver","src":"https:\/\/i0.wp.com\/blitzfab.de\/wp-content\/uploads\/2021\/08\/infinity-necklace-925-sterling-silver.jpg?resize=350%2C200&ssl=1","width":350,"height":200,"srcset":"https:\/\/i0.wp.com\/blitzfab.de\/wp-content\/uploads\/2021\/08\/infinity-necklace-925-sterling-silver.jpg?resize=350%2C200&ssl=1 1x, https:\/\/i0.wp.com\/blitzfab.de\/wp-content\/uploads\/2021\/08\/infinity-necklace-925-sterling-silver.jpg?resize=525%2C300&ssl=1 1.5x, https:\/\/i0.wp.com\/blitzfab.de\/wp-content\/uploads\/2021\/08\/infinity-necklace-925-sterling-silver.jpg?resize=700%2C400&ssl=1 2x, https:\/\/i0.wp.com\/blitzfab.de\/wp-content\/uploads\/2021\/08\/infinity-necklace-925-sterling-silver.jpg?resize=1050%2C600&ssl=1 3x"},"classes":[]},{"id":1762,"url":"https:\/\/blitzfab.de\/de\/produkt\/jewelry-set-silver-925-necklace-earrings\/","url_meta":{"origin":11190,"position":5},"title":"Zirkonia Classic Set Necklace + Earrings 925 Silver","author":"selenegs","date":"Juni 1, 2021","format":false,"excerpt":"Material: 925 Sterling silver Pendant diameter: 8mm Earring diameter: 6mm Set weight: 3,02g Necklace length: 40cm Necklace weight: 1,56g Stone type: Zirconia Coating: Lacquered Made in: Mexico","rel":"","context":"\u00c4hnlicher Beitrag","block_context":{"text":"\u00c4hnlicher Beitrag","link":""},"img":{"alt_text":"jewelry set silver 925 necklace and earrings","src":"https:\/\/i0.wp.com\/blitzfab.de\/wp-content\/uploads\/2021\/06\/jewelry-set-silver-925-necklace-and-earrings-round.jpg?resize=350%2C200&ssl=1","width":350,"height":200,"srcset":"https:\/\/i0.wp.com\/blitzfab.de\/wp-content\/uploads\/2021\/06\/jewelry-set-silver-925-necklace-and-earrings-round.jpg?resize=350%2C200&ssl=1 1x, https:\/\/i0.wp.com\/blitzfab.de\/wp-content\/uploads\/2021\/06\/jewelry-set-silver-925-necklace-and-earrings-round.jpg?resize=525%2C300&ssl=1 1.5x, https:\/\/i0.wp.com\/blitzfab.de\/wp-content\/uploads\/2021\/06\/jewelry-set-silver-925-necklace-and-earrings-round.jpg?resize=700%2C400&ssl=1 2x, https:\/\/i0.wp.com\/blitzfab.de\/wp-content\/uploads\/2021\/06\/jewelry-set-silver-925-necklace-and-earrings-round.jpg?resize=1050%2C600&ssl=1 3x"},"classes":[]}],"jetpack_sharing_enabled":true,"_links":{"self":[{"href":"https:\/\/blitzfab.de\/de\/wp-json\/wp\/v2\/product\/11190","targetHints":{"allow":["GET"]}}],"collection":[{"href":"https:\/\/blitzfab.de\/de\/wp-json\/wp\/v2\/product"}],"about":[{"href":"https:\/\/blitzfab.de\/de\/wp-json\/wp\/v2\/types\/product"}],"replies":[{"embeddable":true,"href":"https:\/\/blitzfab.de\/de\/wp-json\/wp\/v2\/comments?post=11190"}],"wp:featuredmedia":[{"embeddable":true,"href":"https:\/\/blitzfab.de\/de\/wp-json\/wp\/v2\/media\/16203"}],"wp:attachment":[{"href":"https:\/\/blitzfab.de\/de\/wp-json\/wp\/v2\/media?parent=11190"}],"wp:term":[{"taxonomy":"product_brand","embeddable":true,"href":"https:\/\/blitzfab.de\/de\/wp-json\/wp\/v2\/product_brand?post=11190"},{"taxonomy":"product_cat","embeddable":true,"href":"https:\/\/blitzfab.de\/de\/wp-json\/wp\/v2\/product_cat?post=11190"},{"taxonomy":"product_tag","embeddable":true,"href":"https:\/\/blitzfab.de\/de\/wp-json\/wp\/v2\/product_tag?post=11190"}],"curies":[{"name":"wp","href":"https:\/\/api.w.org\/{rel}","templated":true}]}}