{"id":11168,"date":"2022-08-16T12:43:23","date_gmt":"2022-08-16T12:43:23","guid":{"rendered":"https:\/\/blitzfab.de\/?post_type=product&#038;p=11168"},"modified":"2023-09-23T11:35:53","modified_gmt":"2023-09-23T11:35:53","slug":"heart-lock-gold-dangle-earrings","status":"publish","type":"product","link":"https:\/\/blitzfab.de\/de\/produkt\/heart-lock-gold-dangle-earrings\/","title":{"rendered":"Herzschloss Creolen mit Anh\u00e4nger Gold"},"content":{"rendered":"<p>Vielseitige Creolen, die einzeln oder in Kombination mit kleineren Nieten toll aussehen. Goldene Ohrh\u00e4nger mit Herzverschluss-Anh\u00e4nger, aus massivem 925er Sterlingsilber, 18 Karat vergoldet, verziert mit kleinen CZ, hypoallergen, zink- und nickelfrei.<\/p>\n<p>&nbsp;<\/p>","protected":false},"excerpt":{"rendered":"<ul>\n<li><b>Material: <\/b>925 Sterling Silver 24K gold vermeil<\/li>\n<li><strong>Ohrringdurchmesser: <\/strong>12mm<\/li>\n<li><strong>Anh\u00e4ngergr\u00f6\u00dfe: <\/strong>9mm x 12 mm<\/li>\n<li><strong>Gewicht: <\/strong>2,6g<\/li>\n<li><strong>Kristallart: <\/strong>Zirkonia<\/li>\n<li><b>Beschichtung:<\/b>\u00a0Eine dicke 24K Goldschicht (4 Mikron)<\/li>\n<li><b>Hergestellt in: <\/b>Mexiko<\/li>\n<\/ul>","protected":false},"featured_media":17141,"comment_status":"open","ping_status":"closed","template":"","meta":{"site-sidebar-layout":"default","site-content-layout":"default","ast-site-content-layout":"default","site-content-style":"default","site-sidebar-style":"default","ast-global-header-display":"","ast-banner-title-visibility":"","ast-main-header-display":"","ast-hfb-above-header-display":"","ast-hfb-below-header-display":"","ast-hfb-mobile-header-display":"","site-post-title":"","ast-breadcrumbs-content":"","ast-featured-img":"","footer-sml-layout":"","theme-transparent-header-meta":"default","adv-header-id-meta":"","stick-header-meta":"","header-above-stick-meta":"","header-main-stick-meta":"","header-below-stick-meta":"","astra-migrate-meta-layouts":"default","ast-page-background-enabled":"default","ast-page-background-meta":{"desktop":{"background-color":"","background-image":"","background-repeat":"repeat","background-position":"center center","background-size":"auto","background-attachment":"scroll","background-type":"","background-media":"","overlay-type":"","overlay-color":"","overlay-opacity":"","overlay-gradient":""},"tablet":{"background-color":"","background-image":"","background-repeat":"repeat","background-position":"center center","background-size":"auto","background-attachment":"scroll","background-type":"","background-media":"","overlay-type":"","overlay-color":"","overlay-opacity":"","overlay-gradient":""},"mobile":{"background-color":"","background-image":"","background-repeat":"repeat","background-position":"center center","background-size":"auto","background-attachment":"scroll","background-type":"","background-media":"","overlay-type":"","overlay-color":"","overlay-opacity":"","overlay-gradient":""}},"ast-content-background-meta":{"desktop":{"background-color":"var(--ast-global-color-5)","background-image":"","background-repeat":"repeat","background-position":"center center","background-size":"auto","background-attachment":"scroll","background-type":"","background-media":"","overlay-type":"","overlay-color":"","overlay-opacity":"","overlay-gradient":""},"tablet":{"background-color":"var(--ast-global-color-5)","background-image":"","background-repeat":"repeat","background-position":"center center","background-size":"auto","background-attachment":"scroll","background-type":"","background-media":"","overlay-type":"","overlay-color":"","overlay-opacity":"","overlay-gradient":""},"mobile":{"background-color":"var(--ast-global-color-5)","background-image":"","background-repeat":"repeat","background-position":"center center","background-size":"auto","background-attachment":"scroll","background-type":"","background-media":"","overlay-type":"","overlay-color":"","overlay-opacity":"","overlay-gradient":""}}},"product_brand":[],"product_cat":[42,326,327,32,36],"product_tag":[],"class_list":{"0":"post-11168","1":"product","2":"type-product","3":"status-publish","4":"has-post-thumbnail","6":"product_cat-gold-jewelry","7":"product_cat-all-jewelry","8":"product_cat-dangle-earrings","9":"product_cat-earrings","10":"product_cat-gold-earrings","11":"desktop-align-left","12":"tablet-align-left","13":"mobile-align-left","15":"first","16":"instock","17":"shipping-taxable","18":"purchasable","19":"product-type-simple"},"jetpack-related-posts":[{"id":11160,"url":"https:\/\/blitzfab.de\/de\/produkt\/hoops-shooting-star-earrings-gold\/","url_meta":{"origin":11168,"position":0},"title":"Sternschnuppen Creolen Gold","author":"selenegs","date":"August 12, 2022","format":false,"excerpt":"Material: 925 Sterling Silver 18K Gold Plated Earring diameter: 12mm Charm size: 10mm x 10 mm Weight: 3,4g Stone type: Zirconia Coating:\u00a0A thick layer of 24 K gold (4 microns) Made in: Mexico","rel":"","context":"\u00c4hnlicher Beitrag","block_context":{"text":"\u00c4hnlicher Beitrag","link":""},"img":{"alt_text":"Shooting star earrings gold","src":"https:\/\/i0.wp.com\/blitzfab.de\/wp-content\/uploads\/2022\/08\/Shooting-star-earrings-gold.jpg?resize=350%2C200&ssl=1","width":350,"height":200,"srcset":"https:\/\/i0.wp.com\/blitzfab.de\/wp-content\/uploads\/2022\/08\/Shooting-star-earrings-gold.jpg?resize=350%2C200&ssl=1 1x, https:\/\/i0.wp.com\/blitzfab.de\/wp-content\/uploads\/2022\/08\/Shooting-star-earrings-gold.jpg?resize=525%2C300&ssl=1 1.5x, https:\/\/i0.wp.com\/blitzfab.de\/wp-content\/uploads\/2022\/08\/Shooting-star-earrings-gold.jpg?resize=700%2C400&ssl=1 2x, https:\/\/i0.wp.com\/blitzfab.de\/wp-content\/uploads\/2022\/08\/Shooting-star-earrings-gold.jpg?resize=1050%2C600&ssl=1 3x"},"classes":[]},{"id":11148,"url":"https:\/\/blitzfab.de\/de\/produkt\/ship-anchor-earrings-silver\/","url_meta":{"origin":11168,"position":1},"title":"Schiff &amp; Anker Creolen Silber","author":"selenegs","date":"August 2, 2022","format":false,"excerpt":"Material: 925 Sterling Silver Earring diameter: 10mm Ship size: 13mm x 8mm Weight: 2,15g Stone type: Zirconia Coating: Lacquered Made in: Mexico","rel":"","context":"\u00c4hnlicher Beitrag","block_context":{"text":"\u00c4hnlicher Beitrag","link":""},"img":{"alt_text":"ship anchor earrings silver hoop","src":"https:\/\/i0.wp.com\/blitzfab.de\/wp-content\/uploads\/2022\/08\/ship-anchor-earrings-silver-hoop.jpg?resize=350%2C200&ssl=1","width":350,"height":200,"srcset":"https:\/\/i0.wp.com\/blitzfab.de\/wp-content\/uploads\/2022\/08\/ship-anchor-earrings-silver-hoop.jpg?resize=350%2C200&ssl=1 1x, https:\/\/i0.wp.com\/blitzfab.de\/wp-content\/uploads\/2022\/08\/ship-anchor-earrings-silver-hoop.jpg?resize=525%2C300&ssl=1 1.5x, https:\/\/i0.wp.com\/blitzfab.de\/wp-content\/uploads\/2022\/08\/ship-anchor-earrings-silver-hoop.jpg?resize=700%2C400&ssl=1 2x, https:\/\/i0.wp.com\/blitzfab.de\/wp-content\/uploads\/2022\/08\/ship-anchor-earrings-silver-hoop.jpg?resize=1050%2C600&ssl=1 3x"},"classes":[]},{"id":10111,"url":"https:\/\/blitzfab.de\/de\/produkt\/925-real-silver-earrings\/","url_meta":{"origin":11168,"position":2},"title":"Halbkreis Ohrstecker","author":"selenegs","date":"Mai 10, 2022","format":false,"excerpt":"Material: 925 Sterling Silver Width: 7mm Weight: 0,9g Stone type: Zirconia Backs type: push back Coating: Lacquered Made in: Mexico","rel":"","context":"\u00c4hnlicher Beitrag","block_context":{"text":"\u00c4hnlicher Beitrag","link":""},"img":{"alt_text":"real silver earrings with zirconia","src":"https:\/\/i0.wp.com\/blitzfab.de\/wp-content\/uploads\/2022\/05\/zirconia-ear-studs-925-sterling-silver.jpg?resize=350%2C200&ssl=1","width":350,"height":200,"srcset":"https:\/\/i0.wp.com\/blitzfab.de\/wp-content\/uploads\/2022\/05\/zirconia-ear-studs-925-sterling-silver.jpg?resize=350%2C200&ssl=1 1x, https:\/\/i0.wp.com\/blitzfab.de\/wp-content\/uploads\/2022\/05\/zirconia-ear-studs-925-sterling-silver.jpg?resize=525%2C300&ssl=1 1.5x, https:\/\/i0.wp.com\/blitzfab.de\/wp-content\/uploads\/2022\/05\/zirconia-ear-studs-925-sterling-silver.jpg?resize=700%2C400&ssl=1 2x, https:\/\/i0.wp.com\/blitzfab.de\/wp-content\/uploads\/2022\/05\/zirconia-ear-studs-925-sterling-silver.jpg?resize=1050%2C600&ssl=1 3x"},"classes":[]},{"id":8127,"url":"https:\/\/blitzfab.de\/de\/produkt\/twist-hoop-earrings-gold\/","url_meta":{"origin":11168,"position":3},"title":"Twist Creolen Gold","author":"selenegs","date":"Dezember 28, 2021","format":false,"excerpt":"Material:Gold vermeil: 24 K gold over 925 sterling silver Size: 24mm x 19mm Thickness: 4mm Weight: 3,8g Coating: A thick layer of 24 K gold (4 microns) Made in: Mexico","rel":"","context":"\u00c4hnlicher Beitrag","block_context":{"text":"\u00c4hnlicher Beitrag","link":""},"img":{"alt_text":"twist hoop earrings gold 925 silver","src":"https:\/\/i0.wp.com\/blitzfab.de\/wp-content\/uploads\/2021\/12\/twist-hoop-earrings-gold-925-silver.jpg?resize=350%2C200&ssl=1","width":350,"height":200,"srcset":"https:\/\/i0.wp.com\/blitzfab.de\/wp-content\/uploads\/2021\/12\/twist-hoop-earrings-gold-925-silver.jpg?resize=350%2C200&ssl=1 1x, https:\/\/i0.wp.com\/blitzfab.de\/wp-content\/uploads\/2021\/12\/twist-hoop-earrings-gold-925-silver.jpg?resize=525%2C300&ssl=1 1.5x, https:\/\/i0.wp.com\/blitzfab.de\/wp-content\/uploads\/2021\/12\/twist-hoop-earrings-gold-925-silver.jpg?resize=700%2C400&ssl=1 2x, https:\/\/i0.wp.com\/blitzfab.de\/wp-content\/uploads\/2021\/12\/twist-hoop-earrings-gold-925-silver.jpg?resize=1050%2C600&ssl=1 3x"},"classes":[]},{"id":9875,"url":"https:\/\/blitzfab.de\/de\/produkt\/i-heart-you-heart-hoop-earrings-silver\/","url_meta":{"origin":11168,"position":4},"title":"I heart you Creolen Silber","author":"selenegs","date":"M\u00e4rz 28, 2022","format":false,"excerpt":"Material: 925 Sterling silver Inner diameter: 11mm Outer diameter: 15mm Weight: 2,7g Stone type: Zirconia Coating: Lacquered Made in: Mexico","rel":"","context":"\u00c4hnlicher Beitrag","block_context":{"text":"\u00c4hnlicher Beitrag","link":""},"img":{"alt_text":"heart hoop earrings zirconia silver 925","src":"https:\/\/i0.wp.com\/blitzfab.de\/wp-content\/uploads\/2022\/03\/heart-hoop-earrings-zirconia-silver-925.jpg?resize=350%2C200&ssl=1","width":350,"height":200,"srcset":"https:\/\/i0.wp.com\/blitzfab.de\/wp-content\/uploads\/2022\/03\/heart-hoop-earrings-zirconia-silver-925.jpg?resize=350%2C200&ssl=1 1x, https:\/\/i0.wp.com\/blitzfab.de\/wp-content\/uploads\/2022\/03\/heart-hoop-earrings-zirconia-silver-925.jpg?resize=525%2C300&ssl=1 1.5x, https:\/\/i0.wp.com\/blitzfab.de\/wp-content\/uploads\/2022\/03\/heart-hoop-earrings-zirconia-silver-925.jpg?resize=700%2C400&ssl=1 2x, https:\/\/i0.wp.com\/blitzfab.de\/wp-content\/uploads\/2022\/03\/heart-hoop-earrings-zirconia-silver-925.jpg?resize=1050%2C600&ssl=1 3x"},"classes":[]},{"id":4083,"url":"https:\/\/blitzfab.de\/de\/produkt\/leaf-earrings-gold\/","url_meta":{"origin":11168,"position":5},"title":"leaf stud earrings","author":"selenegs","date":"Juli 8, 2021","format":false,"excerpt":"Material: Gold vermeil: 24 K gold over 925 sterling silver Length: 10mm Width: 5mm Weight: 0,75g Coating: A thick layer of 24 K gold (4 microns) Made in: Mexico","rel":"","context":"\u00c4hnlicher Beitrag","block_context":{"text":"\u00c4hnlicher Beitrag","link":""},"img":{"alt_text":"leaf earrings gold vermeil studs","src":"https:\/\/i0.wp.com\/blitzfab.de\/wp-content\/uploads\/2021\/07\/leaf-earrings-gold-vermeil-studs.jpg?resize=350%2C200&ssl=1","width":350,"height":200,"srcset":"https:\/\/i0.wp.com\/blitzfab.de\/wp-content\/uploads\/2021\/07\/leaf-earrings-gold-vermeil-studs.jpg?resize=350%2C200&ssl=1 1x, https:\/\/i0.wp.com\/blitzfab.de\/wp-content\/uploads\/2021\/07\/leaf-earrings-gold-vermeil-studs.jpg?resize=525%2C300&ssl=1 1.5x, https:\/\/i0.wp.com\/blitzfab.de\/wp-content\/uploads\/2021\/07\/leaf-earrings-gold-vermeil-studs.jpg?resize=700%2C400&ssl=1 2x, https:\/\/i0.wp.com\/blitzfab.de\/wp-content\/uploads\/2021\/07\/leaf-earrings-gold-vermeil-studs.jpg?resize=1050%2C600&ssl=1 3x, https:\/\/i0.wp.com\/blitzfab.de\/wp-content\/uploads\/2021\/07\/leaf-earrings-gold-vermeil-studs.jpg?resize=1400%2C800&ssl=1 4x"},"classes":[]}],"jetpack_sharing_enabled":true,"_links":{"self":[{"href":"https:\/\/blitzfab.de\/de\/wp-json\/wp\/v2\/product\/11168","targetHints":{"allow":["GET"]}}],"collection":[{"href":"https:\/\/blitzfab.de\/de\/wp-json\/wp\/v2\/product"}],"about":[{"href":"https:\/\/blitzfab.de\/de\/wp-json\/wp\/v2\/types\/product"}],"replies":[{"embeddable":true,"href":"https:\/\/blitzfab.de\/de\/wp-json\/wp\/v2\/comments?post=11168"}],"wp:featuredmedia":[{"embeddable":true,"href":"https:\/\/blitzfab.de\/de\/wp-json\/wp\/v2\/media\/17141"}],"wp:attachment":[{"href":"https:\/\/blitzfab.de\/de\/wp-json\/wp\/v2\/media?parent=11168"}],"wp:term":[{"taxonomy":"product_brand","embeddable":true,"href":"https:\/\/blitzfab.de\/de\/wp-json\/wp\/v2\/product_brand?post=11168"},{"taxonomy":"product_cat","embeddable":true,"href":"https:\/\/blitzfab.de\/de\/wp-json\/wp\/v2\/product_cat?post=11168"},{"taxonomy":"product_tag","embeddable":true,"href":"https:\/\/blitzfab.de\/de\/wp-json\/wp\/v2\/product_tag?post=11168"}],"curies":[{"name":"wp","href":"https:\/\/api.w.org\/{rel}","templated":true}]}}