{"id":11160,"date":"2022-08-12T15:38:25","date_gmt":"2022-08-12T15:38:25","guid":{"rendered":"https:\/\/blitzfab.de\/?post_type=product&#038;p=11160"},"modified":"2023-08-30T09:00:35","modified_gmt":"2023-08-30T09:00:35","slug":"hoops-shooting-star-earrings-gold","status":"publish","type":"product","link":"https:\/\/blitzfab.de\/de\/produkt\/hoops-shooting-star-earrings-gold\/","title":{"rendered":"Sternschnuppen Creolen Gold"},"content":{"rendered":"<h3>Sternschnuppen-Ohrringe<\/h3>\n<p>Diese Sternohrringe sind aus massivem 925er Sterlingsilber und 18 Karat vergoldet, hypoallergen, zink- und nickelfrei, sie werden deinen Ohren nicht schaden. Sie lassen sich super mit deinen Lieblingsohrsteckern kombinieren.<\/p>\n<h3><\/h3>\n<p>&nbsp;<\/p>","protected":false},"excerpt":{"rendered":"<ul>\n<li><b>Material: <\/b>925 Sterling Silber 18K vergoldet<\/li>\n<li><strong>Ohrringdurchmesser: <\/strong>12mm<\/li>\n<li><strong>Anh\u00e4ngergr\u00f6\u00dfe: <\/strong>10mm x 10 mm<\/li>\n<li><strong>Gewicht: <\/strong>3,4g<\/li>\n<li><strong>Kristallart: <\/strong>Zirkonia<\/li>\n<li><b>Beschichtung:<\/b>\u00a0Eine dicke 24K Goldschicht (4 Mikron)<\/li>\n<li><b>Hergestellt in: <\/b>Mexiko<\/li>\n<\/ul>","protected":false},"featured_media":17151,"comment_status":"open","ping_status":"closed","template":"","meta":{"site-sidebar-layout":"default","site-content-layout":"default","ast-site-content-layout":"default","site-content-style":"default","site-sidebar-style":"default","ast-global-header-display":"","ast-banner-title-visibility":"","ast-main-header-display":"","ast-hfb-above-header-display":"","ast-hfb-below-header-display":"","ast-hfb-mobile-header-display":"","site-post-title":"","ast-breadcrumbs-content":"","ast-featured-img":"","footer-sml-layout":"","theme-transparent-header-meta":"default","adv-header-id-meta":"","stick-header-meta":"","header-above-stick-meta":"","header-main-stick-meta":"","header-below-stick-meta":"","astra-migrate-meta-layouts":"default","ast-page-background-enabled":"default","ast-page-background-meta":{"desktop":{"background-color":"","background-image":"","background-repeat":"repeat","background-position":"center center","background-size":"auto","background-attachment":"scroll","background-type":"","background-media":"","overlay-type":"","overlay-color":"","overlay-opacity":"","overlay-gradient":""},"tablet":{"background-color":"","background-image":"","background-repeat":"repeat","background-position":"center center","background-size":"auto","background-attachment":"scroll","background-type":"","background-media":"","overlay-type":"","overlay-color":"","overlay-opacity":"","overlay-gradient":""},"mobile":{"background-color":"","background-image":"","background-repeat":"repeat","background-position":"center center","background-size":"auto","background-attachment":"scroll","background-type":"","background-media":"","overlay-type":"","overlay-color":"","overlay-opacity":"","overlay-gradient":""}},"ast-content-background-meta":{"desktop":{"background-color":"var(--ast-global-color-5)","background-image":"","background-repeat":"repeat","background-position":"center center","background-size":"auto","background-attachment":"scroll","background-type":"","background-media":"","overlay-type":"","overlay-color":"","overlay-opacity":"","overlay-gradient":""},"tablet":{"background-color":"var(--ast-global-color-5)","background-image":"","background-repeat":"repeat","background-position":"center center","background-size":"auto","background-attachment":"scroll","background-type":"","background-media":"","overlay-type":"","overlay-color":"","overlay-opacity":"","overlay-gradient":""},"mobile":{"background-color":"var(--ast-global-color-5)","background-image":"","background-repeat":"repeat","background-position":"center center","background-size":"auto","background-attachment":"scroll","background-type":"","background-media":"","overlay-type":"","overlay-color":"","overlay-opacity":"","overlay-gradient":""}}},"product_brand":[],"product_cat":[42,326,327,32,36],"product_tag":[],"class_list":{"0":"post-11160","1":"product","2":"type-product","3":"status-publish","4":"has-post-thumbnail","6":"product_cat-gold-jewelry","7":"product_cat-all-jewelry","8":"product_cat-dangle-earrings","9":"product_cat-earrings","10":"product_cat-gold-earrings","11":"desktop-align-left","12":"tablet-align-left","13":"mobile-align-left","15":"first","16":"instock","17":"shipping-taxable","18":"purchasable","19":"product-type-simple"},"jetpack-related-posts":[{"id":11233,"url":"https:\/\/blitzfab.de\/de\/produkt\/triple-hoop-earrings-gold\/","url_meta":{"origin":11160,"position":0},"title":"Dreifach Creolen Gold","author":"selenegs","date":"September 6, 2022","format":false,"excerpt":"Material: 925 Sterling Silver 18K Gold Plated Diameter: 13mm Width: 6mm Weight: 2,6g Coating: 18 carat gold Made in: Mexico","rel":"","context":"\u00c4hnlicher Beitrag","block_context":{"text":"\u00c4hnlicher Beitrag","link":""},"img":{"alt_text":"triple three lines hoop earrings gold","src":"https:\/\/i0.wp.com\/blitzfab.de\/wp-content\/uploads\/2022\/09\/triple-three-lines-hoop-earrings-gold.jpg?resize=350%2C200&ssl=1","width":350,"height":200,"srcset":"https:\/\/i0.wp.com\/blitzfab.de\/wp-content\/uploads\/2022\/09\/triple-three-lines-hoop-earrings-gold.jpg?resize=350%2C200&ssl=1 1x, https:\/\/i0.wp.com\/blitzfab.de\/wp-content\/uploads\/2022\/09\/triple-three-lines-hoop-earrings-gold.jpg?resize=525%2C300&ssl=1 1.5x, https:\/\/i0.wp.com\/blitzfab.de\/wp-content\/uploads\/2022\/09\/triple-three-lines-hoop-earrings-gold.jpg?resize=700%2C400&ssl=1 2x, https:\/\/i0.wp.com\/blitzfab.de\/wp-content\/uploads\/2022\/09\/triple-three-lines-hoop-earrings-gold.jpg?resize=1050%2C600&ssl=1 3x"},"classes":[]},{"id":11168,"url":"https:\/\/blitzfab.de\/de\/produkt\/heart-lock-gold-dangle-earrings\/","url_meta":{"origin":11160,"position":1},"title":"Herzschloss Creolen mit Anh\u00e4nger Gold","author":"selenegs","date":"August 16, 2022","format":false,"excerpt":"Material: 925 Sterling Silver 24K gold vermeil Earring diameter: 12mm Charm size: 9mm x 12 mm Weight: 2,6g Stone type: Zirconia Coating:\u00a0A thick layer of 24 K gold (4 microns) Made in: Mexico","rel":"","context":"\u00c4hnlicher Beitrag","block_context":{"text":"\u00c4hnlicher Beitrag","link":""},"img":{"alt_text":"gold dangle earrings heart lock","src":"https:\/\/i0.wp.com\/blitzfab.de\/wp-content\/uploads\/2022\/08\/gold-dangle-earrings-heart-lock.jpg?resize=350%2C200&ssl=1","width":350,"height":200,"srcset":"https:\/\/i0.wp.com\/blitzfab.de\/wp-content\/uploads\/2022\/08\/gold-dangle-earrings-heart-lock.jpg?resize=350%2C200&ssl=1 1x, https:\/\/i0.wp.com\/blitzfab.de\/wp-content\/uploads\/2022\/08\/gold-dangle-earrings-heart-lock.jpg?resize=525%2C300&ssl=1 1.5x, https:\/\/i0.wp.com\/blitzfab.de\/wp-content\/uploads\/2022\/08\/gold-dangle-earrings-heart-lock.jpg?resize=700%2C400&ssl=1 2x, https:\/\/i0.wp.com\/blitzfab.de\/wp-content\/uploads\/2022\/08\/gold-dangle-earrings-heart-lock.jpg?resize=1050%2C600&ssl=1 3x"},"classes":[]},{"id":9999,"url":"https:\/\/blitzfab.de\/de\/produkt\/queen-hoop-earrings-gold-blitz-fab\/","url_meta":{"origin":11160,"position":2},"title":"K\u00f6nigin Creolen Gold","author":"selenegs","date":"April 12, 2022","format":false,"excerpt":"Material:Gold vermeil: 24 K gold over 925 sterling silver Diameter: 13mm Weight: 2,85g Stone type: Zirconia Coating: A thick layer of 24 K gold (4 microns) Made in: Mexico","rel":"","context":"\u00c4hnlicher Beitrag","block_context":{"text":"\u00c4hnlicher Beitrag","link":""},"img":{"alt_text":"blitz fab princess queen gold hoop earrings","src":"https:\/\/i0.wp.com\/blitzfab.de\/wp-content\/uploads\/2022\/04\/princess-queen-gold-hoop-earrings.jpg?resize=350%2C200&ssl=1","width":350,"height":200,"srcset":"https:\/\/i0.wp.com\/blitzfab.de\/wp-content\/uploads\/2022\/04\/princess-queen-gold-hoop-earrings.jpg?resize=350%2C200&ssl=1 1x, https:\/\/i0.wp.com\/blitzfab.de\/wp-content\/uploads\/2022\/04\/princess-queen-gold-hoop-earrings.jpg?resize=525%2C300&ssl=1 1.5x, https:\/\/i0.wp.com\/blitzfab.de\/wp-content\/uploads\/2022\/04\/princess-queen-gold-hoop-earrings.jpg?resize=700%2C400&ssl=1 2x, https:\/\/i0.wp.com\/blitzfab.de\/wp-content\/uploads\/2022\/04\/princess-queen-gold-hoop-earrings.jpg?resize=1050%2C600&ssl=1 3x"},"classes":[]},{"id":8127,"url":"https:\/\/blitzfab.de\/de\/produkt\/twist-hoop-earrings-gold\/","url_meta":{"origin":11160,"position":3},"title":"Twist Creolen Gold","author":"selenegs","date":"Dezember 28, 2021","format":false,"excerpt":"Material:Gold vermeil: 24 K gold over 925 sterling silver Size: 24mm x 19mm Thickness: 4mm Weight: 3,8g Coating: A thick layer of 24 K gold (4 microns) Made in: Mexico","rel":"","context":"\u00c4hnlicher Beitrag","block_context":{"text":"\u00c4hnlicher Beitrag","link":""},"img":{"alt_text":"twist hoop earrings gold 925 silver","src":"https:\/\/i0.wp.com\/blitzfab.de\/wp-content\/uploads\/2021\/12\/twist-hoop-earrings-gold-925-silver.jpg?resize=350%2C200&ssl=1","width":350,"height":200,"srcset":"https:\/\/i0.wp.com\/blitzfab.de\/wp-content\/uploads\/2021\/12\/twist-hoop-earrings-gold-925-silver.jpg?resize=350%2C200&ssl=1 1x, https:\/\/i0.wp.com\/blitzfab.de\/wp-content\/uploads\/2021\/12\/twist-hoop-earrings-gold-925-silver.jpg?resize=525%2C300&ssl=1 1.5x, https:\/\/i0.wp.com\/blitzfab.de\/wp-content\/uploads\/2021\/12\/twist-hoop-earrings-gold-925-silver.jpg?resize=700%2C400&ssl=1 2x, https:\/\/i0.wp.com\/blitzfab.de\/wp-content\/uploads\/2021\/12\/twist-hoop-earrings-gold-925-silver.jpg?resize=1050%2C600&ssl=1 3x"},"classes":[]},{"id":11048,"url":"https:\/\/blitzfab.de\/de\/produkt\/triangular-earrings-gold\/","url_meta":{"origin":11160,"position":4},"title":"Pyramid dreieckige Ohrringe Gold","author":"selenegs","date":"Juli 2, 2022","format":false,"excerpt":"Material: Gold vermeil: 24 K gold over 925 sterling silver Size: 12mm Weight: 2,18g Coating: A thick layer of 24 K gold (4 microns) Made in: Mexico","rel":"","context":"\u00c4hnlicher Beitrag","block_context":{"text":"\u00c4hnlicher Beitrag","link":""},"img":{"alt_text":"triangle earrings minimalist gold","src":"https:\/\/i0.wp.com\/blitzfab.de\/wp-content\/uploads\/2022\/07\/triangle-earrings-minimalist-gold.jpg?resize=350%2C200&ssl=1","width":350,"height":200,"srcset":"https:\/\/i0.wp.com\/blitzfab.de\/wp-content\/uploads\/2022\/07\/triangle-earrings-minimalist-gold.jpg?resize=350%2C200&ssl=1 1x, https:\/\/i0.wp.com\/blitzfab.de\/wp-content\/uploads\/2022\/07\/triangle-earrings-minimalist-gold.jpg?resize=525%2C300&ssl=1 1.5x, https:\/\/i0.wp.com\/blitzfab.de\/wp-content\/uploads\/2022\/07\/triangle-earrings-minimalist-gold.jpg?resize=700%2C400&ssl=1 2x, https:\/\/i0.wp.com\/blitzfab.de\/wp-content\/uploads\/2022\/07\/triangle-earrings-minimalist-gold.jpg?resize=1050%2C600&ssl=1 3x"},"classes":[]},{"id":4083,"url":"https:\/\/blitzfab.de\/de\/produkt\/leaf-earrings-gold\/","url_meta":{"origin":11160,"position":5},"title":"leaf stud earrings","author":"selenegs","date":"Juli 8, 2021","format":false,"excerpt":"Material: Gold vermeil: 24 K gold over 925 sterling silver Length: 10mm Width: 5mm Weight: 0,75g Coating: A thick layer of 24 K gold (4 microns) Made in: Mexico","rel":"","context":"\u00c4hnlicher Beitrag","block_context":{"text":"\u00c4hnlicher Beitrag","link":""},"img":{"alt_text":"leaf earrings gold vermeil studs","src":"https:\/\/i0.wp.com\/blitzfab.de\/wp-content\/uploads\/2021\/07\/leaf-earrings-gold-vermeil-studs.jpg?resize=350%2C200&ssl=1","width":350,"height":200,"srcset":"https:\/\/i0.wp.com\/blitzfab.de\/wp-content\/uploads\/2021\/07\/leaf-earrings-gold-vermeil-studs.jpg?resize=350%2C200&ssl=1 1x, https:\/\/i0.wp.com\/blitzfab.de\/wp-content\/uploads\/2021\/07\/leaf-earrings-gold-vermeil-studs.jpg?resize=525%2C300&ssl=1 1.5x, https:\/\/i0.wp.com\/blitzfab.de\/wp-content\/uploads\/2021\/07\/leaf-earrings-gold-vermeil-studs.jpg?resize=700%2C400&ssl=1 2x, https:\/\/i0.wp.com\/blitzfab.de\/wp-content\/uploads\/2021\/07\/leaf-earrings-gold-vermeil-studs.jpg?resize=1050%2C600&ssl=1 3x, https:\/\/i0.wp.com\/blitzfab.de\/wp-content\/uploads\/2021\/07\/leaf-earrings-gold-vermeil-studs.jpg?resize=1400%2C800&ssl=1 4x"},"classes":[]}],"jetpack_sharing_enabled":true,"_links":{"self":[{"href":"https:\/\/blitzfab.de\/de\/wp-json\/wp\/v2\/product\/11160","targetHints":{"allow":["GET"]}}],"collection":[{"href":"https:\/\/blitzfab.de\/de\/wp-json\/wp\/v2\/product"}],"about":[{"href":"https:\/\/blitzfab.de\/de\/wp-json\/wp\/v2\/types\/product"}],"replies":[{"embeddable":true,"href":"https:\/\/blitzfab.de\/de\/wp-json\/wp\/v2\/comments?post=11160"}],"wp:featuredmedia":[{"embeddable":true,"href":"https:\/\/blitzfab.de\/de\/wp-json\/wp\/v2\/media\/17151"}],"wp:attachment":[{"href":"https:\/\/blitzfab.de\/de\/wp-json\/wp\/v2\/media?parent=11160"}],"wp:term":[{"taxonomy":"product_brand","embeddable":true,"href":"https:\/\/blitzfab.de\/de\/wp-json\/wp\/v2\/product_brand?post=11160"},{"taxonomy":"product_cat","embeddable":true,"href":"https:\/\/blitzfab.de\/de\/wp-json\/wp\/v2\/product_cat?post=11160"},{"taxonomy":"product_tag","embeddable":true,"href":"https:\/\/blitzfab.de\/de\/wp-json\/wp\/v2\/product_tag?post=11160"}],"curies":[{"name":"wp","href":"https:\/\/api.w.org\/{rel}","templated":true}]}}