{"id":11153,"date":"2022-08-04T09:21:04","date_gmt":"2022-08-04T09:21:04","guid":{"rendered":"https:\/\/blitzfab.de\/?post_type=product&#038;p=11153"},"modified":"2023-06-10T12:32:28","modified_gmt":"2023-06-10T12:32:28","slug":"home-is-where-the-heart-is-necklace-silver","status":"publish","type":"product","link":"https:\/\/blitzfab.de\/de\/produkt\/home-is-where-the-heart-is-necklace-silver\/","title":{"rendered":"Home is where the heart is Halskette Silber"},"content":{"rendered":"<p>Dies ist eine doppelte Halskette, die aus einer Halskette \u201eHome is where your heart is\u201c und einem Kreuzanh\u00e4nger mit glitzerndem Finish besteht. Beide werden mit einer Kugelkette geliefert und sind aus massivem 925er Sterlingsilber gefertigt. Hypoallergen, zink- und nickelfrei.<\/p>\n<h3>Home is where the heart is Halskette Silber<\/h3>\n<p>Jemand, der dir am Herzen liegt, verdient diese s\u00fc\u00dfe Halskette, Entfernung l\u00e4sst das Herz h\u00f6her schlagen. Verschenke diese s\u00fc\u00dfe Halskette an diese besondere Person und halte sie nahe an deinem Herzen.<\/p>","protected":false},"excerpt":{"rendered":"<ul>\n<li><b>Material: <\/b>925 Sterling Silber<\/li>\n<li><strong>Kreuzgr\u00f6\u00dfe: <\/strong>17mm x 12mm<\/li>\n<li><strong>Gr\u00f6\u00dfe des runden Anh\u00e4ngers: <\/strong>16mm<\/li>\n<li><strong>Halskettenl\u00e4nge: <\/strong>40cm \/ 45cm<\/li>\n<li><strong>Halskettengewicht: <\/strong>6,5g<\/li>\n<li><b>Beschichtung: <\/b>lackiert<\/li>\n<li><b>Hergestellt in: <\/b>Mexiko<\/li>\n<\/ul>","protected":false},"featured_media":16444,"comment_status":"open","ping_status":"closed","template":"","meta":{"site-sidebar-layout":"default","site-content-layout":"default","ast-site-content-layout":"default","site-content-style":"default","site-sidebar-style":"default","ast-global-header-display":"","ast-banner-title-visibility":"","ast-main-header-display":"","ast-hfb-above-header-display":"","ast-hfb-below-header-display":"","ast-hfb-mobile-header-display":"","site-post-title":"","ast-breadcrumbs-content":"","ast-featured-img":"","footer-sml-layout":"","theme-transparent-header-meta":"default","adv-header-id-meta":"","stick-header-meta":"","header-above-stick-meta":"","header-main-stick-meta":"","header-below-stick-meta":"","astra-migrate-meta-layouts":"default","ast-page-background-enabled":"default","ast-page-background-meta":{"desktop":{"background-color":"","background-image":"","background-repeat":"repeat","background-position":"center center","background-size":"auto","background-attachment":"scroll","background-type":"","background-media":"","overlay-type":"","overlay-color":"","overlay-opacity":"","overlay-gradient":""},"tablet":{"background-color":"","background-image":"","background-repeat":"repeat","background-position":"center center","background-size":"auto","background-attachment":"scroll","background-type":"","background-media":"","overlay-type":"","overlay-color":"","overlay-opacity":"","overlay-gradient":""},"mobile":{"background-color":"","background-image":"","background-repeat":"repeat","background-position":"center center","background-size":"auto","background-attachment":"scroll","background-type":"","background-media":"","overlay-type":"","overlay-color":"","overlay-opacity":"","overlay-gradient":""}},"ast-content-background-meta":{"desktop":{"background-color":"var(--ast-global-color-5)","background-image":"","background-repeat":"repeat","background-position":"center center","background-size":"auto","background-attachment":"scroll","background-type":"","background-media":"","overlay-type":"","overlay-color":"","overlay-opacity":"","overlay-gradient":""},"tablet":{"background-color":"var(--ast-global-color-5)","background-image":"","background-repeat":"repeat","background-position":"center center","background-size":"auto","background-attachment":"scroll","background-type":"","background-media":"","overlay-type":"","overlay-color":"","overlay-opacity":"","overlay-gradient":""},"mobile":{"background-color":"var(--ast-global-color-5)","background-image":"","background-repeat":"repeat","background-position":"center center","background-size":"auto","background-attachment":"scroll","background-type":"","background-media":"","overlay-type":"","overlay-color":"","overlay-opacity":"","overlay-gradient":""}}},"product_brand":[],"product_cat":[17,326,325,35],"product_tag":[],"class_list":{"0":"post-11153","1":"product","2":"type-product","3":"status-publish","4":"has-post-thumbnail","6":"product_cat-necklaces","7":"product_cat-all-jewelry","8":"product_cat-pendants","9":"product_cat-silver-necklaces","10":"desktop-align-left","11":"tablet-align-left","12":"mobile-align-left","14":"first","15":"instock","16":"shipping-taxable","17":"purchasable","18":"product-type-simple"},"jetpack-related-posts":[{"id":1646,"url":"https:\/\/blitzfab.de\/de\/produkt\/hammered-heart-necklace-gold-vermeil\/","url_meta":{"origin":11153,"position":0},"title":"Geh\u00e4mmerte Herz Halskette Gold","author":"selenegs","date":"Mai 31, 2021","format":false,"excerpt":"Material: Gold vermeil: 24 K gold over 925 sterling silver Pendant lenght: 19mm Pendant width: 11mm Necklace length: 40cm Weight: 1,23g Coating: A thick layer of 24 K gold (4 microns) Made in: Mexico","rel":"","context":"\u00c4hnlicher Beitrag","block_context":{"text":"\u00c4hnlicher Beitrag","link":""},"img":{"alt_text":"heart hammered necklace gold 925 silver","src":"https:\/\/i0.wp.com\/blitzfab.de\/wp-content\/uploads\/2021\/05\/heart-hammered-necklace-gold-925-silver.jpg?resize=350%2C200&ssl=1","width":350,"height":200,"srcset":"https:\/\/i0.wp.com\/blitzfab.de\/wp-content\/uploads\/2021\/05\/heart-hammered-necklace-gold-925-silver.jpg?resize=350%2C200&ssl=1 1x, https:\/\/i0.wp.com\/blitzfab.de\/wp-content\/uploads\/2021\/05\/heart-hammered-necklace-gold-925-silver.jpg?resize=525%2C300&ssl=1 1.5x, https:\/\/i0.wp.com\/blitzfab.de\/wp-content\/uploads\/2021\/05\/heart-hammered-necklace-gold-925-silver.jpg?resize=700%2C400&ssl=1 2x, https:\/\/i0.wp.com\/blitzfab.de\/wp-content\/uploads\/2021\/05\/heart-hammered-necklace-gold-925-silver.jpg?resize=1050%2C600&ssl=1 3x"},"classes":[]},{"id":1734,"url":"https:\/\/blitzfab.de\/de\/produkt\/broken-heart-necklace-silver-mended\/","url_meta":{"origin":11153,"position":1},"title":"geheiltes Herz Halskette Silber","author":"selenegs","date":"Juni 1, 2021","format":false,"excerpt":"Material: 925 Sterling silver Pendant length: 30mm Pendant width: 35mm Pendant weight: 4,35g Necklace length: 40cm Necklace weight: 2,13g Coating: Lacquered Made in: Mexico","rel":"","context":"\u00c4hnlicher Beitrag","block_context":{"text":"\u00c4hnlicher Beitrag","link":""},"img":{"alt_text":"mended broken heart necklace 925 silver","src":"https:\/\/i0.wp.com\/blitzfab.de\/wp-content\/uploads\/2021\/06\/mended-broken-heart-necklace-925-silver.jpg?resize=350%2C200&ssl=1","width":350,"height":200,"srcset":"https:\/\/i0.wp.com\/blitzfab.de\/wp-content\/uploads\/2021\/06\/mended-broken-heart-necklace-925-silver.jpg?resize=350%2C200&ssl=1 1x, https:\/\/i0.wp.com\/blitzfab.de\/wp-content\/uploads\/2021\/06\/mended-broken-heart-necklace-925-silver.jpg?resize=525%2C300&ssl=1 1.5x, https:\/\/i0.wp.com\/blitzfab.de\/wp-content\/uploads\/2021\/06\/mended-broken-heart-necklace-925-silver.jpg?resize=700%2C400&ssl=1 2x, https:\/\/i0.wp.com\/blitzfab.de\/wp-content\/uploads\/2021\/06\/mended-broken-heart-necklace-925-silver.jpg?resize=1050%2C600&ssl=1 3x"},"classes":[]},{"id":11078,"url":"https:\/\/blitzfab.de\/de\/produkt\/love-necklace-silver-925\/","url_meta":{"origin":11153,"position":2},"title":"Love heart necklace silver","author":"selenegs","date":"Juli 26, 2022","format":false,"excerpt":"Material: 925 Sterling Silver Pendant length: 21mm Pendant width: 18mm Necklace length: 45cm Weight: 4,2g Coating: Lacquered Made in: Mexico","rel":"","context":"\u00c4hnlicher Beitrag","block_context":{"text":"\u00c4hnlicher Beitrag","link":""},"img":{"alt_text":"heart necklace love 925 sterling silver","src":"https:\/\/i0.wp.com\/blitzfab.de\/wp-content\/uploads\/2022\/07\/heart-necklace-love-925-sterling-silver.jpg?resize=350%2C200&ssl=1","width":350,"height":200,"srcset":"https:\/\/i0.wp.com\/blitzfab.de\/wp-content\/uploads\/2022\/07\/heart-necklace-love-925-sterling-silver.jpg?resize=350%2C200&ssl=1 1x, https:\/\/i0.wp.com\/blitzfab.de\/wp-content\/uploads\/2022\/07\/heart-necklace-love-925-sterling-silver.jpg?resize=525%2C300&ssl=1 1.5x, https:\/\/i0.wp.com\/blitzfab.de\/wp-content\/uploads\/2022\/07\/heart-necklace-love-925-sterling-silver.jpg?resize=700%2C400&ssl=1 2x, https:\/\/i0.wp.com\/blitzfab.de\/wp-content\/uploads\/2022\/07\/heart-necklace-love-925-sterling-silver.jpg?resize=1050%2C600&ssl=1 3x"},"classes":[]},{"id":13594,"url":"https:\/\/blitzfab.de\/de\/produkt\/sacred-heart-of-jesus-medal-gold\/","url_meta":{"origin":11153,"position":3},"title":"Heiliges Herz Jesu Halskette","author":"selenegs","date":"Februar 15, 2023","format":false,"excerpt":"Material: Gold vermeil: 24 K gold over 925 sterling silver Pendant diameter: 16mm Necklace length: 40cm Weight: 3,01g Coating:\u00a0A thick layer of 24 K gold (4 microns) Made in: Mexico","rel":"","context":"\u00c4hnlicher Beitrag","block_context":{"text":"\u00c4hnlicher Beitrag","link":""},"img":{"alt_text":"sacred heart of jesus medal gold over 925 sterling silver","src":"https:\/\/i0.wp.com\/blitzfab.de\/wp-content\/uploads\/2023\/02\/sacred-heart-of-jesus-medal-gold-over-925-sterling-silver-1.jpg?resize=350%2C200&ssl=1","width":350,"height":200,"srcset":"https:\/\/i0.wp.com\/blitzfab.de\/wp-content\/uploads\/2023\/02\/sacred-heart-of-jesus-medal-gold-over-925-sterling-silver-1.jpg?resize=350%2C200&ssl=1 1x, https:\/\/i0.wp.com\/blitzfab.de\/wp-content\/uploads\/2023\/02\/sacred-heart-of-jesus-medal-gold-over-925-sterling-silver-1.jpg?resize=525%2C300&ssl=1 1.5x, https:\/\/i0.wp.com\/blitzfab.de\/wp-content\/uploads\/2023\/02\/sacred-heart-of-jesus-medal-gold-over-925-sterling-silver-1.jpg?resize=700%2C400&ssl=1 2x, https:\/\/i0.wp.com\/blitzfab.de\/wp-content\/uploads\/2023\/02\/sacred-heart-of-jesus-medal-gold-over-925-sterling-silver-1.jpg?resize=1050%2C600&ssl=1 3x"},"classes":[]},{"id":8141,"url":"https:\/\/blitzfab.de\/de\/produkt\/delicate-hearts-choker-gold\/","url_meta":{"origin":11153,"position":4},"title":"Herzen Kette Choker gold","author":"selenegs","date":"Dezember 29, 2021","format":false,"excerpt":"Material: Gold vermeil: 24 K gold over 925 sterling silver Number of pendants: 5 Pendant size: 5mm Necklace length: 40cm Necklace weight: 1,56g Coating:\u00a0A thick layer of 24 K gold (4 microns) Made in: Mexico","rel":"","context":"\u00c4hnlicher Beitrag","block_context":{"text":"\u00c4hnlicher Beitrag","link":""},"img":{"alt_text":"dainty hearts choker 925 sterling silver","src":"https:\/\/i0.wp.com\/blitzfab.de\/wp-content\/uploads\/2021\/12\/dainty-hearts-choker-925-sterling-silver.jpg?resize=350%2C200&ssl=1","width":350,"height":200,"srcset":"https:\/\/i0.wp.com\/blitzfab.de\/wp-content\/uploads\/2021\/12\/dainty-hearts-choker-925-sterling-silver.jpg?resize=350%2C200&ssl=1 1x, https:\/\/i0.wp.com\/blitzfab.de\/wp-content\/uploads\/2021\/12\/dainty-hearts-choker-925-sterling-silver.jpg?resize=525%2C300&ssl=1 1.5x, https:\/\/i0.wp.com\/blitzfab.de\/wp-content\/uploads\/2021\/12\/dainty-hearts-choker-925-sterling-silver.jpg?resize=700%2C400&ssl=1 2x, https:\/\/i0.wp.com\/blitzfab.de\/wp-content\/uploads\/2021\/12\/dainty-hearts-choker-925-sterling-silver.jpg?resize=1050%2C600&ssl=1 3x"},"classes":[]},{"id":10084,"url":"https:\/\/blitzfab.de\/de\/produkt\/christian-necklace-love-god-gold\/","url_meta":{"origin":11153,"position":5},"title":"Love God Necklace Gold","author":"selenegs","date":"Mai 3, 2022","format":false,"excerpt":"Material: 925 Sterling Silver or gold vermeil: 24 K gold over 925 sterling silver Number of pendants: 6 Pendant diameter: Approx. 1cm Necklace length: 40cm + 5cm (adjustable from 40cm to 45cm) *perfect for layering* Necklace weight: 3,80g Coating: Lacquered or a thick layer of 24 K gold (4 microns)\u2026","rel":"","context":"\u00c4hnlicher Beitrag","block_context":{"text":"\u00c4hnlicher Beitrag","link":""},"img":{"alt_text":"christian necklace love God gold 925 silver","src":"https:\/\/i0.wp.com\/blitzfab.de\/wp-content\/uploads\/2023\/04\/Love-God-necklace.jpg?resize=350%2C200&ssl=1","width":350,"height":200,"srcset":"https:\/\/i0.wp.com\/blitzfab.de\/wp-content\/uploads\/2023\/04\/Love-God-necklace.jpg?resize=350%2C200&ssl=1 1x, https:\/\/i0.wp.com\/blitzfab.de\/wp-content\/uploads\/2023\/04\/Love-God-necklace.jpg?resize=525%2C300&ssl=1 1.5x, https:\/\/i0.wp.com\/blitzfab.de\/wp-content\/uploads\/2023\/04\/Love-God-necklace.jpg?resize=700%2C400&ssl=1 2x, https:\/\/i0.wp.com\/blitzfab.de\/wp-content\/uploads\/2023\/04\/Love-God-necklace.jpg?resize=1050%2C600&ssl=1 3x"},"classes":[]}],"jetpack_sharing_enabled":true,"_links":{"self":[{"href":"https:\/\/blitzfab.de\/de\/wp-json\/wp\/v2\/product\/11153","targetHints":{"allow":["GET"]}}],"collection":[{"href":"https:\/\/blitzfab.de\/de\/wp-json\/wp\/v2\/product"}],"about":[{"href":"https:\/\/blitzfab.de\/de\/wp-json\/wp\/v2\/types\/product"}],"replies":[{"embeddable":true,"href":"https:\/\/blitzfab.de\/de\/wp-json\/wp\/v2\/comments?post=11153"}],"wp:featuredmedia":[{"embeddable":true,"href":"https:\/\/blitzfab.de\/de\/wp-json\/wp\/v2\/media\/16444"}],"wp:attachment":[{"href":"https:\/\/blitzfab.de\/de\/wp-json\/wp\/v2\/media?parent=11153"}],"wp:term":[{"taxonomy":"product_brand","embeddable":true,"href":"https:\/\/blitzfab.de\/de\/wp-json\/wp\/v2\/product_brand?post=11153"},{"taxonomy":"product_cat","embeddable":true,"href":"https:\/\/blitzfab.de\/de\/wp-json\/wp\/v2\/product_cat?post=11153"},{"taxonomy":"product_tag","embeddable":true,"href":"https:\/\/blitzfab.de\/de\/wp-json\/wp\/v2\/product_tag?post=11153"}],"curies":[{"name":"wp","href":"https:\/\/api.w.org\/{rel}","templated":true}]}}