{"id":1100,"date":"2021-05-21T11:47:29","date_gmt":"2021-05-21T11:47:29","guid":{"rendered":"https:\/\/blitzfab.de\/?post_type=product&#038;p=1100"},"modified":"2025-11-13T14:35:02","modified_gmt":"2025-11-13T14:35:02","slug":"sparkly-cubic-zirconia-hoop-earrings-silver","status":"publish","type":"product","link":"https:\/\/blitzfab.de\/de\/produkt\/sparkly-cubic-zirconia-hoop-earrings-silver\/","title":{"rendered":"funkelnde Creolen Silber"},"content":{"rendered":"<p>Der gr\u00f6\u00dfere Durchmesser dieser Creolen mit Zirkonia macht sie zu einem auff\u00e4lligen Accessoire, das sich perfekt eignet, um dich strahlen zu lassen. Sie sind ideal f\u00fcr l\u00e4ssige und formelle Anl\u00e4sse und k\u00f6nnen einzeln getragen oder mit anderen Schmuckst\u00fccken wie Halsketten oder Armb\u00e4ndern kombiniert werden, um einen koordinierten Look zu kreieren. Dieses mit funkelnden Zirkonia-Steinen besetzte Paar Creolen ist aus 925er Sterlingsilber gefertigt und mit Lack \u00fcberzogen.<\/p>","protected":false},"excerpt":{"rendered":"<p><b>Material: <\/b>925 Sterling silver<\/p>\n<p><strong>Kristallart: <\/strong>zirconia<\/p>\n<p><strong>L\u00e4nge: <\/strong>18mm<\/p>\n<p><strong>Gewicht: <\/strong>5,8g<\/p>\n<p><strong>Dicke: <\/strong>6mm<\/p>\n<p><b>Beschichtung: <\/b>lackiert<\/p>\n<p><b>Hergestellt in: <\/b>Mexiko<\/p>","protected":false},"featured_media":17420,"comment_status":"closed","ping_status":"closed","template":"","meta":{"site-sidebar-layout":"default","site-content-layout":"plain-container","ast-site-content-layout":"normal-width-container","site-content-style":"unboxed","site-sidebar-style":"unboxed","ast-global-header-display":"","ast-banner-title-visibility":"","ast-main-header-display":"","ast-hfb-above-header-display":"","ast-hfb-below-header-display":"","ast-hfb-mobile-header-display":"","site-post-title":"","ast-breadcrumbs-content":"","ast-featured-img":"","footer-sml-layout":"","theme-transparent-header-meta":"default","adv-header-id-meta":"","stick-header-meta":"","header-above-stick-meta":"","header-main-stick-meta":"","header-below-stick-meta":"","astra-migrate-meta-layouts":"set","ast-page-background-enabled":"default","ast-page-background-meta":{"desktop":{"background-color":"","background-image":"","background-repeat":"repeat","background-position":"center center","background-size":"auto","background-attachment":"scroll","background-type":"","background-media":"","overlay-type":"","overlay-color":"","overlay-opacity":"","overlay-gradient":""},"tablet":{"background-color":"","background-image":"","background-repeat":"repeat","background-position":"center center","background-size":"auto","background-attachment":"scroll","background-type":"","background-media":"","overlay-type":"","overlay-color":"","overlay-opacity":"","overlay-gradient":""},"mobile":{"background-color":"","background-image":"","background-repeat":"repeat","background-position":"center center","background-size":"auto","background-attachment":"scroll","background-type":"","background-media":"","overlay-type":"","overlay-color":"","overlay-opacity":"","overlay-gradient":""}},"ast-content-background-meta":{"desktop":{"background-color":"var(--ast-global-color-5)","background-image":"","background-repeat":"repeat","background-position":"center center","background-size":"auto","background-attachment":"scroll","background-type":"","background-media":"","overlay-type":"","overlay-color":"","overlay-opacity":"","overlay-gradient":""},"tablet":{"background-color":"var(--ast-global-color-5)","background-image":"","background-repeat":"repeat","background-position":"center center","background-size":"auto","background-attachment":"scroll","background-type":"","background-media":"","overlay-type":"","overlay-color":"","overlay-opacity":"","overlay-gradient":""},"mobile":{"background-color":"var(--ast-global-color-5)","background-image":"","background-repeat":"repeat","background-position":"center center","background-size":"auto","background-attachment":"scroll","background-type":"","background-media":"","overlay-type":"","overlay-color":"","overlay-opacity":"","overlay-gradient":""}}},"product_brand":[],"product_cat":[326,32,323,37],"product_tag":[],"class_list":{"0":"post-1100","1":"product","2":"type-product","3":"status-publish","4":"has-post-thumbnail","6":"product_cat-all-jewelry","7":"product_cat-earrings","8":"product_cat-hoop-earrings","9":"product_cat-silver-earrings","10":"desktop-align-left","11":"tablet-align-left","12":"mobile-align-left","14":"first","15":"instock","16":"shipping-taxable","17":"purchasable","18":"product-type-simple"},"jetpack-related-posts":[{"id":10304,"url":"https:\/\/blitzfab.de\/de\/produkt\/hoop-earrings-with-stones\/","url_meta":{"origin":1100,"position":0},"title":"3 Reihe Creolen Silber","author":"selenegs","date":"Juni 15, 2022","format":false,"excerpt":"Material: 925 Sterling Silver Diameter: 13mm Weight: 3,1g Closure: Latch back Coating: Lacquered Made in: Mexico","rel":"","context":"\u00c4hnlicher Beitrag","block_context":{"text":"\u00c4hnlicher Beitrag","link":""},"img":{"alt_text":"wide hoop earrings with stones zirconia silver 925","src":"https:\/\/i0.wp.com\/blitzfab.de\/wp-content\/uploads\/2022\/06\/wide-hoop-earrings-with-stones-zirconia-silver-925.jpg?resize=350%2C200&ssl=1","width":350,"height":200,"srcset":"https:\/\/i0.wp.com\/blitzfab.de\/wp-content\/uploads\/2022\/06\/wide-hoop-earrings-with-stones-zirconia-silver-925.jpg?resize=350%2C200&ssl=1 1x, https:\/\/i0.wp.com\/blitzfab.de\/wp-content\/uploads\/2022\/06\/wide-hoop-earrings-with-stones-zirconia-silver-925.jpg?resize=525%2C300&ssl=1 1.5x, https:\/\/i0.wp.com\/blitzfab.de\/wp-content\/uploads\/2022\/06\/wide-hoop-earrings-with-stones-zirconia-silver-925.jpg?resize=700%2C400&ssl=1 2x, https:\/\/i0.wp.com\/blitzfab.de\/wp-content\/uploads\/2022\/06\/wide-hoop-earrings-with-stones-zirconia-silver-925.jpg?resize=1050%2C600&ssl=1 3x, https:\/\/i0.wp.com\/blitzfab.de\/wp-content\/uploads\/2022\/06\/wide-hoop-earrings-with-stones-zirconia-silver-925.jpg?resize=1400%2C800&ssl=1 4x"},"classes":[]},{"id":6977,"url":"https:\/\/blitzfab.de\/de\/produkt\/diamond-studs-925-silver-earrings\/","url_meta":{"origin":1100,"position":1},"title":"Eis am Stiel Ohrstecker Silber","author":"selenegs","date":"August 30, 2021","format":false,"excerpt":"Material: 925 Sterling silver Length: 11mm Width: 6mm Stone type: Zirconia Color of the stones: pink, white Weight: 1,69g Coating: Lacquered Made in: Mexico","rel":"","context":"\u00c4hnlicher Beitrag","block_context":{"text":"\u00c4hnlicher Beitrag","link":""},"img":{"alt_text":"diamond studs earrings zirconia silver","src":"https:\/\/i0.wp.com\/blitzfab.de\/wp-content\/uploads\/2021\/08\/diamond-studs-earrings-zirconia-silver.jpg?resize=350%2C200&ssl=1","width":350,"height":200,"srcset":"https:\/\/i0.wp.com\/blitzfab.de\/wp-content\/uploads\/2021\/08\/diamond-studs-earrings-zirconia-silver.jpg?resize=350%2C200&ssl=1 1x, https:\/\/i0.wp.com\/blitzfab.de\/wp-content\/uploads\/2021\/08\/diamond-studs-earrings-zirconia-silver.jpg?resize=525%2C300&ssl=1 1.5x, https:\/\/i0.wp.com\/blitzfab.de\/wp-content\/uploads\/2021\/08\/diamond-studs-earrings-zirconia-silver.jpg?resize=700%2C400&ssl=1 2x"},"classes":[]},{"id":1753,"url":"https:\/\/blitzfab.de\/de\/produkt\/diamond-cross-earrings-cz\/","url_meta":{"origin":1100,"position":2},"title":"Funkelnde Kreuz Ohrstecker Silber","author":"selenegs","date":"Juni 1, 2021","format":false,"excerpt":"Material: 925 Sterling silver Length: 16mm Width: 12mm Stone type: Zirconia Weight: 1,5g Coating: Lacquered Made in: Mexico","rel":"","context":"\u00c4hnlicher Beitrag","block_context":{"text":"\u00c4hnlicher Beitrag","link":""},"img":{"alt_text":"diamond cross earrings 925 sterling silver","src":"https:\/\/i0.wp.com\/blitzfab.de\/wp-content\/uploads\/2021\/06\/diamond-cross-earrings-925-sterling-silver.jpg?resize=350%2C200&ssl=1","width":350,"height":200,"srcset":"https:\/\/i0.wp.com\/blitzfab.de\/wp-content\/uploads\/2021\/06\/diamond-cross-earrings-925-sterling-silver.jpg?resize=350%2C200&ssl=1 1x, https:\/\/i0.wp.com\/blitzfab.de\/wp-content\/uploads\/2021\/06\/diamond-cross-earrings-925-sterling-silver.jpg?resize=525%2C300&ssl=1 1.5x, https:\/\/i0.wp.com\/blitzfab.de\/wp-content\/uploads\/2021\/06\/diamond-cross-earrings-925-sterling-silver.jpg?resize=700%2C400&ssl=1 2x, https:\/\/i0.wp.com\/blitzfab.de\/wp-content\/uploads\/2021\/06\/diamond-cross-earrings-925-sterling-silver.jpg?resize=1050%2C600&ssl=1 3x"},"classes":[]},{"id":9875,"url":"https:\/\/blitzfab.de\/de\/produkt\/i-heart-you-heart-hoop-earrings-silver\/","url_meta":{"origin":1100,"position":3},"title":"I heart you Creolen Silber","author":"selenegs","date":"M\u00e4rz 28, 2022","format":false,"excerpt":"Material: 925 Sterling silver Inner diameter: 11mm Outer diameter: 15mm Weight: 2,7g Stone type: Zirconia Coating: Lacquered Made in: Mexico","rel":"","context":"\u00c4hnlicher Beitrag","block_context":{"text":"\u00c4hnlicher Beitrag","link":""},"img":{"alt_text":"heart hoop earrings zirconia silver 925","src":"https:\/\/i0.wp.com\/blitzfab.de\/wp-content\/uploads\/2022\/03\/heart-hoop-earrings-zirconia-silver-925.jpg?resize=350%2C200&ssl=1","width":350,"height":200,"srcset":"https:\/\/i0.wp.com\/blitzfab.de\/wp-content\/uploads\/2022\/03\/heart-hoop-earrings-zirconia-silver-925.jpg?resize=350%2C200&ssl=1 1x, https:\/\/i0.wp.com\/blitzfab.de\/wp-content\/uploads\/2022\/03\/heart-hoop-earrings-zirconia-silver-925.jpg?resize=525%2C300&ssl=1 1.5x, https:\/\/i0.wp.com\/blitzfab.de\/wp-content\/uploads\/2022\/03\/heart-hoop-earrings-zirconia-silver-925.jpg?resize=700%2C400&ssl=1 2x, https:\/\/i0.wp.com\/blitzfab.de\/wp-content\/uploads\/2022\/03\/heart-hoop-earrings-zirconia-silver-925.jpg?resize=1050%2C600&ssl=1 3x"},"classes":[]},{"id":11148,"url":"https:\/\/blitzfab.de\/de\/produkt\/ship-anchor-earrings-silver\/","url_meta":{"origin":1100,"position":4},"title":"Schiff &amp; Anker Creolen Silber","author":"selenegs","date":"August 2, 2022","format":false,"excerpt":"Material: 925 Sterling Silver Earring diameter: 10mm Ship size: 13mm x 8mm Weight: 2,15g Stone type: Zirconia Coating: Lacquered Made in: Mexico","rel":"","context":"\u00c4hnlicher Beitrag","block_context":{"text":"\u00c4hnlicher Beitrag","link":""},"img":{"alt_text":"ship anchor earrings silver hoop","src":"https:\/\/i0.wp.com\/blitzfab.de\/wp-content\/uploads\/2022\/08\/ship-anchor-earrings-silver-hoop.jpg?resize=350%2C200&ssl=1","width":350,"height":200,"srcset":"https:\/\/i0.wp.com\/blitzfab.de\/wp-content\/uploads\/2022\/08\/ship-anchor-earrings-silver-hoop.jpg?resize=350%2C200&ssl=1 1x, https:\/\/i0.wp.com\/blitzfab.de\/wp-content\/uploads\/2022\/08\/ship-anchor-earrings-silver-hoop.jpg?resize=525%2C300&ssl=1 1.5x, https:\/\/i0.wp.com\/blitzfab.de\/wp-content\/uploads\/2022\/08\/ship-anchor-earrings-silver-hoop.jpg?resize=700%2C400&ssl=1 2x, https:\/\/i0.wp.com\/blitzfab.de\/wp-content\/uploads\/2022\/08\/ship-anchor-earrings-silver-hoop.jpg?resize=1050%2C600&ssl=1 3x"},"classes":[]},{"id":1667,"url":"https:\/\/blitzfab.de\/de\/produkt\/ana-belly-gold-vermeil-hoop-earrings\/","url_meta":{"origin":1100,"position":5},"title":"Anabelly Classy Creolen Gold","author":"selenegs","date":"Mai 31, 2021","format":false,"excerpt":"Material: Gold vermeil: 24 K gold over 925 sterling silver Diameter: 17mm Width: 3mm Weight: 0,82g Stone type: zirconia Coating: A thick layer of 24 K gold (4 microns) Made in: Mexico","rel":"","context":"\u00c4hnlicher Beitrag","block_context":{"text":"\u00c4hnlicher Beitrag","link":""},"img":{"alt_text":"gold vermeil hoop earrings","src":"https:\/\/i0.wp.com\/blitzfab.de\/wp-content\/uploads\/2021\/05\/gold-vermeil-hoop-earrings.jpg?resize=350%2C200&ssl=1","width":350,"height":200,"srcset":"https:\/\/i0.wp.com\/blitzfab.de\/wp-content\/uploads\/2021\/05\/gold-vermeil-hoop-earrings.jpg?resize=350%2C200&ssl=1 1x, https:\/\/i0.wp.com\/blitzfab.de\/wp-content\/uploads\/2021\/05\/gold-vermeil-hoop-earrings.jpg?resize=525%2C300&ssl=1 1.5x, https:\/\/i0.wp.com\/blitzfab.de\/wp-content\/uploads\/2021\/05\/gold-vermeil-hoop-earrings.jpg?resize=700%2C400&ssl=1 2x, https:\/\/i0.wp.com\/blitzfab.de\/wp-content\/uploads\/2021\/05\/gold-vermeil-hoop-earrings.jpg?resize=1050%2C600&ssl=1 3x"},"classes":[]}],"jetpack_sharing_enabled":true,"_links":{"self":[{"href":"https:\/\/blitzfab.de\/de\/wp-json\/wp\/v2\/product\/1100","targetHints":{"allow":["GET"]}}],"collection":[{"href":"https:\/\/blitzfab.de\/de\/wp-json\/wp\/v2\/product"}],"about":[{"href":"https:\/\/blitzfab.de\/de\/wp-json\/wp\/v2\/types\/product"}],"replies":[{"embeddable":true,"href":"https:\/\/blitzfab.de\/de\/wp-json\/wp\/v2\/comments?post=1100"}],"wp:featuredmedia":[{"embeddable":true,"href":"https:\/\/blitzfab.de\/de\/wp-json\/wp\/v2\/media\/17420"}],"wp:attachment":[{"href":"https:\/\/blitzfab.de\/de\/wp-json\/wp\/v2\/media?parent=1100"}],"wp:term":[{"taxonomy":"product_brand","embeddable":true,"href":"https:\/\/blitzfab.de\/de\/wp-json\/wp\/v2\/product_brand?post=1100"},{"taxonomy":"product_cat","embeddable":true,"href":"https:\/\/blitzfab.de\/de\/wp-json\/wp\/v2\/product_cat?post=1100"},{"taxonomy":"product_tag","embeddable":true,"href":"https:\/\/blitzfab.de\/de\/wp-json\/wp\/v2\/product_tag?post=1100"}],"curies":[{"name":"wp","href":"https:\/\/api.w.org\/{rel}","templated":true}]}}