{"id":10304,"date":"2022-06-15T11:19:05","date_gmt":"2022-06-15T11:19:05","guid":{"rendered":"https:\/\/blitzfab.de\/?post_type=product&#038;p=10304"},"modified":"2023-09-02T12:39:32","modified_gmt":"2023-09-02T12:39:32","slug":"hoop-earrings-with-stones","status":"publish","type":"product","link":"https:\/\/blitzfab.de\/de\/produkt\/hoop-earrings-with-stones\/","title":{"rendered":"3 Reihe Creolen Silber"},"content":{"rendered":"<p>Verleihe deinem Look Eleganz mit diesen funkelnden Creolen, die mit Zirkonia verziert sind. Jeder Ohrring ist aus 925er Sterlingsilber gefertigt und schimmert mit drei Reihen rund geschliffener Zirkonias und einem hellen, polierten Glanz. Diese Huggies lassen sich fest und sicher mit einem Schnappverschluss befestigen.<br \/>\nDiese wundersch\u00f6nen Creolen mit Steinen sind leicht und bequem. Dies ist ein tolles Geschenk f\u00fcr Frauen jeden Alters und f\u00fcr jeden Anlass.<\/p>","protected":false},"excerpt":{"rendered":"<ul>\n<li><b>Material: <\/b>925 Sterling Silber<\/li>\n<li><b>Durchmesser: <\/b>13mm<\/li>\n<li><b>Gewicht: <\/b>3,1g<\/li>\n<li><b>Verschlussart: <\/b>Schnappverschluss<\/li>\n<li><b>Beschichtung: <\/b>lackiert<\/li>\n<li><b>Hergestellt in: <\/b>Mexiko<\/li>\n<\/ul>","protected":false},"featured_media":17177,"comment_status":"open","ping_status":"closed","template":"","meta":{"site-sidebar-layout":"default","site-content-layout":"default","ast-site-content-layout":"default","site-content-style":"default","site-sidebar-style":"default","ast-global-header-display":"","ast-banner-title-visibility":"","ast-main-header-display":"","ast-hfb-above-header-display":"","ast-hfb-below-header-display":"","ast-hfb-mobile-header-display":"","site-post-title":"","ast-breadcrumbs-content":"","ast-featured-img":"","footer-sml-layout":"","theme-transparent-header-meta":"default","adv-header-id-meta":"","stick-header-meta":"","header-above-stick-meta":"","header-main-stick-meta":"","header-below-stick-meta":"","astra-migrate-meta-layouts":"default","ast-page-background-enabled":"default","ast-page-background-meta":{"desktop":{"background-color":"","background-image":"","background-repeat":"repeat","background-position":"center center","background-size":"auto","background-attachment":"scroll","background-type":"","background-media":"","overlay-type":"","overlay-color":"","overlay-opacity":"","overlay-gradient":""},"tablet":{"background-color":"","background-image":"","background-repeat":"repeat","background-position":"center center","background-size":"auto","background-attachment":"scroll","background-type":"","background-media":"","overlay-type":"","overlay-color":"","overlay-opacity":"","overlay-gradient":""},"mobile":{"background-color":"","background-image":"","background-repeat":"repeat","background-position":"center center","background-size":"auto","background-attachment":"scroll","background-type":"","background-media":"","overlay-type":"","overlay-color":"","overlay-opacity":"","overlay-gradient":""}},"ast-content-background-meta":{"desktop":{"background-color":"var(--ast-global-color-5)","background-image":"","background-repeat":"repeat","background-position":"center center","background-size":"auto","background-attachment":"scroll","background-type":"","background-media":"","overlay-type":"","overlay-color":"","overlay-opacity":"","overlay-gradient":""},"tablet":{"background-color":"var(--ast-global-color-5)","background-image":"","background-repeat":"repeat","background-position":"center center","background-size":"auto","background-attachment":"scroll","background-type":"","background-media":"","overlay-type":"","overlay-color":"","overlay-opacity":"","overlay-gradient":""},"mobile":{"background-color":"var(--ast-global-color-5)","background-image":"","background-repeat":"repeat","background-position":"center center","background-size":"auto","background-attachment":"scroll","background-type":"","background-media":"","overlay-type":"","overlay-color":"","overlay-opacity":"","overlay-gradient":""}}},"product_brand":[],"product_cat":[32,326,323,37],"product_tag":[],"class_list":{"0":"post-10304","1":"product","2":"type-product","3":"status-publish","4":"has-post-thumbnail","6":"product_cat-earrings","7":"product_cat-all-jewelry","8":"product_cat-hoop-earrings","9":"product_cat-silver-earrings","10":"desktop-align-left","11":"tablet-align-left","12":"mobile-align-left","14":"first","15":"instock","16":"shipping-taxable","17":"purchasable","18":"product-type-simple"},"jetpack-related-posts":[{"id":1100,"url":"https:\/\/blitzfab.de\/de\/produkt\/sparkly-cubic-zirconia-hoop-earrings-silver\/","url_meta":{"origin":10304,"position":0},"title":"funkelnde Creolen Silber","author":"selenegs","date":"Mai 21, 2021","format":false,"excerpt":"Material: 925 Sterling silver Stone type: zirconia Length: 18mm Weight: 5,8g Thickness: 6mm Coating: Lacquered Made in: Mexico","rel":"","context":"\u00c4hnlicher Beitrag","block_context":{"text":"\u00c4hnlicher Beitrag","link":""},"img":{"alt_text":"cubic zirconia hoop earrings 925 silver","src":"https:\/\/i0.wp.com\/blitzfab.de\/wp-content\/uploads\/2021\/05\/cubic-zirconia-hoop-earrings-925-silver.jpg?resize=350%2C200&ssl=1","width":350,"height":200,"srcset":"https:\/\/i0.wp.com\/blitzfab.de\/wp-content\/uploads\/2021\/05\/cubic-zirconia-hoop-earrings-925-silver.jpg?resize=350%2C200&ssl=1 1x, https:\/\/i0.wp.com\/blitzfab.de\/wp-content\/uploads\/2021\/05\/cubic-zirconia-hoop-earrings-925-silver.jpg?resize=525%2C300&ssl=1 1.5x, https:\/\/i0.wp.com\/blitzfab.de\/wp-content\/uploads\/2021\/05\/cubic-zirconia-hoop-earrings-925-silver.jpg?resize=700%2C400&ssl=1 2x, https:\/\/i0.wp.com\/blitzfab.de\/wp-content\/uploads\/2021\/05\/cubic-zirconia-hoop-earrings-925-silver.jpg?resize=1050%2C600&ssl=1 3x"},"classes":[]},{"id":9914,"url":"https:\/\/blitzfab.de\/de\/produkt\/shining-stars-hoop-earrings-with-pendants\/","url_meta":{"origin":10304,"position":1},"title":"Shining Stars Creolen Silber","author":"selenegs","date":"April 4, 2022","format":false,"excerpt":"Material: 925 Sterling Silver Length: 22mm Width: 15mm Weight: 3,85g Stone type: Zirconia Number of charms: 5 Coating: Lacquered Made in: Mexico","rel":"","context":"\u00c4hnlicher Beitrag","block_context":{"text":"\u00c4hnlicher Beitrag","link":""},"img":{"alt_text":"stars charms dangling hoop earrings silver","src":"https:\/\/i0.wp.com\/blitzfab.de\/wp-content\/uploads\/2022\/04\/stars-charms-dangling-hoop-earrings-silver-.jpg?resize=350%2C200&ssl=1","width":350,"height":200,"srcset":"https:\/\/i0.wp.com\/blitzfab.de\/wp-content\/uploads\/2022\/04\/stars-charms-dangling-hoop-earrings-silver-.jpg?resize=350%2C200&ssl=1 1x, https:\/\/i0.wp.com\/blitzfab.de\/wp-content\/uploads\/2022\/04\/stars-charms-dangling-hoop-earrings-silver-.jpg?resize=525%2C300&ssl=1 1.5x, https:\/\/i0.wp.com\/blitzfab.de\/wp-content\/uploads\/2022\/04\/stars-charms-dangling-hoop-earrings-silver-.jpg?resize=700%2C400&ssl=1 2x, https:\/\/i0.wp.com\/blitzfab.de\/wp-content\/uploads\/2022\/04\/stars-charms-dangling-hoop-earrings-silver-.jpg?resize=1050%2C600&ssl=1 3x"},"classes":[]},{"id":11148,"url":"https:\/\/blitzfab.de\/de\/produkt\/ship-anchor-earrings-silver\/","url_meta":{"origin":10304,"position":2},"title":"Schiff &amp; Anker Creolen Silber","author":"selenegs","date":"August 2, 2022","format":false,"excerpt":"Material: 925 Sterling Silver Earring diameter: 10mm Ship size: 13mm x 8mm Weight: 2,15g Stone type: Zirconia Coating: Lacquered Made in: Mexico","rel":"","context":"\u00c4hnlicher Beitrag","block_context":{"text":"\u00c4hnlicher Beitrag","link":""},"img":{"alt_text":"ship anchor earrings silver hoop","src":"https:\/\/i0.wp.com\/blitzfab.de\/wp-content\/uploads\/2022\/08\/ship-anchor-earrings-silver-hoop.jpg?resize=350%2C200&ssl=1","width":350,"height":200,"srcset":"https:\/\/i0.wp.com\/blitzfab.de\/wp-content\/uploads\/2022\/08\/ship-anchor-earrings-silver-hoop.jpg?resize=350%2C200&ssl=1 1x, https:\/\/i0.wp.com\/blitzfab.de\/wp-content\/uploads\/2022\/08\/ship-anchor-earrings-silver-hoop.jpg?resize=525%2C300&ssl=1 1.5x, https:\/\/i0.wp.com\/blitzfab.de\/wp-content\/uploads\/2022\/08\/ship-anchor-earrings-silver-hoop.jpg?resize=700%2C400&ssl=1 2x, https:\/\/i0.wp.com\/blitzfab.de\/wp-content\/uploads\/2022\/08\/ship-anchor-earrings-silver-hoop.jpg?resize=1050%2C600&ssl=1 3x"},"classes":[]},{"id":8127,"url":"https:\/\/blitzfab.de\/de\/produkt\/twist-hoop-earrings-gold\/","url_meta":{"origin":10304,"position":3},"title":"Twist Creolen Gold","author":"selenegs","date":"Dezember 28, 2021","format":false,"excerpt":"Material:Gold vermeil: 24 K gold over 925 sterling silver Size: 24mm x 19mm Thickness: 4mm Weight: 3,8g Coating: A thick layer of 24 K gold (4 microns) Made in: Mexico","rel":"","context":"\u00c4hnlicher Beitrag","block_context":{"text":"\u00c4hnlicher Beitrag","link":""},"img":{"alt_text":"twist hoop earrings gold 925 silver","src":"https:\/\/i0.wp.com\/blitzfab.de\/wp-content\/uploads\/2021\/12\/twist-hoop-earrings-gold-925-silver.jpg?resize=350%2C200&ssl=1","width":350,"height":200,"srcset":"https:\/\/i0.wp.com\/blitzfab.de\/wp-content\/uploads\/2021\/12\/twist-hoop-earrings-gold-925-silver.jpg?resize=350%2C200&ssl=1 1x, https:\/\/i0.wp.com\/blitzfab.de\/wp-content\/uploads\/2021\/12\/twist-hoop-earrings-gold-925-silver.jpg?resize=525%2C300&ssl=1 1.5x, https:\/\/i0.wp.com\/blitzfab.de\/wp-content\/uploads\/2021\/12\/twist-hoop-earrings-gold-925-silver.jpg?resize=700%2C400&ssl=1 2x, https:\/\/i0.wp.com\/blitzfab.de\/wp-content\/uploads\/2021\/12\/twist-hoop-earrings-gold-925-silver.jpg?resize=1050%2C600&ssl=1 3x"},"classes":[]},{"id":9875,"url":"https:\/\/blitzfab.de\/de\/produkt\/i-heart-you-heart-hoop-earrings-silver\/","url_meta":{"origin":10304,"position":4},"title":"I heart you Creolen Silber","author":"selenegs","date":"M\u00e4rz 28, 2022","format":false,"excerpt":"Material: 925 Sterling silver Inner diameter: 11mm Outer diameter: 15mm Weight: 2,7g Stone type: Zirconia Coating: Lacquered Made in: Mexico","rel":"","context":"\u00c4hnlicher Beitrag","block_context":{"text":"\u00c4hnlicher Beitrag","link":""},"img":{"alt_text":"heart hoop earrings zirconia silver 925","src":"https:\/\/i0.wp.com\/blitzfab.de\/wp-content\/uploads\/2022\/03\/heart-hoop-earrings-zirconia-silver-925.jpg?resize=350%2C200&ssl=1","width":350,"height":200,"srcset":"https:\/\/i0.wp.com\/blitzfab.de\/wp-content\/uploads\/2022\/03\/heart-hoop-earrings-zirconia-silver-925.jpg?resize=350%2C200&ssl=1 1x, https:\/\/i0.wp.com\/blitzfab.de\/wp-content\/uploads\/2022\/03\/heart-hoop-earrings-zirconia-silver-925.jpg?resize=525%2C300&ssl=1 1.5x, https:\/\/i0.wp.com\/blitzfab.de\/wp-content\/uploads\/2022\/03\/heart-hoop-earrings-zirconia-silver-925.jpg?resize=700%2C400&ssl=1 2x, https:\/\/i0.wp.com\/blitzfab.de\/wp-content\/uploads\/2022\/03\/heart-hoop-earrings-zirconia-silver-925.jpg?resize=1050%2C600&ssl=1 3x"},"classes":[]},{"id":1667,"url":"https:\/\/blitzfab.de\/de\/produkt\/ana-belly-gold-vermeil-hoop-earrings\/","url_meta":{"origin":10304,"position":5},"title":"Anabelly Classy Creolen Gold","author":"selenegs","date":"Mai 31, 2021","format":false,"excerpt":"Material: Gold vermeil: 24 K gold over 925 sterling silver Diameter: 17mm Width: 3mm Weight: 0,82g Stone type: zirconia Coating: A thick layer of 24 K gold (4 microns) Made in: Mexico","rel":"","context":"\u00c4hnlicher Beitrag","block_context":{"text":"\u00c4hnlicher Beitrag","link":""},"img":{"alt_text":"gold vermeil hoop earrings","src":"https:\/\/i0.wp.com\/blitzfab.de\/wp-content\/uploads\/2021\/05\/gold-vermeil-hoop-earrings.jpg?resize=350%2C200&ssl=1","width":350,"height":200,"srcset":"https:\/\/i0.wp.com\/blitzfab.de\/wp-content\/uploads\/2021\/05\/gold-vermeil-hoop-earrings.jpg?resize=350%2C200&ssl=1 1x, https:\/\/i0.wp.com\/blitzfab.de\/wp-content\/uploads\/2021\/05\/gold-vermeil-hoop-earrings.jpg?resize=525%2C300&ssl=1 1.5x, https:\/\/i0.wp.com\/blitzfab.de\/wp-content\/uploads\/2021\/05\/gold-vermeil-hoop-earrings.jpg?resize=700%2C400&ssl=1 2x, https:\/\/i0.wp.com\/blitzfab.de\/wp-content\/uploads\/2021\/05\/gold-vermeil-hoop-earrings.jpg?resize=1050%2C600&ssl=1 3x"},"classes":[]}],"jetpack_sharing_enabled":true,"_links":{"self":[{"href":"https:\/\/blitzfab.de\/de\/wp-json\/wp\/v2\/product\/10304","targetHints":{"allow":["GET"]}}],"collection":[{"href":"https:\/\/blitzfab.de\/de\/wp-json\/wp\/v2\/product"}],"about":[{"href":"https:\/\/blitzfab.de\/de\/wp-json\/wp\/v2\/types\/product"}],"replies":[{"embeddable":true,"href":"https:\/\/blitzfab.de\/de\/wp-json\/wp\/v2\/comments?post=10304"}],"wp:featuredmedia":[{"embeddable":true,"href":"https:\/\/blitzfab.de\/de\/wp-json\/wp\/v2\/media\/17177"}],"wp:attachment":[{"href":"https:\/\/blitzfab.de\/de\/wp-json\/wp\/v2\/media?parent=10304"}],"wp:term":[{"taxonomy":"product_brand","embeddable":true,"href":"https:\/\/blitzfab.de\/de\/wp-json\/wp\/v2\/product_brand?post=10304"},{"taxonomy":"product_cat","embeddable":true,"href":"https:\/\/blitzfab.de\/de\/wp-json\/wp\/v2\/product_cat?post=10304"},{"taxonomy":"product_tag","embeddable":true,"href":"https:\/\/blitzfab.de\/de\/wp-json\/wp\/v2\/product_tag?post=10304"}],"curies":[{"name":"wp","href":"https:\/\/api.w.org\/{rel}","templated":true}]}}