{"id":10084,"date":"2022-05-03T12:36:45","date_gmt":"2022-05-03T12:36:45","guid":{"rendered":"https:\/\/blitzfab.de\/?post_type=product&#038;p=10084"},"modified":"2025-11-12T12:23:31","modified_gmt":"2025-11-12T12:23:31","slug":"christian-necklace-love-god-gold","status":"publish","type":"product","link":"https:\/\/blitzfab.de\/de\/produkt\/christian-necklace-love-god-gold\/","title":{"rendered":"Love God Necklace Gold"},"content":{"rendered":"<p>Dies ist eine wundersch\u00f6ne christliche Halskette mit 6 kleinen Anh\u00e4ngern, die die Symbole des Kreuzes, des Herzens, der Unendlichkeit, der Fatima-Hand, eines Engels und des Satzes \u201eIch liebe Gott\u201c in einem hochglanzpolierten Finish aus massivem 925er Sterlingsilber darstellen und mit 24 Karat Echtgold plattiert.<\/p>\n<p>Als Christen wissen wir, dass Charms an sich keine Macht in unserem Leben haben, aber wir sind frei, die Sch\u00f6nheit dessen zu bewundern, was diese Symbole bedeuten, und die Geschichte dahinter. Sie sind hier, um uns an Gottes Macht, Gegenwart und Liebe in seinen vielen k\u00fcnstlerischen Formen in unserem Leben zu erinnern.<\/p>\n<h2>Christliche Kette mit einem modernen Design<\/h2>\n<p>Alle Arten von Symbolen sind in unserer Kultur im \u00dcberfluss vorhanden, aber manchmal ist es schwierig, diese Mischung aus modernem Design und g\u00f6ttlichen Symbolen zu finden.<\/p>\n<p>Diese Halskette kann auch als Choker getragen werden, sie hat eine verstellbare L\u00e4nge von 40 cm bis 45 cm, was sie perfekt zum Schichten macht, Sie k\u00f6nnen w\u00e4hlen, ob Sie eine kleinere einfache Kette dar\u00fcber tragen m\u00f6chten.<\/p>\n<h3>Material<\/h3>\n<p>Alle unsere aktuellen Schmuckst\u00fccke sind aus 925 Sterlingsilber gefertigt und enthalten kein Nickel oder Zink. Nickel ist hautreizend, daher macht das Fehlen von Nickel in unserer Metalllegierung sie zu einer gro\u00dfartigen Option f\u00fcr Menschen mit empfindlicher Haut.<\/p>\n<p>Das andere Element, das zur Herstellung unserer Legierungen verwendet wird, ist Kupfer, 92,5 % reines Silber und 7,5 % Kupfer. Du kannst mehr \u00fcber 925 Sterlingsilber hier lesen <a href=\"https:\/\/hauptstadtgold.de\/2019\/12\/unterschied-silber-sterling-silber\/\" target=\"_blank\" rel=\"noopener\">Mehr zum Thema<\/a>:<\/p>\n<p>&nbsp;<\/p>\n<h3><\/h3>\n<p>&nbsp;<\/p>","protected":false},"excerpt":{"rendered":"<p><b>Material: <\/b>925 Sterlingsilber oder Gold-Vermeil: 24 K Gold \u00fcber 925 Sterlingsilber<\/p>\n<p><strong>Anzahl der Anh\u00e4nger: <\/strong>6<\/p>\n<p><strong>Anh\u00e4ngerdurchmesser: <\/strong>Approx. 1cm<\/p>\n<p><b>Halskettenl\u00e4nge: <\/b>40cm + 5cm (einstellbar von 40cm bis 45cm) *perfekt zum Layering*<\/p>\n<p><b>Halskettengewicht: <\/b>3,80g<\/p>\n<p><b>Beschichtung: <\/b>Lackiert oder eine dicke Schicht aus 24 K Gold (4 Mikron)<\/p>\n<p><b>Hergestellt in: <\/b>Mexiko<\/p>","protected":false},"featured_media":16269,"comment_status":"open","ping_status":"closed","template":"","meta":{"site-sidebar-layout":"default","site-content-layout":"default","ast-site-content-layout":"default","site-content-style":"default","site-sidebar-style":"default","ast-global-header-display":"","ast-banner-title-visibility":"","ast-main-header-display":"","ast-hfb-above-header-display":"","ast-hfb-below-header-display":"","ast-hfb-mobile-header-display":"","site-post-title":"","ast-breadcrumbs-content":"","ast-featured-img":"","footer-sml-layout":"","theme-transparent-header-meta":"default","adv-header-id-meta":"","stick-header-meta":"","header-above-stick-meta":"","header-main-stick-meta":"","header-below-stick-meta":"","astra-migrate-meta-layouts":"set","ast-page-background-enabled":"default","ast-page-background-meta":{"desktop":{"background-color":"","background-image":"","background-repeat":"repeat","background-position":"center center","background-size":"auto","background-attachment":"scroll","background-type":"","background-media":"","overlay-type":"","overlay-color":"","overlay-opacity":"","overlay-gradient":""},"tablet":{"background-color":"","background-image":"","background-repeat":"repeat","background-position":"center center","background-size":"auto","background-attachment":"scroll","background-type":"","background-media":"","overlay-type":"","overlay-color":"","overlay-opacity":"","overlay-gradient":""},"mobile":{"background-color":"","background-image":"","background-repeat":"repeat","background-position":"center center","background-size":"auto","background-attachment":"scroll","background-type":"","background-media":"","overlay-type":"","overlay-color":"","overlay-opacity":"","overlay-gradient":""}},"ast-content-background-meta":{"desktop":{"background-color":"var(--ast-global-color-5)","background-image":"","background-repeat":"repeat","background-position":"center center","background-size":"auto","background-attachment":"scroll","background-type":"","background-media":"","overlay-type":"","overlay-color":"","overlay-opacity":"","overlay-gradient":""},"tablet":{"background-color":"var(--ast-global-color-5)","background-image":"","background-repeat":"repeat","background-position":"center center","background-size":"auto","background-attachment":"scroll","background-type":"","background-media":"","overlay-type":"","overlay-color":"","overlay-opacity":"","overlay-gradient":""},"mobile":{"background-color":"var(--ast-global-color-5)","background-image":"","background-repeat":"repeat","background-position":"center center","background-size":"auto","background-attachment":"scroll","background-type":"","background-media":"","overlay-type":"","overlay-color":"","overlay-opacity":"","overlay-gradient":""}}},"product_brand":[],"product_cat":[42,326,330,34,17,35],"product_tag":[],"class_list":{"0":"post-10084","1":"product","2":"type-product","3":"status-publish","4":"has-post-thumbnail","6":"product_cat-gold-jewelry","7":"product_cat-all-jewelry","8":"product_cat-chokers","9":"product_cat-gold-necklaces","10":"product_cat-necklaces","11":"product_cat-silver-necklaces","12":"desktop-align-left","13":"tablet-align-left","14":"mobile-align-left","16":"first","17":"instock","18":"shipping-taxable","19":"purchasable","20":"product-type-variable"},"jetpack-related-posts":[{"id":7010,"url":"https:\/\/blitzfab.de\/de\/produkt\/ichthys-jesus-fish-necklace-silver\/","url_meta":{"origin":10084,"position":0},"title":"Ichthys Jesus Fisch Halskette Silber","author":"selenegs","date":"September 3, 2021","format":false,"excerpt":"Material: 925 Sterling silver Pendant length: 32mm Pendant width: 8mm Pendant weight: 1,04g Necklace length: 40cm Necklace weight: 1,34g Coating: Lacquered Made in: Mexico","rel":"","context":"\u00c4hnlicher Beitrag","block_context":{"text":"\u00c4hnlicher Beitrag","link":""},"img":{"alt_text":"ichthys Jesus fish necklace 925 sterling silver","src":"https:\/\/i0.wp.com\/blitzfab.de\/wp-content\/uploads\/2021\/09\/ichthys-Jesus-fish-necklace-925-sterling-silver.jpg?resize=350%2C200&ssl=1","width":350,"height":200,"srcset":"https:\/\/i0.wp.com\/blitzfab.de\/wp-content\/uploads\/2021\/09\/ichthys-Jesus-fish-necklace-925-sterling-silver.jpg?resize=350%2C200&ssl=1 1x, https:\/\/i0.wp.com\/blitzfab.de\/wp-content\/uploads\/2021\/09\/ichthys-Jesus-fish-necklace-925-sterling-silver.jpg?resize=525%2C300&ssl=1 1.5x, https:\/\/i0.wp.com\/blitzfab.de\/wp-content\/uploads\/2021\/09\/ichthys-Jesus-fish-necklace-925-sterling-silver.jpg?resize=700%2C400&ssl=1 2x, https:\/\/i0.wp.com\/blitzfab.de\/wp-content\/uploads\/2021\/09\/ichthys-Jesus-fish-necklace-925-sterling-silver.jpg?resize=1050%2C600&ssl=1 3x"},"classes":[]},{"id":11078,"url":"https:\/\/blitzfab.de\/de\/produkt\/love-necklace-silver-925\/","url_meta":{"origin":10084,"position":1},"title":"Love heart necklace silver","author":"selenegs","date":"Juli 26, 2022","format":false,"excerpt":"Material: 925 Sterling Silver Pendant length: 21mm Pendant width: 18mm Necklace length: 45cm Weight: 4,2g Coating: Lacquered Made in: Mexico","rel":"","context":"\u00c4hnlicher Beitrag","block_context":{"text":"\u00c4hnlicher Beitrag","link":""},"img":{"alt_text":"heart necklace love 925 sterling silver","src":"https:\/\/i0.wp.com\/blitzfab.de\/wp-content\/uploads\/2022\/07\/heart-necklace-love-925-sterling-silver.jpg?resize=350%2C200&ssl=1","width":350,"height":200,"srcset":"https:\/\/i0.wp.com\/blitzfab.de\/wp-content\/uploads\/2022\/07\/heart-necklace-love-925-sterling-silver.jpg?resize=350%2C200&ssl=1 1x, https:\/\/i0.wp.com\/blitzfab.de\/wp-content\/uploads\/2022\/07\/heart-necklace-love-925-sterling-silver.jpg?resize=525%2C300&ssl=1 1.5x, https:\/\/i0.wp.com\/blitzfab.de\/wp-content\/uploads\/2022\/07\/heart-necklace-love-925-sterling-silver.jpg?resize=700%2C400&ssl=1 2x, https:\/\/i0.wp.com\/blitzfab.de\/wp-content\/uploads\/2022\/07\/heart-necklace-love-925-sterling-silver.jpg?resize=1050%2C600&ssl=1 3x"},"classes":[]},{"id":6972,"url":"https:\/\/blitzfab.de\/de\/produkt\/infinity-necklace-silver\/","url_meta":{"origin":10084,"position":2},"title":"Unendlichkeit Halskette Silber","author":"selenegs","date":"August 26, 2021","format":false,"excerpt":"Material: 925 Sterling silver Pendant length: 7mm Pendant width: 19mm Pendant weight: 1,2g Necklace length: 40cm Necklace weight: 1,34g Coating: Lacquered Made in: Mexico","rel":"","context":"\u00c4hnlicher Beitrag","block_context":{"text":"\u00c4hnlicher Beitrag","link":""},"img":{"alt_text":"infinity necklace 925 sterling silver","src":"https:\/\/i0.wp.com\/blitzfab.de\/wp-content\/uploads\/2021\/08\/infinity-necklace-925-sterling-silver.jpg?resize=350%2C200&ssl=1","width":350,"height":200,"srcset":"https:\/\/i0.wp.com\/blitzfab.de\/wp-content\/uploads\/2021\/08\/infinity-necklace-925-sterling-silver.jpg?resize=350%2C200&ssl=1 1x, https:\/\/i0.wp.com\/blitzfab.de\/wp-content\/uploads\/2021\/08\/infinity-necklace-925-sterling-silver.jpg?resize=525%2C300&ssl=1 1.5x, https:\/\/i0.wp.com\/blitzfab.de\/wp-content\/uploads\/2021\/08\/infinity-necklace-925-sterling-silver.jpg?resize=700%2C400&ssl=1 2x, https:\/\/i0.wp.com\/blitzfab.de\/wp-content\/uploads\/2021\/08\/infinity-necklace-925-sterling-silver.jpg?resize=1050%2C600&ssl=1 3x"},"classes":[]},{"id":1762,"url":"https:\/\/blitzfab.de\/de\/produkt\/jewelry-set-silver-925-necklace-earrings\/","url_meta":{"origin":10084,"position":3},"title":"Zirkonia Classic Set Necklace + Earrings 925 Silver","author":"selenegs","date":"Juni 1, 2021","format":false,"excerpt":"Material: 925 Sterling silver Pendant diameter: 8mm Earring diameter: 6mm Set weight: 3,02g Necklace length: 40cm Necklace weight: 1,56g Stone type: Zirconia Coating: Lacquered Made in: Mexico","rel":"","context":"\u00c4hnlicher Beitrag","block_context":{"text":"\u00c4hnlicher Beitrag","link":""},"img":{"alt_text":"jewelry set silver 925 necklace and earrings","src":"https:\/\/i0.wp.com\/blitzfab.de\/wp-content\/uploads\/2021\/06\/jewelry-set-silver-925-necklace-and-earrings-round.jpg?resize=350%2C200&ssl=1","width":350,"height":200,"srcset":"https:\/\/i0.wp.com\/blitzfab.de\/wp-content\/uploads\/2021\/06\/jewelry-set-silver-925-necklace-and-earrings-round.jpg?resize=350%2C200&ssl=1 1x, https:\/\/i0.wp.com\/blitzfab.de\/wp-content\/uploads\/2021\/06\/jewelry-set-silver-925-necklace-and-earrings-round.jpg?resize=525%2C300&ssl=1 1.5x, https:\/\/i0.wp.com\/blitzfab.de\/wp-content\/uploads\/2021\/06\/jewelry-set-silver-925-necklace-and-earrings-round.jpg?resize=700%2C400&ssl=1 2x, https:\/\/i0.wp.com\/blitzfab.de\/wp-content\/uploads\/2021\/06\/jewelry-set-silver-925-necklace-and-earrings-round.jpg?resize=1050%2C600&ssl=1 3x"},"classes":[]},{"id":24,"url":"https:\/\/blitzfab.de\/de\/produkt\/jesus-cross-sterling-silver-crucifix-necklace\/","url_meta":{"origin":10084,"position":4},"title":"Jesus Kreuz Kruzifix Silber","author":"selenegs","date":"April 20, 2021","format":false,"excerpt":"Material: 925 Sterling silver Pendant length: 30mm Pendant width: 12mm Pendant weight: 1,3g Necklace length: 40cm Necklace weight: 1,23g Coating: Lacquered Made in: Mexico","rel":"","context":"\u00c4hnlicher Beitrag","block_context":{"text":"\u00c4hnlicher Beitrag","link":""},"img":{"alt_text":"crucifix budded cross jesus christ 925 silver","src":"https:\/\/i0.wp.com\/blitzfab.de\/wp-content\/uploads\/2021\/04\/crucifix-budded-cross-jesus-christ-925-silver.jpg?resize=350%2C200&ssl=1","width":350,"height":200,"srcset":"https:\/\/i0.wp.com\/blitzfab.de\/wp-content\/uploads\/2021\/04\/crucifix-budded-cross-jesus-christ-925-silver.jpg?resize=350%2C200&ssl=1 1x, https:\/\/i0.wp.com\/blitzfab.de\/wp-content\/uploads\/2021\/04\/crucifix-budded-cross-jesus-christ-925-silver.jpg?resize=525%2C300&ssl=1 1.5x, https:\/\/i0.wp.com\/blitzfab.de\/wp-content\/uploads\/2021\/04\/crucifix-budded-cross-jesus-christ-925-silver.jpg?resize=700%2C400&ssl=1 2x, https:\/\/i0.wp.com\/blitzfab.de\/wp-content\/uploads\/2021\/04\/crucifix-budded-cross-jesus-christ-925-silver.jpg?resize=1050%2C600&ssl=1 3x"},"classes":[]},{"id":1734,"url":"https:\/\/blitzfab.de\/de\/produkt\/broken-heart-necklace-silver-mended\/","url_meta":{"origin":10084,"position":5},"title":"geheiltes Herz Halskette Silber","author":"selenegs","date":"Juni 1, 2021","format":false,"excerpt":"Material: 925 Sterling silver Pendant length: 30mm Pendant width: 35mm Pendant weight: 4,35g Necklace length: 40cm Necklace weight: 2,13g Coating: Lacquered Made in: Mexico","rel":"","context":"\u00c4hnlicher Beitrag","block_context":{"text":"\u00c4hnlicher Beitrag","link":""},"img":{"alt_text":"mended broken heart necklace 925 silver","src":"https:\/\/i0.wp.com\/blitzfab.de\/wp-content\/uploads\/2021\/06\/mended-broken-heart-necklace-925-silver.jpg?resize=350%2C200&ssl=1","width":350,"height":200,"srcset":"https:\/\/i0.wp.com\/blitzfab.de\/wp-content\/uploads\/2021\/06\/mended-broken-heart-necklace-925-silver.jpg?resize=350%2C200&ssl=1 1x, https:\/\/i0.wp.com\/blitzfab.de\/wp-content\/uploads\/2021\/06\/mended-broken-heart-necklace-925-silver.jpg?resize=525%2C300&ssl=1 1.5x, https:\/\/i0.wp.com\/blitzfab.de\/wp-content\/uploads\/2021\/06\/mended-broken-heart-necklace-925-silver.jpg?resize=700%2C400&ssl=1 2x, https:\/\/i0.wp.com\/blitzfab.de\/wp-content\/uploads\/2021\/06\/mended-broken-heart-necklace-925-silver.jpg?resize=1050%2C600&ssl=1 3x"},"classes":[]}],"jetpack_sharing_enabled":true,"_links":{"self":[{"href":"https:\/\/blitzfab.de\/de\/wp-json\/wp\/v2\/product\/10084","targetHints":{"allow":["GET"]}}],"collection":[{"href":"https:\/\/blitzfab.de\/de\/wp-json\/wp\/v2\/product"}],"about":[{"href":"https:\/\/blitzfab.de\/de\/wp-json\/wp\/v2\/types\/product"}],"replies":[{"embeddable":true,"href":"https:\/\/blitzfab.de\/de\/wp-json\/wp\/v2\/comments?post=10084"}],"wp:featuredmedia":[{"embeddable":true,"href":"https:\/\/blitzfab.de\/de\/wp-json\/wp\/v2\/media\/16269"}],"wp:attachment":[{"href":"https:\/\/blitzfab.de\/de\/wp-json\/wp\/v2\/media?parent=10084"}],"wp:term":[{"taxonomy":"product_brand","embeddable":true,"href":"https:\/\/blitzfab.de\/de\/wp-json\/wp\/v2\/product_brand?post=10084"},{"taxonomy":"product_cat","embeddable":true,"href":"https:\/\/blitzfab.de\/de\/wp-json\/wp\/v2\/product_cat?post=10084"},{"taxonomy":"product_tag","embeddable":true,"href":"https:\/\/blitzfab.de\/de\/wp-json\/wp\/v2\/product_tag?post=10084"}],"curies":[{"name":"wp","href":"https:\/\/api.w.org\/{rel}","templated":true}]}}