{"id":4769,"date":"2021-07-23T11:18:22","date_gmt":"2021-07-23T11:18:22","guid":{"rendered":"https:\/\/blitzfab.de\/?page_id=4769"},"modified":"2025-12-09T10:15:26","modified_gmt":"2025-12-09T10:15:26","slug":"cookie-policy","status":"publish","type":"page","link":"https:\/\/blitzfab.de\/de\/cookie-policy\/","title":{"rendered":"Cookie Policy"},"content":{"rendered":"<div data-elementor-type=\"wp-page\" data-elementor-id=\"4769\" class=\"elementor elementor-4769\">\n\t\t\t\t\t\t<section class=\"elementor-section elementor-top-section elementor-element elementor-element-7256562b elementor-section-boxed elementor-section-height-default elementor-section-height-default\" data-id=\"7256562b\" data-element_type=\"section\">\n\t\t\t\t\t\t<div class=\"elementor-container elementor-column-gap-default\">\n\t\t\t\t\t<div class=\"elementor-column elementor-col-100 elementor-top-column elementor-element elementor-element-5a0a7031\" data-id=\"5a0a7031\" data-element_type=\"column\">\n\t\t\t<div class=\"elementor-widget-wrap elementor-element-populated\">\n\t\t\t\t\t\t<div class=\"elementor-element elementor-element-3153d5d3 elementor-widget elementor-widget-text-editor\" data-id=\"3153d5d3\" data-element_type=\"widget\" data-widget_type=\"text-editor.default\">\n\t\t\t\t<div class=\"elementor-widget-container\">\n\t\t\t\t\t\t\t\t\t<h3>\u00dcber diese Cookie-Richtlinie<\/h3><p>Diese Cookie-Richtlinie erkl\u00e4rt, was Cookies sind und wie wir sie verwenden, die Arten von Cookies, die wir verwenden, d. h. die Informationen, die wir mithilfe von Cookies sammeln und wie diese Informationen verwendet werden, und wie Sie die Cookie-Einstellungen steuern. Weitere Informationen dar\u00fcber, wie wir Ihre personenbezogenen Daten verwenden, speichern und sch\u00fctzen, finden Sie in unserer Datenschutzerkl\u00e4rung.<\/p><p>Sie k\u00f6nnen die Cookie-Erkl\u00e4rung auf unserer Website jederzeit \u00e4ndern oder Ihre Einwilligung widerrufen.<\/p><p>Erfahren Sie in unserer Datenschutzerkl\u00e4rung mehr dar\u00fcber, wer wir sind, wie Sie uns kontaktieren k\u00f6nnen und wie wir personenbezogene Daten verarbeiten.<\/p><p>Ihre Einwilligung gilt f\u00fcr folgende Domains: blitzfab.de<br \/><span style=\"font-style: inherit; font-weight: inherit;\">[user_consent_state]<\/span><\/p><h3><span style=\"font-style: inherit; font-weight: inherit;\">Was sind Cookies?<\/span><\/h3><p>Cookies sind kleine Textdateien, die dazu dienen, kleine Informationen zu speichern. Sie werden beim Laden der Website in Ihrem Browser auf Ihrem Endger\u00e4t gespeichert. Diese Cookies helfen uns, die Website ordnungsgem\u00e4\u00df zu funktionieren, sie sicherer zu machen, eine bessere Benutzererfahrung zu bieten und die Leistung der Website zu verstehen und zu analysieren, was funktioniert und wo Verbesserungsbedarf besteht.<\/p><h3>Wie verwenden wir Cookies?<\/h3><p>Wie die meisten Online-Dienste verwendet unsere Website f\u00fcr verschiedene Zwecke Erst- und Drittanbieter-Cookies. First-Party-Cookies sind meist notwendig, damit die Website richtig funktioniert, und sammeln keine Ihrer personenbezogenen Daten.<\/p><p>Die auf unserer Website verwendeten Cookies von Drittanbietern dienen haupts\u00e4chlich dazu, die Leistung der Website zu verstehen, wie Sie mit unserer Website interagieren, die Sicherheit unserer Dienste zu gew\u00e4hrleisten, f\u00fcr Sie relevante Werbung bereitzustellen und Ihnen insgesamt eine bessere und verbesserte Benutzererfahrung bieten zu k\u00f6nnen und Ihre zuk\u00fcnftigen Interaktionen mit unserer Website zu beschleunigen.<\/p><h3>Welche Arten von Cookies verwenden wir?<\/h3><p>Unverzichtbar: Einige Cookies sind unerl\u00e4sslich, damit Sie die volle Funktionalit\u00e4t unserer Website nutzen k\u00f6nnen. Sie erm\u00f6glichen uns, Benutzersitzungen aufrechtzuerhalten und Sicherheitsbedrohungen zu verhindern. Sie sammeln oder speichern keine personenbezogenen Daten. Mit diesen Cookies k\u00f6nnen Sie sich beispielsweise bei Ihrem Konto anmelden, Produkte in Ihren Warenkorb legen und sicher zur Kasse gehen.<\/p><p>Statistiken: Diese Cookies speichern Informationen wie die Anzahl der Besucher der Website, die Anzahl der einzelnen Besucher, welche Seiten der Website besucht wurden, die Quelle des Besuchs usw. Diese Daten helfen uns zu verstehen und zu analysieren, wie gut die Website funktioniert und wo Verbesserungsbedarf besteht.<\/p><p>Marketing: Auf unserer Website werden Anzeigen geschaltet. Diese Cookies werden verwendet, um die Werbung, die wir Ihnen zeigen, so zu personalisieren, dass sie f\u00fcr Sie von Bedeutung ist. Diese Cookies helfen uns auch, die Effizienz dieser Werbekampagnen zu verfolgen.<\/p><p>Die in diesen Cookies gespeicherten Informationen k\u00f6nnen auch von den Drittanbietern von Anzeigen verwendet werden, um Ihnen auch auf anderen Websites im Browser Anzeigen anzuzeigen.<\/p><p>Funktional: Dies sind die Cookies, die bestimmte nicht wesentliche Funktionen auf unserer Website unterst\u00fctzen. Zu diesen Funktionalit\u00e4ten geh\u00f6ren das Einbetten von Inhalten wie Videos oder das Teilen von Inhalten der Website auf Social-Media-Plattformen.<\/p><p>Einstellungen: Diese Cookies helfen uns, Ihre Einstellungen und Browsereinstellungen wie Spracheinstellungen zu speichern, damit Sie bei zuk\u00fcnftigen Besuchen der Website ein besseres und effizienteres Erlebnis haben.<\/p><p>In der folgenden Liste sind die auf unserer Website verwendeten Cookies aufgef\u00fchrt.<\/p><div><p>[cookie_audit columns=&#8221;cookie,description&#8221; heading=&#8221;The below list details the cookies used in our website.&#8221;]<\/p><h3>Wie kann ich die Cookie-Einstellungen steuern?<\/h3><p>Sollten Sie sich entscheiden, Ihre Einstellungen sp\u00e4ter w\u00e4hrend Ihrer Browsersitzung zu \u00e4ndern, k\u00f6nnen Sie auf Ihrem Bildschirm auf die Registerkarte \u201eDatenschutz- und Cookie-Richtlinie\u201c klicken. Dadurch wird der Einwilligungshinweis erneut angezeigt, sodass Sie Ihre Einstellungen \u00e4ndern oder Ihre Einwilligung vollst\u00e4ndig widerrufen k\u00f6nnen.<\/p><p>Dar\u00fcber hinaus bieten verschiedene Browser unterschiedliche Methoden zum Blockieren und L\u00f6schen von Cookies, die von Websites verwendet werden. Sie k\u00f6nnen die Einstellungen Ihres Browsers \u00e4ndern, um die Cookies zu blockieren\/zu l\u00f6schen. Um mehr dar\u00fcber zu erfahren, wie Sie Cookies verwalten und l\u00f6schen, besuchen Sie wikipedia.org, www.allaboutcookies.org.<\/p><\/div>\t\t\t\t\t\t\t\t<\/div>\n\t\t\t\t<\/div>\n\t\t\t\t\t<\/div>\n\t\t<\/div>\n\t\t\t\t\t<\/div>\n\t\t<\/section>\n\t\t\t\t<\/div>","protected":false},"excerpt":{"rendered":"<p>\u00dcber diese Cookie-Richtlinie Diese Cookie-Richtlinie erkl\u00e4rt, was Cookies sind und wie wir sie verwenden, die Arten von Cookies, die wir verwenden, d. h. die Informationen, die wir mithilfe von Cookies sammeln und wie diese Informationen verwendet werden, und wie Sie die Cookie-Einstellungen steuern. Weitere Informationen dar\u00fcber, wie wir Ihre personenbezogenen Daten verwenden, speichern und sch\u00fctzen, [&hellip;]<\/p>","protected":false},"author":1,"featured_media":0,"parent":0,"menu_order":0,"comment_status":"closed","ping_status":"closed","template":"elementor_header_footer","meta":{"site-sidebar-layout":"default","site-content-layout":"default","ast-site-content-layout":"default","site-content-style":"default","site-sidebar-style":"default","ast-global-header-display":"","ast-banner-title-visibility":"","ast-main-header-display":"","ast-hfb-above-header-display":"","ast-hfb-below-header-display":"","ast-hfb-mobile-header-display":"","site-post-title":"","ast-breadcrumbs-content":"","ast-featured-img":"","footer-sml-layout":"","theme-transparent-header-meta":"default","adv-header-id-meta":"","stick-header-meta":"","header-above-stick-meta":"","header-main-stick-meta":"","header-below-stick-meta":"","astra-migrate-meta-layouts":"default","ast-page-background-enabled":"default","ast-page-background-meta":{"desktop":{"background-color":"","background-image":"","background-repeat":"repeat","background-position":"center center","background-size":"auto","background-attachment":"scroll","background-type":"","background-media":"","overlay-type":"","overlay-color":"","overlay-opacity":"","overlay-gradient":""},"tablet":{"background-color":"","background-image":"","background-repeat":"repeat","background-position":"center center","background-size":"auto","background-attachment":"scroll","background-type":"","background-media":"","overlay-type":"","overlay-color":"","overlay-opacity":"","overlay-gradient":""},"mobile":{"background-color":"","background-image":"","background-repeat":"repeat","background-position":"center center","background-size":"auto","background-attachment":"scroll","background-type":"","background-media":"","overlay-type":"","overlay-color":"","overlay-opacity":"","overlay-gradient":""}},"ast-content-background-meta":{"desktop":{"background-color":"var(--ast-global-color-5)","background-image":"","background-repeat":"repeat","background-position":"center center","background-size":"auto","background-attachment":"scroll","background-type":"","background-media":"","overlay-type":"","overlay-color":"","overlay-opacity":"","overlay-gradient":""},"tablet":{"background-color":"var(--ast-global-color-5)","background-image":"","background-repeat":"repeat","background-position":"center center","background-size":"auto","background-attachment":"scroll","background-type":"","background-media":"","overlay-type":"","overlay-color":"","overlay-opacity":"","overlay-gradient":""},"mobile":{"background-color":"var(--ast-global-color-5)","background-image":"","background-repeat":"repeat","background-position":"center center","background-size":"auto","background-attachment":"scroll","background-type":"","background-media":"","overlay-type":"","overlay-color":"","overlay-opacity":"","overlay-gradient":""}},"footnotes":""},"class_list":["post-4769","page","type-page","status-publish","hentry"],"jetpack-related-posts":[{"id":4780,"url":"https:\/\/blitzfab.de\/de\/datenschutzerklarung\/","url_meta":{"origin":4769,"position":0},"title":"Datenschutzerkl\u00e4rung","author":"selenegs","date":"Juli 20, 2021","format":false,"excerpt":"Datenschutzerkl\u00e4rung Verantwortlicher f\u00fcr die Datenverarbeitung ist:Selene Garcia SalazarFalchenstrasse 56Neu-Ulmsfroehlich@blitzfab.deTelefon: 01739357496Wir freuen uns \u00fcber Ihr Interesse an unserem Online-Shop. Der Schutz Ihrer Privatsph\u00e4re ist f\u00fcr uns sehr wichtig. Nachstehend informieren wir Sie ausf\u00fchrlich \u00fcber den Umgang mit Ihren Daten.1.\u00a0Zugriffsdaten und HostingSie k\u00f6nnen unsere Webseiten besuchen, ohne Angaben zu Ihrer Person zu\u2026","rel":"","context":"\u00c4hnlicher Beitrag","block_context":{"text":"\u00c4hnlicher Beitrag","link":""},"img":{"alt_text":"","src":"","width":0,"height":0},"classes":[]},{"id":2279,"url":"https:\/\/blitzfab.de\/de\/agb\/","url_meta":{"origin":4769,"position":1},"title":"AGB","author":"selenegs","date":"Juni 14, 2021","format":false,"excerpt":"Allgemeine Gesch\u00e4ftsbedingungen 1.\u00a0GELTUNGSBEREICHF\u00fcr alle Bestellungen \u00fcber unseren Online-Shop gelten die nachfolgenden AGB. Unser Online-Shop richtet sich ausschlie\u00dflich an Verbraucher.Verbraucher ist jede nat\u00fcrliche Person, die ein Rechtsgesch\u00e4ft zu Zwecken abschlie\u00dft, die \u00fcberwiegend weder ihrer gewerblichen noch ihrer selbst\u00e4ndigen beruflichen T\u00e4tigkeit zugerechnet werden k\u00f6nnen. Unternehmer ist eine nat\u00fcrliche oder juristische Person oder\u2026","rel":"","context":"\u00c4hnlicher Beitrag","block_context":{"text":"\u00c4hnlicher Beitrag","link":""},"img":{"alt_text":"","src":"","width":0,"height":0},"classes":[]},{"id":57,"url":"https:\/\/blitzfab.de\/de\/contact\/","url_meta":{"origin":4769,"position":2},"title":"Kontaktiere uns","author":"selenegs","date":"April 20, 2021","format":false,"excerpt":"Contact us Emailinfo@blitzfab.de Phone+ 49 (0) 173 935 7496 Connect With Us! Get connected with us for any queries, information,and details about our products. You can also reach out to us on social media. We are always at your service. Your name Your email Your message (optional)","rel":"","context":"\u00c4hnlicher Beitrag","block_context":{"text":"\u00c4hnlicher Beitrag","link":""},"img":{"alt_text":"","src":"","width":0,"height":0},"classes":[]},{"id":4751,"url":"https:\/\/blitzfab.de\/de\/widerrufsrecht\/","url_meta":{"origin":4769,"position":3},"title":"Widerrufsrecht","author":"selenegs","date":"Juli 20, 2021","format":false,"excerpt":"Widerrufsbelehrung Verbraucher haben ein vierzehnt\u00e4giges Widerrufsrecht.WiderrufsrechtSie haben das Recht, binnen vierzehn Tagen ohne Angabe von Gr\u00fcnden diesen Vertrag zu widerrufen. Die Widerrufsfrist betr\u00e4gt vierzehn Tage ab dem Tag an dem Sie oder ein von Ihnen benannter Dritter, der nicht der Bef\u00f6rderer ist, die Waren in Besitz genommen haben bzw. hat.Um\u2026","rel":"","context":"\u00c4hnlicher Beitrag","block_context":{"text":"\u00c4hnlicher Beitrag","link":""},"img":{"alt_text":"","src":"","width":0,"height":0},"classes":[]},{"id":16679,"url":"https:\/\/blitzfab.de\/de\/product-page\/","url_meta":{"origin":4769,"position":4},"title":"product page","author":"selenegs","date":"Juni 15, 2023","format":false,"excerpt":"Navy Stretched Chinos \ue933\ue933\ue933\ue933\ue933 4\/5 Get our specially made Navy Stretched Chinos and feel absolute comfort! Cut with great precision and care, you can easily show your style to the world and catch eyes anywhere you go! This slim-fit Chinos is made with light and airy, 100% cotton fabric but\u2026","rel":"","context":"\u00c4hnlicher Beitrag","block_context":{"text":"\u00c4hnlicher Beitrag","link":""},"img":{"alt_text":"","src":"https:\/\/blitzfab.de\/wp-content\/uploads\/2023\/06\/round-line_subscribe.svg","width":350,"height":200},"classes":[]},{"id":9789,"url":"https:\/\/blitzfab.de\/de\/returns-and-replacements\/","url_meta":{"origin":4769,"position":5},"title":"Returns and replacements","author":"selenegs","date":"Februar 15, 2022","format":false,"excerpt":"RETURNS AND EXCHANGES We want you to love your jewelry.If for any reason you\u2019re not completely satisfied, you may return or exchange your item(s) within 30 days of delivery.Please read our information below on how to start a return and eligibility requirements. Eligibility for Returns To be eligible for a\u2026","rel":"","context":"\u00c4hnlicher Beitrag","block_context":{"text":"\u00c4hnlicher Beitrag","link":""},"img":{"alt_text":"","src":"","width":0,"height":0},"classes":[]}],"jetpack_sharing_enabled":true,"_links":{"self":[{"href":"https:\/\/blitzfab.de\/de\/wp-json\/wp\/v2\/pages\/4769","targetHints":{"allow":["GET"]}}],"collection":[{"href":"https:\/\/blitzfab.de\/de\/wp-json\/wp\/v2\/pages"}],"about":[{"href":"https:\/\/blitzfab.de\/de\/wp-json\/wp\/v2\/types\/page"}],"author":[{"embeddable":true,"href":"https:\/\/blitzfab.de\/de\/wp-json\/wp\/v2\/users\/1"}],"replies":[{"embeddable":true,"href":"https:\/\/blitzfab.de\/de\/wp-json\/wp\/v2\/comments?post=4769"}],"version-history":[{"count":3,"href":"https:\/\/blitzfab.de\/de\/wp-json\/wp\/v2\/pages\/4769\/revisions"}],"predecessor-version":[{"id":19645,"href":"https:\/\/blitzfab.de\/de\/wp-json\/wp\/v2\/pages\/4769\/revisions\/19645"}],"wp:attachment":[{"href":"https:\/\/blitzfab.de\/de\/wp-json\/wp\/v2\/media?parent=4769"}],"curies":[{"name":"wp","href":"https:\/\/api.w.org\/{rel}","templated":true}]}}